{"id":1614,"date":"2021-06-04T14:19:51","date_gmt":"2021-06-04T11:19:51","guid":{"rendered":"https:\/\/neyesek.co\/?page_id=1614"},"modified":"2021-09-24T17:10:16","modified_gmt":"2021-09-24T14:10:16","slug":"kartus-filtreler","status":"publish","type":"page","link":"https:\/\/akafor.com\/en\/filtrasyon\/urunler\/on-filtrasyon-urunleri\/kartus-filtreler\/","title":{"rendered":"KARTU\u015e F\u0130LTRELER"},"content":{"rendered":"\n<figure class=\"wp-block-gallery columns-3 is-cropped wp-block-gallery-1 is-layout-flex wp-block-gallery-is-layout-flex\"><ul class=\"blocks-gallery-grid\"><li class=\"blocks-gallery-item\"><figure><img loading=\"lazy\" decoding=\"async\" width=\"393\" height=\"395\" src=\"https:\/\/akafor.com\/wp-content\/uploads\/2021\/06\/MHB-SERISI-YUKSEK-DEBI-FILTRESI.png\" alt=\"\" data-id=\"2180\" data-full-url=\"https:\/\/akafor.com\/wp-content\/uploads\/2021\/06\/MHB-SERISI-YUKSEK-DEBI-FILTRESI.png\" data-link=\"https:\/\/akafor.com\/filtrasyon\/urunler\/on-filtrasyon-urunleri\/kartus-filtreler\/mhb-serisi-yuksek-debi-filtresi\/mhb-serisi-yuksek-debi-filtresi\/\" class=\"wp-image-2180\" srcset=\"https:\/\/akafor.com\/wp-content\/uploads\/2021\/06\/MHB-SERISI-YUKSEK-DEBI-FILTRESI.png 393w, https:\/\/akafor.com\/wp-content\/uploads\/2021\/06\/MHB-SERISI-YUKSEK-DEBI-FILTRESI-298x300.png 298w, https:\/\/akafor.com\/wp-content\/uploads\/2021\/06\/MHB-SERISI-YUKSEK-DEBI-FILTRESI-150x150.png 150w\" sizes=\"auto, (max-width: 393px) 100vw, 393px\" \/><figcaption class=\"blocks-gallery-item__caption\"><a href=\"https:\/\/akafor.com\/filtrasyon\/urunler\/on-filtrasyon-urunleri\/kartus-filtreler\/mhb-serisi-yuksek-debi-filtresi\/\">MHB SER\u0130S\u0130 Y\u00dcKSEK DEB\u0130 F\u0130LTRES\u0130<\/a><\/figcaption><\/figure><\/li><li class=\"blocks-gallery-item\"><figure><img loading=\"lazy\" decoding=\"async\" width=\"395\" height=\"396\" src=\"https:\/\/akafor.com\/wp-content\/uploads\/2021\/06\/UPK-SERISI-YUKSEK-AKIS-FILTRESI.png\" alt=\"\" data-id=\"2183\" data-full-url=\"https:\/\/akafor.com\/wp-content\/uploads\/2021\/06\/UPK-SERISI-YUKSEK-AKIS-FILTRESI.png\" data-link=\"https:\/\/akafor.com\/filtrasyon\/urunler\/on-filtrasyon-urunleri\/kartus-filtreler\/upk-serisi-yuksek-akis-filtresi\/upk-serisi-yuksek-akis-filtresi\/\" class=\"wp-image-2183\" srcset=\"https:\/\/akafor.com\/wp-content\/uploads\/2021\/06\/UPK-SERISI-YUKSEK-AKIS-FILTRESI.png 395w, https:\/\/akafor.com\/wp-content\/uploads\/2021\/06\/UPK-SERISI-YUKSEK-AKIS-FILTRESI-300x300.png 300w, https:\/\/akafor.com\/wp-content\/uploads\/2021\/06\/UPK-SERISI-YUKSEK-AKIS-FILTRESI-150x150.png 150w\" sizes=\"auto, (max-width: 395px) 100vw, 395px\" \/><figcaption class=\"blocks-gallery-item__caption\"><a href=\"https:\/\/akafor.com\/filtrasyon\/urunler\/on-filtrasyon-urunleri\/kartus-filtreler\/mhf-serisi-yuksek-akis-filtresi\/\">MHF SER\u0130S\u0130 Y\u00dcKSEK DEB\u0130 F\u0130LTRES\u0130<\/a><\/figcaption><\/figure><\/li><li class=\"blocks-gallery-item\"><figure><img loading=\"lazy\" decoding=\"async\" width=\"394\" height=\"393\" src=\"https:\/\/akafor.com\/wp-content\/uploads\/2021\/06\/QF131-PILELI-MEMBRAN-FILTRE.png\" alt=\"\" data-id=\"2170\" data-full-url=\"https:\/\/akafor.com\/wp-content\/uploads\/2021\/06\/QF131-PILELI-MEMBRAN-FILTRE.png\" data-link=\"https:\/\/akafor.com\/filtrasyon\/urunler\/on-filtrasyon-urunleri\/kartus-filtreler\/qf131-pileli-membran-filtre\/qf131-pileli-membran-filtre\/\" class=\"wp-image-2170\" srcset=\"https:\/\/akafor.com\/wp-content\/uploads\/2021\/06\/QF131-PILELI-MEMBRAN-FILTRE.png 394w, https:\/\/akafor.com\/wp-content\/uploads\/2021\/06\/QF131-PILELI-MEMBRAN-FILTRE-300x300.png 300w, https:\/\/akafor.com\/wp-content\/uploads\/2021\/06\/QF131-PILELI-MEMBRAN-FILTRE-150x150.png 150w\" sizes=\"auto, (max-width: 394px) 100vw, 394px\" \/><figcaption class=\"blocks-gallery-item__caption\"><a href=\"https:\/\/akafor.com\/filtrasyon\/urunler\/on-filtrasyon-urunleri\/kartus-filtreler\/qf131-pileli-membran-filtre\/\">QF131 P\u0130LEL\u0130 MEMBRAN F\u0130LTRE<\/a><\/figcaption><\/figure><\/li><li class=\"blocks-gallery-item\"><figure><img loading=\"lazy\" decoding=\"async\" width=\"395\" height=\"396\" src=\"https:\/\/akafor.com\/wp-content\/uploads\/2021\/06\/QF83-PILELI-MEMBRAN-FILTRE.png\" alt=\"\" data-id=\"2147\" data-full-url=\"https:\/\/akafor.com\/wp-content\/uploads\/2021\/06\/QF83-PILELI-MEMBRAN-FILTRE.png\" data-link=\"https:\/\/akafor.com\/filtrasyon\/urunler\/on-filtrasyon-urunleri\/kartus-filtreler\/qf83-pileli-membran-filtre\/qf83-pileli-membran-filtre\/\" class=\"wp-image-2147\" srcset=\"https:\/\/akafor.com\/wp-content\/uploads\/2021\/06\/QF83-PILELI-MEMBRAN-FILTRE.png 395w, https:\/\/akafor.com\/wp-content\/uploads\/2021\/06\/QF83-PILELI-MEMBRAN-FILTRE-300x300.png 300w, https:\/\/akafor.com\/wp-content\/uploads\/2021\/06\/QF83-PILELI-MEMBRAN-FILTRE-150x150.png 150w\" sizes=\"auto, (max-width: 395px) 100vw, 395px\" \/><figcaption class=\"blocks-gallery-item__caption\"><a href=\"https:\/\/akafor.com\/filtrasyon\/urunler\/on-filtrasyon-urunleri\/kartus-filtreler\/qf83-pileli-membran-filtre\/\">QF83 P\u0130LEL\u0130 MEMBRAN F\u0130LTRE<\/a><\/figcaption><\/figure><\/li><li class=\"blocks-gallery-item\"><figure><img loading=\"lazy\" decoding=\"async\" width=\"395\" height=\"393\" src=\"https:\/\/akafor.com\/wp-content\/uploads\/2021\/06\/UBG-SERISI-YUKSEK-DEBI-FILTRESI.png\" alt=\"\" data-id=\"2190\" data-full-url=\"https:\/\/akafor.com\/wp-content\/uploads\/2021\/06\/UBG-SERISI-YUKSEK-DEBI-FILTRESI.png\" data-link=\"https:\/\/akafor.com\/filtrasyon\/urunler\/on-filtrasyon-urunleri\/kartus-filtreler\/ubg-serisi-yuksek-debi-filtresi\/ubg-serisi-yuksek-debi-filtresi\/\" class=\"wp-image-2190\" srcset=\"https:\/\/akafor.com\/wp-content\/uploads\/2021\/06\/UBG-SERISI-YUKSEK-DEBI-FILTRESI.png 395w, https:\/\/akafor.com\/wp-content\/uploads\/2021\/06\/UBG-SERISI-YUKSEK-DEBI-FILTRESI-300x298.png 300w, https:\/\/akafor.com\/wp-content\/uploads\/2021\/06\/UBG-SERISI-YUKSEK-DEBI-FILTRESI-150x150.png 150w\" sizes=\"auto, (max-width: 395px) 100vw, 395px\" \/><figcaption class=\"blocks-gallery-item__caption\"><a href=\"https:\/\/akafor.com\/filtrasyon\/urunler\/on-filtrasyon-urunleri\/kartus-filtreler\/ubg-serisi-yuksek-debi-filtresi\/\">UBG SER\u0130S\u0130 Y\u00dcKSEK DEB\u0130 F\u0130LTRES\u0130<\/a><\/figcaption><\/figure><\/li><li class=\"blocks-gallery-item\"><figure><img loading=\"lazy\" decoding=\"async\" width=\"393\" height=\"396\" src=\"https:\/\/akafor.com\/wp-content\/uploads\/2021\/06\/UPA-SERISI-YUKSEK-DEBI-FILTRESI.png\" alt=\"\" data-id=\"2186\" data-full-url=\"https:\/\/akafor.com\/wp-content\/uploads\/2021\/06\/UPA-SERISI-YUKSEK-DEBI-FILTRESI.png\" data-link=\"https:\/\/akafor.com\/filtrasyon\/urunler\/on-filtrasyon-urunleri\/kartus-filtreler\/upa-serisi-yuksek-debi-filtresi\/upa-serisi-yuksek-debi-filtresi\/\" class=\"wp-image-2186\" srcset=\"https:\/\/akafor.com\/wp-content\/uploads\/2021\/06\/UPA-SERISI-YUKSEK-DEBI-FILTRESI.png 393w, https:\/\/akafor.com\/wp-content\/uploads\/2021\/06\/UPA-SERISI-YUKSEK-DEBI-FILTRESI-298x300.png 298w, https:\/\/akafor.com\/wp-content\/uploads\/2021\/06\/UPA-SERISI-YUKSEK-DEBI-FILTRESI-150x150.png 150w\" sizes=\"auto, (max-width: 393px) 100vw, 393px\" \/><figcaption class=\"blocks-gallery-item__caption\"><a href=\"https:\/\/akafor.com\/filtrasyon\/urunler\/on-filtrasyon-urunleri\/kartus-filtreler\/upa-serisi-yuksek-debi-filtresi\/\">UPA SER\u0130S\u0130 Y\u00dcKSEK DEB\u0130 F\u0130LTRES\u0130<\/a><br><\/figcaption><\/figure><\/li><li class=\"blocks-gallery-item\"><figure><img loading=\"lazy\" decoding=\"async\" width=\"395\" height=\"393\" src=\"https:\/\/akafor.com\/wp-content\/uploads\/2021\/06\/MHF-SERISI-YUKSEK-AKIS-FILTRESI.png\" alt=\"\" data-id=\"2177\" data-full-url=\"https:\/\/akafor.com\/wp-content\/uploads\/2021\/06\/MHF-SERISI-YUKSEK-AKIS-FILTRESI.png\" data-link=\"https:\/\/akafor.com\/filtrasyon\/urunler\/on-filtrasyon-urunleri\/kartus-filtreler\/mhf-serisi-yuksek-akis-filtresi\/mhf-serisi-yuksek-akis-filtresi\/\" class=\"wp-image-2177\" srcset=\"https:\/\/akafor.com\/wp-content\/uploads\/2021\/06\/MHF-SERISI-YUKSEK-AKIS-FILTRESI.png 395w, https:\/\/akafor.com\/wp-content\/uploads\/2021\/06\/MHF-SERISI-YUKSEK-AKIS-FILTRESI-300x298.png 300w, https:\/\/akafor.com\/wp-content\/uploads\/2021\/06\/MHF-SERISI-YUKSEK-AKIS-FILTRESI-150x150.png 150w\" sizes=\"auto, (max-width: 395px) 100vw, 395px\" \/><figcaption class=\"blocks-gallery-item__caption\"><a href=\"https:\/\/akafor.com\/filtrasyon\/urunler\/on-filtrasyon-urunleri\/kartus-filtreler\/mhf-serisi-yuksek-akis-filtresi\/\">MHF SER\u0130S\u0130 Y\u00dcKSEK DEB\u0130 F\u0130LTRES\u0130<\/a><br><\/figcaption><\/figure><\/li><li class=\"blocks-gallery-item\"><figure><img loading=\"lazy\" decoding=\"async\" width=\"393\" height=\"394\" src=\"https:\/\/akafor.com\/wp-content\/uploads\/2021\/06\/UM7-SERISI-YUKSEK-DEBI-FILTRESI.png\" alt=\"\" data-id=\"2174\" data-full-url=\"https:\/\/akafor.com\/wp-content\/uploads\/2021\/06\/UM7-SERISI-YUKSEK-DEBI-FILTRESI.png\" data-link=\"https:\/\/akafor.com\/filtrasyon\/urunler\/on-filtrasyon-urunleri\/kartus-filtreler\/um7-serisi-yuksek-debi-filtresi\/um7-serisi-yuksek-debi-filtresi\/\" class=\"wp-image-2174\" srcset=\"https:\/\/akafor.com\/wp-content\/uploads\/2021\/06\/UM7-SERISI-YUKSEK-DEBI-FILTRESI.png 393w, https:\/\/akafor.com\/wp-content\/uploads\/2021\/06\/UM7-SERISI-YUKSEK-DEBI-FILTRESI-300x300.png 300w, https:\/\/akafor.com\/wp-content\/uploads\/2021\/06\/UM7-SERISI-YUKSEK-DEBI-FILTRESI-150x150.png 150w\" sizes=\"auto, (max-width: 393px) 100vw, 393px\" \/><figcaption class=\"blocks-gallery-item__caption\"><a href=\"https:\/\/akafor.com\/filtrasyon\/urunler\/on-filtrasyon-urunleri\/kartus-filtreler\/um7-serisi-yuksek-debi-filtresi\/\">UM7 SER\u0130S\u0130 Y\u00dcKSEK DEB\u0130 F\u0130LTRES\u0130<\/a><br><\/figcaption><\/figure><\/li><li class=\"blocks-gallery-item\"><figure><img loading=\"lazy\" decoding=\"async\" width=\"795\" height=\"797\" src=\"https:\/\/akafor.com\/wp-content\/uploads\/2021\/09\/Carbon-Fiber-Filter-Cartridges.png\" alt=\"\" data-id=\"2392\" data-full-url=\"https:\/\/akafor.com\/wp-content\/uploads\/2021\/09\/Carbon-Fiber-Filter-Cartridges.png\" data-link=\"https:\/\/akafor.com\/filtrasyon\/urunler\/on-filtrasyon-urunleri\/kartus-filtreler\/carbon-fiber-filter-cartridges\/\" class=\"wp-image-2392\" srcset=\"https:\/\/akafor.com\/wp-content\/uploads\/2021\/09\/Carbon-Fiber-Filter-Cartridges.png 795w, https:\/\/akafor.com\/wp-content\/uploads\/2021\/09\/Carbon-Fiber-Filter-Cartridges-300x300.png 300w, https:\/\/akafor.com\/wp-content\/uploads\/2021\/09\/Carbon-Fiber-Filter-Cartridges-150x150.png 150w, https:\/\/akafor.com\/wp-content\/uploads\/2021\/09\/Carbon-Fiber-Filter-Cartridges-768x770.png 768w\" sizes=\"auto, (max-width: 795px) 100vw, 795px\" \/><figcaption class=\"blocks-gallery-item__caption\"><a href=\"https:\/\/akafor.com\/filtrasyon\/urunler\/on-filtrasyon-urunleri\/kartus-filtreler\/karbon-fiber-kartus-filtre\/\">KARBON F\u0130BER P\u0130LEL\u0130 KARTU\u015e F\u0130LTRE<\/a><\/figcaption><\/figure><\/li><li class=\"blocks-gallery-item\"><figure><img loading=\"lazy\" decoding=\"async\" width=\"791\" height=\"753\" src=\"https:\/\/akafor.com\/wp-content\/uploads\/2021\/09\/melt-blow.png\" alt=\"\" data-id=\"2393\" data-full-url=\"https:\/\/akafor.com\/wp-content\/uploads\/2021\/09\/melt-blow.png\" data-link=\"https:\/\/akafor.com\/filtrasyon\/urunler\/on-filtrasyon-urunleri\/kartus-filtreler\/melt-blow\/\" class=\"wp-image-2393\" srcset=\"https:\/\/akafor.com\/wp-content\/uploads\/2021\/09\/melt-blow.png 791w, https:\/\/akafor.com\/wp-content\/uploads\/2021\/09\/melt-blow-300x286.png 300w, https:\/\/akafor.com\/wp-content\/uploads\/2021\/09\/melt-blow-768x731.png 768w\" sizes=\"auto, (max-width: 791px) 100vw, 791px\" \/><figcaption class=\"blocks-gallery-item__caption\"><a href=\"https:\/\/akafor.com\/filtrasyon\/urunler\/on-filtrasyon-urunleri\/kartus-filtreler\/eriyik-uflemeli-derinlik-kartus-filtre\/\">MELT-BLOW DER\u0130NL\u0130K KARTU\u015e F\u0130LTRE<\/a><\/figcaption><\/figure><\/li><li class=\"blocks-gallery-item\"><figure><img loading=\"lazy\" decoding=\"async\" width=\"796\" height=\"794\" src=\"https:\/\/akafor.com\/wp-content\/uploads\/2021\/09\/tamami-flopolimer.png\" alt=\"\" data-id=\"2396\" data-full-url=\"https:\/\/akafor.com\/wp-content\/uploads\/2021\/09\/tamami-flopolimer.png\" data-link=\"https:\/\/akafor.com\/filtrasyon\/urunler\/on-filtrasyon-urunleri\/kartus-filtreler\/tamami-flopolimer\/\" class=\"wp-image-2396\" srcset=\"https:\/\/akafor.com\/wp-content\/uploads\/2021\/09\/tamami-flopolimer.png 796w, https:\/\/akafor.com\/wp-content\/uploads\/2021\/09\/tamami-flopolimer-300x300.png 300w, https:\/\/akafor.com\/wp-content\/uploads\/2021\/09\/tamami-flopolimer-150x150.png 150w, https:\/\/akafor.com\/wp-content\/uploads\/2021\/09\/tamami-flopolimer-768x766.png 768w\" sizes=\"auto, (max-width: 796px) 100vw, 796px\" \/><figcaption class=\"blocks-gallery-item__caption\"><a href=\"https:\/\/akafor.com\/filtrasyon\/urunler\/on-filtrasyon-urunleri\/kartus-filtreler\/tamami-fluropolimer-membran-pileli-kartus-filtre\/\">TAMAMI FLUROPOL\u0130MER KAPLAMA MEMBRAN P\u0130LEL\u0130 KARTU\u015e F\u0130LTRE<\/a><\/figcaption><\/figure><\/li><li class=\"blocks-gallery-item\"><figure><img loading=\"lazy\" decoding=\"async\" width=\"797\" height=\"795\" src=\"https:\/\/akafor.com\/wp-content\/uploads\/2021\/09\/iplik-sarmali-kartus-filtre.png\" alt=\"\" data-id=\"2395\" data-full-url=\"https:\/\/akafor.com\/wp-content\/uploads\/2021\/09\/iplik-sarmali-kartus-filtre.png\" data-link=\"https:\/\/akafor.com\/filtrasyon\/urunler\/on-filtrasyon-urunleri\/kartus-filtreler\/iplik-sarmali-kartus-filtre\/\" class=\"wp-image-2395\" srcset=\"https:\/\/akafor.com\/wp-content\/uploads\/2021\/09\/iplik-sarmali-kartus-filtre.png 797w, https:\/\/akafor.com\/wp-content\/uploads\/2021\/09\/iplik-sarmali-kartus-filtre-300x300.png 300w, https:\/\/akafor.com\/wp-content\/uploads\/2021\/09\/iplik-sarmali-kartus-filtre-150x150.png 150w, https:\/\/akafor.com\/wp-content\/uploads\/2021\/09\/iplik-sarmali-kartus-filtre-768x766.png 768w\" sizes=\"auto, (max-width: 797px) 100vw, 797px\" \/><figcaption class=\"blocks-gallery-item__caption\"><a href=\"https:\/\/akafor.com\/filtrasyon\/urunler\/on-filtrasyon-urunleri\/kartus-filtreler\/ip-sargili-filtre-kartusu\/\">\u0130PL\u0130K SARMA KARTU\u015e F\u0130LTRE<\/a><\/figcaption><\/figure><\/li><li class=\"blocks-gallery-item\"><figure><img loading=\"lazy\" decoding=\"async\" width=\"433\" height=\"437\" src=\"https:\/\/akafor.com\/wp-content\/uploads\/2021\/09\/iplik-sarma-filtre.png\" alt=\"\" data-id=\"2394\" data-full-url=\"https:\/\/akafor.com\/wp-content\/uploads\/2021\/09\/iplik-sarma-filtre.png\" data-link=\"https:\/\/akafor.com\/filtrasyon\/urunler\/on-filtrasyon-urunleri\/kartus-filtreler\/iplik-sarma-filtre\/\" class=\"wp-image-2394\" srcset=\"https:\/\/akafor.com\/wp-content\/uploads\/2021\/09\/iplik-sarma-filtre.png 433w, https:\/\/akafor.com\/wp-content\/uploads\/2021\/09\/iplik-sarma-filtre-297x300.png 297w, https:\/\/akafor.com\/wp-content\/uploads\/2021\/09\/iplik-sarma-filtre-150x150.png 150w\" sizes=\"auto, (max-width: 433px) 100vw, 433px\" \/><figcaption class=\"blocks-gallery-item__caption\"><a href=\"https:\/\/akafor.com\/filtrasyon\/urunler\/on-filtrasyon-urunleri\/kartus-filtreler\/uzatilmis-ip-sargili-filtre-kartusu\/\">EXTENF\u0130BER \u0130PL\u0130K SARMA KARTU\u015e F\u0130LTRE<\/a><\/figcaption><\/figure><\/li><li class=\"blocks-gallery-item\"><figure><img loading=\"lazy\" decoding=\"async\" width=\"573\" height=\"588\" src=\"https:\/\/akafor.com\/wp-content\/uploads\/2021\/09\/pool-plated.png\" alt=\"\" data-id=\"2397\" data-full-url=\"https:\/\/akafor.com\/wp-content\/uploads\/2021\/09\/pool-plated.png\" data-link=\"https:\/\/akafor.com\/filtrasyon\/urunler\/on-filtrasyon-urunleri\/kartus-filtreler\/pool-plated\/\" class=\"wp-image-2397\" srcset=\"https:\/\/akafor.com\/wp-content\/uploads\/2021\/09\/pool-plated.png 573w, https:\/\/akafor.com\/wp-content\/uploads\/2021\/09\/pool-plated-292x300.png 292w\" sizes=\"auto, (max-width: 573px) 100vw, 573px\" \/><figcaption class=\"blocks-gallery-item__caption\"><a href=\"https:\/\/akafor.com\/filtrasyon\/urunler\/on-filtrasyon-urunleri\/kartus-filtreler\/havuz-pileli-kartus-filtre\/\">HAVUZ P\u0130LEL\u0130 KARTU\u015e F\u0130LTRE<\/a><\/figcaption><\/figure><\/li><\/ul><\/figure>\n","protected":false},"excerpt":{"rendered":"MHB SER\u0130S\u0130 Y\u00dcKSEK DEB\u0130 F\u0130LTRES\u0130MHF SER\u0130S\u0130 Y\u00dcKSEK DEB\u0130 F\u0130LTRES\u0130QF131 P\u0130LEL\u0130 MEMBRAN F\u0130LTREQF83 P\u0130LEL\u0130 MEMBRAN F\u0130LTREUBG SER\u0130S\u0130 Y\u00dcKSEK DEB\u0130 F\u0130LTRES\u0130UPA SER\u0130S\u0130 Y\u00dcKSEK DEB\u0130 F\u0130LTRES\u0130MHF SER\u0130S\u0130 Y\u00dcKSEK DEB\u0130 F\u0130LTRES\u0130UM7 SER\u0130S\u0130 Y\u00dcKSEK DEB\u0130 F\u0130LTRES\u0130KARBON F\u0130BER P\u0130LEL\u0130 KARTU\u015e F\u0130LTREMELT-BLOW DER\u0130NL\u0130K KARTU\u015e F\u0130LTRETAMAMI FLUROPOL\u0130MER KAPLAMA MEMBRAN P\u0130LEL\u0130 KARTU\u015e F\u0130LTRE\u0130PL\u0130K SARMA KARTU\u015e F\u0130LTREEXTENF\u0130BER \u0130PL\u0130K SARMA KARTU\u015e F\u0130LTREHAVUZ P\u0130LEL\u0130 KARTU\u015e F\u0130LTRE","protected":false},"author":1,"featured_media":0,"parent":1607,"menu_order":0,"comment_status":"closed","ping_status":"closed","template":"pages\/page-full.php","meta":{"footnotes":""},"class_list":["post-1614","page","type-page","status-publish","hentry"],"_links":{"self":[{"href":"https:\/\/akafor.com\/en\/wp-json\/wp\/v2\/pages\/1614","targetHints":{"allow":["GET"]}}],"collection":[{"href":"https:\/\/akafor.com\/en\/wp-json\/wp\/v2\/pages"}],"about":[{"href":"https:\/\/akafor.com\/en\/wp-json\/wp\/v2\/types\/page"}],"author":[{"embeddable":true,"href":"https:\/\/akafor.com\/en\/wp-json\/wp\/v2\/users\/1"}],"replies":[{"embeddable":true,"href":"https:\/\/akafor.com\/en\/wp-json\/wp\/v2\/comments?post=1614"}],"version-history":[{"count":5,"href":"https:\/\/akafor.com\/en\/wp-json\/wp\/v2\/pages\/1614\/revisions"}],"predecessor-version":[{"id":2413,"href":"https:\/\/akafor.com\/en\/wp-json\/wp\/v2\/pages\/1614\/revisions\/2413"}],"up":[{"embeddable":true,"href":"https:\/\/akafor.com\/en\/wp-json\/wp\/v2\/pages\/1607"}],"wp:attachment":[{"href":"https:\/\/akafor.com\/en\/wp-json\/wp\/v2\/media?parent=1614"}],"curies":[{"name":"wp","href":"https:\/\/api.w.org\/{rel}","templated":true}]}}