{"id":1616,"date":"2021-06-04T15:01:02","date_gmt":"2021-06-04T12:01:02","guid":{"rendered":"https:\/\/neyesek.co\/?page_id=1616"},"modified":"2021-06-23T15:55:15","modified_gmt":"2021-06-23T12:55:15","slug":"eriyik-uflemeli-derinlik-kartus-filtre","status":"publish","type":"page","link":"https:\/\/akafor.com\/en\/filtrasyon\/urunler\/on-filtrasyon-urunleri\/kartus-filtreler\/eriyik-uflemeli-derinlik-kartus-filtre\/","title":{"rendered":"MELT-BLOW DER\u0130NL\u0130K KARTU\u015e F\u0130LTRE"},"content":{"rendered":"\n<p>Shuler&#8217;in y\u00fcksek performansl\u0131 PP eriyik \u00fcflemeli filtreleri, %100 polipropilen fiberden yap\u0131lm\u0131\u015ft\u0131r. Proses hatt\u0131nda deformasyon yoktur ve m\u00fckemmel tekd\u00fczeli\u011fe sahiptir. 1\u00b5m&#8217;den 150\u00b5m&#8217;ye kadar geni\u015f bir mikron derece yelpazesine sahiptir.<\/p>\n\n\n\n<ul class=\"wp-block-list\"><li><strong>Uygulamalar<\/strong>:<\/li><li>Eczac\u0131l\u0131k<\/li><li>Su ar\u0131tma<\/li><li>Yiyecek ve \u0130\u00e7ecek<\/li><li>Elektronik ve Yar\u0131 \u0130letken<\/li><\/ul>\n\n\n\n<p><strong>\u00d6zellikler<\/strong><\/p>\n\n\n\n<style type=\"text\/css\">\n.tg  {border-collapse:collapse;border-spacing:0;}\n.tg td{border-color:black;border-style:solid;border-width:1px;font-family:Arial, sans-serif;font-size:14px;\n  overflow:hidden;padding:10px 5px;word-break:normal;}\n.tg th{border-color:black;border-style:solid;border-width:1px;font-family:Arial, sans-serif;font-size:14px;\n  font-weight:normal;overflow:hidden;padding:10px 5px;word-break:normal;}\n.tg .tg-9wq8{border-color:inherit;text-align:center;vertical-align:middle}\n.tg .tg-7zrl{text-align:left;vertical-align:bottom}\n.tg .tg-nrix{text-align:center;vertical-align:middle}\n<\/style>\n<table class=\"tg\">\n<thead>\n  <tr>\n    <th class=\"tg-9wq8\" rowspan=\"3\">Boyut<\/th>\n    <th class=\"tg-7zrl\">OD: \u03c663\uff0c 115mm<\/th>\n  <\/tr>\n  <tr>\n    <td class=\"tg-7zrl\">ID: \u03c628\uff0c 30mm<\/td>\n  <\/tr>\n  <tr>\n    <td class=\"tg-7zrl\">Length: 9.75\u201d, 9.87\u201d, 10\u201d, 20\u201d, 30\u201d, 40\u201d,&nbsp;&nbsp;&nbsp;50\u201d, 60\u201d<\/td>\n  <\/tr>\n<\/thead>\n<tbody>\n  <tr>\n    <td class=\"tg-nrix\" rowspan=\"4\">Yap\u0131 Malzemesi<\/td>\n    <td class=\"tg-7zrl\">Malzeme: Polipropilen<\/td>\n  <\/tr>\n  <tr>\n    <td class=\"tg-7zrl\">U\u00e7 Kapa\u011f\u0131: Polipropilen<\/td>\n  <\/tr>\n  <tr>\n    <td class=\"tg-7zrl\">Conta: Silikon, EPDM, NBR, Viton<\/td>\n  <\/tr>\n  <tr>\n    <td class=\"tg-7zrl\">\u00c7ekirdek: Polipropilen<\/td>\n  <\/tr>\n  <tr>\n    <td class=\"tg-nrix\" rowspan=\"2\">Performans<\/td>\n    <td class=\"tg-7zrl\">Maks. \u00c7al\u0131\u015fma S\u0131cakl\u0131\u011f\u0131: 65 \u00b0C<\/td>\n  <\/tr>\n  <tr>\n    <td class=\"tg-7zrl\">Maks. \u00c7al\u0131\u015fma DP: 2.0 Bar @ 21\u00b0C<\/td>\n  <\/tr>\n<\/tbody>\n<\/table>\n\n\n\n<p><strong>Sipari\u015f Bilgileri<\/strong><\/p>\n\n\n\n<style type=\"text\/css\">\n.tg  {border-collapse:collapse;border-spacing:0;}\n.tg td{border-color:black;border-style:solid;border-width:1px;font-family:Arial, sans-serif;font-size:14px;\n  overflow:hidden;padding:10px 5px;word-break:normal;}\n.tg th{border-color:black;border-style:solid;border-width:1px;font-family:Arial, sans-serif;font-size:14px;\n  font-weight:normal;overflow:hidden;padding:10px 5px;word-break:normal;}\n.tg .tg-cly1{text-align:left;vertical-align:middle}\n.tg .tg-za14{border-color:inherit;text-align:left;vertical-align:bottom}\n.tg .tg-7zrl{text-align:left;vertical-align:bottom}\n.tg .tg-8d8j{text-align:center;vertical-align:bottom}\n<\/style>\n<table class=\"tg\">\n<thead>\n  <tr>\n    <th class=\"tg-za14\">Kod<\/th>\n    <th class=\"tg-7zrl\">MBP<\/th>\n  <\/tr>\n<\/thead>\n<tbody>\n  <tr>\n    <td class=\"tg-cly1\">Tip<\/td>\n    <td class=\"tg-8d8j\">Blank-Normal<br>&nbsp;&nbsp;&nbsp;&nbsp;&nbsp;G-Grooved<br>&nbsp;&nbsp;&nbsp;&nbsp;&nbsp;C-PP core<br>&nbsp;&nbsp;&nbsp;&nbsp;&nbsp;W-Patterned surface<br>&nbsp;&nbsp;&nbsp;&nbsp;&nbsp;CW-PP <br>&nbsp;&nbsp;&nbsp;&nbsp;&nbsp;Core+Grooved Surface<\/td>\n  <\/tr>\n  <tr>\n    <td class=\"tg-cly1\">OD<\/td>\n    <td class=\"tg-8d8j\">Blank=2.5\u201d(63mm)<br>&nbsp;&nbsp;&nbsp;&nbsp;&nbsp;BB=4.5\u201d(115mm)<br>&nbsp;&nbsp;&nbsp;&nbsp;&nbsp;Di\u011fer \u00d6zelle\u015ftirilmi\u015f Boyutlar<\/td>\n  <\/tr>\n  <tr>\n    <td class=\"tg-cly1\">Mikron Derecelendirmesi<\/td>\n    <td class=\"tg-8d8j\">1=1\u00b5m<br>&nbsp;&nbsp;&nbsp;&nbsp;&nbsp;3=3\u00b5m<br>&nbsp;&nbsp;&nbsp;&nbsp;&nbsp;5=5\u00b5m<br>&nbsp;&nbsp;&nbsp;&nbsp;&nbsp;10=10\u00b5m<br>&nbsp;&nbsp;&nbsp;&nbsp;&nbsp;25=25\u00b5m<br>&nbsp;&nbsp;&nbsp;&nbsp;&nbsp;50=50\u00b5m<br>&nbsp;&nbsp;&nbsp;&nbsp;&nbsp;75=75\u00b5m<br>&nbsp;&nbsp;&nbsp;&nbsp;&nbsp;100=100\u00b5m<br>&nbsp;&nbsp;&nbsp;&nbsp;&nbsp;150=150\u00b5m<\/td>\n  <\/tr>\n  <tr>\n    <td class=\"tg-cly1\">Uzunluk<\/td>\n    <td class=\"tg-8d8j\">975=9.75\u201d(248mm)<br>&nbsp;&nbsp;&nbsp;&nbsp;&nbsp;987=9.87\u201d(250mm)<br>&nbsp;&nbsp;&nbsp;&nbsp;&nbsp;10=10\u201d(254mm) <br>&nbsp;&nbsp;&nbsp;&nbsp;&nbsp;20=20\u201d(508mm) <br>&nbsp;&nbsp;&nbsp;&nbsp;&nbsp;0=30\u201d(762mm) <br>&nbsp;&nbsp;&nbsp;&nbsp;&nbsp;0=40\u201d(1016mm)<br>&nbsp;&nbsp;&nbsp;&nbsp;&nbsp;50=50\u201d(1270mm)<br>&nbsp;&nbsp;&nbsp;&nbsp;&nbsp;60=60\u201d(1524mm)<br>&nbsp;&nbsp;&nbsp;&nbsp;&nbsp;Di\u011fer \u00d6zelle\u015ftirilmi\u015f Boyutlar<\/td>\n  <\/tr>\n  <tr>\n    <td class=\"tg-cly1\">U\u00e7 Kapa\u011f\u0131 Tipi<\/td>\n    <td class=\"tg-8d8j\">Blank=DOE<br>&nbsp;&nbsp;&nbsp;&nbsp;&nbsp;3=222\/Fin<br>&nbsp;&nbsp;&nbsp;&nbsp;&nbsp;4=222\/Flat<br>&nbsp;&nbsp;&nbsp;&nbsp;&nbsp;6=226\/Flat<br>&nbsp;&nbsp;&nbsp;&nbsp;&nbsp;7=226\/Fin<\/td>\n  <\/tr>\n  <tr>\n    <td class=\"tg-7zrl\">Conta<\/td>\n    <td class=\"tg-8d8j\">Blank=None<br>&nbsp;&nbsp;&nbsp;&nbsp;&nbsp;S=Silicone<br>&nbsp;&nbsp;&nbsp;&nbsp;&nbsp;E=EPDM<br>&nbsp;&nbsp;&nbsp;&nbsp;&nbsp;B=Buna<br>&nbsp;&nbsp;&nbsp;&nbsp;&nbsp;V=Viton<br>&nbsp;&nbsp;&nbsp;&nbsp;&nbsp;W=Teflon <br>&nbsp;&nbsp;&nbsp;&nbsp;&nbsp;encapsulated <br>&nbsp;&nbsp;&nbsp;&nbsp;&nbsp;viton<\/td>\n  <\/tr>\n<\/tbody>\n<\/table>\n","protected":false},"excerpt":{"rendered":"<p>Shuler&#8217;in y\u00fcksek performansl\u0131 PP eriyik \u00fcflemeli filtreleri, %100 polipropilen fiberden yap\u0131lm\u0131\u015ft\u0131r. Proses hatt\u0131nda deformasyon yoktur ve m\u00fckemmel tekd\u00fczeli\u011fe sahiptir. 1\u00b5m&#8217;den 150\u00b5m&#8217;ye kadar geni\u015f bir mikron derece yelpazesine sahiptir. Uygulamalar: Eczac\u0131l\u0131k Su ar\u0131tma Yiyecek ve \u0130\u00e7ecek Elektronik ve Yar\u0131 \u0130letken \u00d6zellikler Boyut OD: \u03c663\uff0c 115mm ID: \u03c628\uff0c 30mm Length: 9.75\u201d, 9.87\u201d, 10\u201d, 20\u201d, 30\u201d, 40\u201d,&nbsp;&nbsp;&nbsp;50\u201d, 60\u201d [&hellip;]<\/p>\n","protected":false},"author":1,"featured_media":0,"parent":1614,"menu_order":0,"comment_status":"closed","ping_status":"closed","template":"pages\/page-full.php","meta":{"footnotes":""},"class_list":["post-1616","page","type-page","status-publish","hentry"],"_links":{"self":[{"href":"https:\/\/akafor.com\/en\/wp-json\/wp\/v2\/pages\/1616","targetHints":{"allow":["GET"]}}],"collection":[{"href":"https:\/\/akafor.com\/en\/wp-json\/wp\/v2\/pages"}],"about":[{"href":"https:\/\/akafor.com\/en\/wp-json\/wp\/v2\/types\/page"}],"author":[{"embeddable":true,"href":"https:\/\/akafor.com\/en\/wp-json\/wp\/v2\/users\/1"}],"replies":[{"embeddable":true,"href":"https:\/\/akafor.com\/en\/wp-json\/wp\/v2\/comments?post=1616"}],"version-history":[{"count":3,"href":"https:\/\/akafor.com\/en\/wp-json\/wp\/v2\/pages\/1616\/revisions"}],"predecessor-version":[{"id":2193,"href":"https:\/\/akafor.com\/en\/wp-json\/wp\/v2\/pages\/1616\/revisions\/2193"}],"up":[{"embeddable":true,"href":"https:\/\/akafor.com\/en\/wp-json\/wp\/v2\/pages\/1614"}],"wp:attachment":[{"href":"https:\/\/akafor.com\/en\/wp-json\/wp\/v2\/media?parent=1616"}],"curies":[{"name":"wp","href":"https:\/\/api.w.org\/{rel}","templated":true}]}}