{"id":1618,"date":"2021-06-04T15:47:36","date_gmt":"2021-06-04T12:47:36","guid":{"rendered":"https:\/\/neyesek.co\/?page_id=1618"},"modified":"2021-06-23T15:57:06","modified_gmt":"2021-06-23T12:57:06","slug":"ip-sargili-filtre-kartusu","status":"publish","type":"page","link":"https:\/\/akafor.com\/en\/filtrasyon\/urunler\/on-filtrasyon-urunleri\/kartus-filtreler\/ip-sargili-filtre-kartusu\/","title":{"rendered":"\u0130PL\u0130K SARMA KARTU\u015e F\u0130LTRE"},"content":{"rendered":"\n<div class=\"wp-block-media-text alignwide has-media-on-the-right is-stacked-on-mobile\" style=\"grid-template-columns:auto 22%\"><figure class=\"wp-block-media-text__media\"><img loading=\"lazy\" decoding=\"async\" width=\"216\" height=\"148\" src=\"https:\/\/akafor.com\/wp-content\/uploads\/2021\/06\/IP-SARGILI-KARTUS-FILTRE.png\" alt=\"\" class=\"wp-image-2098 size-full\"\/><\/figure><div class=\"wp-block-media-text__content\">\n<p>Shuler&#8217;in ip sarg\u0131l\u0131 filtre kartu\u015flar\u0131, bilgisayar modelleme i\u015flemi ile \u00fcretilmektedir. Bu geli\u015ftirilmi\u015f tasar\u0131m, daha y\u00fcksek kir tutma kapasitesi sa\u011flar. Uzun bir ya\u015fam d\u00f6ng\u00fcs\u00fcne sahiptir. Nominal makro de\u011ferleri 1\u00b5m ila 150\u00b5m aras\u0131ndad\u0131r.<\/p>\n<\/div><\/div>\n\n\n\n<ul class=\"wp-block-list\"><li><strong>Uygulamalar:<\/strong><\/li><li><span style=\"background-color: initial;\">Ta\u015f\u0131nabilir S\u0131v\u0131lar<\/span><\/li><li>Sebze Ya\u011f\u0131<\/li><li>Yiyecek ve \u0130\u00e7ecek<\/li><li>Organik \u00c7\u00f6z\u00fcc\u00fcler<\/li><li>Su<\/li><li>Seyreltik Asitler<\/li><li>Oksitleyici Etkenler<\/li><li>Kaplama \u00c7\u00f6z\u00fcmleri<\/li><\/ul>\n\n\n\n<p><strong>\u00d6zellikler<\/strong><\/p>\n\n\n\n<style type=\"text\/css\">\n.tg  {border-collapse:collapse;border-spacing:0;}\n.tg td{border-color:black;border-style:solid;border-width:1px;font-family:Arial, sans-serif;font-size:14px;\n  overflow:hidden;padding:10px 5px;word-break:normal;}\n.tg th{border-color:black;border-style:solid;border-width:1px;font-family:Arial, sans-serif;font-size:14px;\n  font-weight:normal;overflow:hidden;padding:10px 5px;word-break:normal;}\n.tg .tg-9wq8{border-color:inherit;text-align:center;vertical-align:middle}\n.tg .tg-7zrl{text-align:left;vertical-align:bottom}\n.tg .tg-nrix{text-align:center;vertical-align:middle}\n<\/style>\n<table class=\"tg\">\n<thead>\n  <tr>\n    <th class=\"tg-9wq8\" rowspan=\"3\">Boyut<\/th>\n    <th class=\"tg-7zrl\">OD: \u03c663\uff0c 115mm<\/th>\n  <\/tr>\n  <tr>\n    <td class=\"tg-7zrl\">ID: \u03c628\uff0c 30mm<\/td>\n  <\/tr>\n  <tr>\n    <td class=\"tg-7zrl\">Uzunluk: 9.87\u201d, 10\u201d, 20\u201d, 30\u201d, 40\u201d, 50\u201d,&nbsp;&nbsp;&nbsp;60\u201d<\/td>\n  <\/tr>\n<\/thead>\n<tbody>\n  <tr>\n    <td class=\"tg-nrix\" rowspan=\"2\">Yap\u0131 Malzemesi<\/td>\n    <td class=\"tg-7zrl\">Malzeme: Polipropilen, a\u011fart\u0131lm\u0131\u015f pamuk, cam elyaf<\/td>\n  <\/tr>\n  <tr>\n    <td class=\"tg-7zrl\">\u00c7ekirdek: Polipropilen, paslanmaz \u00e7elik<\/td>\n  <\/tr>\n  <tr>\n    <td class=\"tg-nrix\" rowspan=\"2\">Performans<\/td>\n    <td class=\"tg-7zrl\">Maks. \u00c7al\u0131\u015fma S\u0131cakl\u0131\u011f\u0131: PP 65 \u2103, a\u011fart\u0131lm\u0131\u015f pamuk 120 \u2103 \uff0c Cam elyaf 200&nbsp;&nbsp;&nbsp;\u2103<\/td>\n  <\/tr>\n  <tr>\n    <td class=\"tg-7zrl\">Maks. \u00c7al\u0131\u015fma DP: 2.0Bar@25\u2103<\/td>\n  <\/tr>\n<\/tbody>\n<\/table>\n\n\n\n<p><strong>Siprari\u015f Bilgileri<\/strong><\/p>\n\n\n\n<style type=\"text\/css\">\n.tg  {border-collapse:collapse;border-spacing:0;}\n.tg td{border-color:black;border-style:solid;border-width:1px;font-family:Arial, sans-serif;font-size:14px;\n  overflow:hidden;padding:10px 5px;word-break:normal;}\n.tg th{border-color:black;border-style:solid;border-width:1px;font-family:Arial, sans-serif;font-size:14px;\n  font-weight:normal;overflow:hidden;padding:10px 5px;word-break:normal;}\n.tg .tg-cly1{text-align:left;vertical-align:middle}\n.tg .tg-za14{border-color:inherit;text-align:left;vertical-align:bottom}\n.tg .tg-7zrl{text-align:left;vertical-align:bottom}\n<\/style>\n<table class=\"tg\">\n<thead>\n  <tr>\n    <th class=\"tg-za14\">Kod<\/th>\n    <th class=\"tg-7zrl\">SW<\/th>\n  <\/tr>\n<\/thead>\n<tbody>\n  <tr>\n    <td class=\"tg-cly1\">Filtre Malzemesi<\/td>\n    <td class=\"tg-7zrl\">P=Polipropilen<br>&nbsp;&nbsp;&nbsp;&nbsp;&nbsp;B=A\u011fart\u0131lm\u0131\u015f Pamuk<br>&nbsp;&nbsp;&nbsp;&nbsp;&nbsp;G=Cam Elyaf<\/td>\n  <\/tr>\n  <tr>\n    <td class=\"tg-cly1\">OD<\/td>\n    <td class=\"tg-7zrl\">Blank=2.5\u201d(63mm)<br>&nbsp;&nbsp;&nbsp;&nbsp;&nbsp;BB=4.5\u201d(115mm)<br>&nbsp;&nbsp;&nbsp;&nbsp;&nbsp;Di\u011fer \u00d6zelle\u015ftirilmi\u015f Boyutlar<\/td>\n  <\/tr>\n  <tr>\n    <td class=\"tg-cly1\">\u00c7ekirdek Malzemesi<\/td>\n    <td class=\"tg-7zrl\">P=Polipropilen<br>&nbsp;&nbsp;&nbsp;&nbsp;&nbsp;4=SUS304<br>&nbsp;&nbsp;&nbsp;&nbsp;&nbsp;6=SUS316<\/td>\n  <\/tr>\n  <tr>\n    <td class=\"tg-cly1\">Mikron Derecelendirmesi<\/td>\n    <td class=\"tg-7zrl\">1=1\u00b5m<br>&nbsp;&nbsp;&nbsp;&nbsp;&nbsp;5=5\u00b5m<br>&nbsp;&nbsp;&nbsp;&nbsp;&nbsp;10=10\u00b5m<br>&nbsp;&nbsp;&nbsp;&nbsp;&nbsp;20=20\u00b5m<br>&nbsp;&nbsp;&nbsp;&nbsp;&nbsp;30=30\u00b5m<br>&nbsp;&nbsp;&nbsp;&nbsp;&nbsp;50=50\u00b5m<br>&nbsp;&nbsp;&nbsp;&nbsp;&nbsp;75=75\u00b5m<br>&nbsp;&nbsp;&nbsp;&nbsp;&nbsp;100=100\u00b5m<\/td>\n  <\/tr>\n  <tr>\n    <td class=\"tg-7zrl\">Uzunluk<\/td>\n    <td class=\"tg-7zrl\">987=9.87\u201d(250mm)<br>&nbsp;&nbsp;&nbsp;&nbsp;&nbsp;10=10\u201d(254mm) 2<br>&nbsp;&nbsp;&nbsp;&nbsp;&nbsp;0=20\u201d(508mm) <br>&nbsp;&nbsp;&nbsp;&nbsp;&nbsp;30=30\u201d(762mm) <br>&nbsp;&nbsp;&nbsp;&nbsp;&nbsp;40=40\u201d(1016mm)<br>&nbsp;&nbsp;&nbsp;&nbsp;&nbsp;Di\u011fer \u00d6zelle\u015ftirimi\u015f Boyutlar<\/td>\n  <\/tr>\n  <tr>\n    <td class=\"tg-7zrl\">U\u00e7 Kapak Tipi<\/td>\n    <td class=\"tg-7zrl\">Blank=DOE<br>&nbsp;&nbsp;&nbsp;&nbsp;&nbsp;3=222\/Kanat<br>&nbsp;&nbsp;&nbsp;&nbsp;&nbsp;4=222\/Yass\u0131<br>&nbsp;&nbsp;&nbsp;&nbsp;&nbsp;5=222\/Yayl\u0131<br>&nbsp;&nbsp;&nbsp;&nbsp;&nbsp;6=226\/Yass\u0131<br>&nbsp;&nbsp;&nbsp;&nbsp;&nbsp;7=226\/Kanat<br>&nbsp;&nbsp;&nbsp;&nbsp;&nbsp;8=226\/Yayl\u0131<\/td>\n  <\/tr>\n  <tr>\n    <td class=\"tg-7zrl\">Conta<\/td>\n    <td class=\"tg-7zrl\">Blank=None<br>&nbsp;&nbsp;&nbsp;&nbsp;&nbsp;S=Silikon<br>&nbsp;&nbsp;&nbsp;&nbsp;&nbsp;E=EPDM<br>&nbsp;&nbsp;&nbsp;&nbsp;&nbsp;B=Buna<br>&nbsp;&nbsp;&nbsp;&nbsp;&nbsp;V=Viton<br>&nbsp;&nbsp;&nbsp;&nbsp;&nbsp;W=Teflon <br>&nbsp;&nbsp;&nbsp;&nbsp;&nbsp;encapsulated <br>&nbsp;&nbsp;&nbsp;&nbsp;&nbsp;viton<\/td>\n  <\/tr>\n<\/tbody>\n<\/table>\n","protected":false},"excerpt":{"rendered":"<p>Shuler&#8217;in ip sarg\u0131l\u0131 filtre kartu\u015flar\u0131, bilgisayar modelleme i\u015flemi ile \u00fcretilmektedir. Bu geli\u015ftirilmi\u015f tasar\u0131m, daha y\u00fcksek kir tutma kapasitesi sa\u011flar. Uzun bir ya\u015fam d\u00f6ng\u00fcs\u00fcne sahiptir. Nominal makro de\u011ferleri 1\u00b5m ila 150\u00b5m aras\u0131ndad\u0131r. Uygulamalar: Ta\u015f\u0131nabilir S\u0131v\u0131lar Sebze Ya\u011f\u0131 Yiyecek ve \u0130\u00e7ecek Organik \u00c7\u00f6z\u00fcc\u00fcler Su Seyreltik Asitler Oksitleyici Etkenler Kaplama \u00c7\u00f6z\u00fcmleri \u00d6zellikler Boyut OD: \u03c663\uff0c 115mm ID: \u03c628\uff0c [&hellip;]<\/p>\n","protected":false},"author":1,"featured_media":0,"parent":1614,"menu_order":0,"comment_status":"closed","ping_status":"closed","template":"pages\/page-full.php","meta":{"footnotes":""},"class_list":["post-1618","page","type-page","status-publish","hentry"],"_links":{"self":[{"href":"https:\/\/akafor.com\/en\/wp-json\/wp\/v2\/pages\/1618","targetHints":{"allow":["GET"]}}],"collection":[{"href":"https:\/\/akafor.com\/en\/wp-json\/wp\/v2\/pages"}],"about":[{"href":"https:\/\/akafor.com\/en\/wp-json\/wp\/v2\/types\/page"}],"author":[{"embeddable":true,"href":"https:\/\/akafor.com\/en\/wp-json\/wp\/v2\/users\/1"}],"replies":[{"embeddable":true,"href":"https:\/\/akafor.com\/en\/wp-json\/wp\/v2\/comments?post=1618"}],"version-history":[{"count":6,"href":"https:\/\/akafor.com\/en\/wp-json\/wp\/v2\/pages\/1618\/revisions"}],"predecessor-version":[{"id":2387,"href":"https:\/\/akafor.com\/en\/wp-json\/wp\/v2\/pages\/1618\/revisions\/2387"}],"up":[{"embeddable":true,"href":"https:\/\/akafor.com\/en\/wp-json\/wp\/v2\/pages\/1614"}],"wp:attachment":[{"href":"https:\/\/akafor.com\/en\/wp-json\/wp\/v2\/media?parent=1618"}],"curies":[{"name":"wp","href":"https:\/\/api.w.org\/{rel}","templated":true}]}}