{"id":1620,"date":"2021-06-04T16:54:13","date_gmt":"2021-06-04T13:54:13","guid":{"rendered":"https:\/\/neyesek.co\/?page_id=1620"},"modified":"2021-06-23T17:07:22","modified_gmt":"2021-06-23T14:07:22","slug":"uzatilmis-ip-sargili-filtre-kartusu","status":"publish","type":"page","link":"https:\/\/akafor.com\/en\/filtrasyon\/urunler\/on-filtrasyon-urunleri\/kartus-filtreler\/uzatilmis-ip-sargili-filtre-kartusu\/","title":{"rendered":"EXTENF\u0130BER \u0130PL\u0130K SARMA KARTU\u015e F\u0130LTRE"},"content":{"rendered":"\n<div class=\"wp-block-media-text alignwide has-media-on-the-right is-stacked-on-mobile\" style=\"grid-template-columns:auto 25%\"><figure class=\"wp-block-media-text__media\"><img loading=\"lazy\" decoding=\"async\" width=\"251\" height=\"166\" src=\"https:\/\/akafor.com\/wp-content\/uploads\/2021\/06\/UZATILMIS-IP-SARGILI-KARTUS-FILTRE.png\" alt=\"\" class=\"wp-image-2092 size-full\"\/><\/figure><div class=\"wp-block-media-text__content\">\n<p>Shuler&#8217;in uzat\u0131lm\u0131\u015f ip sarg\u0131l\u0131 filtre kartu\u015flar\u0131, elektrik \u00fcretim tesislerinin kazan suyu sistemleri i\u00e7in \u00f6zel olarak tasarlanm\u0131\u015f ve geli\u015ftirilmi\u015ftir.<\/p>\n<\/div><\/div>\n\n\n\n<p>G\u00fc\u00e7l\u00fc spiral paslanmaz \u00e7elik merkez \u00e7ekirdekler ile birlikte s\u00fcrekli iplikten \u00fcretilen eksten elyaf filtreleri, b\u00fct\u00fcnl\u00fck ve dayan\u0131kl\u0131l\u0131k a\u00e7\u0131s\u0131ndan b\u00fcy\u00fck \u00f6l\u00e7\u00fcde iyile\u015ftirilmi\u015ftir ve bu nedenle i\u015flem s\u0131ras\u0131nda elyaf\u0131n bozulmas\u0131n\u0131 \u00f6nler. Bu filtrenin geni\u015f uzunlu\u011fu, onu y\u00fcksek debili kat\u0131 kazan besleme suyu i\u00e7in ideal k\u0131lar.<\/p>\n\n\n\n<ul class=\"wp-block-list\"><li><strong>Uygulamalar<\/strong><\/li><li>Santral su ar\u0131tma<\/li><li>\u00c7elikhane su ar\u0131tma<\/li><li>Deniz suyu tuzdan ar\u0131nd\u0131rma \u00f6n filtrasyonu<\/li><\/ul>\n\n\n\n<style type=\"text\/css\">\n.tg  {border-collapse:collapse;border-spacing:0;}\n.tg td{border-color:black;border-style:solid;border-width:1px;font-family:Arial, sans-serif;font-size:14px;\n  overflow:hidden;padding:10px 5px;word-break:normal;}\n.tg th{border-color:black;border-style:solid;border-width:1px;font-family:Arial, sans-serif;font-size:14px;\n  font-weight:normal;overflow:hidden;padding:10px 5px;word-break:normal;}\n.tg .tg-9wq8{border-color:inherit;text-align:center;vertical-align:middle}\n.tg .tg-7zrl{text-align:left;vertical-align:bottom}\n.tg .tg-nrix{text-align:center;vertical-align:middle}\n<\/style>\n<table class=\"tg\">\n<thead>\n  <tr>\n    <th class=\"tg-9wq8\" rowspan=\"3\">Boyut<\/th>\n    <th class=\"tg-7zrl\">OD: \u03c663<\/th>\n  <\/tr>\n  <tr>\n    <td class=\"tg-7zrl\">ID: \u03c628<\/td>\n  <\/tr>\n  <tr>\n    <td class=\"tg-7zrl\">Uzunluk:, 60\u201d, 70\u201d<\/td>\n  <\/tr>\n<\/thead>\n<tbody>\n  <tr>\n    <td class=\"tg-nrix\" rowspan=\"4\">Yap\u0131 Malzemesi<\/td>\n    <td class=\"tg-7zrl\">Malzemesi: Polipropilen<\/td>\n  <\/tr>\n  <tr>\n    <td class=\"tg-7zrl\">\u00c7ekirdek: Paslanmaz \u00e7elik<\/td>\n  <\/tr>\n  <tr>\n    <td class=\"tg-7zrl\">Ba\u011flant\u0131: \u0130pli<\/td>\n  <\/tr>\n  <tr>\n    <td class=\"tg-7zrl\">Kald\u0131rma Derecelendirmeleri: 1\u00b5m, 5\u00b5m<\/td>\n  <\/tr>\n<\/tbody>\n<\/table>\n\n\n\n<style type=\"text\/css\">\n.tg  {border-collapse:collapse;border-spacing:0;}\n.tg td{border-color:black;border-style:solid;border-width:1px;font-family:Arial, sans-serif;font-size:14px;\n  overflow:hidden;padding:10px 5px;word-break:normal;}\n.tg th{border-color:black;border-style:solid;border-width:1px;font-family:Arial, sans-serif;font-size:14px;\n  font-weight:normal;overflow:hidden;padding:10px 5px;word-break:normal;}\n.tg .tg-cly1{text-align:left;vertical-align:middle}\n.tg .tg-lboi{border-color:inherit;text-align:left;vertical-align:middle}\n.tg .tg-7zrl{text-align:left;vertical-align:bottom}\n<\/style>\n<table class=\"tg\">\n<thead>\n  <tr>\n    <th class=\"tg-lboi\">Kod<\/th>\n    <th class=\"tg-7zrl\">SW<\/th>\n  <\/tr>\n<\/thead>\n<tbody>\n  <tr>\n    <td class=\"tg-cly1\">Filtre Malzemesi<\/td>\n    <td class=\"tg-7zrl\">P=Polypropylene<br>&nbsp;&nbsp;&nbsp;&nbsp;&nbsp;Blank=2.5\u201d(63mm)<br>&nbsp;&nbsp;&nbsp;&nbsp;&nbsp;BB=4.5\u201d(115mm)<br>&nbsp;&nbsp;&nbsp;&nbsp;&nbsp;Di\u011fer \u00d6zelle\u015ftirilmi\u015f Boyutlar<\/td>\n  <\/tr>\n  <tr>\n    <td class=\"tg-cly1\">\u00c7ekirdek Malzemesi<\/td>\n    <td class=\"tg-7zrl\">4=SUS304<br>&nbsp;&nbsp;&nbsp;&nbsp;&nbsp;6=SUS316<\/td>\n  <\/tr>\n  <tr>\n    <td class=\"tg-cly1\">Mikron Derecelendirmesi<\/td>\n    <td class=\"tg-7zrl\">1=1\u00b5m<br>&nbsp;&nbsp;&nbsp;&nbsp;&nbsp;5=5\u00b5m<\/td>\n  <\/tr>\n  <tr>\n    <td class=\"tg-cly1\">Uzunluk<\/td>\n    <td class=\"tg-7zrl\">60=60\u201d(1524mm) <br>&nbsp;&nbsp;&nbsp;&nbsp;&nbsp;70=70\u201d(1778mm)<\/td>\n  <\/tr>\n  <tr>\n    <td class=\"tg-cly1\">Conta<\/td>\n    <td class=\"tg-7zrl\">U\u00e7 Kapak Tipi<br>&nbsp;&nbsp;&nbsp;&nbsp;&nbsp;EX=Geni\u015fletilmi\u015f \u00c7ekirdek<br>&nbsp;&nbsp;&nbsp;&nbsp;&nbsp;T24=Geni\u015fletilmi\u015f Konu<br>&nbsp;&nbsp;&nbsp;&nbsp;&nbsp;Adapt\u00f6r3\/16\u201d<br>&nbsp;&nbsp;&nbsp;&nbsp;&nbsp;24 iplik\/in\u00e7<br>&nbsp;&nbsp;&nbsp;&nbsp;&nbsp;T20=Geni\u015fletilmi\u015f Konu<br>&nbsp;&nbsp;&nbsp;&nbsp;&nbsp;Adapt\u00f6r1\/4\u201d<br>&nbsp;&nbsp;&nbsp;&nbsp;&nbsp;20 iplik\/in\u00e7<\/td>\n  <\/tr>\n  <tr>\n    <td class=\"tg-7zrl\">Tip<\/td>\n    <td class=\"tg-7zrl\">E=Extenfiber<\/td>\n  <\/tr>\n<\/tbody>\n<\/table>\n","protected":false},"excerpt":{"rendered":"<p>Shuler&#8217;in uzat\u0131lm\u0131\u015f ip sarg\u0131l\u0131 filtre kartu\u015flar\u0131, elektrik \u00fcretim tesislerinin kazan suyu sistemleri i\u00e7in \u00f6zel olarak tasarlanm\u0131\u015f ve geli\u015ftirilmi\u015ftir. G\u00fc\u00e7l\u00fc spiral paslanmaz \u00e7elik merkez \u00e7ekirdekler ile birlikte s\u00fcrekli iplikten \u00fcretilen eksten elyaf filtreleri, b\u00fct\u00fcnl\u00fck ve dayan\u0131kl\u0131l\u0131k a\u00e7\u0131s\u0131ndan b\u00fcy\u00fck \u00f6l\u00e7\u00fcde iyile\u015ftirilmi\u015ftir ve bu nedenle i\u015flem s\u0131ras\u0131nda elyaf\u0131n bozulmas\u0131n\u0131 \u00f6nler. Bu filtrenin geni\u015f uzunlu\u011fu, onu y\u00fcksek debili kat\u0131 [&hellip;]<\/p>\n","protected":false},"author":1,"featured_media":0,"parent":1614,"menu_order":0,"comment_status":"closed","ping_status":"closed","template":"pages\/page-full.php","meta":{"footnotes":""},"class_list":["post-1620","page","type-page","status-publish","hentry"],"_links":{"self":[{"href":"https:\/\/akafor.com\/en\/wp-json\/wp\/v2\/pages\/1620","targetHints":{"allow":["GET"]}}],"collection":[{"href":"https:\/\/akafor.com\/en\/wp-json\/wp\/v2\/pages"}],"about":[{"href":"https:\/\/akafor.com\/en\/wp-json\/wp\/v2\/types\/page"}],"author":[{"embeddable":true,"href":"https:\/\/akafor.com\/en\/wp-json\/wp\/v2\/users\/1"}],"replies":[{"embeddable":true,"href":"https:\/\/akafor.com\/en\/wp-json\/wp\/v2\/comments?post=1620"}],"version-history":[{"count":5,"href":"https:\/\/akafor.com\/en\/wp-json\/wp\/v2\/pages\/1620\/revisions"}],"predecessor-version":[{"id":2388,"href":"https:\/\/akafor.com\/en\/wp-json\/wp\/v2\/pages\/1620\/revisions\/2388"}],"up":[{"embeddable":true,"href":"https:\/\/akafor.com\/en\/wp-json\/wp\/v2\/pages\/1614"}],"wp:attachment":[{"href":"https:\/\/akafor.com\/en\/wp-json\/wp\/v2\/media?parent=1620"}],"curies":[{"name":"wp","href":"https:\/\/api.w.org\/{rel}","templated":true}]}}