{"id":1622,"date":"2021-06-07T10:31:15","date_gmt":"2021-06-07T07:31:15","guid":{"rendered":"https:\/\/neyesek.co\/?page_id=1622"},"modified":"2021-06-23T17:44:35","modified_gmt":"2021-06-23T14:44:35","slug":"tamami-fluropolimer-membran-pileli-kartus-filtre","status":"publish","type":"page","link":"https:\/\/akafor.com\/en\/filtrasyon\/urunler\/on-filtrasyon-urunleri\/kartus-filtreler\/tamami-fluropolimer-membran-pileli-kartus-filtre\/","title":{"rendered":"TAMAMI FLUROPOL\u0130MER KAPLAMA MEMBRAN P\u0130LEL\u0130  KARTU\u015e F\u0130LTRE"},"content":{"rendered":"\n<div class=\"wp-block-media-text alignwide has-media-on-the-right is-stacked-on-mobile\" style=\"grid-template-columns:auto 23%\"><figure class=\"wp-block-media-text__media\"><img loading=\"lazy\" decoding=\"async\" width=\"215\" height=\"146\" src=\"https:\/\/akafor.com\/wp-content\/uploads\/2021\/06\/TAMAMI-FLUROPOLIMER-MEMBRAN-PILELI-KARTUS-FILTRE.png\" alt=\"\" class=\"wp-image-2095 size-full\"\/><\/figure><div class=\"wp-block-media-text__content\">\n<p>Shuler&#8217;\u0131n PFA serisi, kartu\u015flar\u0131m\u0131z\u0131n son derece agresif ko\u015fullarda \u00e7al\u0131\u015fmas\u0131n\u0131 sa\u011flayan tamamen floropolimer malzemelerden yap\u0131lm\u0131\u015ft\u0131r. Hidrofobik PTFE membranlar, sabit g\u00f6zenek boyutu avantaj\u0131na sahiptir ve tutarl\u0131 temizleme verimlili\u011fi ve \u00fcst\u00fcn temizlik sa\u011flar. Filtrasyon performans\u0131ndan \u00f6d\u00fcn vermeyen PFA serisi, y\u00fcksek safl\u0131k ve y\u00fcksek s\u0131cakl\u0131k gerektiren karma\u015f\u0131k prosesler i\u00e7in en \u00e7ok \u00f6nerilen \u00e7\u00f6z\u00fcmlerdir.<\/p>\n<\/div><\/div>\n\n\n\n<p><\/p>\n\n\n\n<ul class=\"wp-block-list\"><li><strong>Uygulamalar<\/strong><\/li><li>Eczac\u0131l\u0131k<\/li><li>\u00c7\u00f6z\u00fcc\u00fcler<\/li><li>Proses Gazlar\u0131<\/li><li>Fotorezistler<\/li><li>Kimyasal<\/li><li>Yiyecek ve \u0130\u00e7ecek<\/li><li>Yar\u0131 \u0130letken<\/li><\/ul>\n\n\n\n<p><strong>\u00d6zellikler<\/strong><\/p>\n\n\n\n<style type=\"text\/css\">\n.tg  {border-collapse:collapse;border-spacing:0;}\n.tg td{border-color:black;border-style:solid;border-width:1px;font-family:Arial, sans-serif;font-size:14px;\n  overflow:hidden;padding:10px 5px;word-break:normal;}\n.tg th{border-color:black;border-style:solid;border-width:1px;font-family:Arial, sans-serif;font-size:14px;\n  font-weight:normal;overflow:hidden;padding:10px 5px;word-break:normal;}\n.tg .tg-9wq8{border-color:inherit;text-align:center;vertical-align:middle}\n.tg .tg-7zrl{text-align:left;vertical-align:bottom}\n.tg .tg-nrix{text-align:center;vertical-align:middle}\n<\/style>\n<table class=\"tg\">\n<thead>\n  <tr>\n    <th class=\"tg-9wq8\" rowspan=\"2\">Boyut<\/th>\n    <th class=\"tg-7zrl\">OD: \u03c669mm<\/th>\n  <\/tr>\n  <tr>\n    <td class=\"tg-7zrl\">Uzunluk: 10\u201d, 20\u201d, 30\u201d, 40\u201d<\/td>\n  <\/tr>\n<\/thead>\n<tbody>\n  <tr>\n    <td class=\"tg-7zrl\">Mikron De\u011feri<\/td>\n    <td class=\"tg-7zrl\">0.05, 0.1, 0.2, 0.45, 1\u00b5m<\/td>\n  <\/tr>\n  <tr>\n    <td class=\"tg-nrix\" rowspan=\"5\">Yap\u0131 Malzemesi<\/td>\n    <td class=\"tg-7zrl\">Malzeme: Hidrofobik PTFE<\/td>\n  <\/tr>\n  <tr>\n    <td class=\"tg-7zrl\">U\u00e7 Kapa\u011f\u0131: PFA<\/td>\n  <\/tr>\n  <tr>\n    <td class=\"tg-7zrl\">Conta: Teflon kaps\u00fcll\u00fc Viton<\/td>\n  <\/tr>\n  <tr>\n    <td class=\"tg-7zrl\">Kafes: PFA<\/td>\n  <\/tr>\n  <tr>\n    <td class=\"tg-7zrl\">\u00c7ekirdek: PFA<\/td>\n  <\/tr>\n  <tr>\n    <td class=\"tg-nrix\" rowspan=\"3\">Performans<\/td>\n    <td class=\"tg-7zrl\">Maksimum \u00c7al\u0131\u015fma S\u0131cakl\u0131\u011f\u0131: 140\u2103<\/td>\n  <\/tr>\n  <tr>\n    <td class=\"tg-7zrl\">Maksimum Bas\u0131n\u00e7 Fark\u0131: 5.5bar@25\u2103&nbsp;&nbsp;&nbsp;2.1bar@140\u2103<\/td>\n  <\/tr>\n  <tr>\n    <td class=\"tg-7zrl\">Tavsiye Edilen Bas\u0131n\u00e7 Fark\u0131&nbsp;&nbsp;&nbsp;De\u011fi\u015ftirilmesi: 2.4 bar<\/td>\n  <\/tr>\n<\/tbody>\n<\/table>\n\n\n\n<p><strong>Sipari\u015f Bilgileri<\/strong><\/p>\n\n\n\n<style type=\"text\/css\">\n.tg  {border-collapse:collapse;border-spacing:0;}\n.tg td{border-color:black;border-style:solid;border-width:1px;font-family:Arial, sans-serif;font-size:14px;\n  overflow:hidden;padding:10px 5px;word-break:normal;}\n.tg th{border-color:black;border-style:solid;border-width:1px;font-family:Arial, sans-serif;font-size:14px;\n  font-weight:normal;overflow:hidden;padding:10px 5px;word-break:normal;}\n.tg .tg-9wq8{border-color:inherit;text-align:center;vertical-align:middle}\n.tg .tg-nrix{text-align:center;vertical-align:middle}\n<\/style>\n<table class=\"tg\">\n<thead>\n  <tr>\n    <th class=\"tg-9wq8\">Kod<\/th>\n    <th class=\"tg-nrix\">PFA<\/th>\n  <\/tr>\n<\/thead>\n<tbody>\n  <tr>\n    <td class=\"tg-nrix\" rowspan=\"5\">Mikron De\u011feri<\/td>\n    <td class=\"tg-nrix\">0.05=0.05\u00b5m<\/td>\n  <\/tr>\n  <tr>\n    <td class=\"tg-nrix\">0.1=0.1\u00b5m<\/td>\n  <\/tr>\n  <tr>\n    <td class=\"tg-nrix\">0.22=0.22\u00b5m<\/td>\n  <\/tr>\n  <tr>\n    <td class=\"tg-nrix\">0.45=0.45\u00b5m<\/td>\n  <\/tr>\n  <tr>\n    <td class=\"tg-nrix\">1 = 1\u00b5m<\/td>\n  <\/tr>\n  <tr>\n    <td class=\"tg-nrix\">Filtre Malzemesi<\/td>\n    <td class=\"tg-nrix\">T=T\u00fcm Floropolimer<\/td>\n  <\/tr>\n  <tr>\n    <td class=\"tg-nrix\" rowspan=\"4\">Uzunluk<\/td>\n    <td class=\"tg-nrix\">10=10&#8243;<\/td>\n  <\/tr>\n  <tr>\n    <td class=\"tg-nrix\">20=20&#8243;<\/td>\n  <\/tr>\n  <tr>\n    <td class=\"tg-nrix\">30=30&#8243;<\/td>\n  <\/tr>\n  <tr>\n    <td class=\"tg-nrix\">40=40&#8243;<\/td>\n  <\/tr>\n  <tr>\n    <td class=\"tg-nrix\" rowspan=\"4\">U\u00e7 Kapak Tipi<\/td>\n    <td class=\"tg-nrix\">3=222\/Dikey<\/td>\n  <\/tr>\n  <tr>\n    <td class=\"tg-nrix\">4=222\/Yatay<\/td>\n  <\/tr>\n  <tr>\n    <td class=\"tg-nrix\">6=226\/Yatay<\/td>\n  <\/tr>\n  <tr>\n    <td class=\"tg-nrix\">7=226\/Dikey<\/td>\n  <\/tr>\n  <tr>\n    <td class=\"tg-nrix\">Contalar<\/td>\n    <td class=\"tg-nrix\">W=Teflon kaps\u00fcll\u00fc viton<\/td>\n  <\/tr>\n<\/tbody>\n<\/table>\n","protected":false},"excerpt":{"rendered":"<p>Shuler&#8217;\u0131n PFA serisi, kartu\u015flar\u0131m\u0131z\u0131n son derece agresif ko\u015fullarda \u00e7al\u0131\u015fmas\u0131n\u0131 sa\u011flayan tamamen floropolimer malzemelerden yap\u0131lm\u0131\u015ft\u0131r. Hidrofobik PTFE membranlar, sabit g\u00f6zenek boyutu avantaj\u0131na sahiptir ve tutarl\u0131 temizleme verimlili\u011fi ve \u00fcst\u00fcn temizlik sa\u011flar. Filtrasyon performans\u0131ndan \u00f6d\u00fcn vermeyen PFA serisi, y\u00fcksek safl\u0131k ve y\u00fcksek s\u0131cakl\u0131k gerektiren karma\u015f\u0131k prosesler i\u00e7in en \u00e7ok \u00f6nerilen \u00e7\u00f6z\u00fcmlerdir. Uygulamalar Eczac\u0131l\u0131k \u00c7\u00f6z\u00fcc\u00fcler Proses Gazlar\u0131 Fotorezistler [&hellip;]<\/p>\n","protected":false},"author":1,"featured_media":0,"parent":1614,"menu_order":0,"comment_status":"closed","ping_status":"closed","template":"pages\/page-full.php","meta":{"footnotes":""},"class_list":["post-1622","page","type-page","status-publish","hentry"],"_links":{"self":[{"href":"https:\/\/akafor.com\/en\/wp-json\/wp\/v2\/pages\/1622","targetHints":{"allow":["GET"]}}],"collection":[{"href":"https:\/\/akafor.com\/en\/wp-json\/wp\/v2\/pages"}],"about":[{"href":"https:\/\/akafor.com\/en\/wp-json\/wp\/v2\/types\/page"}],"author":[{"embeddable":true,"href":"https:\/\/akafor.com\/en\/wp-json\/wp\/v2\/users\/1"}],"replies":[{"embeddable":true,"href":"https:\/\/akafor.com\/en\/wp-json\/wp\/v2\/comments?post=1622"}],"version-history":[{"count":4,"href":"https:\/\/akafor.com\/en\/wp-json\/wp\/v2\/pages\/1622\/revisions"}],"predecessor-version":[{"id":2386,"href":"https:\/\/akafor.com\/en\/wp-json\/wp\/v2\/pages\/1622\/revisions\/2386"}],"up":[{"embeddable":true,"href":"https:\/\/akafor.com\/en\/wp-json\/wp\/v2\/pages\/1614"}],"wp:attachment":[{"href":"https:\/\/akafor.com\/en\/wp-json\/wp\/v2\/media?parent=1622"}],"curies":[{"name":"wp","href":"https:\/\/api.w.org\/{rel}","templated":true}]}}