{"id":1629,"date":"2021-06-07T11:32:51","date_gmt":"2021-06-07T08:32:51","guid":{"rendered":"https:\/\/neyesek.co\/?page_id=1629"},"modified":"2021-06-24T09:25:52","modified_gmt":"2021-06-24T06:25:52","slug":"karbon-fiber-kartus-filtre","status":"publish","type":"page","link":"https:\/\/akafor.com\/en\/filtrasyon\/urunler\/on-filtrasyon-urunleri\/kartus-filtreler\/karbon-fiber-kartus-filtre\/","title":{"rendered":"KARBON F\u0130BER P\u0130LEL\u0130 KARTU\u015e F\u0130LTRE"},"content":{"rendered":"\n<div class=\"wp-block-media-text alignwide has-media-on-the-right is-stacked-on-mobile\" style=\"grid-template-columns:auto 21%\"><figure class=\"wp-block-media-text__media\"><img loading=\"lazy\" decoding=\"async\" width=\"218\" height=\"228\" src=\"https:\/\/akafor.com\/wp-content\/uploads\/2021\/06\/KARBON-FIBER-LIFLI-KARTUS-FILTRE.png\" alt=\"\" class=\"wp-image-2084 size-full\"\/><\/figure><div class=\"wp-block-media-text__content\">\n<p>Shuler&#8217;\u0131n Karbon Fiber Pileli Filtresi, aktif karbon fiber ve polipropilen bile\u015fenlerden \u00fcretilmi\u015ftir. \u00d6zellikle \u015fi\u015felenmi\u015f su end\u00fcstrisinde oksitleyici maddeler ve organik safs\u0131zl\u0131klar\u0131n giderilmesi i\u00e7in renk giderme, koku giderme ve istenmeyen adsorpsiyon i\u00e7in geli\u015ftirilmi\u015ftir. D\u00fc\u015f\u00fck bas\u0131n\u00e7 d\u00fc\u015f\u00fc\u015flerinde y\u00fcksek ak\u0131\u015f h\u0131zlar\u0131, toksik olmayan madde sal\u0131n\u0131m\u0131 ve rahat \u00e7al\u0131\u015fma sa\u011flarlar. Ayr\u0131ca gran\u00fcler aktif karbon filtrelere g\u00f6re ekonomik bir alternatiftir.<\/p>\n<\/div><\/div>\n\n\n\n<ul class=\"wp-block-list\"><li><strong>Uygulamalar<\/strong><\/li><li>\u0130\u00e7me suyu<\/li><li>Yiyecek ve \u0130\u00e7ecek<\/li><li>Kaplama<\/li><\/ul>\n\n\n\n<style type=\"text\/css\">\n.tg  {border-collapse:collapse;border-spacing:0;}\n.tg td{border-color:black;border-style:solid;border-width:1px;font-family:Arial, sans-serif;font-size:14px;\n  overflow:hidden;padding:10px 5px;word-break:normal;}\n.tg th{border-color:black;border-style:solid;border-width:1px;font-family:Arial, sans-serif;font-size:14px;\n  font-weight:normal;overflow:hidden;padding:10px 5px;word-break:normal;}\n.tg .tg-cly1{text-align:left;vertical-align:middle}\n.tg .tg-9wq8{border-color:inherit;text-align:center;vertical-align:middle}\n.tg .tg-7zrl{text-align:left;vertical-align:bottom}\n.tg .tg-nrix{text-align:center;vertical-align:middle}\n<\/style>\n<table class=\"tg\">\n<thead>\n  <tr>\n    <th class=\"tg-9wq8\" rowspan=\"2\">Boyut<\/th>\n    <th class=\"tg-7zrl\">OD: 2.67\u201d(68mm)<\/th>\n  <\/tr>\n  <tr>\n    <td class=\"tg-7zrl\">Uzunluk: 5\u201d, 10\u201d, 20\u201d, 30\u201d, 40\u201d<\/td>\n  <\/tr>\n<\/thead>\n<tbody>\n  <tr>\n    <td class=\"tg-nrix\" rowspan=\"3\">Yap\u0131 Malzemeleri<\/td>\n    <td class=\"tg-7zrl\">Filtre Medyas\u0131: Aktif Karbon Fiber<\/td>\n  <\/tr>\n  <tr>\n    <td class=\"tg-7zrl\">U\u00e7 Kapa\u011f\u0131 Malzemesi: Polipropilen<\/td>\n  <\/tr>\n  <tr>\n    <td class=\"tg-7zrl\">Conta: Silikon, EPDM, Viton<\/td>\n  <\/tr>\n  <tr>\n    <td class=\"tg-cly1\">Filtrasyon Alan\u0131<\/td>\n    <td class=\"tg-7zrl\">\u22655.4ft 2\/10 in\u00e7(\u22650.50\u33a1 , 250mm)<\/td>\n  <\/tr>\n  <tr>\n    <td class=\"tg-nrix\" rowspan=\"2\">Performans<\/td>\n    <td class=\"tg-7zrl\">Kald\u0131rma Derecesi: 1, 3, 5\u00b5m<\/td>\n  <\/tr>\n  <tr>\n    <td class=\"tg-7zrl\">Maksimum Bas\u0131n\u00e7 Fark\u0131: 4.2bar@23\u2103&nbsp;&nbsp;&nbsp;1.5bar@85\u2103<\/td>\n  <\/tr>\n  <tr>\n    <td class=\"tg-cly1\">Sanitasyon<\/td>\n    <td class=\"tg-7zrl\">S\u0131cak su, 85 \u2103&#8217;de 30 dakika boyunca saf su kullan\u0131larak 15 d\u00f6ng\u00fc i\u00e7in&nbsp;&nbsp;&nbsp;sterilize edildi<\/td>\n  <\/tr>\n<\/tbody>\n<\/table>\n\n\n\n<p><strong>Sipari\u015f Bilgileri<\/strong><\/p>\n\n\n\n<style type=\"text\/css\">\n.tg  {border-collapse:collapse;border-spacing:0;}\n.tg td{border-color:black;border-style:solid;border-width:1px;font-family:Arial, sans-serif;font-size:14px;\n  overflow:hidden;padding:10px 5px;word-break:normal;}\n.tg th{border-color:black;border-style:solid;border-width:1px;font-family:Arial, sans-serif;font-size:14px;\n  font-weight:normal;overflow:hidden;padding:10px 5px;word-break:normal;}\n.tg .tg-za14{border-color:inherit;text-align:left;vertical-align:bottom}\n.tg .tg-7zrl{text-align:left;vertical-align:bottom}\n<\/style>\n<table class=\"tg\">\n<thead>\n  <tr>\n    <th class=\"tg-za14\">Kod<\/th>\n    <th class=\"tg-7zrl\">CFC<\/th>\n  <\/tr>\n<\/thead>\n<tbody>\n  <tr>\n    <td class=\"tg-7zrl\">Mikron Derecelendirmesi<\/td>\n    <td class=\"tg-7zrl\">1=1\u00b5m<br>&nbsp;&nbsp;&nbsp;&nbsp;&nbsp;3=3\u00b5m<br>&nbsp;&nbsp;&nbsp;&nbsp;&nbsp;5=5\u00b5m<\/td>\n  <\/tr>\n  <tr>\n    <td class=\"tg-7zrl\">Uzunluk<\/td>\n    <td class=\"tg-7zrl\">05=5\u201d<br>&nbsp;&nbsp;&nbsp;&nbsp;&nbsp;10=10\u201d <br>&nbsp;&nbsp;&nbsp;&nbsp;&nbsp;20=20\u201d(508mm) <br>&nbsp;&nbsp;&nbsp;&nbsp;&nbsp;30=30\u201d(762mm) <br>&nbsp;&nbsp;&nbsp;&nbsp;&nbsp;40=40\u201d(1016mm)<\/td>\n  <\/tr>\n  <tr>\n    <td class=\"tg-7zrl\">U\u00e7 Kapak Tipi<\/td>\n    <td class=\"tg-7zrl\">Blank=DOE<br>&nbsp;&nbsp;&nbsp;&nbsp;&nbsp;3=222\/Fin<br>&nbsp;&nbsp;&nbsp;&nbsp;&nbsp;4=222\/Flat<br>&nbsp;&nbsp;&nbsp;&nbsp;&nbsp;6=226\/Flat<br>&nbsp;&nbsp;&nbsp;&nbsp;&nbsp;7=226\/Fin<\/td>\n  <\/tr>\n  <tr>\n    <td class=\"tg-7zrl\">Contalar<\/td>\n    <td class=\"tg-7zrl\">S=Silikon<br>&nbsp;&nbsp;&nbsp;&nbsp;&nbsp;E=EPDM<br>&nbsp;&nbsp;&nbsp;&nbsp;&nbsp;V=Viton<\/td>\n  <\/tr>\n  <tr>\n    <td class=\"tg-7zrl\">\u00c7ekirdek<\/td>\n    <td class=\"tg-7zrl\">P=PP \u00c7ekirdek<br>&nbsp;&nbsp;&nbsp;&nbsp;&nbsp;S=SS \u00c7ekirdek<\/td>\n  <\/tr>\n<\/tbody>\n<\/table>\n\n\n\n<p><\/p>\n","protected":false},"excerpt":{"rendered":"<p>Shuler&#8217;\u0131n Karbon Fiber Pileli Filtresi, aktif karbon fiber ve polipropilen bile\u015fenlerden \u00fcretilmi\u015ftir. \u00d6zellikle \u015fi\u015felenmi\u015f su end\u00fcstrisinde oksitleyici maddeler ve organik safs\u0131zl\u0131klar\u0131n giderilmesi i\u00e7in renk giderme, koku giderme ve istenmeyen adsorpsiyon i\u00e7in geli\u015ftirilmi\u015ftir. D\u00fc\u015f\u00fck bas\u0131n\u00e7 d\u00fc\u015f\u00fc\u015flerinde y\u00fcksek ak\u0131\u015f h\u0131zlar\u0131, toksik olmayan madde sal\u0131n\u0131m\u0131 ve rahat \u00e7al\u0131\u015fma sa\u011flarlar. Ayr\u0131ca gran\u00fcler aktif karbon filtrelere g\u00f6re ekonomik bir alternatiftir. [&hellip;]<\/p>\n","protected":false},"author":1,"featured_media":0,"parent":1614,"menu_order":0,"comment_status":"closed","ping_status":"closed","template":"pages\/page-full.php","meta":{"footnotes":""},"class_list":["post-1629","page","type-page","status-publish","hentry"],"_links":{"self":[{"href":"https:\/\/akafor.com\/en\/wp-json\/wp\/v2\/pages\/1629","targetHints":{"allow":["GET"]}}],"collection":[{"href":"https:\/\/akafor.com\/en\/wp-json\/wp\/v2\/pages"}],"about":[{"href":"https:\/\/akafor.com\/en\/wp-json\/wp\/v2\/types\/page"}],"author":[{"embeddable":true,"href":"https:\/\/akafor.com\/en\/wp-json\/wp\/v2\/users\/1"}],"replies":[{"embeddable":true,"href":"https:\/\/akafor.com\/en\/wp-json\/wp\/v2\/comments?post=1629"}],"version-history":[{"count":4,"href":"https:\/\/akafor.com\/en\/wp-json\/wp\/v2\/pages\/1629\/revisions"}],"predecessor-version":[{"id":2385,"href":"https:\/\/akafor.com\/en\/wp-json\/wp\/v2\/pages\/1629\/revisions\/2385"}],"up":[{"embeddable":true,"href":"https:\/\/akafor.com\/en\/wp-json\/wp\/v2\/pages\/1614"}],"wp:attachment":[{"href":"https:\/\/akafor.com\/en\/wp-json\/wp\/v2\/media?parent=1629"}],"curies":[{"name":"wp","href":"https:\/\/api.w.org\/{rel}","templated":true}]}}