{"id":1641,"date":"2021-06-07T12:50:54","date_gmt":"2021-06-07T09:50:54","guid":{"rendered":"https:\/\/neyesek.co\/?page_id=1641"},"modified":"2021-06-24T12:37:30","modified_gmt":"2021-06-24T09:37:30","slug":"indu-cor-modul","status":"publish","type":"page","link":"https:\/\/akafor.com\/en\/filtrasyon\/urunler\/membran-filtreler\/tubuler-membranlar\/indu-cor-modul\/","title":{"rendered":"INDU-COR&#x2122; MOD\u00dcL"},"content":{"rendered":"\n<div class=\"wp-block-media-text alignwide has-media-on-the-right is-stacked-on-mobile\"><figure class=\"wp-block-media-text__media\"><img decoding=\"async\" src=\"https:\/\/akafor.com\/wp-content\/uploads\/2021\/06\/INDU-COR&#x2122;-MODULE.png\" alt=\"\" class=\"wp-image-1642 size-full\"\/><\/figure><div class=\"wp-block-media-text__content\">\n<p>Metal \u00fcretimi ve terbiye, g\u0131da i\u015fleme, ka\u011f\u0131t hamuru ve ka\u011f\u0131t, kimyasal i\u015fleme gibi y\u00fcksek kat\u0131 at\u0131k su ar\u0131t\u0131m\u0131 ve proses i\u00e7i membran ay\u0131rma uygulamalar\u0131 i\u00e7in ideal olan 4&#8243; \u00e7ok delikli bir mod\u00fclde yap\u0131land\u0131r\u0131lm\u0131\u015f end\u00fcstriyel hizmet \u00bd&#8221; boru \u015feklindeki ultrafiltrasyon PVDF membranlar\u0131 ve ya\u011fl\u0131 at\u0131k sular.<\/p>\n<\/div><\/div>\n\n\n\n<h5 class=\"wp-block-heading\"><strong>Faydalar\u0131<\/strong><\/h5>\n\n\n\n<ul class=\"wp-block-list\"><li>Y\u00fcksek kat\u0131 tolerans\u0131<\/li><li>S\u00fcnger toplarla mekanik olarak temizlenebilir<\/li><li>Kimyasal olarak toleransl\u0131<\/li><\/ul>\n\n\n\n<h5 class=\"wp-block-heading\"><strong>Uygulamalar<\/strong><\/h5>\n\n\n\n<ul class=\"wp-block-list\"><li>Ya\u011fl\u0131 at\u0131k su<\/li><li>Metal i\u015fleme at\u0131ksu<\/li><li>Harici MBR<\/li><li>Y\u00fcksek kat\u0131 i\u00e7erikli at\u0131k su<\/li><\/ul>\n\n\n\n<p><strong>S\u0130STEME GENEL BAKI\u015e<\/strong><\/p>\n\n\n\n<p>A\u00e7\u0131k kanall\u0131 INDU-COR \u00e7oklu t\u00fcp mod\u00fcl\u00fcn\u00fc ve 8mm boru \u015feklindeki&nbsp;membrana&nbsp;sahip INDU-COR HD harici boru \u015feklindeki \u00e7apraz ak\u0131\u015fl\u0131 MBR sistemini i\u00e7eren \u00f6nceden tasarlanm\u0131\u015f sistemler, \u00e7e\u015fitli ak\u0131\u015f oranlar\u0131n\u0131 tedavi etmek i\u00e7in mevcuttur.&nbsp;<\/p>\n\n\n\n<p>Bu sistemler,&nbsp;em\u00fclsiyonla\u015ft\u0131r\u0131lm\u0131\u015f&nbsp;ya\u011flar, gres, a\u011f\u0131r metaller ve y\u00fcksek miktarda ask\u0131da kat\u0131 madde ile kirlenmi\u015f en zorlu at\u0131k sular\u0131 i\u015flemek i\u00e7in tasarlanm\u0131\u015ft\u0131r. INDU-COR sistemleri taraf\u0131ndan i\u015flenen ak\u0131\u015flar, genellikle fabrikada yeniden kullan\u0131m i\u00e7in yeterince temizdir ve bo\u015falt\u0131m i\u00e7in g\u00fcvenli, ekonomik ve \u00e7evre dostu bir alternatif sunar.&nbsp;<\/p>\n\n\n\n<div class=\"wp-block-image\"><figure class=\"aligncenter size-large\"><img decoding=\"async\" src=\"https:\/\/akafor.com\/wp-content\/uploads\/2021\/05\/INDU-COR&#x2122;-System.png\" alt=\"\" class=\"wp-image-1184\"\/><figcaption><strong>INDU-COR&#x2122; Sistem<\/strong><\/figcaption><\/figure><\/div>\n","protected":false},"excerpt":{"rendered":"<p>Metal \u00fcretimi ve terbiye, g\u0131da i\u015fleme, ka\u011f\u0131t hamuru ve ka\u011f\u0131t, kimyasal i\u015fleme gibi y\u00fcksek kat\u0131 at\u0131k su ar\u0131t\u0131m\u0131 ve proses i\u00e7i membran ay\u0131rma uygulamalar\u0131 i\u00e7in ideal olan 4&#8243; \u00e7ok delikli bir mod\u00fclde yap\u0131land\u0131r\u0131lm\u0131\u015f end\u00fcstriyel hizmet \u00bd&#8221; boru \u015feklindeki ultrafiltrasyon PVDF membranlar\u0131 ve ya\u011fl\u0131 at\u0131k sular. Faydalar\u0131 Y\u00fcksek kat\u0131 tolerans\u0131 S\u00fcnger toplarla mekanik olarak temizlenebilir Kimyasal [&hellip;]<\/p>\n","protected":false},"author":1,"featured_media":0,"parent":1111,"menu_order":0,"comment_status":"closed","ping_status":"closed","template":"pages\/page-full.php","meta":{"footnotes":""},"class_list":["post-1641","page","type-page","status-publish","hentry"],"_links":{"self":[{"href":"https:\/\/akafor.com\/en\/wp-json\/wp\/v2\/pages\/1641","targetHints":{"allow":["GET"]}}],"collection":[{"href":"https:\/\/akafor.com\/en\/wp-json\/wp\/v2\/pages"}],"about":[{"href":"https:\/\/akafor.com\/en\/wp-json\/wp\/v2\/types\/page"}],"author":[{"embeddable":true,"href":"https:\/\/akafor.com\/en\/wp-json\/wp\/v2\/users\/1"}],"replies":[{"embeddable":true,"href":"https:\/\/akafor.com\/en\/wp-json\/wp\/v2\/comments?post=1641"}],"version-history":[{"count":2,"href":"https:\/\/akafor.com\/en\/wp-json\/wp\/v2\/pages\/1641\/revisions"}],"predecessor-version":[{"id":2222,"href":"https:\/\/akafor.com\/en\/wp-json\/wp\/v2\/pages\/1641\/revisions\/2222"}],"up":[{"embeddable":true,"href":"https:\/\/akafor.com\/en\/wp-json\/wp\/v2\/pages\/1111"}],"wp:attachment":[{"href":"https:\/\/akafor.com\/en\/wp-json\/wp\/v2\/media?parent=1641"}],"curies":[{"name":"wp","href":"https:\/\/api.w.org\/{rel}","templated":true}]}}