{"id":2029,"date":"2021-06-17T14:34:00","date_gmt":"2021-06-17T11:34:00","guid":{"rendered":"https:\/\/neyesek.co\/?page_id=2029"},"modified":"2021-06-18T12:14:08","modified_gmt":"2021-06-18T09:14:08","slug":"sinterli-metal-kartus-filtre","status":"publish","type":"page","link":"https:\/\/akafor.com\/en\/filtrasyon\/urunler\/on-filtrasyon-urunleri\/metal-filtreler\/sinterli-metal-kartus-filtre\/","title":{"rendered":"S\u0130NTERL\u0130 METAL KARTU\u015e F\u0130LTRE"},"content":{"rendered":"\n<div class=\"wp-block-media-text alignwide has-media-on-the-right is-stacked-on-mobile\" style=\"grid-template-columns:auto 22%\"><figure class=\"wp-block-media-text__media\"><img loading=\"lazy\" decoding=\"async\" width=\"208\" height=\"230\" src=\"https:\/\/akafor.com\/wp-content\/uploads\/2021\/06\/SINTERLI-METAL-KARTUS-FILTRE.png\" alt=\"\" class=\"wp-image-2078 size-full\"\/><\/figure><div class=\"wp-block-media-text__content\">\n<p>Shuler&#8217;in Sinterlenmi\u015f Metal Kartu\u015f Filtre, paslanmaz \u00e7elik tozlar\u0131ndan yap\u0131l\u0131r ve y\u00fcksek s\u0131cakl\u0131k dif\u00fczyon ve sinterleme presi i\u015flemleriyle \u00fcretilir. Y\u00fcksek mukavemet, sert yap\u0131 ve tek tip ge\u00e7irgenlik avantajlar\u0131 ile sinter metal kartu\u015flar, y\u00fcksek s\u0131cakl\u0131k, a\u015f\u0131nd\u0131r\u0131c\u0131 diren\u00e7 ve y\u00fcksek kald\u0131rma verimlili\u011fi gerektiren end\u00fcstriyel uygulamalarda yayg\u0131n olarak kullan\u0131lmaktad\u0131r. Shuler, standart sinter silindirik kartu\u015flar\u0131n yan\u0131 s\u0131ra farkl\u0131 talepleri kar\u015f\u0131lamak i\u00e7in \u00f6zelle\u015ftirilmi\u015f \u00fcr\u00fcnler de sa\u011flar.<\/p>\n<\/div><\/div>\n\n\n\n<ul class=\"wp-block-list\"><li><strong>Uygulamalar<\/strong><\/li><li>Buhar Filtreleme<\/li><li>Dekarburizasyon Filtrasyon<\/li><li>Korozyon \u00c7\u00f6z\u00fcm\u00fc<\/li><li>Y\u00fcksek S\u0131cakl\u0131k Y\u00fcksek Bas\u0131n\u00e7 Durumu \u0130\u00e7in S\u0131v\u0131 ve Hava Filtresi<\/li><\/ul>\n\n\n\n<p><strong>\u00d6zellikler<\/strong><\/p>\n\n\n\n<style type=\"text\/css\">\n.tg  {border-collapse:collapse;border-spacing:0;}\n.tg td{border-color:black;border-style:solid;border-width:1px;font-family:Arial, sans-serif;font-size:14px;\n  overflow:hidden;padding:10px 5px;word-break:normal;}\n.tg th{border-color:black;border-style:solid;border-width:1px;font-family:Arial, sans-serif;font-size:14px;\n  font-weight:normal;overflow:hidden;padding:10px 5px;word-break:normal;}\n.tg .tg-za14{border-color:inherit;text-align:left;vertical-align:bottom}\n.tg .tg-7zrl{text-align:left;vertical-align:bottom}\n.tg .tg-nrix{text-align:center;vertical-align:middle}\n<\/style>\n<table class=\"tg\">\n<thead>\n  <tr>\n    <th class=\"tg-za14\">Uzunluk<\/th>\n    <th class=\"tg-7zrl\">5\u201d, 10\u201d, 20\u201d istek \u00fczerine \u00f6zelle\u015ftirilmi\u015f&nbsp;&nbsp;&nbsp;boyutlar<\/th>\n  <\/tr>\n<\/thead>\n<tbody>\n  <tr>\n    <td class=\"tg-7zrl\">Filtre Malzemesi<\/td>\n    <td class=\"tg-7zrl\">Filtre Malzemesi: SUS304, SUS316L, Titanyum<\/td>\n  <\/tr>\n  <tr>\n    <td class=\"tg-7zrl\">Mikron De\u011feri<\/td>\n    <td class=\"tg-7zrl\">1, 3, 5, 10\u00b5m<\/td>\n  <\/tr>\n  <tr>\n    <td class=\"tg-7zrl\">Conta<\/td>\n    <td class=\"tg-7zrl\">Silikon, Viton, EPDM, Teflon, NBR<\/td>\n  <\/tr>\n  <tr>\n    <td class=\"tg-nrix\" rowspan=\"2\">Performans<\/td>\n    <td class=\"tg-7zrl\">Maksimum Fark Bas\u0131nc\u0131: 6bar@25\u2103<\/td>\n  <\/tr>\n  <tr>\n    <td class=\"tg-7zrl\">Maksimum \u00c7al\u0131\u015fma S\u0131cakl\u0131\u011f\u0131 : 200\u2103<\/td>\n  <\/tr>\n<\/tbody>\n<\/table>\n\n\n\n<p><strong>Sipari\u015f Bilgileri<\/strong><\/p>\n\n\n\n<style type=\"text\/css\">\n.tg  {border-collapse:collapse;border-spacing:0;}\n.tg td{border-color:black;border-style:solid;border-width:1px;font-family:Arial, sans-serif;font-size:14px;\n  overflow:hidden;padding:10px 5px;word-break:normal;}\n.tg th{border-color:black;border-style:solid;border-width:1px;font-family:Arial, sans-serif;font-size:14px;\n  font-weight:normal;overflow:hidden;padding:10px 5px;word-break:normal;}\n.tg .tg-lboi{border-color:inherit;text-align:left;vertical-align:middle}\n.tg .tg-7zrl{text-align:left;vertical-align:bottom}\n.tg .tg-nrix{text-align:center;vertical-align:middle}\n<\/style>\n<table class=\"tg\">\n<thead>\n  <tr>\n    <th class=\"tg-lboi\">Kod<\/th>\n    <th class=\"tg-7zrl\">SS<\/th>\n  <\/tr>\n<\/thead>\n<tbody>\n  <tr>\n    <td class=\"tg-nrix\" rowspan=\"3\">Materyal<\/td>\n    <td class=\"tg-7zrl\">4=SUS304<\/td>\n  <\/tr>\n  <tr>\n    <td class=\"tg-7zrl\">6=SUS316L<\/td>\n  <\/tr>\n  <tr>\n    <td class=\"tg-7zrl\">T=Titanyum<\/td>\n  <\/tr>\n  <tr>\n    <td class=\"tg-nrix\" rowspan=\"4\">Giderme Derecesi<\/td>\n    <td class=\"tg-7zrl\">1=1\u00b5m<\/td>\n  <\/tr>\n  <tr>\n    <td class=\"tg-7zrl\">3=3\u00b5m<\/td>\n  <\/tr>\n  <tr>\n    <td class=\"tg-7zrl\">5=5\u00b5m<\/td>\n  <\/tr>\n  <tr>\n    <td class=\"tg-7zrl\">10=10\u00b5m<\/td>\n  <\/tr>\n  <tr>\n    <td class=\"tg-nrix\" rowspan=\"3\">Uzunluk<\/td>\n    <td class=\"tg-7zrl\">5=5&#8243;<\/td>\n  <\/tr>\n  <tr>\n    <td class=\"tg-7zrl\">10=10&#8243;<\/td>\n  <\/tr>\n  <tr>\n    <td class=\"tg-7zrl\">20=20&#8243;<\/td>\n  <\/tr>\n  <tr>\n    <td class=\"tg-nrix\" rowspan=\"3\">U\u00e7 Kapak Tipi<\/td>\n    <td class=\"tg-7zrl\">4=222\/Flat<\/td>\n  <\/tr>\n  <tr>\n    <td class=\"tg-7zrl\">6=226\/Flat<\/td>\n  <\/tr>\n  <tr>\n    <td class=\"tg-7zrl\">S=Kapanm\u0131\u015f Nipel<\/td>\n  <\/tr>\n  <tr>\n    <td class=\"tg-nrix\" rowspan=\"3\">Contalar<\/td>\n    <td class=\"tg-7zrl\">S=Silikon<\/td>\n  <\/tr>\n  <tr>\n    <td class=\"tg-7zrl\">E=EPDM<\/td>\n  <\/tr>\n  <tr>\n    <td class=\"tg-7zrl\">V=Viton<\/td>\n  <\/tr>\n<\/tbody>\n<\/table>\n","protected":false},"excerpt":{"rendered":"<p>Shuler&#8217;in Sinterlenmi\u015f Metal Kartu\u015f Filtre, paslanmaz \u00e7elik tozlar\u0131ndan yap\u0131l\u0131r ve y\u00fcksek s\u0131cakl\u0131k dif\u00fczyon ve sinterleme presi i\u015flemleriyle \u00fcretilir. Y\u00fcksek mukavemet, sert yap\u0131 ve tek tip ge\u00e7irgenlik avantajlar\u0131 ile sinter metal kartu\u015flar, y\u00fcksek s\u0131cakl\u0131k, a\u015f\u0131nd\u0131r\u0131c\u0131 diren\u00e7 ve y\u00fcksek kald\u0131rma verimlili\u011fi gerektiren end\u00fcstriyel uygulamalarda yayg\u0131n olarak kullan\u0131lmaktad\u0131r. Shuler, standart sinter silindirik kartu\u015flar\u0131n yan\u0131 s\u0131ra farkl\u0131 talepleri kar\u015f\u0131lamak [&hellip;]<\/p>\n","protected":false},"author":1,"featured_media":0,"parent":2033,"menu_order":0,"comment_status":"closed","ping_status":"closed","template":"pages\/page-full.php","meta":{"footnotes":""},"class_list":["post-2029","page","type-page","status-publish","hentry"],"_links":{"self":[{"href":"https:\/\/akafor.com\/en\/wp-json\/wp\/v2\/pages\/2029","targetHints":{"allow":["GET"]}}],"collection":[{"href":"https:\/\/akafor.com\/en\/wp-json\/wp\/v2\/pages"}],"about":[{"href":"https:\/\/akafor.com\/en\/wp-json\/wp\/v2\/types\/page"}],"author":[{"embeddable":true,"href":"https:\/\/akafor.com\/en\/wp-json\/wp\/v2\/users\/1"}],"replies":[{"embeddable":true,"href":"https:\/\/akafor.com\/en\/wp-json\/wp\/v2\/comments?post=2029"}],"version-history":[{"count":2,"href":"https:\/\/akafor.com\/en\/wp-json\/wp\/v2\/pages\/2029\/revisions"}],"predecessor-version":[{"id":2079,"href":"https:\/\/akafor.com\/en\/wp-json\/wp\/v2\/pages\/2029\/revisions\/2079"}],"up":[{"embeddable":true,"href":"https:\/\/akafor.com\/en\/wp-json\/wp\/v2\/pages\/2033"}],"wp:attachment":[{"href":"https:\/\/akafor.com\/en\/wp-json\/wp\/v2\/media?parent=2029"}],"curies":[{"name":"wp","href":"https:\/\/api.w.org\/{rel}","templated":true}]}}