{"id":2033,"date":"2021-06-17T15:15:09","date_gmt":"2021-06-17T12:15:09","guid":{"rendered":"https:\/\/neyesek.co\/?page_id=2033"},"modified":"2021-09-06T10:07:44","modified_gmt":"2021-09-06T07:07:44","slug":"metal-filtreler","status":"publish","type":"page","link":"https:\/\/akafor.com\/en\/filtrasyon\/urunler\/on-filtrasyon-urunleri\/metal-filtreler\/","title":{"rendered":"METAL F\u0130LTRELER"},"content":{"rendered":"\n<figure class=\"wp-block-gallery columns-2 is-cropped wp-block-gallery-1 is-layout-flex wp-block-gallery-is-layout-flex\"><ul class=\"blocks-gallery-grid\"><li class=\"blocks-gallery-item\"><figure><img loading=\"lazy\" decoding=\"async\" width=\"792\" height=\"686\" src=\"https:\/\/akafor.com\/wp-content\/uploads\/2021\/09\/PASLANMAZ-CELIK-PILELI-KARTUS-FILTRE-1.png\" alt=\"\" data-id=\"2348\" data-full-url=\"https:\/\/akafor.com\/wp-content\/uploads\/2021\/09\/PASLANMAZ-CELIK-PILELI-KARTUS-FILTRE-1.png\" data-link=\"https:\/\/akafor.com\/filtrasyon\/urunler\/on-filtrasyon-urunleri\/metal-filtreler\/paslanmaz-celik-pileli-kartus-filtre-1\/\" class=\"wp-image-2348\" srcset=\"https:\/\/akafor.com\/wp-content\/uploads\/2021\/09\/PASLANMAZ-CELIK-PILELI-KARTUS-FILTRE-1.png 792w, https:\/\/akafor.com\/wp-content\/uploads\/2021\/09\/PASLANMAZ-CELIK-PILELI-KARTUS-FILTRE-1-300x260.png 300w, https:\/\/akafor.com\/wp-content\/uploads\/2021\/09\/PASLANMAZ-CELIK-PILELI-KARTUS-FILTRE-1-768x665.png 768w\" sizes=\"auto, (max-width: 792px) 100vw, 792px\" \/><figcaption class=\"blocks-gallery-item__caption\"><a href=\"https:\/\/akafor.com\/filtrasyon\/urunler\/on-filtrasyon-urunleri\/metal-filtreler\/paslanmaz-celik-pileli-kartus-filtre\/?preview_id=2031&amp;preview_nonce=4e782d1e07&amp;preview=true\">Paslanmaz \u00c7elik Pileli Kartu\u015f Filtre<\/a><\/figcaption><\/figure><\/li><li class=\"blocks-gallery-item\"><figure><img loading=\"lazy\" decoding=\"async\" width=\"798\" height=\"795\" src=\"https:\/\/akafor.com\/wp-content\/uploads\/2021\/09\/Sinterli-kartus-filtre.png\" alt=\"\" data-id=\"2349\" data-full-url=\"https:\/\/akafor.com\/wp-content\/uploads\/2021\/09\/Sinterli-kartus-filtre.png\" data-link=\"https:\/\/akafor.com\/filtrasyon\/urunler\/on-filtrasyon-urunleri\/metal-filtreler\/sinterli-kartus-filtre\/\" class=\"wp-image-2349\" srcset=\"https:\/\/akafor.com\/wp-content\/uploads\/2021\/09\/Sinterli-kartus-filtre.png 798w, https:\/\/akafor.com\/wp-content\/uploads\/2021\/09\/Sinterli-kartus-filtre-300x300.png 300w, https:\/\/akafor.com\/wp-content\/uploads\/2021\/09\/Sinterli-kartus-filtre-150x150.png 150w, https:\/\/akafor.com\/wp-content\/uploads\/2021\/09\/Sinterli-kartus-filtre-768x765.png 768w\" sizes=\"auto, (max-width: 798px) 100vw, 798px\" \/><figcaption class=\"blocks-gallery-item__caption\"><a href=\"https:\/\/akafor.com\/filtrasyon\/urunler\/on-filtrasyon-urunleri\/metal-filtreler\/sinterli-metal-kartus-filtre\/?preview_id=2029&amp;preview_nonce=07576883fe&amp;preview=true\">Sinterli Metal Kartu\u015f Filtre<\/a><\/figcaption><\/figure><\/li><\/ul><\/figure>\n","protected":false},"excerpt":{"rendered":"Paslanmaz \u00c7elik Pileli Kartu\u015f FiltreSinterli Metal Kartu\u015f Filtre","protected":false},"author":1,"featured_media":0,"parent":1607,"menu_order":0,"comment_status":"closed","ping_status":"closed","template":"pages\/page-full.php","meta":{"footnotes":""},"class_list":["post-2033","page","type-page","status-publish","hentry"],"_links":{"self":[{"href":"https:\/\/akafor.com\/en\/wp-json\/wp\/v2\/pages\/2033","targetHints":{"allow":["GET"]}}],"collection":[{"href":"https:\/\/akafor.com\/en\/wp-json\/wp\/v2\/pages"}],"about":[{"href":"https:\/\/akafor.com\/en\/wp-json\/wp\/v2\/types\/page"}],"author":[{"embeddable":true,"href":"https:\/\/akafor.com\/en\/wp-json\/wp\/v2\/users\/1"}],"replies":[{"embeddable":true,"href":"https:\/\/akafor.com\/en\/wp-json\/wp\/v2\/comments?post=2033"}],"version-history":[{"count":4,"href":"https:\/\/akafor.com\/en\/wp-json\/wp\/v2\/pages\/2033\/revisions"}],"predecessor-version":[{"id":2371,"href":"https:\/\/akafor.com\/en\/wp-json\/wp\/v2\/pages\/2033\/revisions\/2371"}],"up":[{"embeddable":true,"href":"https:\/\/akafor.com\/en\/wp-json\/wp\/v2\/pages\/1607"}],"wp:attachment":[{"href":"https:\/\/akafor.com\/en\/wp-json\/wp\/v2\/media?parent=2033"}],"curies":[{"name":"wp","href":"https:\/\/api.w.org\/{rel}","templated":true}]}}