{"id":2048,"date":"2021-06-18T10:45:39","date_gmt":"2021-06-18T07:45:39","guid":{"rendered":"https:\/\/neyesek.co\/?page_id=2048"},"modified":"2021-06-24T11:45:12","modified_gmt":"2021-06-24T08:45:12","slug":"paslanmaz-celik-sihhi-kartus-filtre-govde","status":"publish","type":"page","link":"https:\/\/akafor.com\/en\/filtrasyon\/urunler\/on-filtrasyon-urunleri\/kartus-filtre-kasalari\/paslanmaz-celik-sihhi-kartus-filtre-govde\/","title":{"rendered":"PASLANMAZ \u00c7EL\u0130K H\u0130JYEN\u0130K KARTU\u015e F\u0130LTRE G\u00d6VDE"},"content":{"rendered":"\n<div class=\"wp-block-media-text alignwide has-media-on-the-right is-stacked-on-mobile\" style=\"grid-template-columns:auto 31%\"><figure class=\"wp-block-media-text__media\"><img loading=\"lazy\" decoding=\"async\" width=\"245\" height=\"247\" src=\"https:\/\/akafor.com\/wp-content\/uploads\/2021\/06\/PASLANMAZ-CELIK-SIHHI-KARTUS-FILTRE-GOVDE.png\" alt=\"\" class=\"wp-image-2056 size-full\" srcset=\"https:\/\/akafor.com\/wp-content\/uploads\/2021\/06\/PASLANMAZ-CELIK-SIHHI-KARTUS-FILTRE-GOVDE.png 245w, https:\/\/akafor.com\/wp-content\/uploads\/2021\/06\/PASLANMAZ-CELIK-SIHHI-KARTUS-FILTRE-GOVDE-150x150.png 150w\" sizes=\"auto, (max-width: 245px) 100vw, 245px\" \/><\/figure><div class=\"wp-block-media-text__content\">\n<ul class=\"wp-block-list\"><li>Bas\u0131n\u00e7: 0.8MPa<\/li><li>Yap\u0131 Malzemesi: SUS304, SUS316L<\/li><li>O-ring Malzemesi: EPDM, Viton, Teflon kaps\u00fcll\u00fc Viton<\/li><li>Ba\u011flant\u0131lar: NPT, BSP, Tri-Clamp Y\u00fcks\u00fck, Flan\u015f<\/li><li>Biti\u015f: Mekanik Parlatma, Elektrikli Parlatma<\/li><\/ul>\n<\/div><\/div>\n\n\n\n<p><strong>Sipari\u015f Bilgileri<\/strong><\/p>\n\n\n\n<style type=\"text\/css\">\n.tg  {border-collapse:collapse;border-spacing:0;}\n.tg td{border-color:black;border-style:solid;border-width:1px;font-family:Arial, sans-serif;font-size:14px;\n  overflow:hidden;padding:10px 5px;word-break:normal;}\n.tg th{border-color:black;border-style:solid;border-width:1px;font-family:Arial, sans-serif;font-size:14px;\n  font-weight:normal;overflow:hidden;padding:10px 5px;word-break:normal;}\n.tg .tg-cly1{text-align:left;vertical-align:middle}\n.tg .tg-za14{border-color:inherit;text-align:left;vertical-align:bottom}\n.tg .tg-7zrl{text-align:left;vertical-align:bottom}\n.tg .tg-nrix{text-align:center;vertical-align:middle}\n<\/style>\n<table class=\"tg\">\n<thead>\n  <tr>\n    <th class=\"tg-za14\">Kod<\/th>\n    <th class=\"tg-7zrl\">ECH<\/th>\n  <\/tr>\n<\/thead>\n<tbody>\n  <tr>\n    <td class=\"tg-nrix\" rowspan=\"5\">Kartu\u015f&nbsp;&nbsp;&nbsp;Say\u0131s\u0131<\/td>\n    <td class=\"tg-7zrl\">1-1PCS<\/td>\n  <\/tr>\n  <tr>\n    <td class=\"tg-7zrl\">3-3PCS<\/td>\n  <\/tr>\n  <tr>\n    <td class=\"tg-7zrl\">4-4PCS<\/td>\n  <\/tr>\n  <tr>\n    <td class=\"tg-7zrl\">5-5PCS<\/td>\n  <\/tr>\n  <tr>\n    <td class=\"tg-7zrl\">7-7PCS<\/td>\n  <\/tr>\n  <tr>\n    <td class=\"tg-nrix\" rowspan=\"4\">Kartu\u015f Uzunlu\u011fu<\/td>\n    <td class=\"tg-7zrl\">10-10&#8243;<\/td>\n  <\/tr>\n  <tr>\n    <td class=\"tg-7zrl\">20-20&#8243;<\/td>\n  <\/tr>\n  <tr>\n    <td class=\"tg-7zrl\">30-30&#8243;<\/td>\n  <\/tr>\n  <tr>\n    <td class=\"tg-7zrl\">40-40&#8243;<\/td>\n  <\/tr>\n  <tr>\n    <td class=\"tg-nrix\" rowspan=\"2\">Yap\u0131 Malzemesi<\/td>\n    <td class=\"tg-7zrl\">4-SUS304<\/td>\n  <\/tr>\n  <tr>\n    <td class=\"tg-7zrl\">6-SUS316L<\/td>\n  <\/tr>\n  <tr>\n    <td class=\"tg-nrix\" rowspan=\"3\">Giri\u015f\/\u00c7\u0131k\u0131\u015f         Boyutu<\/td>\n    <td class=\"tg-7zrl\">10-1&#8243;<\/td>\n  <\/tr>\n  <tr>\n    <td class=\"tg-7zrl\">15-1.5&#8243;<\/td>\n  <\/tr>\n  <tr>\n    <td class=\"tg-7zrl\">20-2&#8243;<\/td>\n  <\/tr>\n  <tr>\n    <td class=\"tg-cly1\">Ba\u011flant\u0131 Tipi<\/td>\n    <td class=\"tg-7zrl\">T\u2013Tri\u2013Clamp Y\u00fcks\u00fck<\/td>\n  <\/tr>\n  <tr>\n    <td class=\"tg-nrix\" rowspan=\"4\">Conta<\/td>\n    <td class=\"tg-7zrl\">S-Silikon<\/td>\n  <\/tr>\n  <tr>\n    <td class=\"tg-7zrl\">V\u2013Viton<\/td>\n  <\/tr>\n  <tr>\n    <td class=\"tg-7zrl\">W-Teflon<\/td>\n  <\/tr>\n  <tr>\n    <td class=\"tg-7zrl\">Kaps\u00fcllenmi\u015f&nbsp;&nbsp;&nbsp;Viton<\/td>\n  <\/tr>\n  <tr>\n    <td class=\"tg-nrix\" rowspan=\"2\">Kartu\u015f U\u00e7 Kapa\u011f\u0131<\/td>\n    <td class=\"tg-7zrl\">Bo\u015f-DOE&amp;222 Fin\/D\u00fcz<\/td>\n  <\/tr>\n  <tr>\n    <td class=\"tg-7zrl\">7\u20132-226&nbsp;&nbsp;&nbsp;Kanat\/D\u00fcz<\/td>\n  <\/tr>\n  <tr>\n    <td class=\"tg-nrix\" rowspan=\"2\">Tamamlama<\/td>\n    <td class=\"tg-7zrl\">P-T\u00fcm\u00fc Parlak<\/td>\n  <\/tr>\n  <tr>\n    <td class=\"tg-7zrl\">EP-Elektro&nbsp;&nbsp;&nbsp;Cila<\/td>\n  <\/tr>\n<\/tbody>\n<\/table>\n","protected":false},"excerpt":{"rendered":"<p>Bas\u0131n\u00e7: 0.8MPa Yap\u0131 Malzemesi: SUS304, SUS316L O-ring Malzemesi: EPDM, Viton, Teflon kaps\u00fcll\u00fc Viton Ba\u011flant\u0131lar: NPT, BSP, Tri-Clamp Y\u00fcks\u00fck, Flan\u015f Biti\u015f: Mekanik Parlatma, Elektrikli Parlatma Sipari\u015f Bilgileri Kod ECH Kartu\u015f&nbsp;&nbsp;&nbsp;Say\u0131s\u0131 1-1PCS 3-3PCS 4-4PCS 5-5PCS 7-7PCS Kartu\u015f Uzunlu\u011fu 10-10&#8243; 20-20&#8243; 30-30&#8243; 40-40&#8243; Yap\u0131 Malzemesi 4-SUS304 6-SUS316L Giri\u015f\/\u00c7\u0131k\u0131\u015f Boyutu 10-1&#8243; 15-1.5&#8243; 20-2&#8243; Ba\u011flant\u0131 Tipi T\u2013Tri\u2013Clamp Y\u00fcks\u00fck Conta S-Silikon [&hellip;]<\/p>\n","protected":false},"author":1,"featured_media":0,"parent":2038,"menu_order":0,"comment_status":"closed","ping_status":"closed","template":"pages\/page-full.php","meta":{"footnotes":""},"class_list":["post-2048","page","type-page","status-publish","hentry"],"_links":{"self":[{"href":"https:\/\/akafor.com\/en\/wp-json\/wp\/v2\/pages\/2048","targetHints":{"allow":["GET"]}}],"collection":[{"href":"https:\/\/akafor.com\/en\/wp-json\/wp\/v2\/pages"}],"about":[{"href":"https:\/\/akafor.com\/en\/wp-json\/wp\/v2\/types\/page"}],"author":[{"embeddable":true,"href":"https:\/\/akafor.com\/en\/wp-json\/wp\/v2\/users\/1"}],"replies":[{"embeddable":true,"href":"https:\/\/akafor.com\/en\/wp-json\/wp\/v2\/comments?post=2048"}],"version-history":[{"count":5,"href":"https:\/\/akafor.com\/en\/wp-json\/wp\/v2\/pages\/2048\/revisions"}],"predecessor-version":[{"id":2400,"href":"https:\/\/akafor.com\/en\/wp-json\/wp\/v2\/pages\/2048\/revisions\/2400"}],"up":[{"embeddable":true,"href":"https:\/\/akafor.com\/en\/wp-json\/wp\/v2\/pages\/2038"}],"wp:attachment":[{"href":"https:\/\/akafor.com\/en\/wp-json\/wp\/v2\/media?parent=2048"}],"curies":[{"name":"wp","href":"https:\/\/api.w.org\/{rel}","templated":true}]}}