{"id":2146,"date":"2021-06-21T12:08:06","date_gmt":"2021-06-21T09:08:06","guid":{"rendered":"https:\/\/neyesek.co\/?page_id=2146"},"modified":"2021-06-21T12:20:08","modified_gmt":"2021-06-21T09:20:08","slug":"qf83-pileli-membran-filtre","status":"publish","type":"page","link":"https:\/\/akafor.com\/en\/filtrasyon\/urunler\/on-filtrasyon-urunleri\/kartus-filtreler\/qf83-pileli-membran-filtre\/","title":{"rendered":"QF83 P\u0130LEL\u0130 MEMBRAN F\u0130LTRE"},"content":{"rendered":"\n<div class=\"wp-block-media-text alignwide has-media-on-the-right is-stacked-on-mobile\" style=\"grid-template-columns:auto 32%\"><figure class=\"wp-block-media-text__media\"><img loading=\"lazy\" decoding=\"async\" width=\"395\" height=\"396\" src=\"https:\/\/akafor.com\/wp-content\/uploads\/2021\/06\/QF83-PILELI-MEMBRAN-FILTRE.png\" alt=\"\" class=\"wp-image-2147 size-full\" srcset=\"https:\/\/akafor.com\/wp-content\/uploads\/2021\/06\/QF83-PILELI-MEMBRAN-FILTRE.png 395w, https:\/\/akafor.com\/wp-content\/uploads\/2021\/06\/QF83-PILELI-MEMBRAN-FILTRE-300x300.png 300w, https:\/\/akafor.com\/wp-content\/uploads\/2021\/06\/QF83-PILELI-MEMBRAN-FILTRE-150x150.png 150w\" sizes=\"auto, (max-width: 395px) 100vw, 395px\" \/><\/figure><div class=\"wp-block-media-text__content\">\n<p>Shuler&#8217;\u0131n QF83 Serisi filtreleri, daha iyi performanslara katk\u0131da bulunmak i\u00e7in daha b\u00fcy\u00fck \u00e7ap ve filtreleme alan\u0131 ile tasarlanm\u0131\u015ft\u0131r. Daha uzun hizmet \u00f6mr\u00fc ve kullan\u0131m\u0131 kolay tasar\u0131m\u0131n avantajlar\u0131, daha az filtre de\u011fi\u015fimi ve daha kolay de\u011fi\u015ftirme nedeniyle bak\u0131m maliyetlerini b\u00fcy\u00fck \u00f6l\u00e7\u00fcde azalt\u0131r. QF83 filtrelerimiz, farkl\u0131 uygulamalar i\u00e7in verimli ve m\u00fckemmel bir \u00e7\u00f6z\u00fcm olan \u00e7e\u015fitli filtre ortamlar\u0131nda mevcuttur.<\/p>\n<\/div><\/div>\n\n\n\n<ul class=\"wp-block-list\"><li><strong>Uygulamalar<\/strong><\/li><li>\u0130nce Kimyasal Maddeler<\/li><li>Mikroelektronik ve Yar\u0131 \u0130letken<\/li><\/ul>\n\n\n\n<p><strong>\u00d6zellikler<\/strong><\/p>\n\n\n\n<style type=\"text\/css\">\n.tg  {border-collapse:collapse;border-spacing:0;}\n.tg td{border-color:black;border-style:solid;border-width:1px;font-family:Arial, sans-serif;font-size:14px;\n  overflow:hidden;padding:10px 5px;word-break:normal;}\n.tg th{border-color:black;border-style:solid;border-width:1px;font-family:Arial, sans-serif;font-size:14px;\n  font-weight:normal;overflow:hidden;padding:10px 5px;word-break:normal;}\n.tg .tg-9wq8{border-color:inherit;text-align:center;vertical-align:middle}\n.tg .tg-7zrl{text-align:left;vertical-align:bottom}\n.tg .tg-nrix{text-align:center;vertical-align:middle}\n<\/style>\n<table class=\"tg\">\n<thead>\n  <tr>\n    <th class=\"tg-9wq8\" rowspan=\"2\">Boyut<\/th>\n    <th class=\"tg-7zrl\">OD: \u03c683mm<\/th>\n  <\/tr>\n  <tr>\n    <td class=\"tg-7zrl\">Uzunluk: 10\u201d<\/td>\n  <\/tr>\n<\/thead>\n<tbody>\n  <tr>\n    <td class=\"tg-nrix\" rowspan=\"4\">Yap\u0131 Malzmesi<\/td>\n    <td class=\"tg-7zrl\">Malzeme: PP, PES, Hidrofobik PTFE, Hidrofilik PTFE<\/td>\n  <\/tr>\n  <tr>\n    <td class=\"tg-7zrl\">U\u00e7 Kapa\u011f\u0131: Polipropilen<\/td>\n  <\/tr>\n  <tr>\n    <td class=\"tg-7zrl\">Conta: EPDM, Viton, Teflon kaps\u00fcll\u00fc viton<\/td>\n  <\/tr>\n  <tr>\n    <td class=\"tg-7zrl\">\u00c7ekirdek: Polipropilen<\/td>\n  <\/tr>\n  <tr>\n    <td class=\"tg-nrix\" rowspan=\"2\">Performans<\/td>\n    <td class=\"tg-7zrl\">Maksimum \u00c7al\u0131\u015fma S\u0131cakl\u0131\u011f\u0131: 80\u2103<\/td>\n  <\/tr>\n  <tr>\n    <td class=\"tg-7zrl\">Maksimum \u00c7al\u0131\u015fma  DP: 4.0bar@21\u2103 2.4bar@80\u2103<\/td>\n  <\/tr>\n<\/tbody>\n<\/table>\n\n\n\n<p><strong>Siprari\u015f Bilgileri<\/strong><\/p>\n\n\n\n<style type=\"text\/css\">\n.tg  {border-collapse:collapse;border-spacing:0;}\n.tg td{border-color:black;border-style:solid;border-width:1px;font-family:Arial, sans-serif;font-size:14px;\n  overflow:hidden;padding:10px 5px;word-break:normal;}\n.tg th{border-color:black;border-style:solid;border-width:1px;font-family:Arial, sans-serif;font-size:14px;\n  font-weight:normal;overflow:hidden;padding:10px 5px;word-break:normal;}\n.tg .tg-9wq8{border-color:inherit;text-align:center;vertical-align:middle}\n.tg .tg-nrix{text-align:center;vertical-align:middle}\n.tg .tg-8d8j{text-align:center;vertical-align:bottom}\n.tg .tg-7zrl{text-align:left;vertical-align:bottom}\n<\/style>\n<table class=\"tg\">\n<thead>\n  <tr>\n    <th class=\"tg-9wq8\" rowspan=\"2\">Kod<\/th>\n    <th class=\"tg-nrix\" rowspan=\"2\">Filtre Malzemesi<\/th>\n    <th class=\"tg-8d8j\" colspan=\"4\">Mikron Derecesi<\/th>\n    <th class=\"tg-nrix\" rowspan=\"2\">Uzunluk<\/th>\n    <th class=\"tg-nrix\" rowspan=\"2\">U\u00e7 Kapak Tipi<\/th>\n    <th class=\"tg-nrix\" rowspan=\"2\">Contalar<\/th>\n  <\/tr>\n  <tr>\n    <td class=\"tg-7zrl\">PP<\/td>\n    <td class=\"tg-7zrl\">PES<\/td>\n    <td class=\"tg-7zrl\">Hidrofobik PTFE<\/td>\n    <td class=\"tg-7zrl\">Hidrofilik PTFE<\/td>\n  <\/tr>\n<\/thead>\n<tbody>\n  <tr>\n    <td class=\"tg-7zrl\">QF83<\/td>\n    <td class=\"tg-7zrl\">P=PP<\/td>\n    <td class=\"tg-7zrl\">0.1=0.1\u00b5m<\/td>\n    <td class=\"tg-7zrl\">0.05=0.05\u00b5m<\/td>\n    <td class=\"tg-7zrl\">0.01=0.01\u00b5m<\/td>\n    <td class=\"tg-7zrl\">0.05=0.05\u00b5m<\/td>\n    <td class=\"tg-7zrl\">10=10&#8243;<\/td>\n    <td class=\"tg-7zrl\">4=222\/Yatay<\/td>\n    <td class=\"tg-7zrl\">E=EPDM<\/td>\n  <\/tr>\n  <tr>\n    <td class=\"tg-7zrl\"><\/td>\n    <td class=\"tg-7zrl\">S=PES<\/td>\n    <td class=\"tg-7zrl\">0.22=0.22\u00b5m<\/td>\n    <td class=\"tg-7zrl\">0.1=0.1\u00b5m<\/td>\n    <td class=\"tg-7zrl\">0.02=0.02\u00b5m<\/td>\n    <td class=\"tg-7zrl\">0.1=0.1\u00b5m<\/td>\n    <td class=\"tg-7zrl\"><\/td>\n    <td class=\"tg-7zrl\">6=226\/Yatay<\/td>\n    <td class=\"tg-7zrl\">V=Viton<\/td>\n  <\/tr>\n  <tr>\n    <td class=\"tg-7zrl\"><\/td>\n    <td class=\"tg-7zrl\">F=Hidrofobik PTFE<\/td>\n    <td class=\"tg-7zrl\">0.45=0.45\u00b5m<\/td>\n    <td class=\"tg-7zrl\">0.22=0.22\u00b5m<\/td>\n    <td class=\"tg-7zrl\">0.05=0.05\u00b5m<\/td>\n    <td class=\"tg-7zrl\">0.22=0.22\u00b5m<\/td>\n    <td class=\"tg-7zrl\"><\/td>\n    <td class=\"tg-7zrl\"><\/td>\n    <td class=\"tg-nrix\" rowspan=\"2\">W=Teflon encapsulated&nbsp;&nbsp;&nbsp;viton<\/td>\n  <\/tr>\n  <tr>\n    <td class=\"tg-7zrl\"><\/td>\n    <td class=\"tg-7zrl\">H=Hidrofobik PTFE<\/td>\n    <td class=\"tg-7zrl\">1=1\u00b5m<\/td>\n    <td class=\"tg-7zrl\">0.45=0.45\u00b5m<\/td>\n    <td class=\"tg-7zrl\">0.1=0.1\u00b5m<\/td>\n    <td class=\"tg-7zrl\">0.45=0.45\u00b5m<\/td>\n    <td class=\"tg-7zrl\"><\/td>\n    <td class=\"tg-7zrl\"><\/td>\n  <\/tr>\n  <tr>\n    <td class=\"tg-7zrl\"><\/td>\n    <td class=\"tg-7zrl\"><\/td>\n    <td class=\"tg-7zrl\">3=3\u00b5m<\/td>\n    <td class=\"tg-7zrl\">0.65=0.65\u00b5m<\/td>\n    <td class=\"tg-7zrl\">0.22=0.22\u00b5m<\/td>\n    <td class=\"tg-7zrl\">1=1\u00b5m<\/td>\n    <td class=\"tg-7zrl\"><\/td>\n    <td class=\"tg-7zrl\"><\/td>\n    <td class=\"tg-7zrl\"><\/td>\n  <\/tr>\n  <tr>\n    <td class=\"tg-7zrl\"><\/td>\n    <td class=\"tg-7zrl\"><\/td>\n    <td class=\"tg-7zrl\">5=5\u00b5m<\/td>\n    <td class=\"tg-7zrl\">1.2=1.2\u00b5m<\/td>\n    <td class=\"tg-7zrl\">0.45=0.45\u00b5m<\/td>\n    <td class=\"tg-7zrl\"><\/td>\n    <td class=\"tg-7zrl\"><\/td>\n    <td class=\"tg-7zrl\"><\/td>\n    <td class=\"tg-7zrl\"><\/td>\n  <\/tr>\n  <tr>\n    <td class=\"tg-7zrl\"><\/td>\n    <td class=\"tg-7zrl\"><\/td>\n    <td class=\"tg-7zrl\">10=10\u00b5m<\/td>\n    <td class=\"tg-7zrl\"><\/td>\n    <td class=\"tg-7zrl\">1=1\u00b5m<\/td>\n    <td class=\"tg-7zrl\"><\/td>\n    <td class=\"tg-7zrl\"><\/td>\n    <td class=\"tg-7zrl\"><\/td>\n    <td class=\"tg-7zrl\"><\/td>\n  <\/tr>\n  <tr>\n    <td class=\"tg-7zrl\"><\/td>\n    <td class=\"tg-7zrl\"><\/td>\n    <td class=\"tg-7zrl\">20=20\u00b5m<\/td>\n    <td class=\"tg-7zrl\"><\/td>\n    <td class=\"tg-7zrl\"><\/td>\n    <td class=\"tg-7zrl\"><\/td>\n    <td class=\"tg-7zrl\"><\/td>\n    <td class=\"tg-7zrl\"><\/td>\n    <td class=\"tg-7zrl\"><\/td>\n  <\/tr>\n  <tr>\n    <td class=\"tg-7zrl\"><\/td>\n    <td class=\"tg-7zrl\"><\/td>\n    <td class=\"tg-7zrl\">50=50\u00b5m<\/td>\n    <td class=\"tg-7zrl\"><\/td>\n    <td class=\"tg-7zrl\"><\/td>\n    <td class=\"tg-7zrl\"><\/td>\n    <td class=\"tg-7zrl\"><\/td>\n    <td class=\"tg-7zrl\"><\/td>\n    <td class=\"tg-7zrl\"><\/td>\n  <\/tr>\n<\/tbody>\n<\/table>\n","protected":false},"excerpt":{"rendered":"<p>Shuler&#8217;\u0131n QF83 Serisi filtreleri, daha iyi performanslara katk\u0131da bulunmak i\u00e7in daha b\u00fcy\u00fck \u00e7ap ve filtreleme alan\u0131 ile tasarlanm\u0131\u015ft\u0131r. Daha uzun hizmet \u00f6mr\u00fc ve kullan\u0131m\u0131 kolay tasar\u0131m\u0131n avantajlar\u0131, daha az filtre de\u011fi\u015fimi ve daha kolay de\u011fi\u015ftirme nedeniyle bak\u0131m maliyetlerini b\u00fcy\u00fck \u00f6l\u00e7\u00fcde azalt\u0131r. QF83 filtrelerimiz, farkl\u0131 uygulamalar i\u00e7in verimli ve m\u00fckemmel bir \u00e7\u00f6z\u00fcm olan \u00e7e\u015fitli filtre ortamlar\u0131nda [&hellip;]<\/p>\n","protected":false},"author":1,"featured_media":0,"parent":1614,"menu_order":0,"comment_status":"closed","ping_status":"closed","template":"pages\/page-full.php","meta":{"footnotes":""},"class_list":["post-2146","page","type-page","status-publish","hentry"],"_links":{"self":[{"href":"https:\/\/akafor.com\/en\/wp-json\/wp\/v2\/pages\/2146","targetHints":{"allow":["GET"]}}],"collection":[{"href":"https:\/\/akafor.com\/en\/wp-json\/wp\/v2\/pages"}],"about":[{"href":"https:\/\/akafor.com\/en\/wp-json\/wp\/v2\/types\/page"}],"author":[{"embeddable":true,"href":"https:\/\/akafor.com\/en\/wp-json\/wp\/v2\/users\/1"}],"replies":[{"embeddable":true,"href":"https:\/\/akafor.com\/en\/wp-json\/wp\/v2\/comments?post=2146"}],"version-history":[{"count":3,"href":"https:\/\/akafor.com\/en\/wp-json\/wp\/v2\/pages\/2146\/revisions"}],"predecessor-version":[{"id":2380,"href":"https:\/\/akafor.com\/en\/wp-json\/wp\/v2\/pages\/2146\/revisions\/2380"}],"up":[{"embeddable":true,"href":"https:\/\/akafor.com\/en\/wp-json\/wp\/v2\/pages\/1614"}],"wp:attachment":[{"href":"https:\/\/akafor.com\/en\/wp-json\/wp\/v2\/media?parent=2146"}],"curies":[{"name":"wp","href":"https:\/\/api.w.org\/{rel}","templated":true}]}}