{"id":2169,"date":"2021-06-21T12:18:53","date_gmt":"2021-06-21T09:18:53","guid":{"rendered":"https:\/\/neyesek.co\/?page_id=2169"},"modified":"2021-06-21T12:18:54","modified_gmt":"2021-06-21T09:18:54","slug":"qf131-pileli-membran-filtre","status":"publish","type":"page","link":"https:\/\/akafor.com\/en\/filtrasyon\/urunler\/on-filtrasyon-urunleri\/kartus-filtreler\/qf131-pileli-membran-filtre\/","title":{"rendered":"QF131 P\u0130LEL\u0130 MEMBRAN F\u0130LTRE"},"content":{"rendered":"\n<div class=\"wp-block-media-text alignwide has-media-on-the-right is-stacked-on-mobile\" style=\"grid-template-columns:auto 35%\"><figure class=\"wp-block-media-text__media\"><img loading=\"lazy\" decoding=\"async\" width=\"394\" height=\"393\" src=\"https:\/\/akafor.com\/wp-content\/uploads\/2021\/06\/QF131-PILELI-MEMBRAN-FILTRE.png\" alt=\"\" class=\"wp-image-2170 size-full\" srcset=\"https:\/\/akafor.com\/wp-content\/uploads\/2021\/06\/QF131-PILELI-MEMBRAN-FILTRE.png 394w, https:\/\/akafor.com\/wp-content\/uploads\/2021\/06\/QF131-PILELI-MEMBRAN-FILTRE-300x300.png 300w, https:\/\/akafor.com\/wp-content\/uploads\/2021\/06\/QF131-PILELI-MEMBRAN-FILTRE-150x150.png 150w\" sizes=\"auto, (max-width: 394px) 100vw, 394px\" \/><\/figure><div class=\"wp-block-media-text__content\">\n<p>Shuler&#8217;\u0131n QF131 Serisi filtreleri, \u00fcst\u00fcn y\u00fcksek ak\u0131\u015f h\u0131z\u0131, uzun hizmet \u00f6mr\u00fc ve d\u00fc\u015f\u00fck bas\u0131n\u00e7 d\u00fc\u015f\u00fc\u015f\u00fc avantajlar\u0131yla TFT-LCD \u0131slak proses i\u00e7in tasarlanm\u0131\u015ft\u0131r. Ayr\u0131ca, QF131 filtre kartu\u015flar\u0131m\u0131z, daha az filtre kartu\u015fu \u00e7\u0131k\u0131\u015f\u0131 ve daha kolay de\u011fi\u015ftirme i\u00e7in maliyet tasarrufu sa\u011flayan \u00e7\u00f6z\u00fcmler sunar. \u00c7e\u015fitli filtre ortamlar\u0131nda ve mikron derecelerinde mevcut olan QF131 Serisi filtreler, kritik uygulamalarda farkl\u0131 ihtiya\u00e7lar\u0131 kar\u015f\u0131lamak i\u00e7in verimli bir \u015fekilde \u00e7al\u0131\u015f\u0131r.<\/p>\n<\/div><\/div>\n\n\n\n<ul class=\"wp-block-list\"><li><strong>Uygulamalar<\/strong><\/li><li>\u0130nce Kimyasal<\/li><li>Mikroelektronik ve Yar\u0131 \u0130letken<\/li><\/ul>\n\n\n\n<p><strong>\u00d6zellikler<\/strong><\/p>\n\n\n\n<style type=\"text\/css\">\n.tg  {border-collapse:collapse;border-spacing:0;}\n.tg td{border-color:black;border-style:solid;border-width:1px;font-family:Arial, sans-serif;font-size:14px;\n  overflow:hidden;padding:10px 5px;word-break:normal;}\n.tg th{border-color:black;border-style:solid;border-width:1px;font-family:Arial, sans-serif;font-size:14px;\n  font-weight:normal;overflow:hidden;padding:10px 5px;word-break:normal;}\n.tg .tg-9wq8{border-color:inherit;text-align:center;vertical-align:middle}\n.tg .tg-7zrl{text-align:left;vertical-align:bottom}\n.tg .tg-nrix{text-align:center;vertical-align:middle}\n<\/style>\n<table class=\"tg\">\n<thead>\n  <tr>\n    <th class=\"tg-9wq8\" rowspan=\"2\">Boyut<\/th>\n    <th class=\"tg-7zrl\">OD: \u03c6131mm<\/th>\n  <\/tr>\n  <tr>\n    <td class=\"tg-7zrl\">Uzunluk: 10\u201d<\/td>\n  <\/tr>\n<\/thead>\n<tbody>\n  <tr>\n    <td class=\"tg-nrix\" rowspan=\"4\">Yap\u0131 Malzmesi<\/td>\n    <td class=\"tg-7zrl\">Malzeme: PP, PES, Hidrofobik PTFE, Hidrofilik PTFE<\/td>\n  <\/tr>\n  <tr>\n    <td class=\"tg-7zrl\">U\u00e7 Kapa\u011f\u0131: Polipropilen<\/td>\n  <\/tr>\n  <tr>\n    <td class=\"tg-7zrl\">Conta: EPDM, Viton, Teflon kaps\u00fcll\u00fc viton<\/td>\n  <\/tr>\n  <tr>\n    <td class=\"tg-7zrl\">\u00c7ekirdek: Polipropilen<\/td>\n  <\/tr>\n  <tr>\n    <td class=\"tg-nrix\" rowspan=\"2\">Performans<\/td>\n    <td class=\"tg-7zrl\">Maksimum \u00c7al\u0131\u015fma S\u0131cakl\u0131\u011f\u0131: 80\u2103<\/td>\n  <\/tr>\n  <tr>\n    <td class=\"tg-7zrl\">Maksimum \u00c7al\u0131\u015fma  DP: 4.0bar@21\u2103 2.4bar@80\u2103<\/td>\n  <\/tr>\n<\/tbody>\n<\/table>\n\n\n\n<p><strong>Sipari\u015f Bilgileri<\/strong><\/p>\n\n\n\n<style type=\"text\/css\">\n.tg  {border-collapse:collapse;border-spacing:0;}\n.tg td{border-color:black;border-style:solid;border-width:1px;font-family:Arial, sans-serif;font-size:14px;\n  overflow:hidden;padding:10px 5px;word-break:normal;}\n.tg th{border-color:black;border-style:solid;border-width:1px;font-family:Arial, sans-serif;font-size:14px;\n  font-weight:normal;overflow:hidden;padding:10px 5px;word-break:normal;}\n.tg .tg-9wq8{border-color:inherit;text-align:center;vertical-align:middle}\n.tg .tg-nrix{text-align:center;vertical-align:middle}\n.tg .tg-8d8j{text-align:center;vertical-align:bottom}\n.tg .tg-7zrl{text-align:left;vertical-align:bottom}\n<\/style>\n<table class=\"tg\">\n<thead>\n  <tr>\n    <th class=\"tg-9wq8\" rowspan=\"2\">Kod<\/th>\n    <th class=\"tg-nrix\" rowspan=\"2\">Filtre Malzemesi<\/th>\n    <th class=\"tg-8d8j\" colspan=\"4\">Mikron Derecesi<\/th>\n    <th class=\"tg-nrix\" rowspan=\"2\">Uzunluk<\/th>\n    <th class=\"tg-nrix\" rowspan=\"2\">U\u00e7 Kapak Tipi<\/th>\n    <th class=\"tg-nrix\" rowspan=\"2\">Contalar<\/th>\n  <\/tr>\n  <tr>\n    <td class=\"tg-7zrl\">PP<\/td>\n    <td class=\"tg-7zrl\">PES<\/td>\n    <td class=\"tg-7zrl\">Hidrofobik PTFE<\/td>\n    <td class=\"tg-7zrl\">Hidrofilik PTFE<\/td>\n  <\/tr>\n<\/thead>\n<tbody>\n  <tr>\n    <td class=\"tg-7zrl\">QF83<\/td>\n    <td class=\"tg-7zrl\">P=PP<\/td>\n    <td class=\"tg-7zrl\">0.1=0.1\u00b5m<\/td>\n    <td class=\"tg-7zrl\">0.05=0.05\u00b5m<\/td>\n    <td class=\"tg-7zrl\">0.01=0.01\u00b5m<\/td>\n    <td class=\"tg-7zrl\">0.05=0.05\u00b5m<\/td>\n    <td class=\"tg-7zrl\">10=10&#8243;<\/td>\n    <td class=\"tg-7zrl\">S=334 Tek O-ring<\/td>\n    <td class=\"tg-7zrl\">E=EPDM<\/td>\n  <\/tr>\n  <tr>\n    <td class=\"tg-7zrl\"><\/td>\n    <td class=\"tg-7zrl\">S=PES<\/td>\n    <td class=\"tg-7zrl\">0.22=0.22\u00b5m<\/td>\n    <td class=\"tg-7zrl\">0.1=0.1\u00b5m<\/td>\n    <td class=\"tg-7zrl\">0.02=0.02\u00b5m<\/td>\n    <td class=\"tg-7zrl\">0.1=0.1\u00b5m<\/td>\n    <td class=\"tg-7zrl\"><\/td>\n    <td class=\"tg-7zrl\"><\/td>\n    <td class=\"tg-7zrl\">V=Viton<\/td>\n  <\/tr>\n  <tr>\n    <td class=\"tg-7zrl\"><\/td>\n    <td class=\"tg-7zrl\">F=Hidrofobik PTFE<\/td>\n    <td class=\"tg-7zrl\">0.45=0.45\u00b5m<\/td>\n    <td class=\"tg-7zrl\">0.22=0.22\u00b5m<\/td>\n    <td class=\"tg-7zrl\">0.05=0.05\u00b5m<\/td>\n    <td class=\"tg-7zrl\">0.22=0.22\u00b5m<\/td>\n    <td class=\"tg-7zrl\"><\/td>\n    <td class=\"tg-7zrl\"><\/td>\n    <td class=\"tg-nrix\" rowspan=\"2\">W=Teflon encapsulated&nbsp;&nbsp;&nbsp;viton<\/td>\n  <\/tr>\n  <tr>\n    <td class=\"tg-7zrl\"><\/td>\n    <td class=\"tg-7zrl\">H=Hidrofobik PTFE<\/td>\n    <td class=\"tg-7zrl\">1=1\u00b5m<\/td>\n    <td class=\"tg-7zrl\">0.45=0.45\u00b5m<\/td>\n    <td class=\"tg-7zrl\">0.1=0.1\u00b5m<\/td>\n    <td class=\"tg-7zrl\">0.45=0.45\u00b5m<\/td>\n    <td class=\"tg-7zrl\"><\/td>\n    <td class=\"tg-7zrl\"><\/td>\n  <\/tr>\n  <tr>\n    <td class=\"tg-7zrl\"><\/td>\n    <td class=\"tg-7zrl\"><\/td>\n    <td class=\"tg-7zrl\">3=3\u00b5m<\/td>\n    <td class=\"tg-7zrl\">0.65=0.65\u00b5m<\/td>\n    <td class=\"tg-7zrl\">0.22=0.22\u00b5m<\/td>\n    <td class=\"tg-7zrl\">1=1\u00b5m<\/td>\n    <td class=\"tg-7zrl\"><\/td>\n    <td class=\"tg-7zrl\"><\/td>\n    <td class=\"tg-7zrl\"><\/td>\n  <\/tr>\n  <tr>\n    <td class=\"tg-7zrl\"><\/td>\n    <td class=\"tg-7zrl\"><\/td>\n    <td class=\"tg-7zrl\">5=5\u00b5m<\/td>\n    <td class=\"tg-7zrl\">1.2=1.2\u00b5m<\/td>\n    <td class=\"tg-7zrl\">0.45=0.45\u00b5m<\/td>\n    <td class=\"tg-7zrl\"><\/td>\n    <td class=\"tg-7zrl\"><\/td>\n    <td class=\"tg-7zrl\"><\/td>\n    <td class=\"tg-7zrl\"><\/td>\n  <\/tr>\n  <tr>\n    <td class=\"tg-7zrl\"><\/td>\n    <td class=\"tg-7zrl\"><\/td>\n    <td class=\"tg-7zrl\">10=10\u00b5m<\/td>\n    <td class=\"tg-7zrl\"><\/td>\n    <td class=\"tg-7zrl\">1=1\u00b5m<\/td>\n    <td class=\"tg-7zrl\"><\/td>\n    <td class=\"tg-7zrl\"><\/td>\n    <td class=\"tg-7zrl\"><\/td>\n    <td class=\"tg-7zrl\"><\/td>\n  <\/tr>\n  <tr>\n    <td class=\"tg-7zrl\"><\/td>\n    <td class=\"tg-7zrl\"><\/td>\n    <td class=\"tg-7zrl\">20=20\u00b5m<\/td>\n    <td class=\"tg-7zrl\"><\/td>\n    <td class=\"tg-7zrl\"><\/td>\n    <td class=\"tg-7zrl\"><\/td>\n    <td class=\"tg-7zrl\"><\/td>\n    <td class=\"tg-7zrl\"><\/td>\n    <td class=\"tg-7zrl\"><\/td>\n  <\/tr>\n  <tr>\n    <td class=\"tg-7zrl\"><\/td>\n    <td class=\"tg-7zrl\"><\/td>\n    <td class=\"tg-7zrl\">50=50\u00b5m<\/td>\n    <td class=\"tg-7zrl\"><\/td>\n    <td class=\"tg-7zrl\"><\/td>\n    <td class=\"tg-7zrl\"><\/td>\n    <td class=\"tg-7zrl\"><\/td>\n    <td class=\"tg-7zrl\"><\/td>\n    <td class=\"tg-7zrl\"><\/td>\n  <\/tr>\n<\/tbody>\n<\/table>\n","protected":false},"excerpt":{"rendered":"<p>Shuler&#8217;\u0131n QF131 Serisi filtreleri, \u00fcst\u00fcn y\u00fcksek ak\u0131\u015f h\u0131z\u0131, uzun hizmet \u00f6mr\u00fc ve d\u00fc\u015f\u00fck bas\u0131n\u00e7 d\u00fc\u015f\u00fc\u015f\u00fc avantajlar\u0131yla TFT-LCD \u0131slak proses i\u00e7in tasarlanm\u0131\u015ft\u0131r. Ayr\u0131ca, QF131 filtre kartu\u015flar\u0131m\u0131z, daha az filtre kartu\u015fu \u00e7\u0131k\u0131\u015f\u0131 ve daha kolay de\u011fi\u015ftirme i\u00e7in maliyet tasarrufu sa\u011flayan \u00e7\u00f6z\u00fcmler sunar. \u00c7e\u015fitli filtre ortamlar\u0131nda ve mikron derecelerinde mevcut olan QF131 Serisi filtreler, kritik uygulamalarda farkl\u0131 ihtiya\u00e7lar\u0131 [&hellip;]<\/p>\n","protected":false},"author":1,"featured_media":0,"parent":1614,"menu_order":0,"comment_status":"closed","ping_status":"closed","template":"pages\/page-full.php","meta":{"footnotes":""},"class_list":["post-2169","page","type-page","status-publish","hentry"],"_links":{"self":[{"href":"https:\/\/akafor.com\/en\/wp-json\/wp\/v2\/pages\/2169","targetHints":{"allow":["GET"]}}],"collection":[{"href":"https:\/\/akafor.com\/en\/wp-json\/wp\/v2\/pages"}],"about":[{"href":"https:\/\/akafor.com\/en\/wp-json\/wp\/v2\/types\/page"}],"author":[{"embeddable":true,"href":"https:\/\/akafor.com\/en\/wp-json\/wp\/v2\/users\/1"}],"replies":[{"embeddable":true,"href":"https:\/\/akafor.com\/en\/wp-json\/wp\/v2\/comments?post=2169"}],"version-history":[{"count":1,"href":"https:\/\/akafor.com\/en\/wp-json\/wp\/v2\/pages\/2169\/revisions"}],"predecessor-version":[{"id":2171,"href":"https:\/\/akafor.com\/en\/wp-json\/wp\/v2\/pages\/2169\/revisions\/2171"}],"up":[{"embeddable":true,"href":"https:\/\/akafor.com\/en\/wp-json\/wp\/v2\/pages\/1614"}],"wp:attachment":[{"href":"https:\/\/akafor.com\/en\/wp-json\/wp\/v2\/media?parent=2169"}],"curies":[{"name":"wp","href":"https:\/\/api.w.org\/{rel}","templated":true}]}}