{"id":2179,"date":"2021-06-22T10:41:27","date_gmt":"2021-06-22T07:41:27","guid":{"rendered":"https:\/\/neyesek.co\/?page_id=2179"},"modified":"2021-06-22T10:41:28","modified_gmt":"2021-06-22T07:41:28","slug":"mhb-serisi-yuksek-debi-filtresi","status":"publish","type":"page","link":"https:\/\/akafor.com\/en\/filtrasyon\/urunler\/on-filtrasyon-urunleri\/kartus-filtreler\/mhb-serisi-yuksek-debi-filtresi\/","title":{"rendered":"MHB SER\u0130S\u0130 Y\u00dcKSEK DEB\u0130 F\u0130LTRES\u0130"},"content":{"rendered":"\n<div class=\"wp-block-media-text alignwide has-media-on-the-right is-stacked-on-mobile\" style=\"grid-template-columns:auto 33%\"><figure class=\"wp-block-media-text__media\"><img loading=\"lazy\" decoding=\"async\" width=\"393\" height=\"395\" src=\"https:\/\/akafor.com\/wp-content\/uploads\/2021\/06\/MHB-SERISI-YUKSEK-DEBI-FILTRESI.png\" alt=\"\" class=\"wp-image-2180 size-full\" srcset=\"https:\/\/akafor.com\/wp-content\/uploads\/2021\/06\/MHB-SERISI-YUKSEK-DEBI-FILTRESI.png 393w, https:\/\/akafor.com\/wp-content\/uploads\/2021\/06\/MHB-SERISI-YUKSEK-DEBI-FILTRESI-298x300.png 298w, https:\/\/akafor.com\/wp-content\/uploads\/2021\/06\/MHB-SERISI-YUKSEK-DEBI-FILTRESI-150x150.png 150w\" sizes=\"auto, (max-width: 393px) 100vw, 393px\" \/><\/figure><div class=\"wp-block-media-text__content\">\n<p>Shuler&#8217;in MHB serisi y\u00fcksek ak\u0131\u015fl\u0131 pileli filtreleri, derin ince PP dokumas\u0131z kuma\u015flardan yap\u0131lm\u0131\u015ft\u0131r. Filtrenin b\u00fcy\u00fck bir \u00e7ap\u0131 6,5 in\u00e7\/165 mm&#8217;dir. Yatay plise teknolojisi ile filtre, ayn\u0131 boyuttaki filtrelere k\u0131yasla maksimum filtrasyon alan\u0131na sahiptir. B\u00fcy\u00fck filtrasyon alan\u0131 y\u00fcksek ak\u0131\u015f h\u0131z\u0131 sa\u011flar. Uzun hizmet \u00f6mr\u00fc ve y\u00fcksek ak\u0131\u015f h\u0131z\u0131, bir\u00e7ok uygulamada d\u00fc\u015f\u00fck yat\u0131r\u0131m ve daha az insan g\u00fcc\u00fc ile sonu\u00e7lan\u0131r.<\/p>\n<\/div><\/div>\n\n\n\n<ul class=\"wp-block-list\"><li><strong>Uygulamalar<\/strong><\/li><li>Deniz suyunun tuzdan ar\u0131nd\u0131r\u0131lmas\u0131<\/li><li>Yiyecek ve \u0130\u00e7ecek<\/li><li>Petrol ve Kimyasal<\/li><li>Santral su ar\u0131tma<\/li><li>\u00c7elikhane su ar\u0131tma<\/li><\/ul>\n\n\n\n<p><strong>\u00d6zellikler<\/strong><\/p>\n\n\n\n<style type=\"text\/css\">\n.tg  {border-collapse:collapse;border-spacing:0;}\n.tg td{border-color:black;border-style:solid;border-width:1px;font-family:Arial, sans-serif;font-size:14px;\n  overflow:hidden;padding:10px 5px;word-break:normal;}\n.tg th{border-color:black;border-style:solid;border-width:1px;font-family:Arial, sans-serif;font-size:14px;\n  font-weight:normal;overflow:hidden;padding:10px 5px;word-break:normal;}\n.tg .tg-9wq8{border-color:inherit;text-align:center;vertical-align:middle}\n.tg .tg-7zrl{text-align:left;vertical-align:bottom}\n.tg .tg-nrix{text-align:center;vertical-align:middle}\n<\/style>\n<table class=\"tg\">\n<thead>\n  <tr>\n    <th class=\"tg-9wq8\" rowspan=\"2\">Boyut<\/th>\n    <th class=\"tg-7zrl\">OD: \u03c6165mm<\/th>\n  <\/tr>\n  <tr>\n    <td class=\"tg-7zrl\">Uzunluk: 20\u201d, 40&#8243;, 60&#8243;<\/td>\n  <\/tr>\n<\/thead>\n<tbody>\n  <tr>\n    <td class=\"tg-nrix\" rowspan=\"3\">Yap\u0131 Malzmesi<\/td>\n    <td class=\"tg-7zrl\">Malzeme: Polipropilen, cam elyaf<\/td>\n  <\/tr>\n  <tr>\n    <td class=\"tg-7zrl\">U\u00e7 Kapa\u011f\u0131: Polipropilen<\/td>\n  <\/tr>\n  <tr>\n    <td class=\"tg-7zrl\">Conta: EPDM, Viton, Silikon<\/td>\n  <\/tr>\n  <tr>\n    <td class=\"tg-nrix\" rowspan=\"2\">Performans<\/td>\n    <td class=\"tg-7zrl\">Maksimum \u00c7al\u0131\u015fma S\u0131cakl\u0131\u011f\u0131: 80\u2103<\/td>\n  <\/tr>\n  <tr>\n    <td class=\"tg-7zrl\">Maksimum \u00c7al\u0131\u015fma DP: 3.0bar@21\u2103<\/td>\n  <\/tr>\n<\/tbody>\n<\/table>\n\n\n\n<p><strong>Sipari\u015f Bilgileri<\/strong><\/p>\n\n\n\n<style type=\"text\/css\">\n.tg  {border-collapse:collapse;border-spacing:0;}\n.tg td{border-color:black;border-style:solid;border-width:1px;font-family:Arial, sans-serif;font-size:14px;\n  overflow:hidden;padding:10px 5px;word-break:normal;}\n.tg th{border-color:black;border-style:solid;border-width:1px;font-family:Arial, sans-serif;font-size:14px;\n  font-weight:normal;overflow:hidden;padding:10px 5px;word-break:normal;}\n.tg .tg-cly1{text-align:left;vertical-align:middle}\n.tg .tg-za14{border-color:inherit;text-align:left;vertical-align:bottom}\n.tg .tg-7zrl{text-align:left;vertical-align:bottom}\n<\/style>\n<table class=\"tg\">\n<thead>\n  <tr>\n    <th class=\"tg-za14\">Kod<\/th>\n    <th class=\"tg-7zrl\">Malzeme<\/th>\n    <th class=\"tg-7zrl\">Mikron De\u011feri<\/th>\n    <th class=\"tg-7zrl\">Uzunluk<\/th>\n    <th class=\"tg-7zrl\">Contalar<\/th>\n    <th class=\"tg-7zrl\">G\u00f6r\u00fcn\u00fcm<\/th>\n  <\/tr>\n<\/thead>\n<tbody>\n  <tr>\n    <td class=\"tg-cly1\">MHB<\/td>\n    <td class=\"tg-7zrl\">P=PP    <\/td>\n    <td class=\"tg-7zrl\">0.5=0.5\u00b5m<\/td>\n    <td class=\"tg-cly1\">20=20&#8243;            <\/td>\n    <td class=\"tg-7zrl\">S=Silikon<\/td>\n    <td class=\"tg-7zrl\">I=In-line kolu ve b\u00fcy\u00fck \u00e7\u0131k\u0131\u015f<\/td>\n  <\/tr>\n  <tr>\n    <td class=\"tg-cly1\"><\/td>\n    <td class=\"tg-7zrl\"><\/td>\n    <td class=\"tg-7zrl\">1=1\u00b5m<\/td>\n    <td class=\"tg-cly1\">40=40&#8243;<\/td>\n    <td class=\"tg-7zrl\">E=EPDM<\/td>\n    <td class=\"tg-7zrl\">C=\u00c7apraz sap ve k\u00fc\u00e7\u00fck \u00e7\u0131k\u0131\u015f<\/td>\n  <\/tr>\n  <tr>\n    <td class=\"tg-cly1\"><\/td>\n    <td class=\"tg-cly1\"><\/td>\n    <td class=\"tg-7zrl\">3=3\u00b5m<\/td>\n    <td class=\"tg-cly1\">60=60&#8243;<\/td>\n    <td class=\"tg-7zrl\">V=Viton<\/td>\n    <td class=\"tg-7zrl\"><\/td>\n  <\/tr>\n  <tr>\n    <td class=\"tg-cly1\"><\/td>\n    <td class=\"tg-cly1\"><\/td>\n    <td class=\"tg-7zrl\">5=5\u00b5m<\/td>\n    <td class=\"tg-cly1\"><\/td>\n    <td class=\"tg-7zrl\"><\/td>\n    <td class=\"tg-7zrl\"><\/td>\n  <\/tr>\n  <tr>\n    <td class=\"tg-cly1\"><\/td>\n    <td class=\"tg-cly1\"><\/td>\n    <td class=\"tg-7zrl\">10=10\u00b5m<\/td>\n    <td class=\"tg-cly1\"><\/td>\n    <td class=\"tg-7zrl\"><\/td>\n    <td class=\"tg-7zrl\"><\/td>\n  <\/tr>\n  <tr>\n    <td class=\"tg-cly1\"><\/td>\n    <td class=\"tg-cly1\"><\/td>\n    <td class=\"tg-7zrl\">20=20\u00b5m<\/td>\n    <td class=\"tg-cly1\"><\/td>\n    <td class=\"tg-7zrl\"><\/td>\n    <td class=\"tg-7zrl\"><\/td>\n  <\/tr>\n  <tr>\n    <td class=\"tg-cly1\"><\/td>\n    <td class=\"tg-cly1\"><\/td>\n    <td class=\"tg-7zrl\">40=40\u00b5m<\/td>\n    <td class=\"tg-cly1\"><\/td>\n    <td class=\"tg-7zrl\"><\/td>\n    <td class=\"tg-7zrl\"><\/td>\n  <\/tr>\n  <tr>\n    <td class=\"tg-cly1\"><\/td>\n    <td class=\"tg-cly1\"><\/td>\n    <td class=\"tg-7zrl\">70=70\u00b5m<\/td>\n    <td class=\"tg-cly1\"><\/td>\n    <td class=\"tg-7zrl\"><\/td>\n    <td class=\"tg-7zrl\"><\/td>\n  <\/tr>\n  <tr>\n    <td class=\"tg-cly1\"><\/td>\n    <td class=\"tg-cly1\"><\/td>\n    <td class=\"tg-7zrl\">100=100\u00b5m<\/td>\n    <td class=\"tg-cly1\"><\/td>\n    <td class=\"tg-7zrl\"><\/td>\n    <td class=\"tg-7zrl\"><\/td>\n  <\/tr>\n<\/tbody>\n<\/table>\n","protected":false},"excerpt":{"rendered":"<p>Shuler&#8217;in MHB serisi y\u00fcksek ak\u0131\u015fl\u0131 pileli filtreleri, derin ince PP dokumas\u0131z kuma\u015flardan yap\u0131lm\u0131\u015ft\u0131r. Filtrenin b\u00fcy\u00fck bir \u00e7ap\u0131 6,5 in\u00e7\/165 mm&#8217;dir. Yatay plise teknolojisi ile filtre, ayn\u0131 boyuttaki filtrelere k\u0131yasla maksimum filtrasyon alan\u0131na sahiptir. B\u00fcy\u00fck filtrasyon alan\u0131 y\u00fcksek ak\u0131\u015f h\u0131z\u0131 sa\u011flar. Uzun hizmet \u00f6mr\u00fc ve y\u00fcksek ak\u0131\u015f h\u0131z\u0131, bir\u00e7ok uygulamada d\u00fc\u015f\u00fck yat\u0131r\u0131m ve daha az insan [&hellip;]<\/p>\n","protected":false},"author":1,"featured_media":0,"parent":1614,"menu_order":0,"comment_status":"closed","ping_status":"closed","template":"pages\/page-full.php","meta":{"footnotes":""},"class_list":["post-2179","page","type-page","status-publish","hentry"],"_links":{"self":[{"href":"https:\/\/akafor.com\/en\/wp-json\/wp\/v2\/pages\/2179","targetHints":{"allow":["GET"]}}],"collection":[{"href":"https:\/\/akafor.com\/en\/wp-json\/wp\/v2\/pages"}],"about":[{"href":"https:\/\/akafor.com\/en\/wp-json\/wp\/v2\/types\/page"}],"author":[{"embeddable":true,"href":"https:\/\/akafor.com\/en\/wp-json\/wp\/v2\/users\/1"}],"replies":[{"embeddable":true,"href":"https:\/\/akafor.com\/en\/wp-json\/wp\/v2\/comments?post=2179"}],"version-history":[{"count":2,"href":"https:\/\/akafor.com\/en\/wp-json\/wp\/v2\/pages\/2179\/revisions"}],"predecessor-version":[{"id":2381,"href":"https:\/\/akafor.com\/en\/wp-json\/wp\/v2\/pages\/2179\/revisions\/2381"}],"up":[{"embeddable":true,"href":"https:\/\/akafor.com\/en\/wp-json\/wp\/v2\/pages\/1614"}],"wp:attachment":[{"href":"https:\/\/akafor.com\/en\/wp-json\/wp\/v2\/media?parent=2179"}],"curies":[{"name":"wp","href":"https:\/\/api.w.org\/{rel}","templated":true}]}}