{"id":2182,"date":"2021-06-23T09:59:51","date_gmt":"2021-06-23T06:59:51","guid":{"rendered":"https:\/\/neyesek.co\/?page_id=2182"},"modified":"2021-06-24T11:44:33","modified_gmt":"2021-06-24T08:44:33","slug":"upk-serisi-yuksek-akis-filtresi","status":"publish","type":"page","link":"https:\/\/akafor.com\/en\/filtrasyon\/urunler\/on-filtrasyon-urunleri\/kartus-filtreler\/upk-serisi-yuksek-akis-filtresi\/","title":{"rendered":"UPK SER\u0130S\u0130 Y\u00dcKSEK DEB\u0130 F\u0130LTRES\u0130"},"content":{"rendered":"\n<div class=\"wp-block-media-text alignwide has-media-on-the-right is-stacked-on-mobile\" style=\"grid-template-columns:auto 33%\"><figure class=\"wp-block-media-text__media\"><img loading=\"lazy\" decoding=\"async\" width=\"395\" height=\"396\" src=\"https:\/\/akafor.com\/wp-content\/uploads\/2021\/06\/UPK-SERISI-YUKSEK-AKIS-FILTRESI.png\" alt=\"\" class=\"wp-image-2183 size-full\" srcset=\"https:\/\/akafor.com\/wp-content\/uploads\/2021\/06\/UPK-SERISI-YUKSEK-AKIS-FILTRESI.png 395w, https:\/\/akafor.com\/wp-content\/uploads\/2021\/06\/UPK-SERISI-YUKSEK-AKIS-FILTRESI-300x300.png 300w, https:\/\/akafor.com\/wp-content\/uploads\/2021\/06\/UPK-SERISI-YUKSEK-AKIS-FILTRESI-150x150.png 150w\" sizes=\"auto, (max-width: 395px) 100vw, 395px\" \/><\/figure><div class=\"wp-block-media-text__content\">\n<p>Shuler&#8217;in UPK serisi y\u00fcksek ak\u0131\u015f filtresi, derinlik filtrasyonu i\u00e7in yedek bir kartu\u015f ve y\u00fcksek ak\u0131\u015f uygulamalar i\u00e7in 2,5&#8243; \u00e7apl\u0131 filtre kartu\u015flar\u0131d\u0131r. Kartu\u015f ba\u015f\u0131na 800 LPM&#8217;ye varan ak\u0131\u015f h\u0131z\u0131, filtre kartu\u015flar\u0131n\u0131n say\u0131s\u0131n\u0131 ve gereken filtre muhafazas\u0131n\u0131n boyutunu azaltt\u0131. Super-High Flowment filtre kartu\u015fu ba\u015f\u0131na su ar\u0131tma hacmi, 10&#215;40\u201d uzunlu\u011funda, 2,5\u201d \u00e7ap\u0131nda kartu\u015flara e\u015fittir. \u0130\u00e7 O-ring, baypas olmamas\u0131n\u0131 garanti eder ve tutamak tasar\u0131m\u0131 kurulumu kolayla\u015ft\u0131r\u0131r.<\/p>\n<\/div><\/div>\n\n\n\n<ul class=\"wp-block-list\"><li><strong>Uygulamalar<\/strong><\/li><li>Deniz suyunun tuzdan ar\u0131nd\u0131r\u0131lmas\u0131<\/li><li>Yiyecek ve \u0130\u00e7ecek<\/li><li>Petrol ve Kimyasal<\/li><li>Santral su ar\u0131tma<\/li><li>\u00c7elikhane su ar\u0131tma<\/li><\/ul>\n\n\n\n<p><strong>\u00d6zellikler<\/strong><\/p>\n\n\n\n<style type=\"text\/css\">\n.tg  {border-collapse:collapse;border-spacing:0;}\n.tg td{border-color:black;border-style:solid;border-width:1px;font-family:Arial, sans-serif;font-size:14px;\n  overflow:hidden;padding:10px 5px;word-break:normal;}\n.tg th{border-color:black;border-style:solid;border-width:1px;font-family:Arial, sans-serif;font-size:14px;\n  font-weight:normal;overflow:hidden;padding:10px 5px;word-break:normal;}\n.tg .tg-9wq8{border-color:inherit;text-align:center;vertical-align:middle}\n.tg .tg-7zrl{text-align:left;vertical-align:bottom}\n.tg .tg-nrix{text-align:center;vertical-align:middle}\n<\/style>\n<table class=\"tg\">\n<thead>\n  <tr>\n    <th class=\"tg-9wq8\" rowspan=\"2\">Boyut<\/th>\n    <th class=\"tg-7zrl\">OD: \u03c6152mm<\/th>\n  <\/tr>\n  <tr>\n    <td class=\"tg-7zrl\">Uzunluk: 20\u201d, 40&#8243;, 60&#8243;<\/td>\n  <\/tr>\n<\/thead>\n<tbody>\n  <tr>\n    <td class=\"tg-nrix\" rowspan=\"4\">Yap\u0131 Malzmesi<\/td>\n    <td class=\"tg-7zrl\">Malzeme: Polipropilen, Cam Elyaf<\/td>\n  <\/tr>\n  <tr>\n    <td class=\"tg-7zrl\">U\u00e7 Kapa\u011f\u0131: Cam elyaf takviyeli PP<\/td>\n  <\/tr>\n  <tr>\n    <td class=\"tg-7zrl\">Conta: EPDM, Viton, Silikon<\/td>\n  <\/tr>\n  <tr>\n    <td class=\"tg-7zrl\">Destek:PP<\/td>\n  <\/tr>\n  <tr>\n    <td class=\"tg-nrix\" rowspan=\"2\">Performans<\/td>\n    <td class=\"tg-7zrl\">Maksimum \u00c7al\u0131\u015fma S\u0131cakl\u0131\u011f\u0131: 80\u2103<\/td>\n  <\/tr>\n  <tr>\n    <td class=\"tg-7zrl\">Maksimum \u00c7al\u0131\u015fma DP: 3.0bar@21\u2103<\/td>\n  <\/tr>\n<\/tbody>\n<\/table>\n\n\n\n<p><strong>Sipari\u015f Bilgileri<\/strong><\/p>\n\n\n\n<style type=\"text\/css\">\n.tg  {border-collapse:collapse;border-spacing:0;}\n.tg td{border-color:black;border-style:solid;border-width:1px;font-family:Arial, sans-serif;font-size:14px;\n  overflow:hidden;padding:10px 5px;word-break:normal;}\n.tg th{border-color:black;border-style:solid;border-width:1px;font-family:Arial, sans-serif;font-size:14px;\n  font-weight:normal;overflow:hidden;padding:10px 5px;word-break:normal;}\n.tg .tg-cly1{text-align:left;vertical-align:middle}\n.tg .tg-za14{border-color:inherit;text-align:left;vertical-align:bottom}\n.tg .tg-7zrl{text-align:left;vertical-align:bottom}\n<\/style>\n<table class=\"tg\">\n<thead>\n  <tr>\n    <th class=\"tg-za14\">Kod<\/th>\n    <th class=\"tg-7zrl\">Malzeme<\/th>\n    <th class=\"tg-7zrl\">Mikron De\u011feri<\/th>\n    <th class=\"tg-7zrl\">Uzunluk<\/th>\n    <th class=\"tg-7zrl\">Contalar<\/th>\n    <th class=\"tg-7zrl\">G\u00f6r\u00fcn\u00fcm<\/th>\n  <\/tr>\n<\/thead>\n<tbody>\n  <tr>\n    <td class=\"tg-cly1\">UPK<\/td>\n    <td class=\"tg-7zrl\">P=PP    <\/td>\n    <td class=\"tg-7zrl\">1=1\u00b5m<\/td>\n    <td class=\"tg-cly1\">40=40&#8243;<\/td>\n    <td class=\"tg-7zrl\">S=Silikon<\/td>\n    <td class=\"tg-7zrl\">S=Tek O-ring<\/td>\n  <\/tr>\n  <tr>\n    <td class=\"tg-cly1\"><\/td>\n    <td class=\"tg-7zrl\"><\/td>\n    <td class=\"tg-7zrl\">4.5=4.5\u00b5m<\/td>\n    <td class=\"tg-cly1\">60=60&#8243;<\/td>\n    <td class=\"tg-7zrl\">E=EPDM<\/td>\n    <td class=\"tg-7zrl\">D=\u00c7ift O-ring<\/td>\n  <\/tr>\n  <tr>\n    <td class=\"tg-cly1\"><\/td>\n    <td class=\"tg-7zrl\"><\/td>\n    <td class=\"tg-7zrl\">6=6\u00b5m<\/td>\n    <td class=\"tg-7zrl\"><\/td>\n    <td class=\"tg-7zrl\">V=Viton<\/td>\n    <td class=\"tg-7zrl\"><\/td>\n  <\/tr>\n  <tr>\n    <td class=\"tg-cly1\"><\/td>\n    <td class=\"tg-cly1\"><\/td>\n    <td class=\"tg-7zrl\">10=10\u00b5m<\/td>\n    <td class=\"tg-7zrl\"><\/td>\n    <td class=\"tg-7zrl\"><\/td>\n    <td class=\"tg-7zrl\"><\/td>\n  <\/tr>\n  <tr>\n    <td class=\"tg-cly1\"><\/td>\n    <td class=\"tg-cly1\"><\/td>\n    <td class=\"tg-7zrl\">20=20\u00b5m<\/td>\n    <td class=\"tg-cly1\"><\/td>\n    <td class=\"tg-7zrl\"><\/td>\n    <td class=\"tg-7zrl\"><\/td>\n  <\/tr>\n  <tr>\n    <td class=\"tg-cly1\"><\/td>\n    <td class=\"tg-cly1\"><\/td>\n    <td class=\"tg-7zrl\">40=40\u00b5m<\/td>\n    <td class=\"tg-cly1\"><\/td>\n    <td class=\"tg-7zrl\"><\/td>\n    <td class=\"tg-7zrl\"><\/td>\n  <\/tr>\n  <tr>\n    <td class=\"tg-cly1\"><\/td>\n    <td class=\"tg-cly1\"><\/td>\n    <td class=\"tg-7zrl\">70=70\u00b5m<\/td>\n    <td class=\"tg-cly1\"><\/td>\n    <td class=\"tg-7zrl\"><\/td>\n    <td class=\"tg-7zrl\"><\/td>\n  <\/tr>\n  <tr>\n    <td class=\"tg-cly1\"><\/td>\n    <td class=\"tg-cly1\"><\/td>\n    <td class=\"tg-7zrl\">100=100\u00b5m<\/td>\n    <td class=\"tg-cly1\"><\/td>\n    <td class=\"tg-7zrl\"><\/td>\n    <td class=\"tg-7zrl\"><\/td>\n  <\/tr>\n<\/tbody>\n<\/table>\n","protected":false},"excerpt":{"rendered":"<p>Shuler&#8217;in UPK serisi y\u00fcksek ak\u0131\u015f filtresi, derinlik filtrasyonu i\u00e7in yedek bir kartu\u015f ve y\u00fcksek ak\u0131\u015f uygulamalar i\u00e7in 2,5&#8243; \u00e7apl\u0131 filtre kartu\u015flar\u0131d\u0131r. Kartu\u015f ba\u015f\u0131na 800 LPM&#8217;ye varan ak\u0131\u015f h\u0131z\u0131, filtre kartu\u015flar\u0131n\u0131n say\u0131s\u0131n\u0131 ve gereken filtre muhafazas\u0131n\u0131n boyutunu azaltt\u0131. Super-High Flowment filtre kartu\u015fu ba\u015f\u0131na su ar\u0131tma hacmi, 10&#215;40\u201d uzunlu\u011funda, 2,5\u201d \u00e7ap\u0131nda kartu\u015flara e\u015fittir. \u0130\u00e7 O-ring, baypas olmamas\u0131n\u0131 [&hellip;]<\/p>\n","protected":false},"author":1,"featured_media":0,"parent":1614,"menu_order":0,"comment_status":"closed","ping_status":"closed","template":"pages\/page-full.php","meta":{"footnotes":""},"class_list":["post-2182","page","type-page","status-publish","hentry"],"_links":{"self":[{"href":"https:\/\/akafor.com\/en\/wp-json\/wp\/v2\/pages\/2182","targetHints":{"allow":["GET"]}}],"collection":[{"href":"https:\/\/akafor.com\/en\/wp-json\/wp\/v2\/pages"}],"about":[{"href":"https:\/\/akafor.com\/en\/wp-json\/wp\/v2\/types\/page"}],"author":[{"embeddable":true,"href":"https:\/\/akafor.com\/en\/wp-json\/wp\/v2\/users\/1"}],"replies":[{"embeddable":true,"href":"https:\/\/akafor.com\/en\/wp-json\/wp\/v2\/comments?post=2182"}],"version-history":[{"count":3,"href":"https:\/\/akafor.com\/en\/wp-json\/wp\/v2\/pages\/2182\/revisions"}],"predecessor-version":[{"id":2205,"href":"https:\/\/akafor.com\/en\/wp-json\/wp\/v2\/pages\/2182\/revisions\/2205"}],"up":[{"embeddable":true,"href":"https:\/\/akafor.com\/en\/wp-json\/wp\/v2\/pages\/1614"}],"wp:attachment":[{"href":"https:\/\/akafor.com\/en\/wp-json\/wp\/v2\/media?parent=2182"}],"curies":[{"name":"wp","href":"https:\/\/api.w.org\/{rel}","templated":true}]}}