{"id":2185,"date":"2021-06-23T10:51:36","date_gmt":"2021-06-23T07:51:36","guid":{"rendered":"https:\/\/neyesek.co\/?page_id=2185"},"modified":"2021-06-23T10:51:37","modified_gmt":"2021-06-23T07:51:37","slug":"upa-serisi-yuksek-debi-filtresi","status":"publish","type":"page","link":"https:\/\/akafor.com\/en\/filtrasyon\/urunler\/on-filtrasyon-urunleri\/kartus-filtreler\/upa-serisi-yuksek-debi-filtresi\/","title":{"rendered":"UPA SER\u0130S\u0130 Y\u00dcKSEK DEB\u0130 F\u0130LTRES\u0130"},"content":{"rendered":"\n<div class=\"wp-block-media-text alignwide has-media-on-the-right is-stacked-on-mobile\" style=\"grid-template-columns:auto 29%\"><figure class=\"wp-block-media-text__media\"><img loading=\"lazy\" decoding=\"async\" width=\"393\" height=\"396\" src=\"https:\/\/akafor.com\/wp-content\/uploads\/2021\/06\/UPA-SERISI-YUKSEK-DEBI-FILTRESI.png\" alt=\"\" class=\"wp-image-2186 size-full\" srcset=\"https:\/\/akafor.com\/wp-content\/uploads\/2021\/06\/UPA-SERISI-YUKSEK-DEBI-FILTRESI.png 393w, https:\/\/akafor.com\/wp-content\/uploads\/2021\/06\/UPA-SERISI-YUKSEK-DEBI-FILTRESI-298x300.png 298w, https:\/\/akafor.com\/wp-content\/uploads\/2021\/06\/UPA-SERISI-YUKSEK-DEBI-FILTRESI-150x150.png 150w\" sizes=\"auto, (max-width: 393px) 100vw, 393px\" \/><\/figure><div class=\"wp-block-media-text__content\">\n<p>Shuler&#8217;\u0131n UPA serisi y\u00fcksek ak\u0131\u015f filtresi, taraf\u0131m\u0131zca geli\u015ftirilen yeni bir \u00fcr\u00fcnd\u00fcr. 6.7 in\u00e7 geni\u015f \u00e7apl\u0131, tek a\u00e7\u0131k u\u00e7lu, d\u0131\u015ftan i\u00e7e ak\u0131\u015f d\u00fczenine sahiptir. End\u00fcstriyel ve ticari osmoz tipi su veya deniz suyu filtrasyon ve ar\u0131tma sistemleri dahil olmak \u00fczere geli\u015fmi\u015f su filtrasyon sistemleri i\u00e7in uygun bir ilk maliyet sa\u011flamak i\u00e7in kartu\u015f filtrelerinde h\u0131zl\u0131 de\u011fi\u015fikliklerle y\u00fcksek ak\u0131\u015f h\u0131z\u0131 \u00e7\u00f6z\u00fcm\u00fc sunar.<\/p>\n<\/div><\/div>\n\n\n\n<ul class=\"wp-block-list\"><li><strong>Uygulamalar<\/strong><\/li><li>Deniz suyunun tuzdan ar\u0131nd\u0131r\u0131lmas\u0131<\/li><li>Yiyecek ve \u0130\u00e7ecek<\/li><li>Petrol ve Kimyasal<\/li><li>Santral su ar\u0131tma<\/li><li>\u00c7elikhane su ar\u0131tma<\/li><\/ul>\n\n\n\n<p><strong>\u00d6zellikler<\/strong><\/p>\n\n\n\n<style type=\"text\/css\">\n.tg  {border-collapse:collapse;border-spacing:0;}\n.tg td{border-color:black;border-style:solid;border-width:1px;font-family:Arial, sans-serif;font-size:14px;\n  overflow:hidden;padding:10px 5px;word-break:normal;}\n.tg th{border-color:black;border-style:solid;border-width:1px;font-family:Arial, sans-serif;font-size:14px;\n  font-weight:normal;overflow:hidden;padding:10px 5px;word-break:normal;}\n.tg .tg-9wq8{border-color:inherit;text-align:center;vertical-align:middle}\n.tg .tg-7zrl{text-align:left;vertical-align:bottom}\n.tg .tg-nrix{text-align:center;vertical-align:middle}\n<\/style>\n<table class=\"tg\">\n<thead>\n  <tr>\n    <th class=\"tg-9wq8\" rowspan=\"2\">Boyut<\/th>\n    <th class=\"tg-7zrl\">OD: 6.75\u201d (\u03c6172mm)<\/th>\n  <\/tr>\n  <tr>\n    <td class=\"tg-7zrl\">ID: 2.99\u201d (\u03c676mm)<\/td>\n  <\/tr>\n<\/thead>\n<tbody>\n  <tr>\n    <td class=\"tg-nrix\" rowspan=\"4\">Yap\u0131 Malzmesi<\/td>\n    <td class=\"tg-7zrl\">Uzunluk: 40&#8243;, 60&#8243;<\/td>\n  <\/tr>\n  <tr>\n    <td class=\"tg-7zrl\">Malzeme: Polipropilen<\/td>\n  <\/tr>\n  <tr>\n    <td class=\"tg-7zrl\">U\u00e7 Kapa\u011f\u0131: PP<\/td>\n  <\/tr>\n  <tr>\n    <td class=\"tg-7zrl\">Destek:PP<\/td>\n  <\/tr>\n  <tr>\n    <td class=\"tg-nrix\" rowspan=\"3\">Performans<\/td>\n    <td class=\"tg-7zrl\">Conta: Buna<\/td>\n  <\/tr>\n  <tr>\n    <td class=\"tg-7zrl\">Maksimum \u00c7al\u0131\u015fma S\u0131cakl\u0131\u011f\u0131: 80\u2103<\/td>\n  <\/tr>\n  <tr>\n    <td class=\"tg-7zrl\">Maksimum \u00c7al\u0131\u015fma DP: 3.0bar@21\u2103<\/td>\n  <\/tr>\n<\/tbody>\n<\/table>\n\n\n\n<p><strong>Sipari\u015f \u00d6zellikleri<\/strong><\/p>\n\n\n\n<style type=\"text\/css\">\n.tg  {border-collapse:collapse;border-spacing:0;}\n.tg td{border-color:black;border-style:solid;border-width:1px;font-family:Arial, sans-serif;font-size:14px;\n  overflow:hidden;padding:10px 5px;word-break:normal;}\n.tg th{border-color:black;border-style:solid;border-width:1px;font-family:Arial, sans-serif;font-size:14px;\n  font-weight:normal;overflow:hidden;padding:10px 5px;word-break:normal;}\n.tg .tg-za14{border-color:inherit;text-align:left;vertical-align:bottom}\n.tg .tg-7zrl{text-align:left;vertical-align:bottom}\n<\/style>\n<table class=\"tg\">\n<thead>\n  <tr>\n    <th class=\"tg-za14\">Kod<\/th>\n    <th class=\"tg-7zrl\">Medya<\/th>\n    <th class=\"tg-7zrl\">Mikron De\u011feri<\/th>\n    <th class=\"tg-7zrl\">Uzunluk<\/th>\n    <th class=\"tg-7zrl\">Contalar<\/th>\n  <\/tr>\n<\/thead>\n<tbody>\n  <tr>\n    <td class=\"tg-7zrl\">UPA<\/td>\n    <td class=\"tg-7zrl\">P=PP<\/td>\n    <td class=\"tg-7zrl\">1=1\u00b5m<\/td>\n    <td class=\"tg-7zrl\">40=40&#8243;<\/td>\n    <td class=\"tg-7zrl\">B=Buna<\/td>\n  <\/tr>\n  <tr>\n    <td class=\"tg-7zrl\"><\/td>\n    <td class=\"tg-7zrl\"><\/td>\n    <td class=\"tg-7zrl\">5=5\u00b5m<\/td>\n    <td class=\"tg-7zrl\">60=60&#8243;<\/td>\n    <td class=\"tg-7zrl\"><\/td>\n  <\/tr>\n  <tr>\n    <td class=\"tg-7zrl\"><\/td>\n    <td class=\"tg-7zrl\"><\/td>\n    <td class=\"tg-7zrl\">10=10\u00b5m<\/td>\n    <td class=\"tg-7zrl\"><\/td>\n    <td class=\"tg-7zrl\"><\/td>\n  <\/tr>\n  <tr>\n    <td class=\"tg-7zrl\"><\/td>\n    <td class=\"tg-7zrl\"><\/td>\n    <td class=\"tg-7zrl\">20=20\u00b5m<\/td>\n    <td class=\"tg-7zrl\"><\/td>\n    <td class=\"tg-7zrl\"><\/td>\n  <\/tr>\n  <tr>\n    <td class=\"tg-7zrl\"><\/td>\n    <td class=\"tg-7zrl\"><\/td>\n    <td class=\"tg-7zrl\">40=40\u00b5m<\/td>\n    <td class=\"tg-7zrl\"><\/td>\n    <td class=\"tg-7zrl\"><\/td>\n  <\/tr>\n  <tr>\n    <td class=\"tg-7zrl\"><\/td>\n    <td class=\"tg-7zrl\"><\/td>\n    <td class=\"tg-7zrl\">70=70\u00b5m<\/td>\n    <td class=\"tg-7zrl\"><\/td>\n    <td class=\"tg-7zrl\"><\/td>\n  <\/tr>\n  <tr>\n    <td class=\"tg-7zrl\"><\/td>\n    <td class=\"tg-7zrl\"><\/td>\n    <td class=\"tg-7zrl\">100=100\u00b5m<\/td>\n    <td class=\"tg-7zrl\"><\/td>\n    <td class=\"tg-7zrl\"><\/td>\n  <\/tr>\n<\/tbody>\n<\/table>\n","protected":false},"excerpt":{"rendered":"<p>Shuler&#8217;\u0131n UPA serisi y\u00fcksek ak\u0131\u015f filtresi, taraf\u0131m\u0131zca geli\u015ftirilen yeni bir \u00fcr\u00fcnd\u00fcr. 6.7 in\u00e7 geni\u015f \u00e7apl\u0131, tek a\u00e7\u0131k u\u00e7lu, d\u0131\u015ftan i\u00e7e ak\u0131\u015f d\u00fczenine sahiptir. End\u00fcstriyel ve ticari osmoz tipi su veya deniz suyu filtrasyon ve ar\u0131tma sistemleri dahil olmak \u00fczere geli\u015fmi\u015f su filtrasyon sistemleri i\u00e7in uygun bir ilk maliyet sa\u011flamak i\u00e7in kartu\u015f filtrelerinde h\u0131zl\u0131 de\u011fi\u015fikliklerle y\u00fcksek [&hellip;]<\/p>\n","protected":false},"author":1,"featured_media":0,"parent":1614,"menu_order":0,"comment_status":"closed","ping_status":"closed","template":"pages\/page-full.php","meta":{"footnotes":""},"class_list":["post-2185","page","type-page","status-publish","hentry"],"_links":{"self":[{"href":"https:\/\/akafor.com\/en\/wp-json\/wp\/v2\/pages\/2185","targetHints":{"allow":["GET"]}}],"collection":[{"href":"https:\/\/akafor.com\/en\/wp-json\/wp\/v2\/pages"}],"about":[{"href":"https:\/\/akafor.com\/en\/wp-json\/wp\/v2\/types\/page"}],"author":[{"embeddable":true,"href":"https:\/\/akafor.com\/en\/wp-json\/wp\/v2\/users\/1"}],"replies":[{"embeddable":true,"href":"https:\/\/akafor.com\/en\/wp-json\/wp\/v2\/comments?post=2185"}],"version-history":[{"count":2,"href":"https:\/\/akafor.com\/en\/wp-json\/wp\/v2\/pages\/2185\/revisions"}],"predecessor-version":[{"id":2383,"href":"https:\/\/akafor.com\/en\/wp-json\/wp\/v2\/pages\/2185\/revisions\/2383"}],"up":[{"embeddable":true,"href":"https:\/\/akafor.com\/en\/wp-json\/wp\/v2\/pages\/1614"}],"wp:attachment":[{"href":"https:\/\/akafor.com\/en\/wp-json\/wp\/v2\/media?parent=2185"}],"curies":[{"name":"wp","href":"https:\/\/api.w.org\/{rel}","templated":true}]}}