{"id":2228,"date":"2021-06-28T09:37:50","date_gmt":"2021-06-28T06:37:50","guid":{"rendered":"https:\/\/neyesek.co\/?page_id=2228"},"modified":"2021-07-01T09:36:29","modified_gmt":"2021-07-01T06:36:29","slug":"disk-lentculer-filtre","status":"publish","type":"page","link":"https:\/\/akafor.com\/en\/filtrasyon\/urunler\/on-filtrasyon-urunleri\/disk-lentculer-filtre\/","title":{"rendered":"D\u0130SK (LENTCULER) F\u0130LTRE"},"content":{"rendered":"\n<div class=\"wp-block-media-text alignwide has-media-on-the-right is-stacked-on-mobile\" style=\"grid-template-columns:auto 40%\"><figure class=\"wp-block-media-text__media\"><img loading=\"lazy\" decoding=\"async\" width=\"502\" height=\"501\" src=\"https:\/\/akafor.com\/wp-content\/uploads\/2021\/06\/dsk-filtre.png\" alt=\"\" class=\"wp-image-2229 size-full\" srcset=\"https:\/\/akafor.com\/wp-content\/uploads\/2021\/06\/dsk-filtre.png 502w, https:\/\/akafor.com\/wp-content\/uploads\/2021\/06\/dsk-filtre-300x300.png 300w, https:\/\/akafor.com\/wp-content\/uploads\/2021\/06\/dsk-filtre-150x150.png 150w\" sizes=\"auto, (max-width: 502px) 100vw, 502px\" \/><\/figure><div class=\"wp-block-media-text__content\">\n<p>Shuler&#8217;in Lentik\u00fcler Filtre Kartu\u015flar\u0131, \u00f6zel polimer ba\u011flay\u0131c\u0131lara sahip sel\u00fclozdan olu\u015fur. \u0130ki tip mevcuttur: diatomitli sel\u00fcloz, aktif karbonlu sel\u00fcloz. LMF Lenticular filtre kartu\u015flar\u0131, her biri en fazla 16 h\u00fccre i\u00e7eren \u03c68\u201d, 12\u201d ve 16\u201d olarak \u00fcretilmektedir. LMF lentik\u00fcler filtreleri, y\u00fcksek partik\u00fcl tutma \u00f6zellikleri nedeniyle, kolloidal safs\u0131zl\u0131klar\u0131n giderilmesinde \u00e7ok say\u0131da uygulama i\u00e7in veya ince filtre kartu\u015flar\u0131n\u0131 korumak ve bo\u015faltmak i\u00e7in \u00f6n filtreler olarak idealdir.<\/p>\n<\/div><\/div>\n\n\n\n<ul class=\"wp-block-list\"><li><strong>Uygulamalar<\/strong><\/li><li>Eczac\u0131l\u0131k<\/li><li>Yiyecek ve \u0130\u00e7ecek<\/li><li>\u0130nce Kimyasal<\/li><li>\u015earap Filtreleme<\/li><\/ul>\n\n\n\n<p><strong>\u00d6zellikler<\/strong><\/p>\n\n\n\n<style type=\"text\/css\">\n.tg  {border-collapse:collapse;border-spacing:0;}\n.tg td{border-color:black;border-style:solid;border-width:1px;font-family:Arial, sans-serif;font-size:14px;\n  overflow:hidden;padding:10px 5px;word-break:normal;}\n.tg th{border-color:black;border-style:solid;border-width:1px;font-family:Arial, sans-serif;font-size:14px;\n  font-weight:normal;overflow:hidden;padding:10px 5px;word-break:normal;}\n.tg .tg-cly1{text-align:left;vertical-align:middle}\n.tg .tg-9wq8{border-color:inherit;text-align:center;vertical-align:middle}\n.tg .tg-7zrl{text-align:left;vertical-align:bottom}\n.tg .tg-nrix{text-align:center;vertical-align:middle}\n<\/style>\n<table class=\"tg\">\n<thead>\n  <tr>\n    <th class=\"tg-9wq8\" rowspan=\"2\">Boyut<\/th>\n    <th class=\"tg-7zrl\">OD: 8\u201d, 12\u201d, 16\u201d<\/th>\n  <\/tr>\n  <tr>\n    <td class=\"tg-7zrl\">Uzunluk: 16\u201d(370mm) boy 1 torba filtre&nbsp;&nbsp;&nbsp;i\u00e7in 32\u201d(634mm) boy 2 torba filtre i\u00e7in<\/td>\n  <\/tr>\n<\/thead>\n<tbody>\n  <tr>\n    <td class=\"tg-nrix\" rowspan=\"3\">Yap\u0131 Malzemesi<\/td>\n    <td class=\"tg-7zrl\">Derinlik Filtre Sayfas\u0131: CD: Diyatomlu toprakl\u0131 sel\u00fcloz CA: Aktif&nbsp;&nbsp;&nbsp;karbonlu sel\u00fcloz<\/td>\n  <\/tr>\n  <tr>\n    <td class=\"tg-7zrl\">\u00c7ekirdek: PP<\/td>\n  <\/tr>\n  <tr>\n    <td class=\"tg-7zrl\">Contalar: Silikon, EPDM, Viton<\/td>\n  <\/tr>\n  <tr>\n    <td class=\"tg-cly1\">Mikron De\u011feri<\/td>\n    <td class=\"tg-7zrl\">M02: 0,2-0,4\u00b5m M04: 0,4-0,6\u00b5m M10: 1-3\u00b5m M20: 2-5\u00b5m M30: 3-7\u00b5m<\/td>\n  <\/tr>\n  <tr>\n    <td class=\"tg-7zrl\">Bas\u0131n\u00e7 Fark\u0131<\/td>\n    <td class=\"tg-7zrl\">Maksimum: 2bar@20\u2103<\/td>\n  <\/tr>\n  <tr>\n    <td class=\"tg-7zrl\">Sterilizasyon<\/td>\n    <td class=\"tg-7zrl\">121\u2103, 30dk&#8217;da otoklav veya buhar<\/td>\n  <\/tr>\n<\/tbody>\n<\/table>\n\n\n\n<p><strong>Sipari\u015f Bilgileri<\/strong><\/p>\n\n\n\n<style type=\"text\/css\">\n.tg  {border-collapse:collapse;border-spacing:0;}\n.tg td{border-color:black;border-style:solid;border-width:1px;font-family:Arial, sans-serif;font-size:14px;\n  overflow:hidden;padding:10px 5px;word-break:normal;}\n.tg th{border-color:black;border-style:solid;border-width:1px;font-family:Arial, sans-serif;font-size:14px;\n  font-weight:normal;overflow:hidden;padding:10px 5px;word-break:normal;}\n.tg .tg-za14{border-color:inherit;text-align:left;vertical-align:bottom}\n.tg .tg-7zrl{text-align:left;vertical-align:bottom}\n<\/style>\n<table class=\"tg\">\n<thead>\n  <tr>\n    <th class=\"tg-za14\">Kod<\/th>\n    <th class=\"tg-7zrl\">Filtre Bezi Malzemesi<\/th>\n    <th class=\"tg-7zrl\">OD<\/th>\n    <th class=\"tg-7zrl\">Filtre Bezi Miktar\u0131<\/th>\n    <th class=\"tg-7zrl\">Mikron De\u011feri<\/th>\n    <th class=\"tg-7zrl\">Contalar<\/th>\n  <\/tr>\n<\/thead>\n<tbody>\n  <tr>\n    <td class=\"tg-7zrl\">LMF<\/td>\n    <td class=\"tg-7zrl\">CD=Diatomitli Sel\u00fcloz<\/td>\n    <td class=\"tg-7zrl\">08=8&#8243;<\/td>\n    <td class=\"tg-7zrl\">7=7 G\u00f6z<\/td>\n    <td class=\"tg-7zrl\">M02=0.2-0.4 \u00b5m<\/td>\n    <td class=\"tg-7zrl\">S=Silikon<\/td>\n  <\/tr>\n  <tr>\n    <td class=\"tg-7zrl\"><\/td>\n    <td class=\"tg-7zrl\">CA=Aktif karbonlu sel\u00fcloz<\/td>\n    <td class=\"tg-7zrl\">12=12&#8243;<\/td>\n    <td class=\"tg-7zrl\">8=8 G\u00f6z<\/td>\n    <td class=\"tg-7zrl\">M04=0.4-0.6 \u00b5m<\/td>\n    <td class=\"tg-7zrl\">E=EPDM<\/td>\n  <\/tr>\n  <tr>\n    <td class=\"tg-7zrl\"><\/td>\n    <td class=\"tg-7zrl\">C=sel\u00fcloz<\/td>\n    <td class=\"tg-7zrl\">16=16&#8243;<\/td>\n    <td class=\"tg-7zrl\">9=9 G\u00f6z<\/td>\n    <td class=\"tg-7zrl\">M10=1.3 \u00b5m<\/td>\n    <td class=\"tg-7zrl\">B=NBR<\/td>\n  <\/tr>\n  <tr>\n    <td class=\"tg-7zrl\"><\/td>\n    <td class=\"tg-7zrl\"><\/td>\n    <td class=\"tg-7zrl\"><\/td>\n    <td class=\"tg-7zrl\">12=12 G\u00f6z<\/td>\n    <td class=\"tg-7zrl\">M20=2-5 \u00b5m<\/td>\n    <td class=\"tg-7zrl\"><\/td>\n  <\/tr>\n  <tr>\n    <td class=\"tg-7zrl\"><\/td>\n    <td class=\"tg-7zrl\"><\/td>\n    <td class=\"tg-7zrl\"><\/td>\n    <td class=\"tg-7zrl\">14=14 G\u00f6z<\/td>\n    <td class=\"tg-7zrl\">M30=3-7 \u00b5m<\/td>\n    <td class=\"tg-7zrl\"><\/td>\n  <\/tr>\n  <tr>\n    <td class=\"tg-7zrl\"><\/td>\n    <td class=\"tg-7zrl\"><\/td>\n    <td class=\"tg-7zrl\"><\/td>\n    <td class=\"tg-7zrl\">15=15 G\u00f6z<\/td>\n    <td class=\"tg-7zrl\"><\/td>\n    <td class=\"tg-7zrl\"><\/td>\n  <\/tr>\n  <tr>\n    <td class=\"tg-7zrl\"><\/td>\n    <td class=\"tg-7zrl\"><\/td>\n    <td class=\"tg-7zrl\"><\/td>\n    <td class=\"tg-7zrl\">16=16 G\u00f6z<\/td>\n    <td class=\"tg-7zrl\"><\/td>\n    <td class=\"tg-7zrl\"><\/td>\n  <\/tr>\n<\/tbody>\n<\/table>\n","protected":false},"excerpt":{"rendered":"<p>Shuler&#8217;in Lentik\u00fcler Filtre Kartu\u015flar\u0131, \u00f6zel polimer ba\u011flay\u0131c\u0131lara sahip sel\u00fclozdan olu\u015fur. \u0130ki tip mevcuttur: diatomitli sel\u00fcloz, aktif karbonlu sel\u00fcloz. LMF Lenticular filtre kartu\u015flar\u0131, her biri en fazla 16 h\u00fccre i\u00e7eren \u03c68\u201d, 12\u201d ve 16\u201d olarak \u00fcretilmektedir. LMF lentik\u00fcler filtreleri, y\u00fcksek partik\u00fcl tutma \u00f6zellikleri nedeniyle, kolloidal safs\u0131zl\u0131klar\u0131n giderilmesinde \u00e7ok say\u0131da uygulama i\u00e7in veya ince filtre kartu\u015flar\u0131n\u0131 korumak [&hellip;]<\/p>\n","protected":false},"author":1,"featured_media":0,"parent":1607,"menu_order":0,"comment_status":"closed","ping_status":"closed","template":"pages\/page-full.php","meta":{"footnotes":""},"class_list":["post-2228","page","type-page","status-publish","hentry"],"_links":{"self":[{"href":"https:\/\/akafor.com\/en\/wp-json\/wp\/v2\/pages\/2228","targetHints":{"allow":["GET"]}}],"collection":[{"href":"https:\/\/akafor.com\/en\/wp-json\/wp\/v2\/pages"}],"about":[{"href":"https:\/\/akafor.com\/en\/wp-json\/wp\/v2\/types\/page"}],"author":[{"embeddable":true,"href":"https:\/\/akafor.com\/en\/wp-json\/wp\/v2\/users\/1"}],"replies":[{"embeddable":true,"href":"https:\/\/akafor.com\/en\/wp-json\/wp\/v2\/comments?post=2228"}],"version-history":[{"count":1,"href":"https:\/\/akafor.com\/en\/wp-json\/wp\/v2\/pages\/2228\/revisions"}],"predecessor-version":[{"id":2230,"href":"https:\/\/akafor.com\/en\/wp-json\/wp\/v2\/pages\/2228\/revisions\/2230"}],"up":[{"embeddable":true,"href":"https:\/\/akafor.com\/en\/wp-json\/wp\/v2\/pages\/1607"}],"wp:attachment":[{"href":"https:\/\/akafor.com\/en\/wp-json\/wp\/v2\/media?parent=2228"}],"curies":[{"name":"wp","href":"https:\/\/api.w.org\/{rel}","templated":true}]}}