{"id":2241,"date":"2021-06-28T11:03:29","date_gmt":"2021-06-28T08:03:29","guid":{"rendered":"https:\/\/neyesek.co\/?page_id=2241"},"modified":"2021-06-28T11:05:30","modified_gmt":"2021-06-28T08:05:30","slug":"sgpur-gaz-kontaktoru","status":"publish","type":"page","link":"https:\/\/akafor.com\/en\/sgpur-gaz-kontaktoru\/","title":{"rendered":"SgPur&#x2122; Gaz Kontakt\u00f6r\u00fc"},"content":{"rendered":"\n<div class=\"wp-block-media-text alignwide has-media-on-the-right is-stacked-on-mobile\"><figure class=\"wp-block-media-text__media\"><img loading=\"lazy\" decoding=\"async\" width=\"436\" height=\"437\" src=\"https:\/\/akafor.com\/wp-content\/uploads\/2021\/06\/SGPUR.png\" alt=\"\" class=\"wp-image-2242 size-full\" srcset=\"https:\/\/akafor.com\/wp-content\/uploads\/2021\/06\/SGPUR.png 436w, https:\/\/akafor.com\/wp-content\/uploads\/2021\/06\/SGPUR-300x300.png 300w, https:\/\/akafor.com\/wp-content\/uploads\/2021\/06\/SGPUR-150x150.png 150w\" sizes=\"auto, (max-width: 436px) 100vw, 436px\" \/><\/figure><div class=\"wp-block-media-text__content\">\n<p>SgPur sistemi, petrol ve gaz operasyonlar\u0131ndan kaynaklanan ek\u015fi gaz\u0131 ar\u0131tmak i\u00e7in \u00f6zel olarak tasarlanm\u0131\u015ft\u0131r. Sistem, hidrojen s\u00fclf\u00fcr (H2S) konsantrasyonlar\u0131n\u0131 azalt\u0131r ve yeniden sat\u0131\u015f i\u00e7in kat\u0131 elementel k\u00fck\u00fcrte d\u00f6n\u00fc\u015ft\u00fcr\u00fcr. Sistem bir s\u0131v\u0131 kimyasal kataliz\u00f6r, kompakt gaz\/s\u0131v\u0131 kontakt\u00f6r ve kat\u0131 giderme sistemi kullan\u0131r ve H2S&#8217;nin s\u00fclf\u00fcre d\u00f6n\u00fc\u015f\u00fcm\u00fcn\u00fc sa\u011flayan kimyasal kataliz\u00f6r\u00fc t\u00fcketmez, kimyasal makyaj gereksinimlerini en aza indirir. Sonu\u00e7 olarak, i\u015fletim maliyetleri tipik kat\u0131 sorpsiyon proseslerinden \u00f6nemli \u00f6l\u00e7\u00fcde daha d\u00fc\u015f\u00fckt\u00fcr ve sistem, stabil ve \u00f6ng\u00f6r\u00fclebilir bir H2S uzakla\u015ft\u0131rma prosesini destekler.<\/p>\n<\/div><\/div>\n\n\n\n<p><strong>Faydalar<\/strong><\/p>\n\n\n\n<ul class=\"wp-block-list\"><li>Daha d\u00fc\u015f\u00fck enerji gereksinimleri<\/li><li>Basit kurulum ve \u00e7al\u0131\u015ft\u0131rma<\/li><li>Tam otomatik<\/li><li>\u00f6l\u00e7eklenebilir<\/li><li>%99\u2019un \u00fczerinde H2S kald\u0131rma ile tutarl\u0131 performans<\/li><li>Daha k\u00fc\u00e7\u00fck ayak izi<\/li><\/ul>\n\n\n\n<p><strong>Uygulamalar<\/strong><\/p>\n\n\n\n<ul class=\"wp-block-list\"><li>Biyogaz ve asitli gaz ar\u0131tma<\/li><\/ul>\n","protected":false},"excerpt":{"rendered":"<p>SgPur sistemi, petrol ve gaz operasyonlar\u0131ndan kaynaklanan ek\u015fi gaz\u0131 ar\u0131tmak i\u00e7in \u00f6zel olarak tasarlanm\u0131\u015ft\u0131r. Sistem, hidrojen s\u00fclf\u00fcr (H2S) konsantrasyonlar\u0131n\u0131 azalt\u0131r ve yeniden sat\u0131\u015f i\u00e7in kat\u0131 elementel k\u00fck\u00fcrte d\u00f6n\u00fc\u015ft\u00fcr\u00fcr. Sistem bir s\u0131v\u0131 kimyasal kataliz\u00f6r, kompakt gaz\/s\u0131v\u0131 kontakt\u00f6r ve kat\u0131 giderme sistemi kullan\u0131r ve H2S&#8217;nin s\u00fclf\u00fcre d\u00f6n\u00fc\u015f\u00fcm\u00fcn\u00fc sa\u011flayan kimyasal kataliz\u00f6r\u00fc t\u00fcketmez, kimyasal makyaj gereksinimlerini en aza indirir. [&hellip;]<\/p>\n","protected":false},"author":1,"featured_media":0,"parent":0,"menu_order":0,"comment_status":"closed","ping_status":"closed","template":"pages\/page-full.php","meta":{"footnotes":""},"class_list":["post-2241","page","type-page","status-publish","hentry"],"_links":{"self":[{"href":"https:\/\/akafor.com\/en\/wp-json\/wp\/v2\/pages\/2241","targetHints":{"allow":["GET"]}}],"collection":[{"href":"https:\/\/akafor.com\/en\/wp-json\/wp\/v2\/pages"}],"about":[{"href":"https:\/\/akafor.com\/en\/wp-json\/wp\/v2\/types\/page"}],"author":[{"embeddable":true,"href":"https:\/\/akafor.com\/en\/wp-json\/wp\/v2\/users\/1"}],"replies":[{"embeddable":true,"href":"https:\/\/akafor.com\/en\/wp-json\/wp\/v2\/comments?post=2241"}],"version-history":[{"count":2,"href":"https:\/\/akafor.com\/en\/wp-json\/wp\/v2\/pages\/2241\/revisions"}],"predecessor-version":[{"id":2244,"href":"https:\/\/akafor.com\/en\/wp-json\/wp\/v2\/pages\/2241\/revisions\/2244"}],"wp:attachment":[{"href":"https:\/\/akafor.com\/en\/wp-json\/wp\/v2\/media?parent=2241"}],"curies":[{"name":"wp","href":"https:\/\/api.w.org\/{rel}","templated":true}]}}