{"id":2247,"date":"2021-06-28T14:49:32","date_gmt":"2021-06-28T11:49:32","guid":{"rendered":"https:\/\/neyesek.co\/?page_id=2247"},"modified":"2021-06-28T14:49:33","modified_gmt":"2021-06-28T11:49:33","slug":"membran-teknolojileri","status":"publish","type":"page","link":"https:\/\/akafor.com\/en\/filtrasyon\/teknolojiler\/membran-teknolojileri\/","title":{"rendered":"MEMBRAN TEKNOLOJ\u0130LER\u0130"},"content":{"rendered":"\n<p style=\"font-size:17px\"><strong>Hedeflenen teknoloji fark yarat\u0131r<\/strong><\/p>\n\n\n\n<p style=\"font-size:17px\">Membran sistemleri, bitmi\u015f \u00fcr\u00fcn\u00fcn \u00f6zel gereksinimlerine tam olarak uyarland\u0131klar\u0131 i\u00e7in m\u00fckemmeldir. Bug\u00fcne kadar, tuzun uzakla\u015ft\u0131r\u0131lmas\u0131ndan viskoz s\u0131v\u0131lardaki b\u00fcy\u00fck partik\u00fcllerin filtrelenmesine kadar \u00e7ok say\u0131da uygulamaya uygun bir dizi g\u00f6zenek boyutuna yay\u0131lan d\u00f6rt ana membran teknolojisi geli\u015ftirdik. Ters ozmoz, en iyi ay\u0131rma derecesini sunar, ard\u0131ndan en b\u00fcy\u00fck g\u00f6zenek boyutuna sahip olan nanofiltrasyon, ultrafiltrasyon ve mikrofiltrasyon gelir. Deniz suyunu tuzdan ar\u0131nd\u0131rma prosesleri i\u00e7in ultrafiltrasyon ve ard\u0131ndan ters ozmoz gibi membran teknolojileri de kombinasyon halinde kullan\u0131labilir. Yiyecek, i\u00e7ecek ve genel end\u00fcstriyel i\u015flemler, makromolek\u00fclleri ve iyonik t\u00fcrleri se\u00e7ici olarak reddetmek i\u00e7in membran g\u00f6zenek boyutunu ve y\u00fck\u00fcn\u00fc kullan\u0131r.<\/p>\n\n\n\n<p style=\"font-size:17px\">KMS m\u00fchendisleri, herhangi bir proses s\u0131v\u0131s\u0131n\u0131n hemen hemen her t\u00fcrl\u00fc fiziksel y\u00f6n\u00fcn\u00fc i\u015flemek i\u00e7in teknolojiler tasarlam\u0131\u015f ve m\u00fckemmelle\u015ftirmi\u015ftir ve en uygun \u00e7\u00f6z\u00fcm\u00fc se\u00e7menize yard\u0131mc\u0131 olmaktan mutluluk duyacakt\u0131r.<\/p>\n\n\n\n<figure class=\"wp-block-image size-large is-style-default\"><img loading=\"lazy\" decoding=\"async\" width=\"703\" height=\"506\" src=\"https:\/\/akafor.com\/wp-content\/uploads\/2021\/06\/teknolojiler.png\" alt=\"\" class=\"wp-image-2248\" srcset=\"https:\/\/akafor.com\/wp-content\/uploads\/2021\/06\/teknolojiler.png 703w, https:\/\/akafor.com\/wp-content\/uploads\/2021\/06\/teknolojiler-300x216.png 300w\" sizes=\"auto, (max-width: 703px) 100vw, 703px\" \/><\/figure>\n\n\n\n<p style=\"font-size:17px\"><strong>Mikrofiltrasyon hakk\u0131nda<\/strong><\/p>\n\n\n\n<p style=\"font-size:17px\">Makromolek\u00fcllerin zahmetsiz safla\u015ft\u0131r\u0131lmas\u0131 Mikrofiltrasyon (MF), su, steril meyve sular\u0131 ve \u015farap ve aseptik farmas\u00f6tikler i\u00e7in basit \u00e7\u0131kmaz filtrelemede \u00f6nemli uygulamalara sahiptir. Ancak, MF&#8217;den yararlanan t\u00fcm uygulamalar \u00e7\u0131kmaz modda ba\u015far\u0131l\u0131 bir \u015fekilde \u00e7al\u0131\u015fmaz ve MF pazar\u0131n\u0131n b\u00fcy\u00fck bir k\u0131sm\u0131 \u00e7apraz ak\u0131\u015f taraf\u0131ndan ele ge\u00e7irilmi\u015ftir. Bunlardan en yayg\u0131n olan\u0131, makromolek\u00fcllerin di\u011fer b\u00fcy\u00fck molek\u00fcllerden, proteinlerden veya h\u00fccre art\u0131klar\u0131ndan ayr\u0131lmas\u0131 gereken t\u00fcm h\u00fccre s\u0131v\u0131lar\u0131n\u0131n ve safla\u015ft\u0131rma i\u015flemlerinin berrakla\u015ft\u0131r\u0131lmas\u0131d\u0131r. Dekstrozun berrakla\u015ft\u0131r\u0131lmas\u0131 ve \u00e7ok renkli meyve sular\u0131 MF&#8217;yi son derece iyi kullan\u0131r. \u015earap \u00fcretimi, s\u00fct ve peynir alt\u0131 suyunun ya\u011fdan ar\u0131nd\u0131r\u0131lmas\u0131 ve bira \u00fcretiminde MF \u00e7apraz ak\u0131\u015fl\u0131 filtrasyon i\u00e7in b\u00fcy\u00fck pazarlar da bulunmaktad\u0131r. Ultrafiltrasyonda oldu\u011fu gibi, MF sistemleri nispeten d\u00fc\u015f\u00fck bas\u0131n\u00e7larda \u00e7al\u0131\u015f\u0131r ve \u00e7e\u015fitli konfig\u00fcrasyonlarda gelir.<\/p>\n\n\n\n<figure class=\"wp-block-image size-large\"><img loading=\"lazy\" decoding=\"async\" width=\"702\" height=\"173\" src=\"https:\/\/akafor.com\/wp-content\/uploads\/2021\/06\/mikrofiltrasyon.png\" alt=\"\" class=\"wp-image-2249\" srcset=\"https:\/\/akafor.com\/wp-content\/uploads\/2021\/06\/mikrofiltrasyon.png 702w, https:\/\/akafor.com\/wp-content\/uploads\/2021\/06\/mikrofiltrasyon-300x74.png 300w\" sizes=\"auto, (max-width: 702px) 100vw, 702px\" \/><\/figure>\n\n\n\n<p style=\"font-size:17px\"><strong>Ultrafiltrasyon hakk\u0131nda<\/strong><\/p>\n\n\n\n<p style=\"font-size:17px\">\u00c7ok y\u00f6nl\u00fc ve ekonomik bir \u00e7\u00f6z\u00fcm<\/p>\n\n\n\n<p style=\"font-size:17px\">Ultrafiltrasyon (UF), em\u00fclsiyon haline getirilmi\u015f ya\u011flar\u0131, metal hidroksitleri, kolloidleri, em\u00fclsiyonlar\u0131, da\u011f\u0131lm\u0131\u015f malzemeleri, ask\u0131da kat\u0131 maddeleri ve di\u011fer b\u00fcy\u00fck molek\u00fcler a\u011f\u0131rl\u0131kl\u0131 malzemeleri sudan ve di\u011fer \u00e7\u00f6zeltilerden uzakla\u015ft\u0131ran bas\u0131n\u00e7la \u00e7al\u0131\u015fan bir i\u015flemdir. UF membranlar\u0131, molek\u00fcler a\u011f\u0131rl\u0131k kesmeleri ile karakterize edilir.<br>UF, ya\u011f ve su, meyve suyu, s\u00fct ve peynir alt\u0131 suyu, elektro kaplama boyalar, ila\u00e7lar, poli-vinil alkol ve indigo, i\u00e7me suyu ve \u00fc\u00e7\u00fcnc\u00fcl at\u0131k su dahil olmak \u00fczere ask\u0131da kat\u0131 maddeler, bakteri ve y\u00fcksek konsantrasyonlarda makromolek\u00fcller i\u00e7eren \u00e7\u00f6zeltilerin berrakla\u015ft\u0131r\u0131lmas\u0131nda m\u00fckemmeldir.<\/p>\n\n\n\n<figure class=\"wp-block-image size-large\"><img loading=\"lazy\" decoding=\"async\" width=\"719\" height=\"175\" src=\"https:\/\/akafor.com\/wp-content\/uploads\/2021\/06\/ultrafiltrasyon.png\" alt=\"\" class=\"wp-image-2250\" srcset=\"https:\/\/akafor.com\/wp-content\/uploads\/2021\/06\/ultrafiltrasyon.png 719w, https:\/\/akafor.com\/wp-content\/uploads\/2021\/06\/ultrafiltrasyon-300x73.png 300w\" sizes=\"auto, (max-width: 719px) 100vw, 719px\" \/><\/figure>\n\n\n\n<p style=\"font-size:17px\"><strong>Nanofiltrasyon hakk\u0131nda<\/strong><\/p>\n\n\n\n<p style=\"font-size:17px\">Optimize edilmi\u015f su geri d\u00f6n\u00fc\u015f\u00fcm\u00fc<\/p>\n\n\n\n<p style=\"font-size:17px\">Nanofiltrasyon (NF), ters ozmoz ile benzer \u015fekilde \u00e7al\u0131\u015f\u0131r, ancak genellikle sadece iki de\u011ferlikli ve daha b\u00fcy\u00fck iyonlar\u0131 uzakla\u015ft\u0131rmay\u0131 hedefler. Sodyum ve klor\u00fcr gibi tek de\u011ferli iyonlar bir nanofiltrasyon membran\u0131ndan ge\u00e7ecektir, bu nedenle kullan\u0131mlar\u0131n\u0131n \u00e7o\u011fu proses ak\u0131\u015f\u0131n\u0131n tuzunun giderilmesini i\u00e7erir. Peynir alt\u0131 suyundan laktoz \u00fcretiminde, \u00f6rne\u011fin, NF, laktoz ak\u0131\u015f\u0131n\u0131 safla\u015ft\u0131ran ve konsantre eden bir prosed\u00fcr olan tuzlar\u0131 ge\u00e7erken laktoz molek\u00fcllerini konsantre eder. Su ar\u0131t\u0131m\u0131nda, sertlik giderme (su yumu\u015fat\u0131c\u0131lar yerine), pestisit giderme ve renk azaltma i\u00e7in NF membranlar kullan\u0131l\u0131r. Ayn\u0131 zamanda kullan\u0131lm\u0131\u015f NaOH \u00e7\u00f6zeltilerini geri kazanmak i\u00e7in de kullan\u0131labilir, bu durumda permeat ak\u0131m\u0131 safla\u015ft\u0131r\u0131lm\u0131\u015f NaOH ile defalarca tekrar kullan\u0131ma izin verir.<\/p>\n\n\n\n<figure class=\"wp-block-image size-large\"><img loading=\"lazy\" decoding=\"async\" width=\"704\" height=\"173\" src=\"https:\/\/akafor.com\/wp-content\/uploads\/2021\/06\/nanofiltrasyon.png\" alt=\"\" class=\"wp-image-2251\" srcset=\"https:\/\/akafor.com\/wp-content\/uploads\/2021\/06\/nanofiltrasyon.png 704w, https:\/\/akafor.com\/wp-content\/uploads\/2021\/06\/nanofiltrasyon-300x74.png 300w\" sizes=\"auto, (max-width: 704px) 100vw, 704px\" \/><\/figure>\n\n\n\n<p style=\"font-size:17px\"><strong>Ters Ozmoz Hakk\u0131nda<\/strong><\/p>\n\n\n\n<p style=\"font-size:17px\">H\u0131zl\u0131 ve s\u00fcrekli filtrasyon<\/p>\n\n\n\n<p style=\"font-size:17px\">Ters ozmoz (RO) membranlar\u0131 en k\u00fc\u00e7\u00fck g\u00f6zeneklere sahiptir ve uygun \u015fekilde, suyu \u00e7\u00f6z\u00fcnm\u00fc\u015f molek\u00fcllerden uzakla\u015ft\u0131rmak i\u00e7in ozmotik bas\u0131nc\u0131n tersine \u00e7evrilmesini i\u00e7erir. A\u00e7\u0131k\u00e7as\u0131, RO, g\u00f6zenek boyutuna dayal\u0131 bir boyut d\u0131\u015flama s\u00fcreci de\u011fildir; ayr\u0131lmay\u0131 etkilemek i\u00e7in iyonik dif\u00fczyona ba\u011fl\u0131d\u0131r. Yayg\u0131n uygulamalar\u0131ndan biri, \u00e7ok daha iyi bir ekonomiyle buharla\u015fmaya benzer \u015fekilde, y\u00fcksek tuzlu besleme ak\u0131\u015f\u0131ndan saf suyun \u00fcretildi\u011fi deniz suyunu tuzdan ar\u0131nd\u0131rmad\u0131r. RO ayr\u0131ca peynir alt\u0131 suyu konsantrasyonu, meyve suyu konsantrasyonu, buz yap\u0131m\u0131, araba y\u0131kama \u0131slah\u0131, at\u0131k su hacminin azalt\u0131lmas\u0131 ve di\u011fer end\u00fcstriyel i\u015flemlerde, saf bir filtrat (tipik olarak su) \u00fcretmek veya bile\u015fenleri muhafaza etmek amac\u0131yla kullan\u0131l\u0131r. Bir\u00e7ok proses ak\u0131\u015f\u0131n\u0131n ozmotik bas\u0131nc\u0131 olduk\u00e7a y\u00fcksek oldu\u011fundan, RO membranlar\u0131, mevcut membran geometrilerini k\u0131s\u0131tlayan 400-1.200 psi (29-83 bar) bas\u0131n\u00e7larda \u00e7al\u0131\u015fmal\u0131d\u0131r.<\/p>\n\n\n\n<figure class=\"wp-block-image size-large\"><img loading=\"lazy\" decoding=\"async\" width=\"703\" height=\"174\" src=\"https:\/\/akafor.com\/wp-content\/uploads\/2021\/06\/reverseosmoz.png\" alt=\"\" class=\"wp-image-2252\" srcset=\"https:\/\/akafor.com\/wp-content\/uploads\/2021\/06\/reverseosmoz.png 703w, https:\/\/akafor.com\/wp-content\/uploads\/2021\/06\/reverseosmoz-300x74.png 300w\" sizes=\"auto, (max-width: 703px) 100vw, 703px\" \/><\/figure>\n","protected":false},"excerpt":{"rendered":"<p>Hedeflenen teknoloji fark yarat\u0131r Membran sistemleri, bitmi\u015f \u00fcr\u00fcn\u00fcn \u00f6zel gereksinimlerine tam olarak uyarland\u0131klar\u0131 i\u00e7in m\u00fckemmeldir. Bug\u00fcne kadar, tuzun uzakla\u015ft\u0131r\u0131lmas\u0131ndan viskoz s\u0131v\u0131lardaki b\u00fcy\u00fck partik\u00fcllerin filtrelenmesine kadar \u00e7ok say\u0131da uygulamaya uygun bir dizi g\u00f6zenek boyutuna yay\u0131lan d\u00f6rt ana membran teknolojisi geli\u015ftirdik. Ters ozmoz, en iyi ay\u0131rma derecesini sunar, ard\u0131ndan en b\u00fcy\u00fck g\u00f6zenek boyutuna sahip olan nanofiltrasyon, ultrafiltrasyon [&hellip;]<\/p>\n","protected":false},"author":1,"featured_media":0,"parent":2245,"menu_order":0,"comment_status":"closed","ping_status":"closed","template":"pages\/page-full.php","meta":{"footnotes":""},"class_list":["post-2247","page","type-page","status-publish","hentry"],"_links":{"self":[{"href":"https:\/\/akafor.com\/en\/wp-json\/wp\/v2\/pages\/2247","targetHints":{"allow":["GET"]}}],"collection":[{"href":"https:\/\/akafor.com\/en\/wp-json\/wp\/v2\/pages"}],"about":[{"href":"https:\/\/akafor.com\/en\/wp-json\/wp\/v2\/types\/page"}],"author":[{"embeddable":true,"href":"https:\/\/akafor.com\/en\/wp-json\/wp\/v2\/users\/1"}],"replies":[{"embeddable":true,"href":"https:\/\/akafor.com\/en\/wp-json\/wp\/v2\/comments?post=2247"}],"version-history":[{"count":1,"href":"https:\/\/akafor.com\/en\/wp-json\/wp\/v2\/pages\/2247\/revisions"}],"predecessor-version":[{"id":2253,"href":"https:\/\/akafor.com\/en\/wp-json\/wp\/v2\/pages\/2247\/revisions\/2253"}],"up":[{"embeddable":true,"href":"https:\/\/akafor.com\/en\/wp-json\/wp\/v2\/pages\/2245"}],"wp:attachment":[{"href":"https:\/\/akafor.com\/en\/wp-json\/wp\/v2\/media?parent=2247"}],"curies":[{"name":"wp","href":"https:\/\/api.w.org\/{rel}","templated":true}]}}