{"id":23,"date":"2020-06-03T13:20:43","date_gmt":"2020-06-03T10:20:43","guid":{"rendered":"http:\/\/demo.safirtema.com\/rota\/?page_id=23"},"modified":"2024-01-04T15:01:10","modified_gmt":"2024-01-04T12:01:10","slug":"cozum-ortaklari","status":"publish","type":"page","link":"https:\/\/akafor.com\/en\/cozum-ortaklari\/","title":{"rendered":"\u00c7\u00f6z\u00fcm Ortaklar\u0131"},"content":{"rendered":"\n<figure class=\"wp-block-gallery alignleft has-nested-images columns-2 is-cropped wp-block-gallery-1 is-layout-flex wp-block-gallery-is-layout-flex\"><div class=\"wp-block-image\">\n<figure class=\"alignright size-full\"><img loading=\"lazy\" decoding=\"async\" width=\"1081\" height=\"264\" data-id=\"3332\" src=\"https:\/\/akafor.com\/wp-content\/uploads\/2024\/01\/Kovalus-Logo-RGB.png\" alt=\"\" class=\"wp-image-3332\" srcset=\"https:\/\/akafor.com\/wp-content\/uploads\/2024\/01\/Kovalus-Logo-RGB.png 1081w, https:\/\/akafor.com\/wp-content\/uploads\/2024\/01\/Kovalus-Logo-RGB-300x73.png 300w, https:\/\/akafor.com\/wp-content\/uploads\/2024\/01\/Kovalus-Logo-RGB-1024x250.png 1024w, https:\/\/akafor.com\/wp-content\/uploads\/2024\/01\/Kovalus-Logo-RGB-768x188.png 768w\" sizes=\"auto, (max-width: 1081px) 100vw, 1081px\" \/><\/figure>\n<\/div>\n\n<div class=\"wp-block-image\">\n<figure class=\"aligncenter size-full\"><img loading=\"lazy\" decoding=\"async\" width=\"191\" height=\"84\" data-id=\"549\" src=\"https:\/\/akafor.com\/wp-content\/uploads\/2021\/03\/realco-logo.png\" alt=\"Realco Logo\" class=\"wp-image-549\"\/><\/figure>\n<\/div>\n\n<div class=\"wp-block-image is-style-default\">\n<figure class=\"alignright size-full\"><img loading=\"lazy\" decoding=\"async\" width=\"513\" height=\"114\" data-id=\"854\" src=\"https:\/\/akafor.com\/wp-content\/uploads\/2021\/04\/eco-tec-logo.jpeg\" alt=\"Eco Tec Logo\" class=\"wp-image-854\" srcset=\"https:\/\/akafor.com\/wp-content\/uploads\/2021\/04\/eco-tec-logo.jpeg 513w, https:\/\/akafor.com\/wp-content\/uploads\/2021\/04\/eco-tec-logo-300x67.jpeg 300w\" sizes=\"auto, (max-width: 513px) 100vw, 513px\" \/><\/figure>\n<\/div>\n\n<div class=\"wp-block-image\">\n<figure class=\"aligncenter size-full\"><img loading=\"lazy\" decoding=\"async\" width=\"250\" height=\"114\" data-id=\"3333\" src=\"https:\/\/akafor.com\/wp-content\/uploads\/2024\/01\/kochkleen-logo.png\" alt=\"\" class=\"wp-image-3333\"\/><\/figure>\n<\/div>\n\n<div class=\"wp-block-image is-style-default\">\n<figure class=\"alignleft size-full\"><img loading=\"lazy\" decoding=\"async\" width=\"250\" height=\"114\" data-id=\"333\" src=\"https:\/\/akafor.com\/wp-content\/uploads\/2021\/03\/alting-edcore-logo.png\" alt=\"Alting Logo\" class=\"wp-image-333\"\/><\/figure>\n<\/div>\n\n<div class=\"wp-block-image\">\n<figure class=\"alignright size-full\"><img loading=\"lazy\" decoding=\"async\" width=\"900\" height=\"550\" data-id=\"483\" src=\"https:\/\/akafor.com\/wp-content\/uploads\/2021\/03\/relco-logo.jpeg\" alt=\"Relco Filtration Logo\" class=\"wp-image-483\" srcset=\"https:\/\/akafor.com\/wp-content\/uploads\/2021\/03\/relco-logo.jpeg 900w, https:\/\/akafor.com\/wp-content\/uploads\/2021\/03\/relco-logo-300x183.jpeg 300w, https:\/\/akafor.com\/wp-content\/uploads\/2021\/03\/relco-logo-768x469.jpeg 768w\" sizes=\"auto, (max-width: 900px) 100vw, 900px\" \/><\/figure>\n<\/div><\/figure>\n\n\n\n<p><\/p>\n\n\n\n<p><\/p>\n\n\n\n<p><\/p>\n","protected":false},"excerpt":{"rendered":"","protected":false},"author":1,"featured_media":0,"parent":0,"menu_order":0,"comment_status":"closed","ping_status":"closed","template":"pages\/page-full.php","meta":{"footnotes":""},"class_list":["post-23","page","type-page","status-publish","hentry"],"_links":{"self":[{"href":"https:\/\/akafor.com\/en\/wp-json\/wp\/v2\/pages\/23","targetHints":{"allow":["GET"]}}],"collection":[{"href":"https:\/\/akafor.com\/en\/wp-json\/wp\/v2\/pages"}],"about":[{"href":"https:\/\/akafor.com\/en\/wp-json\/wp\/v2\/types\/page"}],"author":[{"embeddable":true,"href":"https:\/\/akafor.com\/en\/wp-json\/wp\/v2\/users\/1"}],"replies":[{"embeddable":true,"href":"https:\/\/akafor.com\/en\/wp-json\/wp\/v2\/comments?post=23"}],"version-history":[{"count":61,"href":"https:\/\/akafor.com\/en\/wp-json\/wp\/v2\/pages\/23\/revisions"}],"predecessor-version":[{"id":3338,"href":"https:\/\/akafor.com\/en\/wp-json\/wp\/v2\/pages\/23\/revisions\/3338"}],"wp:attachment":[{"href":"https:\/\/akafor.com\/en\/wp-json\/wp\/v2\/media?parent=23"}],"curies":[{"name":"wp","href":"https:\/\/api.w.org\/{rel}","templated":true}]}}