{"id":2498,"date":"2021-10-07T11:14:23","date_gmt":"2021-10-07T08:14:23","guid":{"rendered":"https:\/\/neyesek.co\/?page_id=2498"},"modified":"2021-12-07T15:11:24","modified_gmt":"2021-12-07T12:11:24","slug":"anotlar","status":"publish","type":"page","link":"https:\/\/akafor.com\/en\/kataforez\/urunler\/anotlar\/","title":{"rendered":"Anotlar"},"content":{"rendered":"\n<p class=\"has-normal-font-size\"><strong>Alting EDCORE<\/strong>&nbsp;membranlar\u0131n\u0131n en \u00f6nemli \u00f6zelliklerinden biri ekstr\u00fcde olarak \u00fcretilmi\u015f olmas\u0131, bu sayede kendinden destekli yap\u0131s\u0131yla serbest\u00e7e genle\u015febilmesidir(Edcore %5 ile Edcore-Max %7 aras\u0131nda). Bu tasar\u0131m\u0131 d\u00fcnyada \u00fcretebilen ve sanayile\u015ftirebilen tek firmay\u0131z. Rakip firmalar\u0131n membranlar\u0131n\u0131 d\u00fcz tutunabilmesi i\u00e7in membranlar\u0131n i\u00e7 k\u0131sm\u0131na plastik grid koymalar\u0131 gerekmektedir. Bu gridin dezavantajlar\u0131: Kaplama y\u00fczey alan kayb\u0131, Elektrotlar\u0131n \u015fekilsiz a\u015f\u0131nmas\u0131, Bakteri olu\u015fumunu artt\u0131rmas\u0131, Tamir imkan\u0131n\u0131n olmamas\u0131, Membranlar kurudu\u011funda \u015fekil bozuklu\u011fu ve y\u0131rt\u0131lmaya sebep olmas\u0131d\u0131r. Anot i\u00e7inde membranlar\u0131n ve gridin aras\u0131na giren partik\u00fcllerin\/kal\u0131nt\u0131lar\u0131n birikimi ve temizlenememesi membran \u00f6mr\u00fcn\u00fc k\u0131saltmaktad\u0131r. 1998\u2019den beri en b\u00fcy\u00fck otomotiv \u00fcreticilerinde&nbsp;<strong>Alting EDCORE<\/strong>&nbsp;membranlar\u0131 kullan\u0131lmaktad\u0131r. \u00c7\u00f6z\u00fcmlerimiz her bir kataforez tank\u0131na \u00f6zel olarak uygulan\u0131r, son kullan\u0131c\u0131yla geli\u015ftirilir ve garanti kapsam\u0131ndad\u0131r. T\u00fcrkiye\u2019de&nbsp;<strong>Ford, Toyota, Renault, Hyundai, Fiat-Tofa\u015f, Ar\u00e7elik, Vestel<\/strong>&nbsp;\u00f6rnek verebilece\u011fimiz m\u00fc\u015fterilerimizden sadece birka\u00e7\u0131d\u0131r.<\/p>\n\n\n\n<figure class=\"wp-block-gallery aligncenter columns-1 is-cropped wp-block-gallery-1 is-layout-flex wp-block-gallery-is-layout-flex\"><ul class=\"blocks-gallery-grid\"><li class=\"blocks-gallery-item\"><figure><img loading=\"lazy\" decoding=\"async\" width=\"601\" height=\"436\" src=\"https:\/\/akafor.com\/wp-content\/uploads\/2021\/10\/akafor-anotlar.jpg\" alt=\"\" data-id=\"2500\" data-full-url=\"https:\/\/akafor.com\/wp-content\/uploads\/2021\/10\/akafor-anotlar.jpg\" data-link=\"https:\/\/akafor.com\/?attachment_id=2500\" class=\"wp-image-2500\" srcset=\"https:\/\/akafor.com\/wp-content\/uploads\/2021\/10\/akafor-anotlar.jpg 601w, https:\/\/akafor.com\/wp-content\/uploads\/2021\/10\/akafor-anotlar-300x218.jpg 300w\" sizes=\"auto, (max-width: 601px) 100vw, 601px\" \/><\/figure><\/li><\/ul><\/figure>\n\n\n\n<h2 class=\"wp-block-heading\"><strong>EDCORE \u00ae \/ EDCORE \u00ae -MAX Membranlar\u0131n temel avantajlar\u0131<\/strong><\/h2>\n\n\n\n<ul class=\"wp-block-list\"><li>\u0130\u015flemdeki enerji tasarrufu (OpEx), ayn\u0131 miktarda boya birikimi i\u00e7in %15-20&#8217;ye ula\u015fmakta. Bu membran\u0131n iyonik transfer performans\u0131, d\u00fcz membranlardan ve h\u00fccre tasar\u0131m\u0131ndan \u00e7ok &nbsp;daha y\u00fcksektir.<\/li><li>EDCORE\u00ae \/ EDCORE\u00ae-MAX&nbsp;membranlar\u0131&nbsp;ekstr\u00fcde edilmi\u015f ve kendinden desteklidir; Izgara ve silindir yap\u0131s\u0131n\u0131 olu\u015fturmak i\u00e7in yap\u0131\u015ft\u0131r\u0131c\u0131 i\u00e7ermez, bu sayede s\u0131z\u0131nt\u0131 yapmaz.<\/li><li>Bak\u0131m s\u0131ras\u0131nda&nbsp;EDCORE\u00ae \/ EDCORE\u00ae-MAX&nbsp;membranlar\u0131 kuruyabilir ve birka\u00e7 hafta sonra tekrar kullan\u0131labilir.<\/li><li>T\u00fcm membranlar kurudan \u0131sla\u011fa ge\u00e7i\u015fte %5 ila %7 oran\u0131nda serbest\u00e7e geni\u015fleyebilmektedir.<\/li><li>EDCORE\u00ae \/ EDCORE\u00ae-MAX&nbsp;membranlar\u0131n\u0131n y\u00fczeyi p\u00fcr\u00fczs\u00fcz ve sert olup&nbsp;temizlenmesi, i\u00e7ten ve d\u0131\u015ftan f\u0131r\u00e7alanmas\u0131 kolayd\u0131r. (\u2248 2kg\/cm\u00b2)<\/li><li>EDCORE\u00ae \/ EDCORE\u00ae-MAX&nbsp;membranlar\u0131 su ge\u00e7irgen de\u011fildir (bak\u0131m i\u015flemleri i\u00e7in \u00f6nemli).<\/li><\/ul>\n\n\n\n<p><\/p>\n\n\n\n<p><\/p>\n\n\n\n<p><\/p>\n\n\n\n<p><\/p>\n\n\n\n<h2 class=\"wp-block-heading\"><strong>EDCORE\u00ae \/EDCORE\u00aeMAX H\u00fccrelerinin temel avantajlar\u0131<\/strong><\/h2>\n\n\n\n<ul class=\"wp-block-list\"><li>Enerji dostudur.&nbsp;EDCORE membran\u0131n kombinasyonu ve EDCORE h\u00fccresinin yap\u0131s\u0131, ayn\u0131 miktarda boya birikimi i\u00e7in% 15 ila 20 enerji tasarrufu sa\u011flar.<\/li><li>Islak ve kuru halleri aras\u0131nda t\u00fcm EDCORE membranlar\u0131 %5 ila 7 oran\u0131nda geni\u015fleyecektir. Sadece tank s\u0131n\u0131r\u0131n\u0131n \u00fcst k\u0131sm\u0131na sabitlenmi\u015f olan h\u00fccreler kurudan \u0131slakl\u0131\u011fa ge\u00e7i\u015fte serbest\u00e7e geni\u015fleyecektir; membran y\u00fczeyi p\u00fcr\u00fczs\u00fcz kal\u0131r,&nbsp;membran y\u00fczeyinde pigmentler tortula\u015fma yapmaz.<\/li><li>Alting EDCORE\u00ae ve EDCORE\u00aeMAX H\u00fccrelerinin&nbsp;\u00f6mr\u00fc&nbsp;d\u00fcz membranlardan \u00f6nemli \u00f6l\u00e7\u00fcde fazlad\u0131r; 10 ya\u015f\u0131n \u00fczerinde&nbsp;bir\u00e7ok kurulum referans\u0131 mevcuttur.<\/li><li>Alting, otomotiv end\u00fcstrisindeki EDCORE H\u00fccreleri i\u00e7in&nbsp;3 y\u0131l garanti&nbsp;vermekte ve bak\u0131m s\u00f6zle\u015fmeleri \u00f6nermektedir.<\/li><li>EDCORE\u00ae \/ EDCORE\u00aeMAX&nbsp;bas\u0131n\u00e7 alt\u0131nda&nbsp;su s\u0131z\u0131nt\u0131s\u0131 testi&nbsp;yap\u0131lmas\u0131na izin veren tek membrand\u0131r.<\/li><li>EDCORE\u00ae i\u00e7in 1.3 bar (i\u015flemde: maksimum 0.8 bar) ve EDCORE\u00ae-MAX i\u00e7in 1.5 bar (i\u015flemde maksimum 0.6 bar) ile 3 dakika su ile test edilmi\u015ftir.<\/li><li>Bas\u0131n\u00e7 alt\u0131ndaki bir anolit sirk\u00fclasyonu, her h\u00fccre i\u00e7in ayarlanabilir ak\u0131\u015f h\u0131z\u0131na izin vererek pompalar i\u00e7in enerji maliyetlerini bireysel olarak optimize eder. Anolit devresi durdurularak bak\u0131m i\u015flemleri kolayla\u015ft\u0131r\u0131l\u0131r ve k\u00fc\u00e7\u00fck kesimler EDCORE Membran yamalar\u0131yla onar\u0131labilir.<\/li><\/ul>\n\n\n\n<figure class=\"wp-block-video aligncenter\"><video height=\"300\" style=\"aspect-ratio: 400 \/ 300;\" width=\"400\" controls src=\"https:\/\/akafor.com\/wp-content\/uploads\/2021\/10\/Alting-Anotlar-Videosu.mp4\"><\/video><\/figure>\n\n\n\n<h2 class=\"wp-block-heading\"><i class=\"fa fa-download\" aria-hidden=\"true\"> <a href=\"https:\/\/akafor.com\/wp-content\/uploads\/2021\/10\/ALTING-Brosur-turkce.pdf\" target=\"_blank\" rel=\"noreferrer noopener\">Bro\u015f\u00fcr TR<\/a> <\/i><\/h2>\n\n\n\n<h2 class=\"wp-block-heading\"><i class=\"fa fa-download\" aria-hidden=\"true\"> <a href=\"https:\/\/akafor.com\/wp-content\/uploads\/2021\/10\/ALTING-Brosur-ing.pdf\" target=\"_blank\" rel=\"noreferrer noopener\">Bro\u015f\u00fcr ING<\/a><\/i><\/h2>\n\n\n\n<h2 class=\"wp-block-heading\"><i class=\"fa fa-download\" aria-hidden=\"true\"> <a href=\"https:\/\/akafor.com\/wp-content\/uploads\/2021\/10\/ALTING-Bakim-Katalogu.pdf\" target=\"_blank\" rel=\"noreferrer noopener\">Bak\u0131m Katalo\u011fu<\/a><\/i><\/h2>\n\n\n\n<p><\/p>\n","protected":false},"excerpt":{"rendered":"<p>Alting EDCORE&nbsp;membranlar\u0131n\u0131n en \u00f6nemli \u00f6zelliklerinden biri ekstr\u00fcde olarak \u00fcretilmi\u015f olmas\u0131, bu sayede kendinden destekli yap\u0131s\u0131yla serbest\u00e7e genle\u015febilmesidir(Edcore %5 ile Edcore-Max %7 aras\u0131nda). Bu tasar\u0131m\u0131 d\u00fcnyada \u00fcretebilen ve sanayile\u015ftirebilen tek firmay\u0131z. Rakip firmalar\u0131n membranlar\u0131n\u0131 d\u00fcz tutunabilmesi i\u00e7in membranlar\u0131n i\u00e7 k\u0131sm\u0131na plastik grid koymalar\u0131 gerekmektedir. Bu gridin dezavantajlar\u0131: Kaplama y\u00fczey alan kayb\u0131, Elektrotlar\u0131n \u015fekilsiz a\u015f\u0131nmas\u0131, Bakteri olu\u015fumunu [&hellip;]<\/p>\n","protected":false},"author":1,"featured_media":533,"parent":2496,"menu_order":0,"comment_status":"closed","ping_status":"closed","template":"pages\/page-full.php","meta":{"footnotes":""},"class_list":["post-2498","page","type-page","status-publish","has-post-thumbnail","hentry"],"_links":{"self":[{"href":"https:\/\/akafor.com\/en\/wp-json\/wp\/v2\/pages\/2498","targetHints":{"allow":["GET"]}}],"collection":[{"href":"https:\/\/akafor.com\/en\/wp-json\/wp\/v2\/pages"}],"about":[{"href":"https:\/\/akafor.com\/en\/wp-json\/wp\/v2\/types\/page"}],"author":[{"embeddable":true,"href":"https:\/\/akafor.com\/en\/wp-json\/wp\/v2\/users\/1"}],"replies":[{"embeddable":true,"href":"https:\/\/akafor.com\/en\/wp-json\/wp\/v2\/comments?post=2498"}],"version-history":[{"count":25,"href":"https:\/\/akafor.com\/en\/wp-json\/wp\/v2\/pages\/2498\/revisions"}],"predecessor-version":[{"id":2541,"href":"https:\/\/akafor.com\/en\/wp-json\/wp\/v2\/pages\/2498\/revisions\/2541"}],"up":[{"embeddable":true,"href":"https:\/\/akafor.com\/en\/wp-json\/wp\/v2\/pages\/2496"}],"wp:featuredmedia":[{"embeddable":true,"href":"https:\/\/akafor.com\/en\/wp-json\/wp\/v2\/media\/533"}],"wp:attachment":[{"href":"https:\/\/akafor.com\/en\/wp-json\/wp\/v2\/media?parent=2498"}],"curies":[{"name":"wp","href":"https:\/\/api.w.org\/{rel}","templated":true}]}}