{"id":2542,"date":"2021-10-07T12:10:51","date_gmt":"2021-10-07T09:10:51","guid":{"rendered":"https:\/\/neyesek.co\/?page_id=2542"},"modified":"2022-02-09T10:22:40","modified_gmt":"2022-02-09T07:22:40","slug":"uf-modul","status":"publish","type":"page","link":"https:\/\/akafor.com\/en\/kataforez\/urunler\/uf-modul\/","title":{"rendered":"UF Mod\u00fcl"},"content":{"rendered":"\n<p>D\u00fcnyan\u0131n \u00f6nde gelen bir \u00e7ok otomobil, yedek par\u00e7a, metal par\u00e7a i\u015flemecili\u011fi \u00fcreticileri elektrokaplama \u00e7\u00f6z\u00fcmlerinde partnerimiz&nbsp;<strong>Koch Separation Solution<\/strong>&nbsp;taraf\u0131ndan geli\u015ftirilen membranlar\u0131 tercih etmektedirler.&nbsp;<\/p>\n\n\n\n<p><strong>KPAK PLUS<\/strong>&nbsp;\u00fcr\u00fcnleri elektrokaplama boya uygulamas\u0131n\u0131n zorlu ortam\u0131nda minimum ayak izi b\u0131rakacak \u015fekilde tasarlanm\u0131\u015ft\u0131r, g\u00fcvenli, tutarl\u0131 ve g\u00fcvenilir bir \u00e7al\u0131\u015fma sa\u011flar.<\/p>\n\n\n\n<p><strong>KPAK PLUS<\/strong>&nbsp;\u00fcr\u00fcnleri ba\u011f\u0131ms\u0131z,s\u00f6k\u00fcl\u00fcp tak\u0131labilir plastik g\u00f6vde tasar\u0131m\u0131yla h\u0131zl\u0131 kurulum ve s\u00f6k\u00fcm kolayl\u0131\u011f\u0131 sa\u011flamaktad\u0131r. Polivinilidin florit (PVDF) kimyas\u0131 kullan\u0131larak \u00fcretilen membran\u0131 elektrokaplama i\u015flemlerinde en iyi&nbsp;\u00e7\u00f6z\u00fcm\u00fc sa\u011flar.<\/p>\n\n\n\n<p>Kendine has tasar\u0131m\u0131yla minimum alanda maksimum memban y\u00fczey alan\u0131na sahiptir(KPAK PLUS 8\u201d Mod\u00fcllerde 30,6 m<sup>2<\/sup>&nbsp;membran alan\u0131 bulunmaktad\u0131r). Rakiplerine g\u00f6re %15 daha verimlidir.<\/p>\n\n\n\n<p>Koch Seperation Solution, memranlar\u0131n bak\u0131m\u0131 ve temizli\u011fi i\u00e7in \u00f6zel kimyasallar da geli\u015ftirmi\u015ftir. Ayr\u0131nt\u0131l\u0131 bilgi <a href=\"https:\/\/akafor.com\/kataforez\/urunler\/kimyasallar\/\"><strong>Kimyasallar<\/strong><\/a><\/p>\n\n\n\n<p><\/p>\n\n\n\n<p><\/p>\n\n\n\n<p><\/p>\n\n\n\n<p><i class=\"fa fa-download\" aria-hidden=\"true\"><\/i><strong><a href=\"https:\/\/akafor.com\/wp-content\/uploads\/2021\/10\/kpak-plus-10-inch-modules-for-e-coat-paint.pdf\" target=\"_blank\" rel=\"noreferrer noopener\">KPAK\u00ae PLUS 10&#8243; MODULES FOR E-COAT PAINT<\/a><\/strong><\/p>\n\n\n\n<p><i class=\"fa fa-download\" aria-hidden=\"true\"><\/i><a href=\"https:\/\/www.akafor.com\/upload\/files\/kpak-plus-8-inch-modules-for-e-coat-paint.pdf\" target=\"_blank\" rel=\"noreferrer noopener\"><strong>KPAK\u00ae PLUS 8&#8243; MODULES FOR E-COAT PAINT<\/strong><\/a><\/p>\n\n\n\n<p><i class=\"fa fa-download\" aria-hidden=\"true\"><\/i><a href=\"https:\/\/www.akafor.com\/upload\/files\/7533-plus-flanged-modules-for-e-coat-paint.pdf\" target=\"_blank\" rel=\"noreferrer noopener\"><strong>7533 PLUS FLANGED UF MODULES FOR E-COAT PAINT<\/strong><\/a><\/p>\n\n\n\n<p><i class=\"fa fa-download\" aria-hidden=\"true\"><\/i><a href=\"https:\/\/www.akafor.com\/upload\/files\/7640-plus-drop-In-uf-spirals-for-e-coat-paint.pdf\" target=\"_blank\" rel=\"noreferrer noopener\"><strong>7640 PLUS E-COAT DROP IN SPIRAL<\/strong><\/a><\/p>\n\n\n\n<p><i class=\"fa fa-download\" aria-hidden=\"true\"><\/i><a href=\"https:\/\/www.akafor.com\/upload\/files\/8040-plus-drop-In-uf-spirals-for-e-coat-paint(1).pdf\" target=\"_blank\" rel=\"noreferrer noopener\"><strong>8040 PLUS E-COAT DROP IN SPIRAL<\/strong><\/a><\/p>\n\n\n\n<p><i class=\"fa fa-download\" aria-hidden=\"true\"><\/i><strong><a href=\"https:\/\/akafor.com\/wp-content\/uploads\/2021\/10\/Koch-UF-Modul-Brosuru.pdf\" target=\"_blank\" rel=\"noreferrer noopener\">Koch-UF Mod\u00fcl Bro\u015f\u00fcr <\/a><\/strong><\/p>\n\n\n\n<p><i class=\"fa fa-download\" aria-hidden=\"true\"><\/i><strong><a href=\"https:\/\/akafor.com\/wp-content\/uploads\/2021\/10\/KPAK-bakim-klavuzu-2015-versiyonu.pdf\" target=\"_blank\" rel=\"noreferrer noopener\">KPAK Bak\u0131m Klavuzu-2015 versiyonu <\/a><\/strong><\/p>\n","protected":false},"excerpt":{"rendered":"<p>D\u00fcnyan\u0131n \u00f6nde gelen bir \u00e7ok otomobil, yedek par\u00e7a, metal par\u00e7a i\u015flemecili\u011fi \u00fcreticileri elektrokaplama \u00e7\u00f6z\u00fcmlerinde partnerimiz&nbsp;Koch Separation Solution&nbsp;taraf\u0131ndan geli\u015ftirilen membranlar\u0131 tercih etmektedirler.&nbsp; KPAK PLUS&nbsp;\u00fcr\u00fcnleri elektrokaplama boya uygulamas\u0131n\u0131n zorlu ortam\u0131nda minimum ayak izi b\u0131rakacak \u015fekilde tasarlanm\u0131\u015ft\u0131r, g\u00fcvenli, tutarl\u0131 ve g\u00fcvenilir bir \u00e7al\u0131\u015fma sa\u011flar. KPAK PLUS&nbsp;\u00fcr\u00fcnleri ba\u011f\u0131ms\u0131z,s\u00f6k\u00fcl\u00fcp tak\u0131labilir plastik g\u00f6vde tasar\u0131m\u0131yla h\u0131zl\u0131 kurulum ve s\u00f6k\u00fcm kolayl\u0131\u011f\u0131 sa\u011flamaktad\u0131r. Polivinilidin [&hellip;]<\/p>\n","protected":false},"author":1,"featured_media":1075,"parent":2496,"menu_order":0,"comment_status":"closed","ping_status":"closed","template":"pages\/page-full.php","meta":{"footnotes":""},"class_list":["post-2542","page","type-page","status-publish","has-post-thumbnail","hentry"],"_links":{"self":[{"href":"https:\/\/akafor.com\/en\/wp-json\/wp\/v2\/pages\/2542","targetHints":{"allow":["GET"]}}],"collection":[{"href":"https:\/\/akafor.com\/en\/wp-json\/wp\/v2\/pages"}],"about":[{"href":"https:\/\/akafor.com\/en\/wp-json\/wp\/v2\/types\/page"}],"author":[{"embeddable":true,"href":"https:\/\/akafor.com\/en\/wp-json\/wp\/v2\/users\/1"}],"replies":[{"embeddable":true,"href":"https:\/\/akafor.com\/en\/wp-json\/wp\/v2\/comments?post=2542"}],"version-history":[{"count":8,"href":"https:\/\/akafor.com\/en\/wp-json\/wp\/v2\/pages\/2542\/revisions"}],"predecessor-version":[{"id":2563,"href":"https:\/\/akafor.com\/en\/wp-json\/wp\/v2\/pages\/2542\/revisions\/2563"}],"up":[{"embeddable":true,"href":"https:\/\/akafor.com\/en\/wp-json\/wp\/v2\/pages\/2496"}],"wp:featuredmedia":[{"embeddable":true,"href":"https:\/\/akafor.com\/en\/wp-json\/wp\/v2\/media\/1075"}],"wp:attachment":[{"href":"https:\/\/akafor.com\/en\/wp-json\/wp\/v2\/media?parent=2542"}],"curies":[{"name":"wp","href":"https:\/\/api.w.org\/{rel}","templated":true}]}}