{"id":2560,"date":"2021-10-07T12:30:36","date_gmt":"2021-10-07T09:30:36","guid":{"rendered":"https:\/\/neyesek.co\/?page_id=2560"},"modified":"2022-02-09T10:25:23","modified_gmt":"2022-02-09T07:25:23","slug":"kimyasallar","status":"publish","type":"page","link":"https:\/\/akafor.com\/en\/kataforez\/urunler\/kimyasallar\/","title":{"rendered":"Kimyasallar"},"content":{"rendered":"\n<p>Akafor olarak , \u00fcr\u00fcnlerimizin daha uzun s\u00fcreli ve verimli \u00e7al\u0131\u015fabilmesi i\u00e7in periodik&nbsp;olarak bak\u0131m\u0131lar\u0131n\u0131n&nbsp;yap\u0131lmas\u0131n\u0131 \u00f6nermekteyiz.<\/p>\n\n\n\n<p>Sekt\u00f6rdeki 20 y\u0131ll\u0131k tecr\u00fcbemizle, prosesler i\u00e7in en uygun kimyasal \u00e7\u00f6z\u00fcmleri sunmaktay\u0131z. Kimyasal \u00e7\u00f6z\u00fcmlerimiz \u00fcretim performans\u0131n\u0131 artt\u0131r\u0131r, kimyasal miktar\u0131n\u0131 ve temizleme s\u00fcresini azaltarak temizlik maliyetini d\u00fc\u015f\u00fcr\u00fcr, \u00fcr\u00fcnlerin zaman\u0131ndan \u00f6nce de\u011fi\u015ftirilmesini engelleyerek yedek par\u00e7a yat\u0131r\u0131m maliyetini en aza indirir, maliyet a\u00e7\u0131s\u0131ndan optimize edilmi\u015f bir \u00e7al\u0131\u015fma sa\u011flar.<\/p>\n\n\n\n<ul class=\"wp-block-list\"><li><a href=\"https:\/\/akafor.com\/kataforez\/urunler\/kimyasallar\/membran-yikama-kimyasallari\/\">Membran Y\u0131kama Kimyasallar\u0131<\/a><\/li><li><a href=\"https:\/\/akafor.com\/kataforez\/urunler\/kimyasallar\/anot-elektrot-temizleme-kimyasallari\/\">Anot-Elektrot Temizleme Kimyasallar\u0131<\/a><\/li><li><a href=\"https:\/\/akafor.com\/kataforez\/urunler\/kimyasallar\/aritma-ve-cokertme-kimyasallari\/\">Ar\u0131tma ve \u00c7\u00f6kertme Kimyasallar\u0131<\/a><\/li><\/ul>\n","protected":false},"excerpt":{"rendered":"<p>Akafor olarak , \u00fcr\u00fcnlerimizin daha uzun s\u00fcreli ve verimli \u00e7al\u0131\u015fabilmesi i\u00e7in periodik&nbsp;olarak bak\u0131m\u0131lar\u0131n\u0131n&nbsp;yap\u0131lmas\u0131n\u0131 \u00f6nermekteyiz. Sekt\u00f6rdeki 20 y\u0131ll\u0131k tecr\u00fcbemizle, prosesler i\u00e7in en uygun kimyasal \u00e7\u00f6z\u00fcmleri sunmaktay\u0131z. Kimyasal \u00e7\u00f6z\u00fcmlerimiz \u00fcretim performans\u0131n\u0131 artt\u0131r\u0131r, kimyasal miktar\u0131n\u0131 ve temizleme s\u00fcresini azaltarak temizlik maliyetini d\u00fc\u015f\u00fcr\u00fcr, \u00fcr\u00fcnlerin zaman\u0131ndan \u00f6nce de\u011fi\u015ftirilmesini engelleyerek yedek par\u00e7a yat\u0131r\u0131m maliyetini en aza indirir, maliyet a\u00e7\u0131s\u0131ndan optimize edilmi\u015f [&hellip;]<\/p>\n","protected":false},"author":1,"featured_media":412,"parent":2496,"menu_order":0,"comment_status":"closed","ping_status":"closed","template":"pages\/page-full.php","meta":{"footnotes":""},"class_list":["post-2560","page","type-page","status-publish","has-post-thumbnail","hentry"],"_links":{"self":[{"href":"https:\/\/akafor.com\/en\/wp-json\/wp\/v2\/pages\/2560","targetHints":{"allow":["GET"]}}],"collection":[{"href":"https:\/\/akafor.com\/en\/wp-json\/wp\/v2\/pages"}],"about":[{"href":"https:\/\/akafor.com\/en\/wp-json\/wp\/v2\/types\/page"}],"author":[{"embeddable":true,"href":"https:\/\/akafor.com\/en\/wp-json\/wp\/v2\/users\/1"}],"replies":[{"embeddable":true,"href":"https:\/\/akafor.com\/en\/wp-json\/wp\/v2\/comments?post=2560"}],"version-history":[{"count":2,"href":"https:\/\/akafor.com\/en\/wp-json\/wp\/v2\/pages\/2560\/revisions"}],"predecessor-version":[{"id":2574,"href":"https:\/\/akafor.com\/en\/wp-json\/wp\/v2\/pages\/2560\/revisions\/2574"}],"up":[{"embeddable":true,"href":"https:\/\/akafor.com\/en\/wp-json\/wp\/v2\/pages\/2496"}],"wp:featuredmedia":[{"embeddable":true,"href":"https:\/\/akafor.com\/en\/wp-json\/wp\/v2\/media\/412"}],"wp:attachment":[{"href":"https:\/\/akafor.com\/en\/wp-json\/wp\/v2\/media?parent=2560"}],"curies":[{"name":"wp","href":"https:\/\/api.w.org\/{rel}","templated":true}]}}