{"id":2575,"date":"2021-10-07T15:05:43","date_gmt":"2021-10-07T12:05:43","guid":{"rendered":"https:\/\/neyesek.co\/?page_id=2575"},"modified":"2022-02-09T10:31:57","modified_gmt":"2022-02-09T07:31:57","slug":"on-filtreleme-ekipmanlari","status":"publish","type":"page","link":"https:\/\/akafor.com\/en\/kataforez\/urunler\/on-filtreleme-ekipmanlari\/","title":{"rendered":"\u00d6n Filtreleme Ekipmanlar\u0131"},"content":{"rendered":"\n<p><strong>TORBA F\u0130LTRELER<\/strong><\/p>\n\n\n\n<p>Torba Filtreler ,&nbsp;paslanmaz \u00e7elik ve PVC Torba filtre kasalar\u0131 i\u00e7erisinde; sudaki ve boyadaki kirliliklerin ihtiya\u00e7 duyulan mikronlarda&nbsp; (1-5-10-100-200) ar\u0131t\u0131lmas\u0131n\u0131 sa\u011flayan Polipropilen, Monoflament veya Polyester malzemeden \u00fcretilmi\u015f filtrelerdir. \u00dcr\u00fcnlerimiz m\u00fc\u015fterilerimizin ihtiya\u00e7lar\u0131na cevap verebilmek ad\u0131na istenilen boyutlarda \u00fcretilmektedir.<\/p>\n\n\n\n<p><strong>KARTU\u015e F\u0130LTRELER<\/strong><\/p>\n\n\n\n<p>Kartu\u015f Filtreler, Su ar\u0131tma ve boya tesislerinde hassas filtrasyon sa\u011flayabilmek i\u00e7in kullan\u0131lmaktad\u0131r. 5-25-50 mikron filtrasyon&nbsp; gerektiren prosessler i\u00e7in uygundur.<\/p>\n\n\n\n<p><strong>MANYET\u0130K F\u0130LTRELER<\/strong><\/p>\n\n\n\n<p>Manyetik Filtreler; boya ve y\u0131kama sular\u0131n\u0131n i\u00e7erisindeki mikron \u00f6l\u00e7\u00fclerdeki metal tozlar\u0131n\u0131 toplayan ayr\u0131\u015ft\u0131r\u0131c\u0131lard\u0131r .Akan s\u0131v\u0131da bulunan kopmu\u015f metal tozlar\u0131 ve korozyonun sebep oldu\u011fu pas\u0131 tutar. M\u00fc\u015fterilerimizin talep ve ihtiya\u00e7lar\u0131 do\u011frultusunda en uygun \u015fekil ve \u00f6l\u00e7\u00fclerde \u00fcretim yapmaktay\u0131z.<\/p>\n\n\n\n<p><strong>TORBA F\u0130LTRE KASALARI<\/strong><\/p>\n\n\n\n<p>Paslanmaz \u00e7elik ve PVC den olu\u015fan filtre kasalar\u0131 ; sudaki ve boyadaki kirliliklerin ihtiya\u00e7 duyulan mikronlarda&nbsp; (1-5-10-100-200) ar\u0131t\u0131lmas\u0131n\u0131 sa\u011flayan sistemlerin \u00f6nemli bir par\u00e7as\u0131d\u0131r.<\/p>\n","protected":false},"excerpt":{"rendered":"<p>TORBA F\u0130LTRELER Torba Filtreler ,&nbsp;paslanmaz \u00e7elik ve PVC Torba filtre kasalar\u0131 i\u00e7erisinde; sudaki ve boyadaki kirliliklerin ihtiya\u00e7 duyulan mikronlarda&nbsp; (1-5-10-100-200) ar\u0131t\u0131lmas\u0131n\u0131 sa\u011flayan Polipropilen, Monoflament veya Polyester malzemeden \u00fcretilmi\u015f filtrelerdir. \u00dcr\u00fcnlerimiz m\u00fc\u015fterilerimizin ihtiya\u00e7lar\u0131na cevap verebilmek ad\u0131na istenilen boyutlarda \u00fcretilmektedir. KARTU\u015e F\u0130LTRELER Kartu\u015f Filtreler, Su ar\u0131tma ve boya tesislerinde hassas filtrasyon sa\u011flayabilmek i\u00e7in kullan\u0131lmaktad\u0131r. 5-25-50 mikron filtrasyon&nbsp; [&hellip;]<\/p>\n","protected":false},"author":1,"featured_media":2929,"parent":2496,"menu_order":0,"comment_status":"closed","ping_status":"closed","template":"pages\/page-full.php","meta":{"footnotes":""},"class_list":["post-2575","page","type-page","status-publish","has-post-thumbnail","hentry"],"_links":{"self":[{"href":"https:\/\/akafor.com\/en\/wp-json\/wp\/v2\/pages\/2575","targetHints":{"allow":["GET"]}}],"collection":[{"href":"https:\/\/akafor.com\/en\/wp-json\/wp\/v2\/pages"}],"about":[{"href":"https:\/\/akafor.com\/en\/wp-json\/wp\/v2\/types\/page"}],"author":[{"embeddable":true,"href":"https:\/\/akafor.com\/en\/wp-json\/wp\/v2\/users\/1"}],"replies":[{"embeddable":true,"href":"https:\/\/akafor.com\/en\/wp-json\/wp\/v2\/comments?post=2575"}],"version-history":[{"count":1,"href":"https:\/\/akafor.com\/en\/wp-json\/wp\/v2\/pages\/2575\/revisions"}],"predecessor-version":[{"id":2576,"href":"https:\/\/akafor.com\/en\/wp-json\/wp\/v2\/pages\/2575\/revisions\/2576"}],"up":[{"embeddable":true,"href":"https:\/\/akafor.com\/en\/wp-json\/wp\/v2\/pages\/2496"}],"wp:featuredmedia":[{"embeddable":true,"href":"https:\/\/akafor.com\/en\/wp-json\/wp\/v2\/media\/2929"}],"wp:attachment":[{"href":"https:\/\/akafor.com\/en\/wp-json\/wp\/v2\/media?parent=2575"}],"curies":[{"name":"wp","href":"https:\/\/api.w.org\/{rel}","templated":true}]}}