{"id":2585,"date":"2021-10-07T15:35:53","date_gmt":"2021-10-07T12:35:53","guid":{"rendered":"https:\/\/neyesek.co\/?page_id=2585"},"modified":"2022-02-15T10:59:53","modified_gmt":"2022-02-15T07:59:53","slug":"proje-danismanlik","status":"publish","type":"page","link":"https:\/\/akafor.com\/en\/kataforez\/cozumler\/proje-danismanlik\/","title":{"rendered":"Proje Dan\u0131\u015fmanl\u0131k"},"content":{"rendered":"\n<p><strong>MEVCUT S\u0130STEM DANI\u015eMANLI\u011eI<\/strong><\/p>\n\n\n\n<p>Akafor olarak konusunda uzman kadromuzla, mevcut sistemlerin iyile\u015ftirilmesi, sistem performans\u0131n\u0131n artt\u0131r\u0131lmas\u0131, \u00fcretim maliyetlerinin d\u00fc\u015f\u00fcr\u00fclmesi, olu\u015fabilecek ve olu\u015fmu\u015f problemlerin tespiti ve \u00e7\u00f6z\u00fcm\u00fc, \u00fcr\u00fcn kalitesinin artt\u0131r\u0131lmas\u0131na y\u00f6nelik dan\u0131\u015fmanl\u0131k hizmetleri vermekteyiz<\/p>\n\n\n\n<p><strong>YEN\u0130 S\u0130STEM DANI\u015eMANLI\u011eI<\/strong><\/p>\n\n\n\n<p>Sekt\u00f6rdeki 20 y\u0131l\u0131 a\u015fan tecr\u00fcbemizle proje dizaynlar\u0131m\u0131z her bir projeye \u00f6zel uygulan\u0131r. M\u00fc\u015fterilerimizin talepleri ve ihtiya\u00e7lar\u0131 do\u011frultusunda alan\u0131nda uzman kadromuzla en iyi \u00e7\u00f6z\u00fcmleri sunmaktay\u0131z.<\/p>\n","protected":false},"excerpt":{"rendered":"<p>MEVCUT S\u0130STEM DANI\u015eMANLI\u011eI Akafor olarak konusunda uzman kadromuzla, mevcut sistemlerin iyile\u015ftirilmesi, sistem performans\u0131n\u0131n artt\u0131r\u0131lmas\u0131, \u00fcretim maliyetlerinin d\u00fc\u015f\u00fcr\u00fclmesi, olu\u015fabilecek ve olu\u015fmu\u015f problemlerin tespiti ve \u00e7\u00f6z\u00fcm\u00fc, \u00fcr\u00fcn kalitesinin artt\u0131r\u0131lmas\u0131na y\u00f6nelik dan\u0131\u015fmanl\u0131k hizmetleri vermekteyiz YEN\u0130 S\u0130STEM DANI\u015eMANLI\u011eI Sekt\u00f6rdeki 20 y\u0131l\u0131 a\u015fan tecr\u00fcbemizle proje dizaynlar\u0131m\u0131z her bir projeye \u00f6zel uygulan\u0131r. M\u00fc\u015fterilerimizin talepleri ve ihtiya\u00e7lar\u0131 do\u011frultusunda alan\u0131nda uzman kadromuzla en [&hellip;]<\/p>\n","protected":false},"author":1,"featured_media":2935,"parent":2583,"menu_order":0,"comment_status":"closed","ping_status":"closed","template":"pages\/page-full.php","meta":{"footnotes":""},"class_list":["post-2585","page","type-page","status-publish","has-post-thumbnail","hentry"],"_links":{"self":[{"href":"https:\/\/akafor.com\/en\/wp-json\/wp\/v2\/pages\/2585","targetHints":{"allow":["GET"]}}],"collection":[{"href":"https:\/\/akafor.com\/en\/wp-json\/wp\/v2\/pages"}],"about":[{"href":"https:\/\/akafor.com\/en\/wp-json\/wp\/v2\/types\/page"}],"author":[{"embeddable":true,"href":"https:\/\/akafor.com\/en\/wp-json\/wp\/v2\/users\/1"}],"replies":[{"embeddable":true,"href":"https:\/\/akafor.com\/en\/wp-json\/wp\/v2\/comments?post=2585"}],"version-history":[{"count":1,"href":"https:\/\/akafor.com\/en\/wp-json\/wp\/v2\/pages\/2585\/revisions"}],"predecessor-version":[{"id":2586,"href":"https:\/\/akafor.com\/en\/wp-json\/wp\/v2\/pages\/2585\/revisions\/2586"}],"up":[{"embeddable":true,"href":"https:\/\/akafor.com\/en\/wp-json\/wp\/v2\/pages\/2583"}],"wp:featuredmedia":[{"embeddable":true,"href":"https:\/\/akafor.com\/en\/wp-json\/wp\/v2\/media\/2935"}],"wp:attachment":[{"href":"https:\/\/akafor.com\/en\/wp-json\/wp\/v2\/media?parent=2585"}],"curies":[{"name":"wp","href":"https:\/\/api.w.org\/{rel}","templated":true}]}}