{"id":2598,"date":"2021-10-07T16:39:49","date_gmt":"2021-10-07T13:39:49","guid":{"rendered":"https:\/\/neyesek.co\/?page_id=2598"},"modified":"2021-10-07T17:07:34","modified_gmt":"2021-10-07T14:07:34","slug":"sistemler","status":"publish","type":"page","link":"https:\/\/akafor.com\/en\/kataforez\/sistemler\/","title":{"rendered":"Sistemler-kataforez"},"content":{"rendered":"\n<p>Membran teknolojisinde sekt\u00f6r\u00fcn \u00f6nc\u00fc kurulu\u015fu olarak T\u00fcrkiye Temsilcisi oldu\u011fumuz KSS firmas\u0131n\u0131n m\u00fchendisleri, \u00f6zel filtrasyon \u00e7\u00f6z\u00fcmleri konusunda m\u00fckemmel bir i\u015f \u00e7\u0131karmaktad\u0131rlar.&nbsp; Yakla\u015f\u0131k 50 y\u0131ld\u0131r tasar\u0131m, \u00fcretim ve \u00f6zel sipari\u015f \u00fczerine sistem tasar\u0131m\u0131nda lider durumdad\u0131r.&nbsp; KSS m\u00fchendislerinin e\u015fsiz filtrasyon bilgileri ve uygulama becerilerindeki yetkinlikleri; kalite, verimlilik ve maliyet kontrol\u00fc hedeflerinde ba\u015far\u0131y\u0131 sa\u011flayan sistem geli\u015fimi i\u00e7in ana dayanak noktalar\u0131d\u0131r.&nbsp;<\/p>\n\n\n\n<p>Programlama ve kumandalar\u0131 i\u00e7eren kapsaml\u0131 KSS teknolojisi, hali haz\u0131rdaki herhangi bir operasyona b\u00fct\u00fcn\u00fcyle entegre edilebilmektedir.&nbsp; Konseptin belirlenmesi a\u015famas\u0131ndan, pilotaj \u00e7al\u0131\u015fmalar\u0131na ve devaml\u0131 destek avantajlar\u0131na kadar, fevkalade bir sonu\u00e7 elde etmenizi sa\u011flayacak tecr\u00fcbeye sahiptir.<\/p>\n\n\n\n<p>Ayr\u0131ca AKAFOR, &nbsp;KSS\u2019in dete\u011fiyle T\u00fcrkiye\u2019de \u00e7e\u015fitli ebat ve modellerde \u00f6n m\u00fchendislik sistemleri sunmaktad\u0131r.&nbsp; Uygun maliyetli, \u00e7evreyle dost ve h\u0131zl\u0131 kurulum \u00f6zelli\u011fine sahip bu sistemler \u00f6zel uygulamalar\u0131n\u0131za kolayca uyarlanabilmektedir.<\/p>\n\n\n\n<p>D\u00fcnya \u00e7ap\u0131ndaki m\u00fchendis kadrosuyla talep etti\u011finiz \u00e7\u00f6z\u00fcm\u00fc; kurulum, yap\u0131land\u0131rma, s\u00fcrekli uzun \u00f6m\u00fcr ve ola\u011fan\u00fcst\u00fc performans avantajlar\u0131 ile sizlerin hizmetine sunuyor. \u00a0Biz her zaman teknik ekibimizle yan\u0131n\u0131zday\u0131z.<\/p>\n\n\n\n<ul class=\"wp-block-list\"><li><a href=\"https:\/\/akafor.com\/kataforez\/sistemler\/anolit-sistemleri\/\">Anolit Sistemleri<\/a><\/li><li><a href=\"https:\/\/akafor.com\/kataforez\/sistemler\/uf-modul-sistemleri\/\">UF Mod\u00fcl Sistemleri<\/a><\/li><li><a href=\"https:\/\/akafor.com\/kataforez\/sistemler\/karistirma-sistemleri\/\">Kar\u0131\u015ft\u0131rma Sistemleri<\/a><\/li><li><a href=\"https:\/\/akafor.com\/kataforez\/sistemler\/salmastra-sistemi\/\">Salmastra Sistemleri<\/a><\/li><\/ul>\n","protected":false},"excerpt":{"rendered":"<p>Membran teknolojisinde sekt\u00f6r\u00fcn \u00f6nc\u00fc kurulu\u015fu olarak T\u00fcrkiye Temsilcisi oldu\u011fumuz KSS firmas\u0131n\u0131n m\u00fchendisleri, \u00f6zel filtrasyon \u00e7\u00f6z\u00fcmleri konusunda m\u00fckemmel bir i\u015f \u00e7\u0131karmaktad\u0131rlar.&nbsp; Yakla\u015f\u0131k 50 y\u0131ld\u0131r tasar\u0131m, \u00fcretim ve \u00f6zel sipari\u015f \u00fczerine sistem tasar\u0131m\u0131nda lider durumdad\u0131r.&nbsp; KSS m\u00fchendislerinin e\u015fsiz filtrasyon bilgileri ve uygulama becerilerindeki yetkinlikleri; kalite, verimlilik ve maliyet kontrol\u00fc hedeflerinde ba\u015far\u0131y\u0131 sa\u011flayan sistem geli\u015fimi i\u00e7in ana dayanak [&hellip;]<\/p>\n","protected":false},"author":1,"featured_media":0,"parent":517,"menu_order":0,"comment_status":"closed","ping_status":"closed","template":"pages\/page-full.php","meta":{"footnotes":""},"class_list":["post-2598","page","type-page","status-publish","hentry"],"_links":{"self":[{"href":"https:\/\/akafor.com\/en\/wp-json\/wp\/v2\/pages\/2598","targetHints":{"allow":["GET"]}}],"collection":[{"href":"https:\/\/akafor.com\/en\/wp-json\/wp\/v2\/pages"}],"about":[{"href":"https:\/\/akafor.com\/en\/wp-json\/wp\/v2\/types\/page"}],"author":[{"embeddable":true,"href":"https:\/\/akafor.com\/en\/wp-json\/wp\/v2\/users\/1"}],"replies":[{"embeddable":true,"href":"https:\/\/akafor.com\/en\/wp-json\/wp\/v2\/comments?post=2598"}],"version-history":[{"count":4,"href":"https:\/\/akafor.com\/en\/wp-json\/wp\/v2\/pages\/2598\/revisions"}],"predecessor-version":[{"id":2633,"href":"https:\/\/akafor.com\/en\/wp-json\/wp\/v2\/pages\/2598\/revisions\/2633"}],"up":[{"embeddable":true,"href":"https:\/\/akafor.com\/en\/wp-json\/wp\/v2\/pages\/517"}],"wp:attachment":[{"href":"https:\/\/akafor.com\/en\/wp-json\/wp\/v2\/media?parent=2598"}],"curies":[{"name":"wp","href":"https:\/\/api.w.org\/{rel}","templated":true}]}}