{"id":2642,"date":"2021-10-19T14:37:44","date_gmt":"2021-10-19T11:37:44","guid":{"rendered":"https:\/\/neyesek.co\/?page_id=2642"},"modified":"2021-10-19T14:37:45","modified_gmt":"2021-10-19T11:37:45","slug":"iyon-degistirici-sistemler","status":"publish","type":"page","link":"https:\/\/akafor.com\/en\/iyon-degistirici-sistemler\/","title":{"rendered":"\u0130yon De\u011fi\u015ftirici Sistemler"},"content":{"rendered":"","protected":false},"excerpt":{"rendered":"","protected":false},"author":1,"featured_media":0,"parent":0,"menu_order":0,"comment_status":"closed","ping_status":"closed","template":"edits\/page-widget.php","meta":{"footnotes":""},"class_list":["post-2642","page","type-page","status-publish","hentry"],"_links":{"self":[{"href":"https:\/\/akafor.com\/en\/wp-json\/wp\/v2\/pages\/2642","targetHints":{"allow":["GET"]}}],"collection":[{"href":"https:\/\/akafor.com\/en\/wp-json\/wp\/v2\/pages"}],"about":[{"href":"https:\/\/akafor.com\/en\/wp-json\/wp\/v2\/types\/page"}],"author":[{"embeddable":true,"href":"https:\/\/akafor.com\/en\/wp-json\/wp\/v2\/users\/1"}],"replies":[{"embeddable":true,"href":"https:\/\/akafor.com\/en\/wp-json\/wp\/v2\/comments?post=2642"}],"version-history":[{"count":1,"href":"https:\/\/akafor.com\/en\/wp-json\/wp\/v2\/pages\/2642\/revisions"}],"predecessor-version":[{"id":2643,"href":"https:\/\/akafor.com\/en\/wp-json\/wp\/v2\/pages\/2642\/revisions\/2643"}],"wp:attachment":[{"href":"https:\/\/akafor.com\/en\/wp-json\/wp\/v2\/media?parent=2642"}],"curies":[{"name":"wp","href":"https:\/\/api.w.org\/{rel}","templated":true}]}}