{"id":2705,"date":"2021-11-08T11:18:35","date_gmt":"2021-11-08T08:18:35","guid":{"rendered":"https:\/\/neyesek.co\/?page_id=2705"},"modified":"2021-12-07T12:05:14","modified_gmt":"2021-12-07T09:05:14","slug":"yuzey-islem","status":"publish","type":"page","link":"https:\/\/akafor.com\/en\/iyon-degistirici-sistemler\/sektorler\/yuzey-islem\/","title":{"rendered":"Metal Y\u00fczey \u0130\u015fleme"},"content":{"rendered":"\n<p><strong>Al\u00fcminyum Eloksal Prosesi <\/strong><\/p>\n\n\n\n<ul class=\"wp-block-list\"><li><a href=\"https:\/\/akafor.com\/iyon-degistirici-sistemler\/iyon-degistirici-recineler\/apu-asit-aritma-unitesi\/\">Al\u00fcminyum y\u00fczey i\u015flem prosesinde asit geri kazan\u0131m\u0131<\/a><\/li><li>Al\u00fcminyum, otomotiv kaplamalar\u0131 ve mimari yap\u0131 \u00fcr\u00fcnleri i\u00e7in y\u00fczey i\u015flem i\u00e7in ideal bir temel sa\u011flar. Al\u00fcminyum eloksal at\u0131klar\u0131n\u0131n \u00e7o\u011fu, pH n\u00f6tralizasyonu ve kat\u0131 ay\u0131rma i\u015flemleri ile i\u015flenir. Eco-Tec, al\u00fcminyum y\u00fczey i\u015fleminde asidi geri kazanmak ve safla\u015ft\u0131rmak i\u00e7in \u00f6zel olarak tasarlanm\u0131\u015f bir dizi \u00fcr\u00fcn geli\u015ftirerek, sonu\u00e7ta asit al\u0131mlar\u0131n\u0131 ve n\u00f6tralizasyon maliyetlerini azaltarak, banyo d\u00f6k\u00fcm\u00fcn\u00fc ortadan kald\u0131rarak ve \u00fcr\u00fcn kalitesini ve tutarl\u0131l\u0131\u011f\u0131n\u0131 iyile\u015ftirdi.<\/li><li>Asit Safla\u015ft\u0131rma \u00dcnitesi (APU&#x2122;), banyodaki al\u00fcminyum konsantrasyonunu en aza indirmek ve stabiliteyi korumak i\u00e7in \u00e7\u00f6z\u00fcnm\u00fc\u015f al\u00fcminyumu asitlerden s\u00fcrekli olarak uzakla\u015ft\u0131rmak i\u00e7in kullan\u0131l\u0131r. Eloksal asidini kirletmeden \u00f6nce asidi \u00e7\u00f6z\u00fcnm\u00fc\u015f al\u00fcminyumdan ay\u0131rmak i\u00e7in bir re\u00e7ine sorpsiyon i\u015flemi kullan\u0131r. APU, hidroklorik asit, hidroklorik ve asetik asit, nitrik asit, fosforik asit ve s\u00fclf\u00fcrik asit dahil olmak \u00fczere \u00e7e\u015fitli asitlerin ve kar\u0131\u015f\u0131mlar\u0131n safla\u015ft\u0131r\u0131lmas\u0131 i\u00e7in kullan\u0131labilir.<\/li><\/ul>\n\n\n\n<ul class=\"wp-block-list\"><li><a href=\"https:\/\/akafor.com\/iyon-degistirici-sistemler\/iyon-degistirici-recineler\/anopur-asit-geri-kazanimi\/\">Al\u00fcminyum eloksal banyolar\u0131nda s\u00fclfirik asit geri kazan\u0131m\u0131<\/a><\/li><li>S\u00fclf\u00fcrik asit, \u00e7\u00f6zeltinin bo\u015falt\u0131lmas\u0131 ve taze asit ile de\u011fi\u015ftirilmesi gerekene kadar kademeli olarak biriken al\u00fcminyum oksidi \u00e7\u00f6zmek i\u00e7in al\u00fcminyum eloksalda yayg\u0131n olarak kullan\u0131l\u0131r. Eco-Tec teknolojisi, s\u00fcrekli olarak d\u00fc\u015f\u00fck konsantrasyonlar\u0131 korumak i\u00e7in \u00e7\u00f6z\u00fcnm\u00fc\u015f al\u00fcminyumu s\u00fclf\u00fcrik asitten s\u00fcrekli olarak uzakla\u015ft\u0131r\u0131r. Bu, banyo bo\u015faltma i\u015flemini ortadan kald\u0131r\u0131r, yedek asit maliyetlerini en aza indirir ve genel \u00fcr\u00fcn kalitesi ve \u00fcretim iyile\u015ftirmelerine yol a\u00e7an g\u00fcvenilir ve \u00f6ng\u00f6r\u00fclebilir bir \u00e7al\u0131\u015fma sa\u011flar.<\/li><li>Eco-Tec&#8217;in APU&#8217;suna dayanan AnoPur&#x2122; \u00fcnitesi, al\u00fcminyum eloksalda s\u00fclf\u00fcrik asidin safla\u015ft\u0131r\u0131lmas\u0131 i\u00e7in \u00f6zel olarak uyarlanm\u0131\u015ft\u0131r. Bu k\u00fc\u00e7\u00fck, fabrikada monte edilmi\u015f, k\u0131za\u011fa monte edilmi\u015f ekipman paketinde bir re\u00e7ine yata\u011f\u0131, borular, valfler ve kontroller bulunur. Tanktaki \u00e7\u00f6z\u00fcnm\u00fc\u015f al\u00fcminyumu s\u00fcrekli olarak uzakla\u015ft\u0131rmak i\u00e7in bir veya daha fazla eloksal tank\u0131na ba\u011flan\u0131r. Bu, eloksal \u00e7\u00f6zeltisinin, s\u00fclf\u00fcrik asit ve \u00e7\u00f6z\u00fcnm\u00fc\u015f al\u00fcminyumun ayr\u0131ld\u0131\u011f\u0131 bir re\u00e7ine yata\u011f\u0131ndan ge\u00e7irildi\u011fi basit bir i\u015flem kullan\u0131larak elde edilir. Re\u00e7ine, yaln\u0131zca su kullan\u0131larak periyodik olarak ve otomatik olarak yenilenir.<\/li><li><a href=\"https:\/\/akafor.com\/iyon-degistirici-sistemler\/iyon-degistirici-recineler\/cer-kostik-asit-geri-kazanim-sistemi\/\">Al\u00fcminyum eloksal prosesinde Kostik asit geri kazan\u0131m\u0131<\/a><\/li><li>Asit veya kimyasal \u00f6\u011f\u00fctme, \u00fcr\u00fcn y\u00fczeyinden gres, ya\u011f, kir ve kirleticileri \u00e7\u0131karmak i\u00e7in al\u00fcminyum eloksal\u0131n \u00f6nc\u00fcs\u00fc olarak kostik soda (agresif ve a\u015f\u0131nd\u0131r\u0131c\u0131 bir alkali kimyasal) kullan\u0131r. Bu genellikle, \u00f6nemli \u00e7evresel etkilerle ili\u015fkilendirilen, al\u00fcminyum son i\u015flem prosesindeki en b\u00fcy\u00fck i\u015fletme gideridir. Bir\u00e7ok tesis, kimyasal, at\u0131k ar\u0131tma ve i\u015f\u00e7ilik maliyetlerini azaltmak ve \u00fcr\u00fcn kalitesini art\u0131rmak i\u00e7in bu kimyasallar\u0131 geri d\u00f6n\u00fc\u015ft\u00fcrmeyi tercih ediyor.<\/li><li>Bayer prosesini temel alan Eco-Tec Caustic Etch Recovery (CER&#x2122;) sistemi, s\u00fcrekli olarak kristalle\u015fir ve \u00e7\u00f6z\u00fcnm\u00fc\u015f al\u00fcminyumu kostik soda asitleyicilerinden uzakla\u015ft\u0131r\u0131r ve kosti\u011fi geri d\u00f6n\u00fc\u015ft\u00fcr\u00fcr. Al\u00fcminyumun otomatik olarak \u00e7\u00f6keltilmesi, banyoya geri d\u00f6nen kostik soday\u0131 serbest b\u0131rak\u0131r. Elde edilen al\u00fcminyum trihidrat kristal malzeme, al\u00fcminyum \u00fcreticilerine sat\u0131l\u0131r.<\/li><li>CER sistemi, kostik soda al\u0131mlar\u0131n\u0131 %95&#8217;e kadar azaltabilir ve al\u00fcminyum at\u0131k \u00e7amur olu\u015fumunu \u00f6nemli \u00f6l\u00e7\u00fcde azaltabilir.<\/li><li><a href=\"https:\/\/akafor.com\/iyon-degistirici-sistemler\/iyon-degistirici-recineler\/dpu-fosforik-asit-geri-kazanim-sistemi\/\">Fosforik Asit ve Kar\u0131\u015f\u0131k Asit Geri Kazan\u0131m\u0131<\/a><\/li><li>Fosforik parlakl\u0131k, otomotiv ve cihaz kaplamalar\u0131, ayd\u0131nlatma armat\u00fcrleri, k\u00fcvet muhafazalar\u0131 ve du\u015f kap\u0131lar\u0131 gibi al\u00fcminyum \u00f6\u011felere olduk\u00e7a yans\u0131t\u0131c\u0131 bir y\u00fczey sa\u011flar. \u00c7o\u011fu bitki, fosforik asitlerini, durulamadan sonra, g\u00fcbre besleme sto\u011fu olarak yeniden kullan\u0131lan %35&#8217;lik bir sol\u00fcsyonda toplar, ancak Eco-Tec, al\u00fcminyum durulamalar\u0131n\u0131 ar\u0131nd\u0131rmak ve fosforik asidi parlak suya geri d\u00f6nd\u00fcrmek i\u00e7in Fosforik Asit Geri Kazan\u0131m Sistemini geli\u015ftirdi.<\/li><li>Eco-Tec DPU&#x2122;, borular\u0131, valfleri ve kontrolleri olan iki re\u00e7ine yata\u011f\u0131na sahip, fabrikada monte edilmi\u015f, k\u0131za\u011fa monte edilmi\u015f bir \u00fcnitedir. Rejenerant asit t\u00fcketimini en aza indirmek i\u00e7in asit sorpsiyonlu y\u00fcksek verimli katyon de\u011fi\u015fimi kullan\u0131r. DPU, geleneksel katyon de\u011fi\u015ftiricilere k\u0131yasla rejenerasyon i\u00e7in s\u00fclf\u00fcrik asidin sadece yakla\u015f\u0131k %15&#8217;ini kullan\u0131r, bu da al\u00fcminyum parlatma i\u00e7in fosforik asit al\u0131mlar\u0131nda %85&#8217;e varan azalmayla sonu\u00e7lan\u0131r.<\/li><\/ul>\n\n\n\n<p><strong>Nikel ve Krom kaplama prosesleri<\/strong><\/p>\n\n\n\n<ul class=\"wp-block-list\"><li><a href=\"https:\/\/akafor.com\/iyon-degistirici-sistemler\/iyon-degistirici-recineler\/chromapur-iyon-degisimi\/\">Krom Kaplamada at\u0131k geri kazan\u0131m\u0131<\/a><\/li><li>Sert krom kaplama i\u015flemlerinde, daha uzun kaplama s\u00fcreleri, daha y\u00fcksek voltajlar ve s\u0131k kaplama kusurlar\u0131 ile \u00f6l\u00e7\u00fcld\u00fc\u011f\u00fc \u00fczere, kaplama banyosunda metal kirleticiler birikerek performansta d\u00fc\u015f\u00fc\u015fe neden olur. Banyo de\u011fi\u015fimi gerekli hale gelir, maliyetli ve zaman al\u0131c\u0131 bir i\u015flemdir.<\/li><li>Eco-Tec&#8217;in ChromaPur&#x2122; \u00fcr\u00fcn\u00fc, bir veya daha fazla kaplama tank\u0131ndan kromik asit kaplama sol\u00fcsyonunu otomatik olarak i\u015fleyen k\u00fc\u00e7\u00fck, k\u0131zakl\u0131 bir cihazd\u0131r. Metalik kirleticileri gideren ve safla\u015ft\u0131r\u0131lm\u0131\u015f kromik asidin yeniden kullan\u0131m i\u00e7in ge\u00e7mesine izin veren Recoflo iyon de\u011fi\u015fim yata\u011f\u0131na dayanmaktad\u0131r. Sistem, ve 15 g\/L aras\u0131nda en uygun metal kirletici aral\u0131\u011f\u0131 se\u00e7ilerek daha da optimize edilebilir.<\/li><li><a href=\"https:\/\/akafor.com\/iyon-degistirici-sistemler\/iyon-degistirici-recineler\/nickelpur-iyon-degisimi\/\">Elektrokaplamada Nikel geri kazan\u0131m\u0131<\/a><\/li><li>Nikel s\u00fcz\u00fcnt\u00fcs\u00fc, nikel tuzu kayb\u0131 ve \u00e7amur olu\u015fumuyla sonu\u00e7lanan normal bir operasyonel olayd\u0131r. Hem nikelin yenilenmesi hem de \u00e7amur at\u0131k bertaraf\u0131, i\u015fletim maliyetlerini art\u0131rabilir ve i\u015fletim verimlili\u011fini etkileyebilir.<\/li><li>Eco-Tec&#8217;in NickelPur&#x2122; nikel geri kazan\u0131m \u00fcnitesi, kaplama banyolar\u0131ndan durulamalara s\u00fcr\u00fcklenen nikelin %95&#8217;inden fazlas\u0131n\u0131 geri kazanmak i\u00e7in Recoflo iyon de\u011fi\u015ftirme teknolojisini kullan\u0131r. Parlat\u0131c\u0131lar\u0131 geri kazanmaz, yar\u0131 parlak tanklara geri d\u00f6n\u00fc\u015f\u00fcme izin verir. Durulama suyundan gelen sodyum da kaplama tank\u0131nda birikmeyi \u00f6nlemek i\u00e7in reddedilir. Geri kazan\u0131lan nikel klor\u00fcr\/nikel s\u00fclfat \u00fcr\u00fcn\u00fc konsantre edilir, safla\u015ft\u0131r\u0131l\u0131r, pH&#8217;\u0131 ayarlan\u0131r ve kaplama banyosuna geri d\u00f6n\u00fc\u015ft\u00fcr\u00fcl\u00fcr.<\/li><\/ul>\n\n\n\n<p><strong>\u00c7elik Dekapaj Prosesleri<\/strong><\/p>\n\n\n\n<ul class=\"wp-block-list\"><li><a href=\"https:\/\/akafor.com\/iyon-degistirici-sistemler\/iyon-degistirici-recineler\/micropur-iyon-degisimi\/\">Paslanmaz \u00e7elik dekapajda asit geri kazan\u0131m\u0131<\/a><\/li><li>Paslanmaz \u00e7elik dekapaj, asit kullanarak paslanmaz \u00e7elik par\u00e7alardan ince bir metal tabakas\u0131 \u00e7\u0131karmak i\u00e7in kullan\u0131l\u0131r. Verimli bir proses i\u00e7in metal konsantrasyonu belirli bir aral\u0131kta kontrol edilmelidir. Bu, genellikle asidin bo\u015falt\u0131lmas\u0131 veya bo\u015falt\u0131lmas\u0131 ve taze asit ile tamamlanmas\u0131 ile elde edilir, bu da y\u00fcksek asit bertaraf\u0131 veya i\u015fleme ve asit de\u011fi\u015ftirme maliyetlerine ve ayr\u0131ca \u00fcr\u00fcn ve \u00fcretim ve kalitedeki farkl\u0131l\u0131klara neden olur.<\/li><\/ul>\n\n\n\n<p><\/p>\n","protected":false},"excerpt":{"rendered":"<p>Al\u00fcminyum Eloksal Prosesi Al\u00fcminyum y\u00fczey i\u015flem prosesinde asit geri kazan\u0131m\u0131 Al\u00fcminyum, otomotiv kaplamalar\u0131 ve mimari yap\u0131 \u00fcr\u00fcnleri i\u00e7in y\u00fczey i\u015flem i\u00e7in ideal bir temel sa\u011flar. Al\u00fcminyum eloksal at\u0131klar\u0131n\u0131n \u00e7o\u011fu, pH n\u00f6tralizasyonu ve kat\u0131 ay\u0131rma i\u015flemleri ile i\u015flenir. Eco-Tec, al\u00fcminyum y\u00fczey i\u015fleminde asidi geri kazanmak ve safla\u015ft\u0131rmak i\u00e7in \u00f6zel olarak tasarlanm\u0131\u015f bir dizi \u00fcr\u00fcn geli\u015ftirerek, sonu\u00e7ta [&hellip;]<\/p>\n","protected":false},"author":1,"featured_media":2884,"parent":2703,"menu_order":0,"comment_status":"closed","ping_status":"closed","template":"pages\/page-full.php","meta":{"footnotes":""},"class_list":["post-2705","page","type-page","status-publish","has-post-thumbnail","hentry"],"_links":{"self":[{"href":"https:\/\/akafor.com\/en\/wp-json\/wp\/v2\/pages\/2705","targetHints":{"allow":["GET"]}}],"collection":[{"href":"https:\/\/akafor.com\/en\/wp-json\/wp\/v2\/pages"}],"about":[{"href":"https:\/\/akafor.com\/en\/wp-json\/wp\/v2\/types\/page"}],"author":[{"embeddable":true,"href":"https:\/\/akafor.com\/en\/wp-json\/wp\/v2\/users\/1"}],"replies":[{"embeddable":true,"href":"https:\/\/akafor.com\/en\/wp-json\/wp\/v2\/comments?post=2705"}],"version-history":[{"count":4,"href":"https:\/\/akafor.com\/en\/wp-json\/wp\/v2\/pages\/2705\/revisions"}],"predecessor-version":[{"id":2749,"href":"https:\/\/akafor.com\/en\/wp-json\/wp\/v2\/pages\/2705\/revisions\/2749"}],"up":[{"embeddable":true,"href":"https:\/\/akafor.com\/en\/wp-json\/wp\/v2\/pages\/2703"}],"wp:featuredmedia":[{"embeddable":true,"href":"https:\/\/akafor.com\/en\/wp-json\/wp\/v2\/media\/2884"}],"wp:attachment":[{"href":"https:\/\/akafor.com\/en\/wp-json\/wp\/v2\/media?parent=2705"}],"curies":[{"name":"wp","href":"https:\/\/api.w.org\/{rel}","templated":true}]}}