{"id":3026,"date":"2022-06-17T11:26:13","date_gmt":"2022-06-17T08:26:13","guid":{"rendered":"https:\/\/akafor.com\/?page_id=3026"},"modified":"2022-06-17T11:30:50","modified_gmt":"2022-06-17T08:30:50","slug":"cozum-ortaklari-test","status":"publish","type":"page","link":"https:\/\/akafor.com\/en\/hakkimizda\/cozum-ortaklari-test\/","title":{"rendered":"\u00c7\u00f6z\u00fcm Ortaklar\u0131 Test"},"content":{"rendered":"\n<figure class=\"wp-block-gallery has-nested-images columns-4 is-cropped wp-block-gallery-1 is-layout-flex wp-block-gallery-is-layout-flex\">\n<figure class=\"wp-block-image size-large\"><img loading=\"lazy\" decoding=\"async\" width=\"456\" height=\"174\" data-id=\"490\" src=\"https:\/\/akafor.com\/wp-content\/uploads\/2021\/03\/koch-seperation-logo.png\" alt=\"Koch Separation Logo\" class=\"wp-image-490\" srcset=\"https:\/\/akafor.com\/wp-content\/uploads\/2021\/03\/koch-seperation-logo.png 456w, https:\/\/akafor.com\/wp-content\/uploads\/2021\/03\/koch-seperation-logo-300x114.png 300w\" sizes=\"auto, (max-width: 456px) 100vw, 456px\" \/><\/figure>\n\n\n\n<figure class=\"wp-block-image size-large\"><img loading=\"lazy\" decoding=\"async\" width=\"250\" height=\"114\" data-id=\"335\" src=\"https:\/\/akafor.com\/wp-content\/uploads\/2021\/03\/kochkleen-logo.png\" alt=\"Koch Kleen Logo\" class=\"wp-image-335\"\/><\/figure>\n\n\n\n<figure class=\"wp-block-image size-large\"><img loading=\"lazy\" decoding=\"async\" width=\"203\" height=\"107\" data-id=\"2492\" src=\"https:\/\/akafor.com\/wp-content\/uploads\/2021\/10\/alting.png\" alt=\"\" class=\"wp-image-2492\"\/><\/figure>\n\n\n\n<figure class=\"wp-block-image size-large\"><img loading=\"lazy\" decoding=\"async\" width=\"297\" height=\"114\" data-id=\"484\" src=\"https:\/\/akafor.com\/wp-content\/uploads\/2021\/03\/utter-logo.png\" alt=\"Utter Filtration Logo\" class=\"wp-image-484\"\/><\/figure>\n\n\n\n<figure class=\"wp-block-image size-large\"><img loading=\"lazy\" decoding=\"async\" width=\"191\" height=\"84\" data-id=\"549\" src=\"https:\/\/akafor.com\/wp-content\/uploads\/2021\/03\/realco-logo.png\" alt=\"Realco Logo\" class=\"wp-image-549\"\/><\/figure>\n\n\n\n<figure class=\"wp-block-image size-large\"><img loading=\"lazy\" decoding=\"async\" width=\"900\" height=\"550\" data-id=\"483\" src=\"https:\/\/akafor.com\/wp-content\/uploads\/2021\/03\/relco-logo.jpeg\" alt=\"Relco Filtration Logo\" class=\"wp-image-483\" srcset=\"https:\/\/akafor.com\/wp-content\/uploads\/2021\/03\/relco-logo.jpeg 900w, https:\/\/akafor.com\/wp-content\/uploads\/2021\/03\/relco-logo-300x183.jpeg 300w, https:\/\/akafor.com\/wp-content\/uploads\/2021\/03\/relco-logo-768x469.jpeg 768w\" sizes=\"auto, (max-width: 900px) 100vw, 900px\" \/><\/figure>\n\n\n\n<figure class=\"wp-block-image size-large\"><img loading=\"lazy\" decoding=\"async\" width=\"768\" height=\"254\" data-id=\"852\" src=\"https:\/\/akafor.com\/wp-content\/uploads\/2021\/04\/eco-tec-logo.png\" alt=\"\" class=\"wp-image-852\" srcset=\"https:\/\/akafor.com\/wp-content\/uploads\/2021\/04\/eco-tec-logo.png 768w, https:\/\/akafor.com\/wp-content\/uploads\/2021\/04\/eco-tec-logo-300x99.png 300w\" sizes=\"auto, (max-width: 768px) 100vw, 768px\" \/><\/figure>\n\n\n\n<figure class=\"wp-block-image size-large\"><img loading=\"lazy\" decoding=\"async\" width=\"970\" height=\"516\" data-id=\"2493\" src=\"https:\/\/akafor.com\/wp-content\/uploads\/2021\/10\/alyson.png\" alt=\"\" class=\"wp-image-2493\" srcset=\"https:\/\/akafor.com\/wp-content\/uploads\/2021\/10\/alyson.png 970w, https:\/\/akafor.com\/wp-content\/uploads\/2021\/10\/alyson-300x160.png 300w, https:\/\/akafor.com\/wp-content\/uploads\/2021\/10\/alyson-768x409.png 768w\" sizes=\"auto, (max-width: 970px) 100vw, 970px\" \/><\/figure>\n<\/figure>\n","protected":false},"excerpt":{"rendered":"","protected":false},"author":1,"featured_media":0,"parent":82,"menu_order":0,"comment_status":"closed","ping_status":"closed","template":"pages\/page-references.php","meta":{"footnotes":""},"class_list":["post-3026","page","type-page","status-publish","hentry"],"_links":{"self":[{"href":"https:\/\/akafor.com\/en\/wp-json\/wp\/v2\/pages\/3026","targetHints":{"allow":["GET"]}}],"collection":[{"href":"https:\/\/akafor.com\/en\/wp-json\/wp\/v2\/pages"}],"about":[{"href":"https:\/\/akafor.com\/en\/wp-json\/wp\/v2\/types\/page"}],"author":[{"embeddable":true,"href":"https:\/\/akafor.com\/en\/wp-json\/wp\/v2\/users\/1"}],"replies":[{"embeddable":true,"href":"https:\/\/akafor.com\/en\/wp-json\/wp\/v2\/comments?post=3026"}],"version-history":[{"count":1,"href":"https:\/\/akafor.com\/en\/wp-json\/wp\/v2\/pages\/3026\/revisions"}],"predecessor-version":[{"id":3027,"href":"https:\/\/akafor.com\/en\/wp-json\/wp\/v2\/pages\/3026\/revisions\/3027"}],"up":[{"embeddable":true,"href":"https:\/\/akafor.com\/en\/wp-json\/wp\/v2\/pages\/82"}],"wp:attachment":[{"href":"https:\/\/akafor.com\/en\/wp-json\/wp\/v2\/media?parent=3026"}],"curies":[{"name":"wp","href":"https:\/\/api.w.org\/{rel}","templated":true}]}}