{"id":3076,"date":"2023-07-03T14:47:10","date_gmt":"2023-07-03T11:47:10","guid":{"rendered":"https:\/\/akafor.com\/?page_id=3076"},"modified":"2024-03-07T11:16:49","modified_gmt":"2024-03-07T08:16:49","slug":"pva-geri-kazanimi","status":"publish","type":"page","link":"https:\/\/akafor.com\/en\/filtrasyon\/sektorler\/tekstil\/pva-geri-kazanimi\/","title":{"rendered":"PVA Geri Kazan\u0131m\u0131"},"content":{"rendered":"\n<p>PVA ( Polivinil Alkol ) geri kazan\u0131m\u0131 ULTRAF\u0130LTRASYON filtreleme y\u00f6ntemiyle yap\u0131lmaktad\u0131r. Membran , zarlar i\u00e7eren g\u00f6zenekli t\u00fcplerden y\u00fcksek bas\u0131n\u00e7  uygulanarak temiz suyla ha\u015f\u0131l s\u00f6kme flottesinin ge\u00e7irilmesi esas\u0131 \u00fczerine kurulur. Ha\u015f\u0131l s\u00f6kme flottesi membran i\u00e7indeki zarlardan ge\u00e7erken su kaybeder ve konsantre hale gelir. Bu i\u015flemle PVA tekrar elde edidilirken beraberinde filtre edilmi\u015f temiz s\u0131cak su ikinci \u00fcr\u00fcn olmaktad\u0131r. S\u0131cak su boyama i\u015flemlerinde,ha\u015f\u0131l s\u00f6kme banyosunda ve durulama banyosunda tekrar dan kullan\u0131l\u0131r. Geri kazan\u0131lan PVA ise saf hali ile ayn\u0131 \u00f6zelliklere sahiptir.<\/p>\n\n\n\n<ul class=\"wp-block-list\">\n<li>&#8211; Ha\u015f\u0131l s\u00f6kme flottesinden PVA n\u0131n yakla\u015f\u0131k olarak %94 &#8211; %97 si geri kazan\u0131lmaktad\u0131r.<\/li>\n<\/ul>\n\n\n\n<ul class=\"wp-block-list\">\n<li>&#8211; PVA  %8 &#8211; %15 konsantre edilir ve ha\u015f\u0131llama banyosunda daha fazla i\u015flem g\u00f6rmeden yeniden kullan\u0131lmaya haz\u0131rd\u0131r.<\/li>\n<\/ul>\n\n\n\n<ul class=\"wp-block-list\">\n<li>&#8211; At\u0131k su ar\u0131tma tesisine g\u00f6nderilen at\u0131k ha\u015f\u0131l s\u00f6kme sol\u00fcsyonundan %90 a kadar \u00f6nemli \u00f6l\u00e7\u00fcde KO\u0130 azalmas\u0131 sa\u011flar.<\/li>\n<\/ul>\n\n\n\n<ul class=\"wp-block-list\">\n<li>&#8211; Sistem 70 ila 80 C de \u00e7al\u0131\u015ft\u0131\u011f\u0131 i\u00e7in geri kazan\u0131lan temiz su da \u0131s\u0131  enerjisi tasarrufu sa\u011flar.<\/li>\n<\/ul>\n\n\n\n<ul class=\"wp-block-list\">\n<li>&#8211; PVA ni\u015fasta ve m\u0131s\u0131r kar\u0131\u015f\u0131mlar\u0131 geri kazan\u0131l\u0131r.<\/li>\n<\/ul>\n","protected":false},"excerpt":{"rendered":"<p>PVA ( Polivinil Alkol ) geri kazan\u0131m\u0131 ULTRAF\u0130LTRASYON filtreleme y\u00f6ntemiyle yap\u0131lmaktad\u0131r. Membran , zarlar i\u00e7eren g\u00f6zenekli t\u00fcplerden y\u00fcksek bas\u0131n\u00e7 uygulanarak temiz suyla ha\u015f\u0131l s\u00f6kme flottesinin ge\u00e7irilmesi esas\u0131 \u00fczerine kurulur. Ha\u015f\u0131l s\u00f6kme flottesi membran i\u00e7indeki zarlardan ge\u00e7erken su kaybeder ve konsantre hale gelir. Bu i\u015flemle PVA tekrar elde edidilirken beraberinde filtre edilmi\u015f temiz s\u0131cak su ikinci [&hellip;]<\/p>\n","protected":false},"author":1,"featured_media":0,"parent":1541,"menu_order":3,"comment_status":"closed","ping_status":"closed","template":"","meta":{"footnotes":""},"class_list":["post-3076","page","type-page","status-publish","hentry"],"_links":{"self":[{"href":"https:\/\/akafor.com\/en\/wp-json\/wp\/v2\/pages\/3076","targetHints":{"allow":["GET"]}}],"collection":[{"href":"https:\/\/akafor.com\/en\/wp-json\/wp\/v2\/pages"}],"about":[{"href":"https:\/\/akafor.com\/en\/wp-json\/wp\/v2\/types\/page"}],"author":[{"embeddable":true,"href":"https:\/\/akafor.com\/en\/wp-json\/wp\/v2\/users\/1"}],"replies":[{"embeddable":true,"href":"https:\/\/akafor.com\/en\/wp-json\/wp\/v2\/comments?post=3076"}],"version-history":[{"count":8,"href":"https:\/\/akafor.com\/en\/wp-json\/wp\/v2\/pages\/3076\/revisions"}],"predecessor-version":[{"id":3354,"href":"https:\/\/akafor.com\/en\/wp-json\/wp\/v2\/pages\/3076\/revisions\/3354"}],"up":[{"embeddable":true,"href":"https:\/\/akafor.com\/en\/wp-json\/wp\/v2\/pages\/1541"}],"wp:attachment":[{"href":"https:\/\/akafor.com\/en\/wp-json\/wp\/v2\/media?parent=3076"}],"curies":[{"name":"wp","href":"https:\/\/api.w.org\/{rel}","templated":true}]}}