{"id":3174,"date":"2023-07-24T12:26:05","date_gmt":"2023-07-24T09:26:05","guid":{"rendered":"https:\/\/akafor.com\/?page_id=3174"},"modified":"2023-07-24T15:40:32","modified_gmt":"2023-07-24T12:40:32","slug":"filtrasyon-sektorler-tekstil-camasirhane","status":"publish","type":"page","link":"https:\/\/akafor.com\/en\/filtrasyon-sektorler-tekstil-camasirhane\/","title":{"rendered":"\u00c7ama\u015f\u0131rhane At\u0131k Sular\u0131 Geri Kazan\u0131m\u0131"},"content":{"rendered":"\n<h2 class=\"wp-block-heading\">    <\/h2>\n\n\n\n<h2 class=\"wp-block-heading has-text-align-left\"> \u2022 Ak\u0131\u015fkan Tan\u0131m\u0131 <\/h2>\n\n\n\n<p>       -Temizlik k\u0131yafetleri,  havlular, paspaslar, vb y\u0131kamalar\u0131 sonucu \u00e7\u0131kan at\u0131k su.        <\/p>\n\n\n\n<p>       -At\u0131k su ; ya\u011f ve gres, kirler, m\u00fcrekkepler, solventler, a\u011f\u0131r metaller, y\u00fczey aktif maddeler i\u00e7erir.<\/p>\n\n\n\n<p>       -At\u0131k su karakteri b\u00f6lgeden b\u00f6lgeye ve \u00e7ama\u015f\u0131rhane m\u00fc\u015fteri profiline ba\u011fl\u0131 olarak de\u011fi\u015fir.<\/p>\n\n\n\n<h2 class=\"wp-block-heading\"> \u2022 S\u00fcre\u00e7 Hedefleri<\/h2>\n\n\n\n<p>     &#8211; Bertaraf edilecek at\u0131k su hacmini azaltmak.<\/p>\n\n\n\n<p>     &#8211; Tekstil prosesinde tekrar kullan\u0131labilir  veya De\u015farj  limitlerini kar\u015f\u0131layan temiz   su \u00fcretimi.<\/p>\n\n\n\n<p><\/p>\n\n\n\n<h2 class=\"wp-block-heading\">\u00c7ama\u015f\u0131rhane  Suyu Ultrafiltrasyon i\u015flemi Sonucu<\/h2>\n\n\n<div class=\"wp-block-image\">\n<figure class=\"aligncenter size-large is-resized\"><img loading=\"lazy\" decoding=\"async\" src=\"https:\/\/akafor.com\/wp-content\/uploads\/2023\/07\/camasirhane-yikama-suyu-geri-kazanimi--1024x608.png\" alt=\"\" class=\"wp-image-3190\" width=\"627\" height=\"372\" srcset=\"https:\/\/akafor.com\/wp-content\/uploads\/2023\/07\/camasirhane-yikama-suyu-geri-kazanimi--1024x608.png 1024w, https:\/\/akafor.com\/wp-content\/uploads\/2023\/07\/camasirhane-yikama-suyu-geri-kazanimi--300x178.png 300w, https:\/\/akafor.com\/wp-content\/uploads\/2023\/07\/camasirhane-yikama-suyu-geri-kazanimi--768x456.png 768w, https:\/\/akafor.com\/wp-content\/uploads\/2023\/07\/camasirhane-yikama-suyu-geri-kazanimi-.png 1182w\" sizes=\"auto, (max-width: 627px) 100vw, 627px\" \/><\/figure>\n<\/div>","protected":false},"excerpt":{"rendered":"<p>\u2022 Ak\u0131\u015fkan Tan\u0131m\u0131 -Temizlik k\u0131yafetleri, havlular, paspaslar, vb y\u0131kamalar\u0131 sonucu \u00e7\u0131kan at\u0131k su. -At\u0131k su ; ya\u011f ve gres, kirler, m\u00fcrekkepler, solventler, a\u011f\u0131r metaller, y\u00fczey aktif maddeler i\u00e7erir. -At\u0131k su karakteri b\u00f6lgeden b\u00f6lgeye ve \u00e7ama\u015f\u0131rhane m\u00fc\u015fteri profiline ba\u011fl\u0131 olarak de\u011fi\u015fir. \u2022 S\u00fcre\u00e7 Hedefleri &#8211; Bertaraf edilecek at\u0131k su hacmini azaltmak. &#8211; Tekstil prosesinde tekrar kullan\u0131labilir [&hellip;]<\/p>\n","protected":false},"author":1,"featured_media":0,"parent":0,"menu_order":0,"comment_status":"closed","ping_status":"closed","template":"","meta":{"footnotes":""},"class_list":["post-3174","page","type-page","status-publish","hentry"],"_links":{"self":[{"href":"https:\/\/akafor.com\/en\/wp-json\/wp\/v2\/pages\/3174","targetHints":{"allow":["GET"]}}],"collection":[{"href":"https:\/\/akafor.com\/en\/wp-json\/wp\/v2\/pages"}],"about":[{"href":"https:\/\/akafor.com\/en\/wp-json\/wp\/v2\/types\/page"}],"author":[{"embeddable":true,"href":"https:\/\/akafor.com\/en\/wp-json\/wp\/v2\/users\/1"}],"replies":[{"embeddable":true,"href":"https:\/\/akafor.com\/en\/wp-json\/wp\/v2\/comments?post=3174"}],"version-history":[{"count":7,"href":"https:\/\/akafor.com\/en\/wp-json\/wp\/v2\/pages\/3174\/revisions"}],"predecessor-version":[{"id":3194,"href":"https:\/\/akafor.com\/en\/wp-json\/wp\/v2\/pages\/3174\/revisions\/3194"}],"wp:attachment":[{"href":"https:\/\/akafor.com\/en\/wp-json\/wp\/v2\/media?parent=3174"}],"curies":[{"name":"wp","href":"https:\/\/api.w.org\/{rel}","templated":true}]}}