{"id":3207,"date":"2023-07-24T15:56:40","date_gmt":"2023-07-24T12:56:40","guid":{"rendered":"https:\/\/akafor.com\/?page_id=3207"},"modified":"2023-07-31T12:54:12","modified_gmt":"2023-07-31T09:54:12","slug":"filtrasyon-sektorler-tekstil-jean-yikamageri-kazanimi","status":"publish","type":"page","link":"https:\/\/akafor.com\/en\/filtrasyon-sektorler-tekstil-jean-yikamageri-kazanimi\/","title":{"rendered":"Jean \/ Kot y\u0131kama Suyu Geri Kazan\u0131m\u0131"},"content":{"rendered":"\n<h2 class=\"wp-block-heading\">UF Besleme<\/h2>\n\n\n\n<ul class=\"wp-block-list\">\n<li>-Islak i\u015flemde siyah, beyaz ve mavi kot kolluklar\u0131ndan seyreltilmi\u015f y\u0131kama ve durulama suyu.<\/li>\n\n\n\n<li>-Su y\u00fczey aktif maddeler, inorganik alkaliler, enzimler i\u00e7erebilir&nbsp; (amilaz, sel\u00fclaz), deterjanlar,  parlat\u0131c\u0131lar, kuma\u015f&nbsp; yumu\u015fat\u0131c\u0131lar, hidrojen peroksit, tamponlar ve \u00e7ama\u015f\u0131r suyu\u200b.<\/li>\n<\/ul>\n\n\n<div class=\"wp-block-image\">\n<figure class=\"aligncenter size-full is-resized\"><img loading=\"lazy\" decoding=\"async\" src=\"https:\/\/akafor.com\/wp-content\/uploads\/2023\/07\/Ekran-goruntusu-2023-07-25-095918.png\" alt=\"\" class=\"wp-image-3240\" width=\"761\" height=\"421\" srcset=\"https:\/\/akafor.com\/wp-content\/uploads\/2023\/07\/Ekran-goruntusu-2023-07-25-095918.png 928w, https:\/\/akafor.com\/wp-content\/uploads\/2023\/07\/Ekran-goruntusu-2023-07-25-095918-300x166.png 300w, https:\/\/akafor.com\/wp-content\/uploads\/2023\/07\/Ekran-goruntusu-2023-07-25-095918-768x425.png 768w\" sizes=\"auto, (max-width: 761px) 100vw, 761px\" \/><\/figure>\n<\/div>\n\n\n<h2 class=\"wp-block-heading\">S\u00fcre\u00e7 A\u00e7\u0131klamas\u0131<\/h2>\n\n\n\n<ul class=\"wp-block-list\">\n<li>-Y\u0131kama&nbsp;ve&nbsp;durulama&nbsp;suyu&nbsp;b\u00fcy\u00fck&nbsp;bir&nbsp;haznede&nbsp;toplan\u0131r&nbsp;pa\u00e7avralar\u0131 ve k\u00fc\u00e7\u00fck ta\u015flar\u0131 \u00e7\u0131karmak i\u00e7in   hidro elekten pompalan\u0131r.<\/li>\n\n\n\n<li>&#8211; Su, ~\u00bd g\u00fcnl\u00fck tutma hacmi i\u00e7eren \u00e7ukurlara pompalan\u0131r.<\/li>\n\n\n\n<li>&#8211; \u00c7ukurlar ULTRAF\u0130LTRE yi besler <\/li>\n\n\n\n<li>-KO\u0130 i\u00e7in  Tutma de\u011ferleri yakla\u015f\u0131k %65<\/li>\n\n\n\n<li>-Ger\u00e7ek&nbsp;Renk&nbsp;kal\u0131c\u0131l\u0131\u011f\u0131&nbsp;~ %92,5\u200b<\/li>\n\n\n\n<li>-G\u00f6r\u00fcn\u00fcr&nbsp;Renk&nbsp;tutma&nbsp;%34&nbsp;ila&nbsp;%95\u200b<\/li>\n<\/ul>\n\n\n\n<h2 class=\"wp-block-heading\">Konsantrasyon <\/h2>\n\n\n\n<ul class=\"wp-block-list\">\n<li>-Elde&nbsp;edilen VCF&nbsp;20&nbsp;konsantrasyon&nbsp;fakt\u00f6r\u00fc&nbsp;(%95&nbsp;su&nbsp;geri kazan\u0131m\u0131)\u200b<\/li>\n\n\n\n<li>-S\u00fcz\u00fcnt\u00fc kalitesi, daha y\u00fcksek konsantrasyon fakt\u00f6r\u00fc ile&nbsp;&nbsp;g\u00f6rsel&nbsp;olarak azald\u0131\u200b<\/li>\n\n\n\n<li>-Ticari sistem&nbsp;i\u00e7in tasar\u0131m&nbsp;konsantrasyonu&nbsp;fakt\u00f6r&nbsp;5&#8217;tir&nbsp;(%80&nbsp;&nbsp;su geri kazan\u0131m\u0131)\u200b<\/li>\n<\/ul>\n\n\n<div class=\"wp-block-image\">\n<figure class=\"aligncenter size-full is-resized\"><img loading=\"lazy\" decoding=\"async\" src=\"https:\/\/akafor.com\/wp-content\/uploads\/2023\/07\/Ekran-goruntusu-2023-07-25-100031.png\" alt=\"\" class=\"wp-image-3241\" width=\"661\" height=\"442\" srcset=\"https:\/\/akafor.com\/wp-content\/uploads\/2023\/07\/Ekran-goruntusu-2023-07-25-100031.png 745w, https:\/\/akafor.com\/wp-content\/uploads\/2023\/07\/Ekran-goruntusu-2023-07-25-100031-300x201.png 300w\" sizes=\"auto, (max-width: 661px) 100vw, 661px\" \/><\/figure>\n<\/div>","protected":false},"excerpt":{"rendered":"<p>UF Besleme S\u00fcre\u00e7 A\u00e7\u0131klamas\u0131 Konsantrasyon<\/p>\n","protected":false},"author":1,"featured_media":0,"parent":0,"menu_order":0,"comment_status":"closed","ping_status":"closed","template":"","meta":{"footnotes":""},"class_list":["post-3207","page","type-page","status-publish","hentry"],"_links":{"self":[{"href":"https:\/\/akafor.com\/en\/wp-json\/wp\/v2\/pages\/3207","targetHints":{"allow":["GET"]}}],"collection":[{"href":"https:\/\/akafor.com\/en\/wp-json\/wp\/v2\/pages"}],"about":[{"href":"https:\/\/akafor.com\/en\/wp-json\/wp\/v2\/types\/page"}],"author":[{"embeddable":true,"href":"https:\/\/akafor.com\/en\/wp-json\/wp\/v2\/users\/1"}],"replies":[{"embeddable":true,"href":"https:\/\/akafor.com\/en\/wp-json\/wp\/v2\/comments?post=3207"}],"version-history":[{"count":6,"href":"https:\/\/akafor.com\/en\/wp-json\/wp\/v2\/pages\/3207\/revisions"}],"predecessor-version":[{"id":3303,"href":"https:\/\/akafor.com\/en\/wp-json\/wp\/v2\/pages\/3207\/revisions\/3303"}],"wp:attachment":[{"href":"https:\/\/akafor.com\/en\/wp-json\/wp\/v2\/media?parent=3207"}],"curies":[{"name":"wp","href":"https:\/\/api.w.org\/{rel}","templated":true}]}}