{"id":540,"date":"2021-03-24T00:04:39","date_gmt":"2021-03-23T21:04:39","guid":{"rendered":"https:\/\/neyesek.co\/?page_id=540"},"modified":"2021-03-25T16:31:12","modified_gmt":"2021-03-25T13:31:12","slug":"kimya-cozum-ortaklari","status":"publish","type":"page","link":"https:\/\/akafor.com\/en\/kimya\/kimya-cozum-ortaklari\/","title":{"rendered":"Kimya \u00c7\u00f6z\u00fcm Ortaklar\u0131"},"content":{"rendered":"\n<figure class=\"wp-block-gallery columns-4 is-cropped wp-block-gallery-1 is-layout-flex wp-block-gallery-is-layout-flex\"><ul class=\"blocks-gallery-grid\"><li class=\"blocks-gallery-item\"><figure><img loading=\"lazy\" decoding=\"async\" width=\"250\" height=\"114\" src=\"https:\/\/akafor.com\/wp-content\/uploads\/2021\/03\/kochkleen-logo.png\" alt=\"Koch Kleen Logo\" data-id=\"335\" data-full-url=\"https:\/\/akafor.com\/wp-content\/uploads\/2021\/03\/kochkleen-logo.png\" data-link=\"https:\/\/akafor.com\/cozum-ortaklari\/kochkleen-logo\/\" class=\"wp-image-335\"\/><\/figure><\/li><li class=\"blocks-gallery-item\"><figure><img loading=\"lazy\" decoding=\"async\" width=\"191\" height=\"84\" src=\"https:\/\/akafor.com\/wp-content\/uploads\/2021\/03\/realco-logo.png\" alt=\"Realco Logo\" data-id=\"549\" data-full-url=\"https:\/\/akafor.com\/wp-content\/uploads\/2021\/03\/realco-logo.png\" data-link=\"https:\/\/akafor.com\/kataforez\/kataforez-cozum-ortaklari\/realco-logo\/\" class=\"wp-image-549\"\/><\/figure><\/li><li class=\"blocks-gallery-item\"><figure><img loading=\"lazy\" decoding=\"async\" width=\"200\" height=\"74\" src=\"https:\/\/akafor.com\/wp-content\/uploads\/2021\/03\/asiral-logo.jpeg\" alt=\"Asiral Logo\" data-id=\"431\" data-full-url=\"https:\/\/akafor.com\/wp-content\/uploads\/2021\/03\/asiral-logo.jpeg\" data-link=\"https:\/\/akafor.com\/?attachment_id=431\" class=\"wp-image-431\"\/><\/figure><\/li><li class=\"blocks-gallery-item\"><figure><img loading=\"lazy\" decoding=\"async\" width=\"1403\" height=\"1067\" src=\"https:\/\/akafor.com\/wp-content\/uploads\/2021\/03\/alyson-logo.png\" alt=\"Alyson Logo\" data-id=\"358\" data-full-url=\"https:\/\/akafor.com\/wp-content\/uploads\/2021\/03\/alyson-logo.png\" data-link=\"https:\/\/akafor.com\/cozum-ortaklari\/alyson-logo\/\" class=\"wp-image-358\" srcset=\"https:\/\/akafor.com\/wp-content\/uploads\/2021\/03\/alyson-logo.png 1403w, https:\/\/akafor.com\/wp-content\/uploads\/2021\/03\/alyson-logo-300x228.png 300w, https:\/\/akafor.com\/wp-content\/uploads\/2021\/03\/alyson-logo-1024x779.png 1024w, https:\/\/akafor.com\/wp-content\/uploads\/2021\/03\/alyson-logo-768x584.png 768w\" sizes=\"auto, (max-width: 1403px) 100vw, 1403px\" \/><\/figure><\/li><\/ul><\/figure>\n","protected":false},"excerpt":{"rendered":"","protected":false},"author":1,"featured_media":0,"parent":536,"menu_order":0,"comment_status":"closed","ping_status":"closed","template":"","meta":{"footnotes":""},"class_list":["post-540","page","type-page","status-publish","hentry"],"_links":{"self":[{"href":"https:\/\/akafor.com\/en\/wp-json\/wp\/v2\/pages\/540","targetHints":{"allow":["GET"]}}],"collection":[{"href":"https:\/\/akafor.com\/en\/wp-json\/wp\/v2\/pages"}],"about":[{"href":"https:\/\/akafor.com\/en\/wp-json\/wp\/v2\/types\/page"}],"author":[{"embeddable":true,"href":"https:\/\/akafor.com\/en\/wp-json\/wp\/v2\/users\/1"}],"replies":[{"embeddable":true,"href":"https:\/\/akafor.com\/en\/wp-json\/wp\/v2\/comments?post=540"}],"version-history":[{"count":5,"href":"https:\/\/akafor.com\/en\/wp-json\/wp\/v2\/pages\/540\/revisions"}],"predecessor-version":[{"id":686,"href":"https:\/\/akafor.com\/en\/wp-json\/wp\/v2\/pages\/540\/revisions\/686"}],"up":[{"embeddable":true,"href":"https:\/\/akafor.com\/en\/wp-json\/wp\/v2\/pages\/536"}],"wp:attachment":[{"href":"https:\/\/akafor.com\/en\/wp-json\/wp\/v2\/media?parent=540"}],"curies":[{"name":"wp","href":"https:\/\/api.w.org\/{rel}","templated":true}]}}