{"id":542,"date":"2021-03-24T00:06:07","date_gmt":"2021-03-23T21:06:07","guid":{"rendered":"https:\/\/neyesek.co\/?page_id=542"},"modified":"2021-04-01T19:21:25","modified_gmt":"2021-04-01T16:21:25","slug":"gida-isleme","status":"publish","type":"page","link":"https:\/\/akafor.com\/en\/kimya\/gida-isleme\/","title":{"rendered":"G\u0131da \u0130\u015fleme"},"content":{"rendered":"\n<h2 class=\"has-text-align-center wp-block-heading\" id=\"h-g-da-i-leme-operasyonlar-i-in-ak-lc-z-mler\"><strong>G\u0131da i\u015fleme operasyonlar\u0131 i\u00e7in ak\u0131lc\u0131 \u00e7\u00f6z\u00fcmler<\/strong><\/h2>\n\n\n\n<p class=\"has-text-align-center\">G\u0131da end\u00fcstrisi dinamik, rekabet\u00e7i ve g\u00fcn\u00fcm\u00fczde k\u00fcreselle\u015fmi\u015f bir pazard\u0131r.&nbsp; Sermayedarlar i\u015flemleri uygun maliyetlerde s\u00fcrd\u00fcr\u00fcrlerken; artan t\u00fcketici taleplerine de y\u00fcksek kalite, g\u00fcvenilirlik ve sa\u011fl\u0131kl\u0131 \u00fcr\u00fcnlerle kar\u015f\u0131lama \u00e7abas\u0131ndad\u0131rlar.&nbsp; Bu hedefleri ba\u015farmada yard\u0131mc\u0131 olacak en temel ad\u0131m; do\u011fru filtrasyon \u00e7\u00f6z\u00fcmleri ile de\u011ferli m\u00fc\u015fterilerimizi bulu\u015fturmakt\u0131r.<\/p>\n\n\n\n<div class=\"wp-block-image\"><figure class=\"aligncenter size-large is-resized\"><img loading=\"lazy\" decoding=\"async\" src=\"https:\/\/akafor.com\/wp-content\/uploads\/2021\/04\/gida-test.jpeg\" alt=\"\" class=\"wp-image-734\" width=\"454\" height=\"293\" srcset=\"https:\/\/akafor.com\/wp-content\/uploads\/2021\/04\/gida-test.jpeg 830w, https:\/\/akafor.com\/wp-content\/uploads\/2021\/04\/gida-test-300x194.jpeg 300w, https:\/\/akafor.com\/wp-content\/uploads\/2021\/04\/gida-test-768x497.jpeg 768w\" sizes=\"auto, (max-width: 454px) 100vw, 454px\" \/><\/figure><\/div>\n\n\n\n<p>T\u00fcrkiye temsilcisi oldu\u011fumuz KOCH Membran Sistemleri onlarca y\u0131ll\u0131k deneyimiyle g\u0131da \u00fcreticilerinin \u00f6zel ihtiya\u00e7lar\u0131n\u0131n kar\u015f\u0131lanmas\u0131nda, \u00fcr\u00fcn ve kalite art\u0131\u015f\u0131yla birlikte; maliyet y\u00fck\u00fcn\u00fcn hafifletildi\u011fi, \u00fcretim ve i\u015flem verimlili\u011finin sa\u011fland\u0131\u011f\u0131 \u00e7ok say\u0131da kan\u0131tlanm\u0131\u015f \u00e7\u00f6z\u00fcmler geli\u015ftirdi.&nbsp; Sadece kirleticilerin giderilmesi, materyallerin geri d\u00f6n\u00fc\u015f\u00fcm\u00fcn\u00fcn sa\u011flanmas\u0131 ve tesis i\u00e7i proses ak\u0131\u015flar\u0131n\u0131n ar\u0131t\u0131m\u0131 i\u015flemlerini de\u011fil; ayn\u0131 zamanda, \u00e7\u0131kan at\u0131k suyun ar\u0131t\u0131larak \u00e7evresel tahliye standartlar\u0131na getirilmesi gibi i\u015flemler i\u00e7in suyun verimli kullan\u0131m\u0131n\u0131 maksimuma \u00e7\u0131karan ve \u00fcretim i\u015fleminizde kapal\u0131 bir proses d\u00f6ng\u00fcs\u00fc sa\u011flayan \u00e7ok \u00e7e\u015fitli membranlar sunuyoruz.&nbsp;<\/p>\n\n\n\n<p>Ayr\u0131ca tecr\u00fcbeli personellerimiz i\u015flemlerinize ba\u015f\u0131ndan sonuna kadar rehberlik edeceklerdir.<\/p>\n","protected":false},"excerpt":{"rendered":"<p>G\u0131da i\u015fleme operasyonlar\u0131 i\u00e7in ak\u0131lc\u0131 \u00e7\u00f6z\u00fcmler G\u0131da end\u00fcstrisi dinamik, rekabet\u00e7i ve g\u00fcn\u00fcm\u00fczde k\u00fcreselle\u015fmi\u015f bir pazard\u0131r.&nbsp; Sermayedarlar i\u015flemleri uygun maliyetlerde s\u00fcrd\u00fcr\u00fcrlerken; artan t\u00fcketici taleplerine de y\u00fcksek kalite, g\u00fcvenilirlik ve sa\u011fl\u0131kl\u0131 \u00fcr\u00fcnlerle kar\u015f\u0131lama \u00e7abas\u0131ndad\u0131rlar.&nbsp; Bu hedefleri ba\u015farmada yard\u0131mc\u0131 olacak en temel ad\u0131m; do\u011fru filtrasyon \u00e7\u00f6z\u00fcmleri ile de\u011ferli m\u00fc\u015fterilerimizi bulu\u015fturmakt\u0131r. T\u00fcrkiye temsilcisi oldu\u011fumuz KOCH Membran Sistemleri onlarca y\u0131ll\u0131k [&hellip;]<\/p>\n","protected":false},"author":1,"featured_media":720,"parent":536,"menu_order":0,"comment_status":"closed","ping_status":"closed","template":"","meta":{"footnotes":""},"class_list":["post-542","page","type-page","status-publish","has-post-thumbnail","hentry"],"_links":{"self":[{"href":"https:\/\/akafor.com\/en\/wp-json\/wp\/v2\/pages\/542","targetHints":{"allow":["GET"]}}],"collection":[{"href":"https:\/\/akafor.com\/en\/wp-json\/wp\/v2\/pages"}],"about":[{"href":"https:\/\/akafor.com\/en\/wp-json\/wp\/v2\/types\/page"}],"author":[{"embeddable":true,"href":"https:\/\/akafor.com\/en\/wp-json\/wp\/v2\/users\/1"}],"replies":[{"embeddable":true,"href":"https:\/\/akafor.com\/en\/wp-json\/wp\/v2\/comments?post=542"}],"version-history":[{"count":3,"href":"https:\/\/akafor.com\/en\/wp-json\/wp\/v2\/pages\/542\/revisions"}],"predecessor-version":[{"id":736,"href":"https:\/\/akafor.com\/en\/wp-json\/wp\/v2\/pages\/542\/revisions\/736"}],"up":[{"embeddable":true,"href":"https:\/\/akafor.com\/en\/wp-json\/wp\/v2\/pages\/536"}],"wp:featuredmedia":[{"embeddable":true,"href":"https:\/\/akafor.com\/en\/wp-json\/wp\/v2\/media\/720"}],"wp:attachment":[{"href":"https:\/\/akafor.com\/en\/wp-json\/wp\/v2\/media?parent=542"}],"curies":[{"name":"wp","href":"https:\/\/api.w.org\/{rel}","templated":true}]}}