{"id":571,"date":"2021-03-24T17:09:55","date_gmt":"2021-03-24T14:09:55","guid":{"rendered":"https:\/\/neyesek.co\/?page_id=571"},"modified":"2021-12-07T11:53:06","modified_gmt":"2021-12-07T08:53:06","slug":"membran-filtreler","status":"publish","type":"page","link":"https:\/\/akafor.com\/en\/filtrasyon\/urunler\/membran-filtreler\/","title":{"rendered":"Membran Filtreler"},"content":{"rendered":"\n<p>KSS, d\u00fcnyan\u0131n en b\u00fcy\u00fck membran portf\u00f6ylerinden birini sunar. Y\u0131llar i\u00e7inde, \u00fcr\u00fcnlerimizi farkl\u0131 pazar uygulamalar\u0131n\u0131n ve bitmi\u015f \u00fcr\u00fcn spesifikasyonlar\u0131n\u0131n \u00f6zel gereksinimlerine g\u00f6re geni\u015flettik ve uyarlad\u0131k. Tuzun \u00e7\u0131kar\u0131lmas\u0131ndan b\u00fcy\u00fck partik\u00fcllerin filtrelenmesine kadar \u00e7ok say\u0131da uygulamaya uygun \u00e7ok \u00e7e\u015fitli g\u00f6zenek boyutlar\u0131na sahibiz. Ters ozmoz, en iyi ay\u0131rma derecesini sunar, ard\u0131ndan en b\u00fcy\u00fck g\u00f6zenek boyutuna sahip olan nanofiltrasyon, ultrafiltrasyon ve mikrofiltrasyon gelir. Membran teknolojileri, deniz suyunu tuzdan ar\u0131nd\u0131rma prosesleri i\u00e7in ultrafiltrasyon ve ard\u0131ndan ters osmoz ve fermentasyon broth ve \u00fcr\u00fcn konsantrasyonunun netle\u015ftirilmesi i\u00e7in mikrofiltrasyon ve ard\u0131ndan nanofiltrasyon gibi kombinasyon halinde kullan\u0131labilir.<\/p>\n\n\n\n<p>Teknolojilerimiz, \u00e7ok \u00e7e\u015fitli proses s\u0131v\u0131lar\u0131, su ve at\u0131k sular\u0131 i\u015flemek i\u00e7in yap\u0131lm\u0131\u015ft\u0131r. Ay\u0131rma zorluklar\u0131n\u0131z i\u00e7in en uygun \u00e7\u00f6z\u00fcm\u00fc se\u00e7menize yard\u0131mc\u0131 olma f\u0131rsat\u0131n\u0131 memnuniyetle kar\u015f\u0131l\u0131yoruz.<\/p>\n\n\n\n<p><strong>\u00dcr\u00fcnler<\/strong><\/p>\n\n\n\n<figure class=\"wp-block-gallery columns-3 is-cropped wp-block-gallery-1 is-layout-flex wp-block-gallery-is-layout-flex\"><ul class=\"blocks-gallery-grid\"><li class=\"blocks-gallery-item\"><figure><img loading=\"lazy\" decoding=\"async\" width=\"436\" height=\"435\" src=\"https:\/\/akafor.com\/wp-content\/uploads\/2021\/05\/Iyon-degistirtici-membranlar.png\" alt=\"\" data-id=\"1191\" data-full-url=\"https:\/\/akafor.com\/wp-content\/uploads\/2021\/05\/Iyon-degistirtici-membranlar.png\" data-link=\"https:\/\/akafor.com\/filtrasyon\/urunler\/membran-filtreler\/iyon-degistirici-membranlar\/iyon-degistirtici-membranlar\/\" class=\"wp-image-1191\" srcset=\"https:\/\/akafor.com\/wp-content\/uploads\/2021\/05\/Iyon-degistirtici-membranlar.png 436w, https:\/\/akafor.com\/wp-content\/uploads\/2021\/05\/Iyon-degistirtici-membranlar-300x300.png 300w, https:\/\/akafor.com\/wp-content\/uploads\/2021\/05\/Iyon-degistirtici-membranlar-150x150.png 150w\" sizes=\"auto, (max-width: 436px) 100vw, 436px\" \/><figcaption class=\"blocks-gallery-item__caption\"><a href=\"https:\/\/akafor.com\/filtrasyon\/urunler\/membran-filtreler\/iyon-degistirici-membranlar\/\">\u0130YON DE\u011e\u0130\u015eT\u0130R\u0130C\u0130 RE\u00c7\u0130NELER<\/a><\/figcaption><\/figure><\/li><li class=\"blocks-gallery-item\"><figure><img loading=\"lazy\" decoding=\"async\" width=\"429\" height=\"426\" src=\"https:\/\/akafor.com\/wp-content\/uploads\/2021\/06\/seramik-membran.png\" alt=\"\" data-id=\"1648\" data-full-url=\"https:\/\/akafor.com\/wp-content\/uploads\/2021\/06\/seramik-membran.png\" data-link=\"https:\/\/akafor.com\/filtrasyon\/urunler\/membran-filtreler\/ceramic-modul-membranlar\/kss-seramik-membranlar\/seramik-membran\/\" class=\"wp-image-1648\" srcset=\"https:\/\/akafor.com\/wp-content\/uploads\/2021\/06\/seramik-membran.png 429w, https:\/\/akafor.com\/wp-content\/uploads\/2021\/06\/seramik-membran-300x298.png 300w, https:\/\/akafor.com\/wp-content\/uploads\/2021\/06\/seramik-membran-150x150.png 150w\" sizes=\"auto, (max-width: 429px) 100vw, 429px\" \/><figcaption class=\"blocks-gallery-item__caption\"><a href=\"https:\/\/akafor.com\/filtrasyon\/urunler\/membran-filtreler\/ceramic-modul-membranlar\/\">SERAM\u0130K MEMBRANLAR<\/a><\/figcaption><\/figure><\/li><li class=\"blocks-gallery-item\"><figure><img loading=\"lazy\" decoding=\"async\" width=\"436\" height=\"435\" src=\"https:\/\/akafor.com\/wp-content\/uploads\/2021\/05\/TUBULER-MEMBRANLAR.png\" alt=\"\" data-id=\"1112\" data-full-url=\"https:\/\/akafor.com\/wp-content\/uploads\/2021\/05\/TUBULER-MEMBRANLAR.png\" data-link=\"https:\/\/akafor.com\/filtrasyon\/urunler\/membran-filtreler\/tubuler-membranlar\/tubuler-membranlar\/\" class=\"wp-image-1112\" srcset=\"https:\/\/akafor.com\/wp-content\/uploads\/2021\/05\/TUBULER-MEMBRANLAR.png 436w, https:\/\/akafor.com\/wp-content\/uploads\/2021\/05\/TUBULER-MEMBRANLAR-300x300.png 300w, https:\/\/akafor.com\/wp-content\/uploads\/2021\/05\/TUBULER-MEMBRANLAR-150x150.png 150w\" sizes=\"auto, (max-width: 436px) 100vw, 436px\" \/><figcaption class=\"blocks-gallery-item__caption\"><a href=\"https:\/\/akafor.com\/filtrasyon\/urunler\/membran-filtreler\/tubuler-membranlar\/\">T\u00dcB\u00dcLER MEMBRANLAR<\/a><\/figcaption><\/figure><\/li><li class=\"blocks-gallery-item\"><figure><img loading=\"lazy\" decoding=\"async\" width=\"728\" height=\"598\" src=\"https:\/\/akafor.com\/wp-content\/uploads\/2021\/06\/hollow-fiber-modul.png\" alt=\"\" data-id=\"1658\" data-full-url=\"https:\/\/akafor.com\/wp-content\/uploads\/2021\/06\/hollow-fiber-modul.png\" data-link=\"https:\/\/akafor.com\/filtrasyon\/urunler\/membran-filtreler\/hollow-fiber-modul\/\" class=\"wp-image-1658\" srcset=\"https:\/\/akafor.com\/wp-content\/uploads\/2021\/06\/hollow-fiber-modul.png 728w, https:\/\/akafor.com\/wp-content\/uploads\/2021\/06\/hollow-fiber-modul-300x246.png 300w\" sizes=\"auto, (max-width: 728px) 100vw, 728px\" \/><figcaption class=\"blocks-gallery-item__caption\"><a href=\"https:\/\/akafor.com\/filtrasyon\/urunler\/membran-filtreler\/hollow-fiber-membranlar\/\">HOLLOW F\u0130BER Membranlar<\/a><\/figcaption><\/figure><\/li><li class=\"blocks-gallery-item\"><figure><img loading=\"lazy\" decoding=\"async\" width=\"800\" height=\"482\" src=\"https:\/\/akafor.com\/wp-content\/uploads\/2021\/06\/spiral-membran-modul.png\" alt=\"\" data-id=\"1660\" data-full-url=\"https:\/\/akafor.com\/wp-content\/uploads\/2021\/06\/spiral-membran-modul.png\" data-link=\"https:\/\/akafor.com\/filtrasyon\/urunler\/membran-filtreler\/spiral-membran-modul\/\" class=\"wp-image-1660\" srcset=\"https:\/\/akafor.com\/wp-content\/uploads\/2021\/06\/spiral-membran-modul.png 800w, https:\/\/akafor.com\/wp-content\/uploads\/2021\/06\/spiral-membran-modul-300x181.png 300w, https:\/\/akafor.com\/wp-content\/uploads\/2021\/06\/spiral-membran-modul-768x463.png 768w\" sizes=\"auto, (max-width: 800px) 100vw, 800px\" \/><figcaption class=\"blocks-gallery-item__caption\"><a href=\"https:\/\/akafor.com\/filtrasyon\/urunler\/membran-filtreler\/spiral-membranlar\/\">SP\u0130RAL Membranlar<\/a><\/figcaption><\/figure><\/li><\/ul><\/figure>\n","protected":false},"excerpt":{"rendered":"<p>KSS, d\u00fcnyan\u0131n en b\u00fcy\u00fck membran portf\u00f6ylerinden birini sunar. Y\u0131llar i\u00e7inde, \u00fcr\u00fcnlerimizi farkl\u0131 pazar uygulamalar\u0131n\u0131n ve bitmi\u015f \u00fcr\u00fcn spesifikasyonlar\u0131n\u0131n \u00f6zel gereksinimlerine g\u00f6re geni\u015flettik ve uyarlad\u0131k. Tuzun \u00e7\u0131kar\u0131lmas\u0131ndan b\u00fcy\u00fck partik\u00fcllerin filtrelenmesine kadar \u00e7ok say\u0131da uygulamaya uygun \u00e7ok \u00e7e\u015fitli g\u00f6zenek boyutlar\u0131na sahibiz. Ters ozmoz, en iyi ay\u0131rma derecesini sunar, ard\u0131ndan en b\u00fcy\u00fck g\u00f6zenek boyutuna sahip olan nanofiltrasyon, ultrafiltrasyon [&hellip;]<\/p>\n","protected":false},"author":1,"featured_media":1660,"parent":750,"menu_order":0,"comment_status":"closed","ping_status":"closed","template":"pages\/page-full.php","meta":{"footnotes":""},"class_list":["post-571","page","type-page","status-publish","has-post-thumbnail","hentry"],"_links":{"self":[{"href":"https:\/\/akafor.com\/en\/wp-json\/wp\/v2\/pages\/571","targetHints":{"allow":["GET"]}}],"collection":[{"href":"https:\/\/akafor.com\/en\/wp-json\/wp\/v2\/pages"}],"about":[{"href":"https:\/\/akafor.com\/en\/wp-json\/wp\/v2\/types\/page"}],"author":[{"embeddable":true,"href":"https:\/\/akafor.com\/en\/wp-json\/wp\/v2\/users\/1"}],"replies":[{"embeddable":true,"href":"https:\/\/akafor.com\/en\/wp-json\/wp\/v2\/comments?post=571"}],"version-history":[{"count":14,"href":"https:\/\/akafor.com\/en\/wp-json\/wp\/v2\/pages\/571\/revisions"}],"predecessor-version":[{"id":2734,"href":"https:\/\/akafor.com\/en\/wp-json\/wp\/v2\/pages\/571\/revisions\/2734"}],"up":[{"embeddable":true,"href":"https:\/\/akafor.com\/en\/wp-json\/wp\/v2\/pages\/750"}],"wp:featuredmedia":[{"embeddable":true,"href":"https:\/\/akafor.com\/en\/wp-json\/wp\/v2\/media\/1660"}],"wp:attachment":[{"href":"https:\/\/akafor.com\/en\/wp-json\/wp\/v2\/media?parent=571"}],"curies":[{"name":"wp","href":"https:\/\/api.w.org\/{rel}","templated":true}]}}