{"id":593,"date":"2021-03-24T21:30:06","date_gmt":"2021-03-24T18:30:06","guid":{"rendered":"https:\/\/neyesek.co\/?page_id=593"},"modified":"2021-04-01T21:36:46","modified_gmt":"2021-04-01T18:36:46","slug":"unlu-mamuller","status":"publish","type":"page","link":"https:\/\/akafor.com\/en\/kimya\/gida-isleme\/unlu-mamuller\/","title":{"rendered":"Unlu Mam\u00fcller"},"content":{"rendered":"\n<div class=\"wp-block-image is-style-rounded\"><figure class=\"aligncenter is-resized\"><img loading=\"lazy\" decoding=\"async\" src=\"https:\/\/www.akafor.com\/upload\/img\/asian-food-beans-cuisine-618491_k.jpg\" alt=\"\" width=\"333\" height=\"139\"\/><\/figure><\/div>\n\n\n\n<p>G\u0131da ve yem i\u015fleme s\u00fcrecinizin verimlili\u011fini art\u0131r\u0131n.<\/p>\n\n\n\n<p>G\u0131da end\u00fcstrisi, s\u00fcre\u00e7leri iyile\u015ftirmek i\u00e7in daha ak\u0131ll\u0131 ve daha h\u0131zl\u0131 yollar bulmakla asla meydan okumaz.\u00a0Amac\u0131n maliyetleri d\u00fc\u015f\u00fcrmesi, tad\u0131n iyile\u015ftirilmesi, ak\u0131\u015flar\u0131n ayr\u0131\u015ft\u0131r\u0131lmas\u0131 ve yo\u011funla\u015ft\u0131r\u0131lmas\u0131 ya da s\u0131cakl\u0131\u011fa duyarl\u0131 belirli s\u00fcre\u00e7lerin m\u00fckemmelle\u015ftirilmesi, daha iyi bir teknolojiye d\u00f6n\u00fc\u015f\u00fcyor.\u00a0Deneyimlerimizin t\u00fcm fark\u0131 yaratabilece\u011fi yer buras\u0131.\u00a0<br>Onlarca y\u0131l boyunca m\u00fchendislerimiz, en b\u00fcy\u00fck g\u0131da i\u015flemcileri ile yan yana \u00e7al\u0131\u015farak, membran teknolojisini \u00e7ok say\u0131da biyolojik ve kimyasal s\u00fcre\u00e7te kullanmaya ba\u015flad\u0131lar.\u00a0Bu deneyimler sayesinde, hemen hemen her s\u00fcreci geli\u015ftirmek i\u00e7in bir \u00e7\u00f6z\u00fcm cephanesi biriktirdik.\u00a0Tak\u0131m \u00fcyelerinizle her zaman i\u015f hedefleriniz hakk\u0131nda konu\u015fmaya davetlisiniz.\u00a0En k\u00fc\u00e7\u00fck ekipman par\u00e7as\u0131ndan en b\u00fcy\u00fck \u00fcretim zorlu\u011funa kadar, \u00e7al\u0131\u015fan basit \u00e7\u00f6z\u00fcmlere sahibiz.<\/p>\n","protected":false},"excerpt":{"rendered":"<p>G\u0131da ve yem i\u015fleme s\u00fcrecinizin verimlili\u011fini art\u0131r\u0131n. G\u0131da end\u00fcstrisi, s\u00fcre\u00e7leri iyile\u015ftirmek i\u00e7in daha ak\u0131ll\u0131 ve daha h\u0131zl\u0131 yollar bulmakla asla meydan okumaz.\u00a0Amac\u0131n maliyetleri d\u00fc\u015f\u00fcrmesi, tad\u0131n iyile\u015ftirilmesi, ak\u0131\u015flar\u0131n ayr\u0131\u015ft\u0131r\u0131lmas\u0131 ve yo\u011funla\u015ft\u0131r\u0131lmas\u0131 ya da s\u0131cakl\u0131\u011fa duyarl\u0131 belirli s\u00fcre\u00e7lerin m\u00fckemmelle\u015ftirilmesi, daha iyi bir teknolojiye d\u00f6n\u00fc\u015f\u00fcyor.\u00a0Deneyimlerimizin t\u00fcm fark\u0131 yaratabilece\u011fi yer buras\u0131.\u00a0Onlarca y\u0131l boyunca m\u00fchendislerimiz, en b\u00fcy\u00fck g\u0131da i\u015flemcileri ile [&hellip;]<\/p>\n","protected":false},"author":1,"featured_media":728,"parent":542,"menu_order":0,"comment_status":"closed","ping_status":"closed","template":"pages\/page-full.php","meta":{"footnotes":""},"class_list":["post-593","page","type-page","status-publish","has-post-thumbnail","hentry"],"_links":{"self":[{"href":"https:\/\/akafor.com\/en\/wp-json\/wp\/v2\/pages\/593","targetHints":{"allow":["GET"]}}],"collection":[{"href":"https:\/\/akafor.com\/en\/wp-json\/wp\/v2\/pages"}],"about":[{"href":"https:\/\/akafor.com\/en\/wp-json\/wp\/v2\/types\/page"}],"author":[{"embeddable":true,"href":"https:\/\/akafor.com\/en\/wp-json\/wp\/v2\/users\/1"}],"replies":[{"embeddable":true,"href":"https:\/\/akafor.com\/en\/wp-json\/wp\/v2\/comments?post=593"}],"version-history":[{"count":6,"href":"https:\/\/akafor.com\/en\/wp-json\/wp\/v2\/pages\/593\/revisions"}],"predecessor-version":[{"id":743,"href":"https:\/\/akafor.com\/en\/wp-json\/wp\/v2\/pages\/593\/revisions\/743"}],"up":[{"embeddable":true,"href":"https:\/\/akafor.com\/en\/wp-json\/wp\/v2\/pages\/542"}],"wp:featuredmedia":[{"embeddable":true,"href":"https:\/\/akafor.com\/en\/wp-json\/wp\/v2\/media\/728"}],"wp:attachment":[{"href":"https:\/\/akafor.com\/en\/wp-json\/wp\/v2\/media?parent=593"}],"curies":[{"name":"wp","href":"https:\/\/api.w.org\/{rel}","templated":true}]}}