{"id":603,"date":"2021-03-24T21:32:10","date_gmt":"2021-03-24T18:32:10","guid":{"rendered":"https:\/\/neyesek.co\/?page_id=603"},"modified":"2021-04-01T17:41:23","modified_gmt":"2021-04-01T14:41:23","slug":"alkollu-icecekler","status":"publish","type":"page","link":"https:\/\/akafor.com\/en\/kimya\/su-icecek\/alkollu-icecekler\/","title":{"rendered":"Alkoll\u00fc \u0130\u00e7ecekler"},"content":{"rendered":"","protected":false},"excerpt":{"rendered":"","protected":false},"author":1,"featured_media":729,"parent":544,"menu_order":0,"comment_status":"closed","ping_status":"closed","template":"edits\/page-widget.php","meta":{"footnotes":""},"class_list":["post-603","page","type-page","status-publish","has-post-thumbnail","hentry"],"_links":{"self":[{"href":"https:\/\/akafor.com\/en\/wp-json\/wp\/v2\/pages\/603","targetHints":{"allow":["GET"]}}],"collection":[{"href":"https:\/\/akafor.com\/en\/wp-json\/wp\/v2\/pages"}],"about":[{"href":"https:\/\/akafor.com\/en\/wp-json\/wp\/v2\/types\/page"}],"author":[{"embeddable":true,"href":"https:\/\/akafor.com\/en\/wp-json\/wp\/v2\/users\/1"}],"replies":[{"embeddable":true,"href":"https:\/\/akafor.com\/en\/wp-json\/wp\/v2\/comments?post=603"}],"version-history":[{"count":1,"href":"https:\/\/akafor.com\/en\/wp-json\/wp\/v2\/pages\/603\/revisions"}],"predecessor-version":[{"id":604,"href":"https:\/\/akafor.com\/en\/wp-json\/wp\/v2\/pages\/603\/revisions\/604"}],"up":[{"embeddable":true,"href":"https:\/\/akafor.com\/en\/wp-json\/wp\/v2\/pages\/544"}],"wp:featuredmedia":[{"embeddable":true,"href":"https:\/\/akafor.com\/en\/wp-json\/wp\/v2\/media\/729"}],"wp:attachment":[{"href":"https:\/\/akafor.com\/en\/wp-json\/wp\/v2\/media?parent=603"}],"curies":[{"name":"wp","href":"https:\/\/api.w.org\/{rel}","templated":true}]}}