{"id":750,"date":"2021-04-02T17:25:48","date_gmt":"2021-04-02T14:25:48","guid":{"rendered":"https:\/\/neyesek.co\/?page_id=750"},"modified":"2021-04-02T17:41:08","modified_gmt":"2021-04-02T14:41:08","slug":"urunler","status":"publish","type":"page","link":"https:\/\/akafor.com\/en\/filtrasyon\/urunler\/","title":{"rendered":"\u00dcr\u00fcnler"},"content":{"rendered":"\n<ul class=\"wp-block-list\"><li>ION Exchange Membranlar\u0131<\/li><li>Membran CIP Kimyasallar\u0131<\/li><li>Seramik Membranlar (\u00c7apraz Ak\u0131\u015f Membranlar\u0131)<\/li><li>Polimerik Membranlar<\/li><li>Membran Housing<\/li><li>\u00d6n Filtrasyon \u00dcr\u00fcnleri<\/li><\/ul>\n\n\n\n<figure class=\"wp-block-gallery alignwide columns-2 is-cropped wp-block-gallery-1 is-layout-flex wp-block-gallery-is-layout-flex\"><ul class=\"blocks-gallery-grid\"><li class=\"blocks-gallery-item\"><figure><img loading=\"lazy\" decoding=\"async\" width=\"759\" height=\"1024\" src=\"https:\/\/akafor.com\/wp-content\/uploads\/2020\/12\/membran-yikama-kimyasallari-759x1024.jpeg\" alt=\"\" data-id=\"412\" data-full-url=\"https:\/\/akafor.com\/wp-content\/uploads\/2020\/12\/membran-yikama-kimyasallari.jpeg\" data-link=\"https:\/\/akafor.com\/?attachment_id=412\" class=\"wp-image-412\" srcset=\"https:\/\/akafor.com\/wp-content\/uploads\/2020\/12\/membran-yikama-kimyasallari-759x1024.jpeg 759w, https:\/\/akafor.com\/wp-content\/uploads\/2020\/12\/membran-yikama-kimyasallari-222x300.jpeg 222w, https:\/\/akafor.com\/wp-content\/uploads\/2020\/12\/membran-yikama-kimyasallari-768x1037.jpeg 768w, https:\/\/akafor.com\/wp-content\/uploads\/2020\/12\/membran-yikama-kimyasallari.jpeg 800w\" sizes=\"auto, (max-width: 759px) 100vw, 759px\" \/><\/figure><\/li><li class=\"blocks-gallery-item\"><figure><img loading=\"lazy\" decoding=\"async\" width=\"759\" height=\"1024\" src=\"https:\/\/akafor.com\/wp-content\/uploads\/2020\/12\/membran-filtreler-759x1024.png\" alt=\"\" data-id=\"411\" data-full-url=\"https:\/\/akafor.com\/wp-content\/uploads\/2020\/12\/membran-filtreler.png\" data-link=\"https:\/\/akafor.com\/?attachment_id=411\" class=\"wp-image-411\" srcset=\"https:\/\/akafor.com\/wp-content\/uploads\/2020\/12\/membran-filtreler-759x1024.png 759w, https:\/\/akafor.com\/wp-content\/uploads\/2020\/12\/membran-filtreler-222x300.png 222w, https:\/\/akafor.com\/wp-content\/uploads\/2020\/12\/membran-filtreler-768x1037.png 768w, https:\/\/akafor.com\/wp-content\/uploads\/2020\/12\/membran-filtreler.png 800w\" sizes=\"auto, (max-width: 759px) 100vw, 759px\" \/><\/figure><\/li><\/ul><\/figure>\n","protected":false},"excerpt":{"rendered":"<p>ION Exchange Membranlar\u0131 Membran CIP Kimyasallar\u0131 Seramik Membranlar (\u00c7apraz Ak\u0131\u015f Membranlar\u0131) Polimerik Membranlar Membran Housing \u00d6n Filtrasyon \u00dcr\u00fcnleri<\/p>\n","protected":false},"author":1,"featured_media":0,"parent":454,"menu_order":0,"comment_status":"closed","ping_status":"closed","template":"pages\/page-full.php","meta":{"footnotes":""},"class_list":["post-750","page","type-page","status-publish","hentry"],"_links":{"self":[{"href":"https:\/\/akafor.com\/en\/wp-json\/wp\/v2\/pages\/750","targetHints":{"allow":["GET"]}}],"collection":[{"href":"https:\/\/akafor.com\/en\/wp-json\/wp\/v2\/pages"}],"about":[{"href":"https:\/\/akafor.com\/en\/wp-json\/wp\/v2\/types\/page"}],"author":[{"embeddable":true,"href":"https:\/\/akafor.com\/en\/wp-json\/wp\/v2\/users\/1"}],"replies":[{"embeddable":true,"href":"https:\/\/akafor.com\/en\/wp-json\/wp\/v2\/comments?post=750"}],"version-history":[{"count":4,"href":"https:\/\/akafor.com\/en\/wp-json\/wp\/v2\/pages\/750\/revisions"}],"predecessor-version":[{"id":756,"href":"https:\/\/akafor.com\/en\/wp-json\/wp\/v2\/pages\/750\/revisions\/756"}],"up":[{"embeddable":true,"href":"https:\/\/akafor.com\/en\/wp-json\/wp\/v2\/pages\/454"}],"wp:attachment":[{"href":"https:\/\/akafor.com\/en\/wp-json\/wp\/v2\/media?parent=750"}],"curies":[{"name":"wp","href":"https:\/\/api.w.org\/{rel}","templated":true}]}}