{"id":82,"date":"2020-06-03T20:55:10","date_gmt":"2020-06-03T17:55:10","guid":{"rendered":"http:\/\/demo.safirtema.com\/rota\/?page_id=82"},"modified":"2024-01-04T15:28:16","modified_gmt":"2024-01-04T12:28:16","slug":"hakkimizda","status":"publish","type":"page","link":"https:\/\/akafor.com\/en\/hakkimizda\/","title":{"rendered":"Hakk\u0131m\u0131zda"},"content":{"rendered":"\n<h2 class=\"wp-block-heading\"><mark style=\"background-color:rgba(0, 0, 0, 0)\" class=\"has-inline-color has-vivid-cyan-blue-color\"><strong>Akafor, Kovalus Separation Solutions Inc.Resmi T\u00fcrkiye Distrib\u00fct\u00f6r\u00fcd\u00fcr<\/strong>.<\/mark><\/h2>\n\n\n\n<p>\u015eirketimiz 2005 y\u0131l\u0131nda kurulmu\u015ftur. Faaliyet alan\u0131m\u0131z End\u00fcstriyel, G\u0131da, Kimya sanayilerinde&nbsp;membran filtrasyon ile sa\u011flanan; ar\u0131tma, klarifikasyon, konsantre etme, ayr\u0131\u015ft\u0131rma, berrakla\u015ftr\u0131rma, geri kazan\u0131m gibi&nbsp;uygulamalarda, sistem, yedek par\u00e7a, m\u00fchendislik, teknik destek hizmetleridir. \u00c7evresel yasalar\u0131n giderek s\u0131k\u0131la\u015ft\u0131\u011f\u0131, i\u015fletme maliyetlerinin \u00f6nemli hale geldi\u011fi, kalitenin ihtiya\u00e7 haline geldi\u011fi g\u00fcn\u00fcm\u00fczde&nbsp;sa\u011flad\u0131\u011f\u0131m\u0131z membran filtre sistemleri ile \u00e7evre yasalar\u0131n\u0131n getirdi\u011fi zorunluluklar\u0131 yerine getirmekte ve&nbsp;at\u0131k sular\u0131 geri kazanarak ve at\u0131klar\u0131 en aza indirerek&nbsp;i\u015fletmelerin at\u0131k sorunlar\u0131n\u0131 \u00e7\u00f6z\u00fcp&nbsp;at\u0131k maliyetlerini azaltmaktay\u0131z. Sa\u011flad\u0131\u011f\u0131m\u0131z membran filtre sistemleri ile proseste kullan\u0131lan s\u0131v\u0131lar\u0131 geri kazanarak, konsantre ederek, evaporasyon\/\u0131s\u0131 t\u00fcketimi, kimyasal t\u00fcketimini azaltmaktay\u0131z.&nbsp;<\/p>\n\n\n\n<p>Firmam\u0131z, d\u00fcnyada membran konusunda yeniliklerin \u00f6nc\u00fcs\u00fc ve lider tedarik\u00e7isi olan KOVALUS Separation Solutions markas\u0131n\u0131n resmi&nbsp;T\u00fcrkiye Distrib\u00fct\u00f6r\u00fcd\u00fcr. Distrib\u00fct\u00f6r\u00fc oldu\u011fumuz KOVALUS markas\u0131n\u0131n membran filtre, membran y\u0131kama kimyasallar\u0131 ve sistem sat\u0131\u015f\u0131n\u0131 yapmaktay\u0131z. KOVALUS firmas\u0131 taraf\u0131ndan e\u011fitilmi\u015f, alan\u0131nda uzman kadromuz i\u015fletmenizin&nbsp;ihtiya\u00e7lar\u0131n\u0131za y\u00f6nelik teknik destek hizmeti sunmaktad\u0131r.<\/p>\n\n\n\n<p>Hedefimiz hizmet verdi\u011fimiz t\u00fcm sekt\u00f6rlerde, membran denilince akla gelen ilk firma olmakt\u0131r.<\/p>\n\n\n\n<div class=\"wp-block-columns is-layout-flex wp-container-core-columns-is-layout-9d6595d7 wp-block-columns-is-layout-flex\">\n<div class=\"wp-block-column is-layout-flow wp-block-column-is-layout-flow\"><\/div>\n\n\n\n<div class=\"wp-block-column is-layout-flow wp-block-column-is-layout-flow\"><\/div>\n<\/div>\n","protected":false},"excerpt":{"rendered":"<p>Akafor, Kovalus Separation Solutions Inc.Resmi T\u00fcrkiye Distrib\u00fct\u00f6r\u00fcd\u00fcr. \u015eirketimiz 2005 y\u0131l\u0131nda kurulmu\u015ftur. Faaliyet alan\u0131m\u0131z End\u00fcstriyel, G\u0131da, Kimya sanayilerinde&nbsp;membran filtrasyon ile sa\u011flanan; ar\u0131tma, klarifikasyon, konsantre etme, ayr\u0131\u015ft\u0131rma, berrakla\u015ftr\u0131rma, geri kazan\u0131m gibi&nbsp;uygulamalarda, sistem, yedek par\u00e7a, m\u00fchendislik, teknik destek hizmetleridir. \u00c7evresel yasalar\u0131n giderek s\u0131k\u0131la\u015ft\u0131\u011f\u0131, i\u015fletme maliyetlerinin \u00f6nemli hale geldi\u011fi, kalitenin ihtiya\u00e7 haline geldi\u011fi g\u00fcn\u00fcm\u00fczde&nbsp;sa\u011flad\u0131\u011f\u0131m\u0131z membran filtre sistemleri ile \u00e7evre [&hellip;]<\/p>\n","protected":false},"author":1,"featured_media":0,"parent":0,"menu_order":0,"comment_status":"closed","ping_status":"closed","template":"pages\/page-full.php","meta":{"footnotes":""},"class_list":["post-82","page","type-page","status-publish","hentry"],"_links":{"self":[{"href":"https:\/\/akafor.com\/en\/wp-json\/wp\/v2\/pages\/82","targetHints":{"allow":["GET"]}}],"collection":[{"href":"https:\/\/akafor.com\/en\/wp-json\/wp\/v2\/pages"}],"about":[{"href":"https:\/\/akafor.com\/en\/wp-json\/wp\/v2\/types\/page"}],"author":[{"embeddable":true,"href":"https:\/\/akafor.com\/en\/wp-json\/wp\/v2\/users\/1"}],"replies":[{"embeddable":true,"href":"https:\/\/akafor.com\/en\/wp-json\/wp\/v2\/comments?post=82"}],"version-history":[{"count":19,"href":"https:\/\/akafor.com\/en\/wp-json\/wp\/v2\/pages\/82\/revisions"}],"predecessor-version":[{"id":3342,"href":"https:\/\/akafor.com\/en\/wp-json\/wp\/v2\/pages\/82\/revisions\/3342"}],"wp:attachment":[{"href":"https:\/\/akafor.com\/en\/wp-json\/wp\/v2\/media?parent=82"}],"curies":[{"name":"wp","href":"https:\/\/api.w.org\/{rel}","templated":true}]}}