{"id":898,"date":"2021-04-21T13:15:00","date_gmt":"2021-04-21T10:15:00","guid":{"rendered":"https:\/\/neyesek.co\/?page_id=898"},"modified":"2021-04-21T13:22:12","modified_gmt":"2021-04-21T10:22:12","slug":"biyofilm","status":"publish","type":"page","link":"https:\/\/akafor.com\/en\/kimya\/biyofilm\/","title":{"rendered":"Biyofilm"},"content":{"rendered":"\n<h2 class=\"wp-block-heading\" id=\"h-biyofilm-nedir\">Biyofilm nedir ?<\/h2>\n\n\n\n<p>Biyofilm, organik polimerler (EPS) polisakkaritleri, proteinler, DNA, lipidlerden olu\u015fan koruyucu bir matris geli\u015ftiren bakteri birikiminin yaratt\u0131\u011f\u0131 s\u00fcrekli bir kontaminasyon kayna\u011f\u0131d\u0131r.<\/p>\n\n\n\n<p>Biyofilmler, bakterileri koruyan ve geleneksel temizlik ve dezenfeksiyon maddelerine kar\u015f\u0131 daha diren\u00e7li hale getiren koruyucu bir matrise sahiptir.<\/p>\n\n\n\n<h3 class=\"wp-block-heading\" id=\"h-biyofilm-geli-im-d-ng-s\"><strong>Biyofilm geli\u015fim d\u00f6ng\u00fcs\u00fc<\/strong><\/h3>\n\n\n\n<p>Biyofilm, mikroorganizmalar\u0131n ve organik polimerlerin \u00f6ng\u00f6r\u00fclemeyen sal\u0131n\u0131m\u0131 nedeniyle s\u00fcrekli bir kontaminasyon kayna\u011f\u0131d\u0131r.<\/p>\n\n\n\n<div class=\"wp-block-image\"><figure class=\"aligncenter size-large is-resized\"><img loading=\"lazy\" decoding=\"async\" src=\"https:\/\/akafor.com\/wp-content\/uploads\/2021\/04\/biyofilm-nedir.png\" alt=\"\" class=\"wp-image-899\" width=\"655\" height=\"223\" srcset=\"https:\/\/akafor.com\/wp-content\/uploads\/2021\/04\/biyofilm-nedir.png 908w, https:\/\/akafor.com\/wp-content\/uploads\/2021\/04\/biyofilm-nedir-300x102.png 300w, https:\/\/akafor.com\/wp-content\/uploads\/2021\/04\/biyofilm-nedir-768x262.png 768w\" sizes=\"auto, (max-width: 655px) 100vw, 655px\" \/><\/figure><\/div>\n\n\n\n<h1 class=\"wp-block-heading\" id=\"h-\">&nbsp;<\/h1>\n\n\n\n<h2 class=\"wp-block-heading\" id=\"h-biyofilm-yakla-m-m-z\">Biyofilm Yakla\u015f\u0131m\u0131m\u0131z<\/h2>\n\n\n\n<div class=\"wp-block-image\"><figure class=\"aligncenter size-large\"><img loading=\"lazy\" decoding=\"async\" width=\"947\" height=\"497\" src=\"https:\/\/akafor.com\/wp-content\/uploads\/2021\/04\/biyofilm-yaklasimimiz.png\" alt=\"\" class=\"wp-image-900\" srcset=\"https:\/\/akafor.com\/wp-content\/uploads\/2021\/04\/biyofilm-yaklasimimiz.png 947w, https:\/\/akafor.com\/wp-content\/uploads\/2021\/04\/biyofilm-yaklasimimiz-300x157.png 300w, https:\/\/akafor.com\/wp-content\/uploads\/2021\/04\/biyofilm-yaklasimimiz-768x403.png 768w\" sizes=\"auto, (max-width: 947px) 100vw, 947px\" \/><\/figure><\/div>\n\n\n\n<h3 class=\"wp-block-heading\" id=\"h-tespit-etme\"><strong>Tespit etme<\/strong><\/h3>\n\n\n\n<div class=\"wp-block-image\"><figure class=\"aligncenter size-large\"><img loading=\"lazy\" decoding=\"async\" width=\"292\" height=\"190\" src=\"https:\/\/akafor.com\/wp-content\/uploads\/2021\/04\/tespit-etme.png\" alt=\"\" class=\"wp-image-901\"\/><\/figure><\/div>\n\n\n\n<p>Realco biyofilm tespit kiti, biyofilm varl\u0131\u011f\u0131n\u0131 tespit etmek &nbsp;&nbsp;ve i\u015fletmeleri denetlemek i\u00e7in geli\u015ftirmi\u015ftir.<\/p>\n\n\n\n<p>Biyofilm Tespit Kiti, temizlik ve dezenfeksiyon ad\u0131mlar\u0131ndan sonra uygulanacak \u015fekilde ayarlanm\u0131\u015ft\u0131r.<\/p>\n\n\n\n<p>Biyofilm Tespit Kiti, mavi bir renkle biyofilm kontaminasyonunu tespit etmek ve g\u00f6zle g\u00f6r\u00fclebilir hale getirmek i\u00e7in kullan\u0131lan patentli bir ara\u00e7t\u0131r.<\/p>\n\n\n\n<h3 class=\"wp-block-heading\" id=\"h-karakterizasyon\"><strong>Karakterizasyon<\/strong><\/h3>\n\n\n\n<p>Uzman ekibimiz denetimleri birka\u00e7 analize dayand\u0131r\u0131r: &nbsp;&nbsp;&nbsp;&nbsp;&nbsp;&nbsp;&nbsp;&nbsp;&nbsp;&nbsp;&nbsp;&nbsp;&nbsp;&nbsp;&nbsp;&nbsp;&nbsp;&nbsp;&nbsp;&nbsp;&nbsp;&nbsp;&nbsp;&nbsp;&nbsp;&nbsp;&nbsp;&nbsp;&nbsp;&nbsp;&nbsp;&nbsp;&nbsp;&nbsp;&nbsp;&nbsp;&nbsp;&nbsp;&nbsp;&nbsp;&nbsp;&nbsp;&nbsp;&nbsp;&nbsp;&nbsp;&nbsp;<\/p>\n\n\n\n<p>Floran\u0131n Slyme Bart Testi ile Nitelendirilmesi<\/p>\n\n\n\n<p>Floran\u0131n ATP 2G analizleri ile kantifikasyonu<\/p>\n\n\n\n<p>Floran\u0131n metagenetik ile karakterizasyonu<\/p>\n\n\n\n<p><strong>\u0130yile\u015ftirme uygulamalar\u0131<\/strong><\/p>\n\n\n\n<p>BIOREM\u00ae serisi, biyofilmlerin organik matrisini par\u00e7alamak i\u00e7in \u00f6zel olarak geli\u015ftirilmi\u015f enzimatik bir deterjand\u0131r. Bu sayede bakteriler dezenfeksiyon i\u015flemine a\u00e7\u0131k hale gelir.<\/p>\n\n\n\n<p><strong>CIP uygulamalar\u0131 i\u00e7in<\/strong><\/p>\n\n\n\n<div class=\"wp-block-columns is-layout-flex wp-container-core-columns-is-layout-9d6595d7 wp-block-columns-is-layout-flex\">\n<div class=\"wp-block-column is-layout-flow wp-block-column-is-layout-flow\" style=\"flex-basis:100%\">\n<figure class=\"wp-block-gallery alignleft columns-2 is-cropped wp-block-gallery-1 is-layout-flex wp-block-gallery-is-layout-flex\"><ul class=\"blocks-gallery-grid\"><li class=\"blocks-gallery-item\"><figure><img loading=\"lazy\" decoding=\"async\" width=\"150\" height=\"150\" src=\"https:\/\/akafor.com\/wp-content\/uploads\/2021\/04\/cip-uygulama-tablosu-150x150.png\" alt=\"\" data-id=\"902\" data-full-url=\"https:\/\/akafor.com\/wp-content\/uploads\/2021\/04\/cip-uygulama-tablosu.png\" data-link=\"https:\/\/akafor.com\/?attachment_id=902\" class=\"wp-image-902\"\/><\/figure><\/li><li class=\"blocks-gallery-item\"><figure><img loading=\"lazy\" decoding=\"async\" width=\"150\" height=\"150\" src=\"https:\/\/akafor.com\/wp-content\/uploads\/2021\/04\/cip-bidon-150x150.png\" alt=\"\" data-id=\"903\" data-full-url=\"https:\/\/akafor.com\/wp-content\/uploads\/2021\/04\/cip-bidon.png\" data-link=\"https:\/\/akafor.com\/?attachment_id=903\" class=\"wp-image-903\"\/><\/figure><\/li><\/ul><\/figure>\n<\/div>\n<\/div>\n\n\n\n<p><strong>A\u00e7\u0131k alan uygulamalar\u0131 i\u00e7in;<\/strong><\/p>\n\n\n\n<figure class=\"wp-block-gallery alignleft columns-2 is-cropped wp-block-gallery-2 is-layout-flex wp-block-gallery-is-layout-flex\"><ul class=\"blocks-gallery-grid\"><li class=\"blocks-gallery-item\"><figure><img loading=\"lazy\" decoding=\"async\" width=\"242\" height=\"308\" src=\"https:\/\/akafor.com\/wp-content\/uploads\/2021\/04\/cip-acik-alan-tablo.png\" alt=\"\" data-id=\"904\" class=\"wp-image-904\" srcset=\"https:\/\/akafor.com\/wp-content\/uploads\/2021\/04\/cip-acik-alan-tablo.png 242w, https:\/\/akafor.com\/wp-content\/uploads\/2021\/04\/cip-acik-alan-tablo-236x300.png 236w\" sizes=\"auto, (max-width: 242px) 100vw, 242px\" \/><\/figure><\/li><li class=\"blocks-gallery-item\"><figure><img loading=\"lazy\" decoding=\"async\" width=\"238\" height=\"326\" src=\"https:\/\/akafor.com\/wp-content\/uploads\/2021\/04\/foam-bidon.png\" alt=\"\" data-id=\"905\" data-full-url=\"https:\/\/akafor.com\/wp-content\/uploads\/2021\/04\/foam-bidon.png\" data-link=\"https:\/\/akafor.com\/?attachment_id=905\" class=\"wp-image-905\" srcset=\"https:\/\/akafor.com\/wp-content\/uploads\/2021\/04\/foam-bidon.png 238w, https:\/\/akafor.com\/wp-content\/uploads\/2021\/04\/foam-bidon-219x300.png 219w\" sizes=\"auto, (max-width: 238px) 100vw, 238px\" \/><\/figure><\/li><\/ul><\/figure>\n\n\n\n<p><\/p>\n\n\n\n<p><br><br><br><br><br><br><br><br><br><br><br><strong>\u00d6nleme<\/strong><\/p>\n\n\n\n<p>\u0130yile\u015ftirme uygulamas\u0131ndan sonra yeni kontaminasyonu \u00f6nlemek ve m\u00fckemmel bir hijyen sa\u011flamak i\u00e7in koruyucu uygulama yap\u0131l\u0131r.<\/p>\n\n\n\n<p>Yap\u0131lan uygulamalar, tesislerinizdeki biyofilm ile ba\u011flant\u0131l\u0131 kontaminasyonu \u00f6nlemede etkilidir.<\/p>\n\n\n\n<div class=\"wp-block-image\"><figure class=\"aligncenter size-large\"><img loading=\"lazy\" decoding=\"async\" width=\"900\" height=\"440\" src=\"https:\/\/akafor.com\/wp-content\/uploads\/2021\/04\/onleme.png\" alt=\"\" class=\"wp-image-906\" srcset=\"https:\/\/akafor.com\/wp-content\/uploads\/2021\/04\/onleme.png 900w, https:\/\/akafor.com\/wp-content\/uploads\/2021\/04\/onleme-300x147.png 300w, https:\/\/akafor.com\/wp-content\/uploads\/2021\/04\/onleme-768x375.png 768w\" sizes=\"auto, (max-width: 900px) 100vw, 900px\" \/><\/figure><\/div>\n","protected":false},"excerpt":{"rendered":"<p>Biyofilm nedir ? Biyofilm, organik polimerler (EPS) polisakkaritleri, proteinler, DNA, lipidlerden olu\u015fan koruyucu bir matris geli\u015ftiren bakteri birikiminin yaratt\u0131\u011f\u0131 s\u00fcrekli bir kontaminasyon kayna\u011f\u0131d\u0131r. Biyofilmler, bakterileri koruyan ve geleneksel temizlik ve dezenfeksiyon maddelerine kar\u015f\u0131 daha diren\u00e7li hale getiren koruyucu bir matrise sahiptir. Biyofilm geli\u015fim d\u00f6ng\u00fcs\u00fc Biyofilm, mikroorganizmalar\u0131n ve organik polimerlerin \u00f6ng\u00f6r\u00fclemeyen sal\u0131n\u0131m\u0131 nedeniyle s\u00fcrekli bir kontaminasyon [&hellip;]<\/p>\n","protected":false},"author":1,"featured_media":0,"parent":536,"menu_order":0,"comment_status":"closed","ping_status":"closed","template":"","meta":{"footnotes":""},"class_list":["post-898","page","type-page","status-publish","hentry"],"_links":{"self":[{"href":"https:\/\/akafor.com\/en\/wp-json\/wp\/v2\/pages\/898","targetHints":{"allow":["GET"]}}],"collection":[{"href":"https:\/\/akafor.com\/en\/wp-json\/wp\/v2\/pages"}],"about":[{"href":"https:\/\/akafor.com\/en\/wp-json\/wp\/v2\/types\/page"}],"author":[{"embeddable":true,"href":"https:\/\/akafor.com\/en\/wp-json\/wp\/v2\/users\/1"}],"replies":[{"embeddable":true,"href":"https:\/\/akafor.com\/en\/wp-json\/wp\/v2\/comments?post=898"}],"version-history":[{"count":5,"href":"https:\/\/akafor.com\/en\/wp-json\/wp\/v2\/pages\/898\/revisions"}],"predecessor-version":[{"id":912,"href":"https:\/\/akafor.com\/en\/wp-json\/wp\/v2\/pages\/898\/revisions\/912"}],"up":[{"embeddable":true,"href":"https:\/\/akafor.com\/en\/wp-json\/wp\/v2\/pages\/536"}],"wp:attachment":[{"href":"https:\/\/akafor.com\/en\/wp-json\/wp\/v2\/media?parent=898"}],"curies":[{"name":"wp","href":"https:\/\/api.w.org\/{rel}","templated":true}]}}