{"id":916,"date":"2021-05-10T10:16:52","date_gmt":"2021-05-10T07:16:52","guid":{"rendered":"https:\/\/neyesek.co\/?page_id=916"},"modified":"2021-06-24T12:30:06","modified_gmt":"2021-06-24T09:30:06","slug":"hollow-fiber-membranlar","status":"publish","type":"page","link":"https:\/\/akafor.com\/en\/filtrasyon\/urunler\/membran-filtreler\/hollow-fiber-membranlar\/","title":{"rendered":"Hollow Fiber Membranlar"},"content":{"rendered":"\n<h3 class=\"wp-block-heading\" id=\"h-hollow-fiber-membranes\"><\/h3>\n\n\n\n<p>Orta d\u00fczeyde ask\u0131da kat\u0131 madde i\u00e7eren uygulamalar i\u00e7in \u00fcretilmi\u015f olan&nbsp;hollow&nbsp;fiber konfig\u00fcrasyonlar\u0131, \u00fcretim ve temizlik s\u0131ras\u0131nda ak\u0131 ve reddinin daha kolay kontrol\u00fcne izin veren benzersiz bir yap\u0131ya sahiptir.&nbsp;Ultrafiltrasyon&nbsp;ve&nbsp;mikrofiltrasyon&nbsp;hollow&nbsp;fiber \u00e7\u00f6z\u00fcmlerimiz, \u0130\u00e7ten D\u0131\u015fa veya D\u0131\u015ftan \u0130\u00e7e y\u00f6n\u00fcnde \u00e7al\u0131\u015fan ve hem k\u00fc\u00e7\u00fck hem de b\u00fcy\u00fck&nbsp;filtrasyon&nbsp;hacimleri i\u00e7in uygun maliyetli, d\u00fc\u015f\u00fck enerji performans\u0131 sa\u011flayan bas\u0131n\u00e7l\u0131 ve dald\u0131r\u0131lm\u0131\u015f \u00fcr\u00fcnleri i\u00e7erir.&nbsp;<\/p>\n\n\n\n<figure class=\"wp-block-gallery columns-2 is-cropped wp-block-gallery-1 is-layout-flex wp-block-gallery-is-layout-flex\"><ul class=\"blocks-gallery-grid\"><li class=\"blocks-gallery-item\"><figure><img loading=\"lazy\" decoding=\"async\" width=\"440\" height=\"443\" src=\"https:\/\/akafor.com\/wp-content\/uploads\/2021\/05\/image-5.png\" alt=\"Hollow Fiber Membran\" data-id=\"944\" data-full-url=\"https:\/\/akafor.com\/wp-content\/uploads\/2021\/05\/image-5.png\" data-link=\"https:\/\/akafor.com\/filtrasyon\/membran-filtreler\/hollow-fiber-membranlar\/image-5\/\" class=\"wp-image-944\" srcset=\"https:\/\/akafor.com\/wp-content\/uploads\/2021\/05\/image-5.png 440w, https:\/\/akafor.com\/wp-content\/uploads\/2021\/05\/image-5-298x300.png 298w, https:\/\/akafor.com\/wp-content\/uploads\/2021\/05\/image-5-150x150.png 150w\" sizes=\"auto, (max-width: 440px) 100vw, 440px\" \/><\/figure><\/li><li class=\"blocks-gallery-item\"><figure><img loading=\"lazy\" decoding=\"async\" width=\"433\" height=\"435\" src=\"https:\/\/akafor.com\/wp-content\/uploads\/2021\/05\/image.png\" alt=\"\" data-id=\"937\" data-full-url=\"https:\/\/akafor.com\/wp-content\/uploads\/2021\/05\/image.png\" data-link=\"https:\/\/akafor.com\/filtrasyon\/membran-filtreler\/hollow-fiber-membranlar\/image\/\" class=\"wp-image-937\" srcset=\"https:\/\/akafor.com\/wp-content\/uploads\/2021\/05\/image.png 433w, https:\/\/akafor.com\/wp-content\/uploads\/2021\/05\/image-300x300.png 300w, https:\/\/akafor.com\/wp-content\/uploads\/2021\/05\/image-150x150.png 150w\" sizes=\"auto, (max-width: 433px) 100vw, 433px\" \/><\/figure><\/li><\/ul><\/figure>\n\n\n\n\n\n<p><strong>Kullan\u0131ld\u0131\u011f\u0131 Sekt\u00f6rler:<\/strong><\/p>\n\n\n\n<ul class=\"wp-block-list\"><li>S\u00fct<\/li><li>Yiyecek<\/li><li>\u0130\u00e7ecek<\/li><li>Otomotiv<\/li><li>Genel end\u00fcstriyel<\/li><li>Ya\u015fam bilimleri<\/li><li>Belediye suyu  ve at\u0131k su<\/li><li>Ka\u011f\u0131t hamuru ve Ka\u011f\u0131t<\/li><li>Tekstil<\/li><\/ul>\n\n\n\n\n\n<p><strong>\u00dcr\u00fcnler<\/strong><\/p>\n\n\n\n<figure class=\"wp-block-gallery columns-3 is-cropped wp-block-gallery-2 is-layout-flex wp-block-gallery-is-layout-flex\"><ul class=\"blocks-gallery-grid\"><li class=\"blocks-gallery-item\"><figure><img decoding=\"async\" src=\"https:\/\/akafor.com\/wp-content\/uploads\/2021\/05\/BEERFILTER&#x2122;.png\" alt=\"\" data-id=\"1050\" data-full-url=\"https:\/\/akafor.com\/wp-content\/uploads\/2021\/05\/BEERFILTER&#x2122;.png\" data-link=\"https:\/\/akafor.com\/filtrasyon\/urunler\/membran-filtreler\/hollow-fiber-membranlar\/beerfilter\/beerfilter\/\" class=\"wp-image-1050\"\/><figcaption class=\"blocks-gallery-item__caption\"><a href=\"https:\/\/akafor.com\/filtrasyon\/urunler\/membran-filtreler\/hollow-fiber-membranlar\/beerfilter\/\">BEERFILTER<\/a><a href=\"https:\/\/akafor.com\/filtrasyon\/urunler\/membran-filtreler\/hollow-fiber-membranlar\/beerfilter\/?preview_id=1049&amp;preview_nonce=5dc31f195a&amp;preview=true\"><sup>&#x2122;<\/sup><\/a><\/figcaption><\/figure><\/li><li class=\"blocks-gallery-item\"><figure><img decoding=\"async\" src=\"https:\/\/akafor.com\/wp-content\/uploads\/2021\/05\/WINEFILTER&#x2122;.png\" alt=\"\" data-id=\"1042\" data-full-url=\"https:\/\/akafor.com\/wp-content\/uploads\/2021\/05\/WINEFILTER&#x2122;.png\" data-link=\"https:\/\/akafor.com\/?attachment_id=1042\" class=\"wp-image-1042\"\/><figcaption class=\"blocks-gallery-item__caption\"><a href=\"https:\/\/akafor.com\/filtrasyon\/urunler\/membran-filtreler\/hollow-fiber-membranlar\/winefilter\/\">WINEFILTER<sup>&#x2122;<\/sup>&nbsp;<\/a><\/figcaption><\/figure><\/li><li class=\"blocks-gallery-item\"><figure><img loading=\"lazy\" decoding=\"async\" width=\"436\" height=\"435\" src=\"https:\/\/akafor.com\/wp-content\/uploads\/2021\/05\/romicon-kartus.png\" alt=\"\" data-id=\"1027\" data-full-url=\"https:\/\/akafor.com\/wp-content\/uploads\/2021\/05\/romicon-kartus.png\" data-link=\"https:\/\/akafor.com\/filtrasyon\/urunler\/membran-filtreler\/hollow-fiber-membranlar\/romicon-kartus\/romicon-kartus\/\" class=\"wp-image-1027\" srcset=\"https:\/\/akafor.com\/wp-content\/uploads\/2021\/05\/romicon-kartus.png 436w, https:\/\/akafor.com\/wp-content\/uploads\/2021\/05\/romicon-kartus-300x300.png 300w, https:\/\/akafor.com\/wp-content\/uploads\/2021\/05\/romicon-kartus-150x150.png 150w\" sizes=\"auto, (max-width: 436px) 100vw, 436px\" \/><figcaption class=\"blocks-gallery-item__caption\"><a href=\"https:\/\/akafor.com\/filtrasyon\/urunler\/membran-filtreler\/hollow-fiber-membranlar\/romicon-kartus\/\">ROMICON<sup>\u00ae<\/sup><\/a><\/figcaption><\/figure><\/li><li class=\"blocks-gallery-item\"><figure><img loading=\"lazy\" decoding=\"async\" width=\"494\" height=\"496\" src=\"https:\/\/akafor.com\/wp-content\/uploads\/2021\/05\/PURON\u00ae-MP-System.png\" alt=\"\" data-id=\"1119\" data-full-url=\"https:\/\/akafor.com\/wp-content\/uploads\/2021\/05\/PURON\u00ae-MP-System.png\" data-link=\"https:\/\/akafor.com\/filtrasyon\/urunler\/membran-filtreler\/hollow-fiber-membranlar\/puron-mp-kartus-2\/puron-mp-system\/\" class=\"wp-image-1119\" srcset=\"https:\/\/akafor.com\/wp-content\/uploads\/2021\/05\/PURON\u00ae-MP-System.png 494w, https:\/\/akafor.com\/wp-content\/uploads\/2021\/05\/PURON\u00ae-MP-System-300x300.png 300w, https:\/\/akafor.com\/wp-content\/uploads\/2021\/05\/PURON\u00ae-MP-System-150x150.png 150w\" sizes=\"auto, (max-width: 494px) 100vw, 494px\" \/><figcaption class=\"blocks-gallery-item__caption\"><a href=\"https:\/\/akafor.com\/filtrasyon\/urunler\/membran-filtreler\/hollow-fiber-membranlar\/puron-mp-kartus-2\/\">PURON MP Mod\u00fcl<\/a><\/figcaption><\/figure><\/li><li class=\"blocks-gallery-item\"><figure><img loading=\"lazy\" decoding=\"async\" width=\"495\" height=\"495\" src=\"https:\/\/akafor.com\/wp-content\/uploads\/2021\/05\/PURON\u00ae-HF-System.png\" alt=\"\" data-id=\"1123\" data-full-url=\"https:\/\/akafor.com\/wp-content\/uploads\/2021\/05\/PURON\u00ae-HF-System.png\" data-link=\"https:\/\/akafor.com\/filtrasyon\/urunler\/membran-filtreler\/hollow-fiber-membranlar\/puron-hf\/puron-hf-system\/\" class=\"wp-image-1123\" srcset=\"https:\/\/akafor.com\/wp-content\/uploads\/2021\/05\/PURON\u00ae-HF-System.png 495w, https:\/\/akafor.com\/wp-content\/uploads\/2021\/05\/PURON\u00ae-HF-System-300x300.png 300w, https:\/\/akafor.com\/wp-content\/uploads\/2021\/05\/PURON\u00ae-HF-System-150x150.png 150w\" sizes=\"auto, (max-width: 495px) 100vw, 495px\" \/><figcaption class=\"blocks-gallery-item__caption\"><a href=\"https:\/\/akafor.com\/filtrasyon\/urunler\/membran-filtreler\/hollow-fiber-membranlar\/puron-hf\/\">PURON HF<\/a><\/figcaption><\/figure><\/li><li class=\"blocks-gallery-item\"><figure><img loading=\"lazy\" decoding=\"async\" width=\"436\" height=\"436\" src=\"https:\/\/akafor.com\/wp-content\/uploads\/2021\/05\/Pulison-mnr-modul.png\" alt=\"\" data-id=\"968\" data-full-url=\"https:\/\/akafor.com\/wp-content\/uploads\/2021\/05\/Pulison-mnr-modul.png\" data-link=\"https:\/\/akafor.com\/filtrasyon\/urunler\/membran-filtreler\/hollow-fiber-membranlar\/pulsion-mbr-modul\/pulison-mnr-modul\/\" class=\"wp-image-968\" srcset=\"https:\/\/akafor.com\/wp-content\/uploads\/2021\/05\/Pulison-mnr-modul.png 436w, https:\/\/akafor.com\/wp-content\/uploads\/2021\/05\/Pulison-mnr-modul-300x300.png 300w, https:\/\/akafor.com\/wp-content\/uploads\/2021\/05\/Pulison-mnr-modul-150x150.png 150w\" sizes=\"auto, (max-width: 436px) 100vw, 436px\" \/><figcaption class=\"blocks-gallery-item__caption\"><a href=\"https:\/\/akafor.com\/filtrasyon\/urunler\/membran-filtreler\/hollow-fiber-membranlar\/pulsion-mbr-modul\/\">PULSION<sup>\u00ae<\/sup>&nbsp;MBR Mod\u00fcl<\/a><\/figcaption><\/figure><\/li><\/ul><\/figure>\n\n\n\n<figure class=\"wp-block-gallery columns-1 wp-block-gallery-3 is-layout-flex wp-block-gallery-is-layout-flex\"><ul class=\"blocks-gallery-grid\"><li class=\"blocks-gallery-item\"><figure><img loading=\"lazy\" decoding=\"async\" width=\"438\" height=\"437\" src=\"https:\/\/akafor.com\/wp-content\/uploads\/2021\/05\/Puron-Mbr-modul-1.png\" alt=\"\" data-id=\"963\" data-full-url=\"https:\/\/akafor.com\/wp-content\/uploads\/2021\/05\/Puron-Mbr-modul-1.png\" data-link=\"https:\/\/akafor.com\/filtrasyon\/urunler\/membran-filtreler\/hollow-fiber-membranlar\/pulsion-mbr-module\/puron-mbr-modul-1\/\" class=\"wp-image-963\" srcset=\"https:\/\/akafor.com\/wp-content\/uploads\/2021\/05\/Puron-Mbr-modul-1.png 438w, https:\/\/akafor.com\/wp-content\/uploads\/2021\/05\/Puron-Mbr-modul-1-300x300.png 300w, https:\/\/akafor.com\/wp-content\/uploads\/2021\/05\/Puron-Mbr-modul-1-150x150.png 150w\" sizes=\"auto, (max-width: 438px) 100vw, 438px\" \/><figcaption class=\"blocks-gallery-item__caption\"><a href=\"https:\/\/akafor.com\/filtrasyon\/urunler\/membran-filtreler\/hollow-fiber-membranlar\/puron-mp-kartus\/?preview_id=1011&amp;preview_nonce=4e5c205d27&amp;preview=true\">PURON<sup>\u00ae<\/sup>&nbsp;MBR<\/a><\/figcaption><\/figure><\/li><\/ul><\/figure>\n","protected":false},"excerpt":{"rendered":"<p>Orta d\u00fczeyde ask\u0131da kat\u0131 madde i\u00e7eren uygulamalar i\u00e7in \u00fcretilmi\u015f olan&nbsp;hollow&nbsp;fiber konfig\u00fcrasyonlar\u0131, \u00fcretim ve temizlik s\u0131ras\u0131nda ak\u0131 ve reddinin daha kolay kontrol\u00fcne izin veren benzersiz bir yap\u0131ya sahiptir.&nbsp;Ultrafiltrasyon&nbsp;ve&nbsp;mikrofiltrasyon&nbsp;hollow&nbsp;fiber \u00e7\u00f6z\u00fcmlerimiz, \u0130\u00e7ten D\u0131\u015fa veya D\u0131\u015ftan \u0130\u00e7e y\u00f6n\u00fcnde \u00e7al\u0131\u015fan ve hem k\u00fc\u00e7\u00fck hem de b\u00fcy\u00fck&nbsp;filtrasyon&nbsp;hacimleri i\u00e7in uygun maliyetli, d\u00fc\u015f\u00fck enerji performans\u0131 sa\u011flayan bas\u0131n\u00e7l\u0131 ve dald\u0131r\u0131lm\u0131\u015f \u00fcr\u00fcnleri i\u00e7erir.&nbsp; Kullan\u0131ld\u0131\u011f\u0131 Sekt\u00f6rler: [&hellip;]<\/p>\n","protected":false},"author":1,"featured_media":0,"parent":571,"menu_order":1,"comment_status":"closed","ping_status":"closed","template":"pages\/page-full.php","meta":{"footnotes":""},"class_list":["post-916","page","type-page","status-publish","hentry"],"_links":{"self":[{"href":"https:\/\/akafor.com\/en\/wp-json\/wp\/v2\/pages\/916","targetHints":{"allow":["GET"]}}],"collection":[{"href":"https:\/\/akafor.com\/en\/wp-json\/wp\/v2\/pages"}],"about":[{"href":"https:\/\/akafor.com\/en\/wp-json\/wp\/v2\/types\/page"}],"author":[{"embeddable":true,"href":"https:\/\/akafor.com\/en\/wp-json\/wp\/v2\/users\/1"}],"replies":[{"embeddable":true,"href":"https:\/\/akafor.com\/en\/wp-json\/wp\/v2\/comments?post=916"}],"version-history":[{"count":18,"href":"https:\/\/akafor.com\/en\/wp-json\/wp\/v2\/pages\/916\/revisions"}],"predecessor-version":[{"id":1821,"href":"https:\/\/akafor.com\/en\/wp-json\/wp\/v2\/pages\/916\/revisions\/1821"}],"up":[{"embeddable":true,"href":"https:\/\/akafor.com\/en\/wp-json\/wp\/v2\/pages\/571"}],"wp:attachment":[{"href":"https:\/\/akafor.com\/en\/wp-json\/wp\/v2\/media?parent=916"}],"curies":[{"name":"wp","href":"https:\/\/api.w.org\/{rel}","templated":true}]}}