{"id":929,"date":"2021-05-21T12:36:26","date_gmt":"2021-05-21T09:36:26","guid":{"rendered":"https:\/\/neyesek.co\/?page_id=929"},"modified":"2021-06-24T12:30:48","modified_gmt":"2021-06-24T09:30:48","slug":"spiral-membranlar","status":"publish","type":"page","link":"https:\/\/akafor.com\/en\/filtrasyon\/urunler\/membran-filtreler\/spiral-membranlar\/","title":{"rendered":"Spiral Membranlar"},"content":{"rendered":"\n<div class=\"wp-block-columns is-layout-flex wp-container-core-columns-is-layout-9d6595d7 wp-block-columns-is-layout-flex\">\n<div class=\"wp-block-column is-layout-flow wp-block-column-is-layout-flow\">\n<p>Spiral sarg\u0131l\u0131 elemanlar, nispeten d\u00fc\u015f\u00fck ask\u0131da kat\u0131 maddelere sahip uygulamalarda kullan\u0131l\u0131r. En y\u00fcksek paketleme yo\u011funlu\u011funu sunarlar ve t\u00fcm\u00a0membran\u00a0konfig\u00fcrasyonlar\u0131 aras\u0131nda en ekonomik \u00e7\u00f6z\u00fcmd\u00fcr. Tam bir g\u00f6zenek boyutlar\u0131nda (ters\u00a0ozmoz,\u00a0nanofiltrasyon,\u00a0ultrafiltrasyon\u00a0ve\u00a0mikrofiltrasyon) spiral sarg\u0131l\u0131\u00a0membranlar\u00a0sunuyoruz. Gerekli ay\u0131rma \u00f6zelliklerine g\u00f6re \u00f6zel\u00a0membran\u00a0se\u00e7imi yap\u0131l\u0131r.\u00a0<\/p>\n<\/div>\n\n\n\n<div class=\"wp-block-column is-layout-flow wp-block-column-is-layout-flow\">\n<figure class=\"wp-block-image size-large\"><img loading=\"lazy\" decoding=\"async\" width=\"435\" height=\"436\" src=\"https:\/\/akafor.com\/wp-content\/uploads\/2021\/05\/SPIRAL-MEMBRANES.png\" alt=\"\" class=\"wp-image-1060\" srcset=\"https:\/\/akafor.com\/wp-content\/uploads\/2021\/05\/SPIRAL-MEMBRANES.png 435w, https:\/\/akafor.com\/wp-content\/uploads\/2021\/05\/SPIRAL-MEMBRANES-300x300.png 300w, https:\/\/akafor.com\/wp-content\/uploads\/2021\/05\/SPIRAL-MEMBRANES-150x150.png 150w\" sizes=\"auto, (max-width: 435px) 100vw, 435px\" \/><\/figure>\n<\/div>\n<\/div>\n\n\n\n\n\n<p><strong>\u00d6zellikler ve Faydalar<\/strong><\/p>\n\n\n\n<ul class=\"wp-block-list\"><li>Kompakt tasar\u0131m ve d\u00fc\u015f\u00fck enerjili \u00e7al\u0131\u015fma<\/li><li>S\u0131hhi veya s\u0131hhi olmayan yap\u0131<\/li><li>Y\u00fcksek verimlilik<\/li><\/ul>\n\n\n\n<p><strong>Kullan\u0131ld\u0131\u011f\u0131 Sekt\u00f6rler<\/strong><\/p>\n\n\n\n<ul class=\"wp-block-list\"><li>S\u00fct<\/li><li>G\u0131da<\/li><li>\u0130\u00e7ecekler<\/li><li>Otomotiv<\/li><li>Genel end\u00fcstriyel<\/li><li>Ya\u015fam Bilimleri<\/li><li>Belediye suyu ve at\u0131k su<\/li><li>Ka\u011f\u0131t hamuru ve ka\u011f\u0131t<\/li><li>Tekstil<\/li><\/ul>\n\n\n\n<p><strong>\u00dcr\u00fcnler<\/strong><\/p>\n\n\n\n<figure class=\"wp-block-gallery columns-3 is-cropped wp-block-gallery-1 is-layout-flex wp-block-gallery-is-layout-flex\"><ul class=\"blocks-gallery-grid\"><li class=\"blocks-gallery-item\"><figure><img decoding=\"async\" src=\"https:\/\/akafor.com\/wp-content\/uploads\/2021\/05\/TIDAL&#x2122;-Ileri-Ozmoz.png\" alt=\"\" data-id=\"1105\" data-full-url=\"https:\/\/akafor.com\/wp-content\/uploads\/2021\/05\/TIDAL&#x2122;-Ileri-Ozmoz.png\" data-link=\"https:\/\/akafor.com\/filtrasyon\/urunler\/membran-filtreler\/spiral-membranlar\/tidal-ileri-ozmoz\/tidal-ileri-ozmoz\/\" class=\"wp-image-1105\"\/><figcaption class=\"blocks-gallery-item__caption\"><a href=\"https:\/\/akafor.com\/filtrasyon\/urunler\/membran-filtreler\/spiral-membranlar\/tidal-ileri-ozmoz\/?preview_id=1104&amp;preview_nonce=80513daddf&amp;preview=true\">TIDAL<sup>&#x2122;<\/sup> \u0130leri <\/a><a href=\"https:\/\/akafor.com\/filtrasyon\/urunler\/membran-filtreler\/spiral-membranlar\/tidal-ileri-ozmoz\/\">Ozmoz<\/a><\/figcaption><\/figure><\/li><li class=\"blocks-gallery-item\"><figure><img loading=\"lazy\" decoding=\"async\" width=\"438\" height=\"435\" src=\"https:\/\/akafor.com\/wp-content\/uploads\/2021\/05\/SelRO\u00ae.png\" alt=\"\" data-id=\"1098\" data-full-url=\"https:\/\/akafor.com\/wp-content\/uploads\/2021\/05\/SelRO\u00ae.png\" data-link=\"https:\/\/akafor.com\/filtrasyon\/urunler\/membran-filtreler\/spiral-membranlar\/selro\/selro\/\" class=\"wp-image-1098\" srcset=\"https:\/\/akafor.com\/wp-content\/uploads\/2021\/05\/SelRO\u00ae.png 438w, https:\/\/akafor.com\/wp-content\/uploads\/2021\/05\/SelRO\u00ae-300x298.png 300w, https:\/\/akafor.com\/wp-content\/uploads\/2021\/05\/SelRO\u00ae-150x150.png 150w\" sizes=\"auto, (max-width: 438px) 100vw, 438px\" \/><figcaption class=\"blocks-gallery-item__caption\"><a href=\"https:\/\/akafor.com\/filtrasyon\/urunler\/membran-filtreler\/spiral-membranlar\/selro\/\">SelRO<sup>\u00ae<\/sup><\/a><\/figcaption><\/figure><\/li><li class=\"blocks-gallery-item\"><figure><img decoding=\"async\" src=\"https:\/\/akafor.com\/wp-content\/uploads\/2021\/05\/SPIRAPRO&#x2122;.png\" alt=\"\" data-id=\"1092\" data-full-url=\"https:\/\/akafor.com\/wp-content\/uploads\/2021\/05\/SPIRAPRO&#x2122;.png\" data-link=\"https:\/\/akafor.com\/?attachment_id=1092\" class=\"wp-image-1092\"\/><figcaption class=\"blocks-gallery-item__caption\"><a href=\"https:\/\/akafor.com\/filtrasyon\/urunler\/membran-filtreler\/spiral-membranlar\/spirapro\/\">SPIRAPRO<sup>&#x2122;<\/sup>&nbsp;<\/a><\/figcaption><\/figure><\/li><li class=\"blocks-gallery-item\"><figure><img loading=\"lazy\" decoding=\"async\" width=\"436\" height=\"435\" src=\"https:\/\/akafor.com\/wp-content\/uploads\/2021\/05\/SANI-PRO\u00ae.png\" alt=\"\" data-id=\"1082\" data-full-url=\"https:\/\/akafor.com\/wp-content\/uploads\/2021\/05\/SANI-PRO\u00ae.png\" data-link=\"https:\/\/akafor.com\/?attachment_id=1082\" class=\"wp-image-1082\" srcset=\"https:\/\/akafor.com\/wp-content\/uploads\/2021\/05\/SANI-PRO\u00ae.png 436w, https:\/\/akafor.com\/wp-content\/uploads\/2021\/05\/SANI-PRO\u00ae-300x300.png 300w, https:\/\/akafor.com\/wp-content\/uploads\/2021\/05\/SANI-PRO\u00ae-150x150.png 150w\" sizes=\"auto, (max-width: 436px) 100vw, 436px\" \/><figcaption class=\"blocks-gallery-item__caption\"><a href=\"https:\/\/akafor.com\/filtrasyon\/urunler\/membran-filtreler\/spiral-membranlar\/sani-pro\/\">Sani-Pro<sup>\u00ae<\/sup><\/a><\/figcaption><\/figure><\/li><li class=\"blocks-gallery-item\"><figure><img decoding=\"async\" src=\"https:\/\/akafor.com\/wp-content\/uploads\/2021\/05\/SPIRAPAK&#x2122;-PLUS.png\" alt=\"\" data-id=\"1078\" data-full-url=\"https:\/\/akafor.com\/wp-content\/uploads\/2021\/05\/SPIRAPAK&#x2122;-PLUS.png\" data-link=\"https:\/\/akafor.com\/?attachment_id=1078\" class=\"wp-image-1078\"\/><figcaption class=\"blocks-gallery-item__caption\"><a href=\"https:\/\/akafor.com\/filtrasyon\/urunler\/membran-filtreler\/spiral-membranlar\/spirapak-plus\/\">SPIRAPAK<sup>&#x2122;<\/sup>&nbsp;PLUS<\/a><\/figcaption><\/figure><\/li><li class=\"blocks-gallery-item\"><figure><img loading=\"lazy\" decoding=\"async\" width=\"436\" height=\"437\" src=\"https:\/\/akafor.com\/wp-content\/uploads\/2021\/05\/KPAK\u00ae-PLUS-ELEMENT.png\" alt=\"\" data-id=\"1074\" data-full-url=\"https:\/\/akafor.com\/wp-content\/uploads\/2021\/05\/KPAK\u00ae-PLUS-ELEMENT.png\" data-link=\"https:\/\/akafor.com\/?attachment_id=1074\" class=\"wp-image-1074\" srcset=\"https:\/\/akafor.com\/wp-content\/uploads\/2021\/05\/KPAK\u00ae-PLUS-ELEMENT.png 436w, https:\/\/akafor.com\/wp-content\/uploads\/2021\/05\/KPAK\u00ae-PLUS-ELEMENT-300x300.png 300w, https:\/\/akafor.com\/wp-content\/uploads\/2021\/05\/KPAK\u00ae-PLUS-ELEMENT-150x150.png 150w\" sizes=\"auto, (max-width: 436px) 100vw, 436px\" \/><figcaption class=\"blocks-gallery-item__caption\"><a href=\"https:\/\/akafor.com\/filtrasyon\/urunler\/membran-filtreler\/spiral-membranlar\/kpak-plus\/?\">KPAK<sup>\u00ae<\/sup>&nbsp;<\/a><\/figcaption><\/figure><\/li><li class=\"blocks-gallery-item\"><figure><img loading=\"lazy\" decoding=\"async\" width=\"437\" height=\"438\" src=\"https:\/\/akafor.com\/wp-content\/uploads\/2021\/05\/FLUID-SYSTEMS\u00ae-RO.png\" alt=\"\" data-id=\"1070\" data-full-url=\"https:\/\/akafor.com\/wp-content\/uploads\/2021\/05\/FLUID-SYSTEMS\u00ae-RO.png\" data-link=\"https:\/\/akafor.com\/?attachment_id=1070\" class=\"wp-image-1070\" srcset=\"https:\/\/akafor.com\/wp-content\/uploads\/2021\/05\/FLUID-SYSTEMS\u00ae-RO.png 437w, https:\/\/akafor.com\/wp-content\/uploads\/2021\/05\/FLUID-SYSTEMS\u00ae-RO-300x300.png 300w, https:\/\/akafor.com\/wp-content\/uploads\/2021\/05\/FLUID-SYSTEMS\u00ae-RO-150x150.png 150w\" sizes=\"auto, (max-width: 437px) 100vw, 437px\" \/><figcaption class=\"blocks-gallery-item__caption\"><a href=\"https:\/\/akafor.com\/filtrasyon\/urunler\/membran-filtreler\/spiral-membranlar\/fluid-systems-ro\/\">FLU\u0130D SYSTEMS RO<sup>\u00ae<\/sup><\/a><br><\/figcaption><\/figure><\/li><li class=\"blocks-gallery-item\"><figure><img loading=\"lazy\" decoding=\"async\" width=\"435\" height=\"435\" src=\"https:\/\/akafor.com\/wp-content\/uploads\/2021\/05\/FLUID-SYSTEMS\u00ae-NF.png\" alt=\"\" data-id=\"1065\" data-full-url=\"https:\/\/akafor.com\/wp-content\/uploads\/2021\/05\/FLUID-SYSTEMS\u00ae-NF.png\" data-link=\"https:\/\/akafor.com\/?attachment_id=1065\" class=\"wp-image-1065\" srcset=\"https:\/\/akafor.com\/wp-content\/uploads\/2021\/05\/FLUID-SYSTEMS\u00ae-NF.png 435w, https:\/\/akafor.com\/wp-content\/uploads\/2021\/05\/FLUID-SYSTEMS\u00ae-NF-300x300.png 300w, https:\/\/akafor.com\/wp-content\/uploads\/2021\/05\/FLUID-SYSTEMS\u00ae-NF-150x150.png 150w\" sizes=\"auto, (max-width: 435px) 100vw, 435px\" \/><figcaption class=\"blocks-gallery-item__caption\"><a href=\"https:\/\/akafor.com\/filtrasyon\/urunler\/membran-filtreler\/spiral-membranlar\/fluid-systems-nf\/\">FLUID SYSTEMS NF<sup> \u00ae<\/sup><\/a><\/figcaption><\/figure><\/li><li class=\"blocks-gallery-item\"><figure><img loading=\"lazy\" decoding=\"async\" width=\"437\" height=\"435\" src=\"https:\/\/akafor.com\/wp-content\/uploads\/2021\/05\/Dairy-Pro\u00ae-Elements.png\" alt=\"\" data-id=\"1057\" data-full-url=\"https:\/\/akafor.com\/wp-content\/uploads\/2021\/05\/Dairy-Pro\u00ae-Elements.png\" data-link=\"https:\/\/akafor.com\/?attachment_id=1057\" class=\"wp-image-1057\" srcset=\"https:\/\/akafor.com\/wp-content\/uploads\/2021\/05\/Dairy-Pro\u00ae-Elements.png 437w, https:\/\/akafor.com\/wp-content\/uploads\/2021\/05\/Dairy-Pro\u00ae-Elements-300x300.png 300w, https:\/\/akafor.com\/wp-content\/uploads\/2021\/05\/Dairy-Pro\u00ae-Elements-150x150.png 150w\" sizes=\"auto, (max-width: 437px) 100vw, 437px\" \/><figcaption class=\"blocks-gallery-item__caption\"><a href=\"https:\/\/akafor.com\/filtrasyon\/urunler\/membran-filtreler\/spiral-membranlar\/dairy-pro\/\">Dairy-Pro<sup>\u00ae<\/sup>&nbsp;<\/a><\/figcaption><\/figure><\/li><li class=\"blocks-gallery-item\"><figure><img loading=\"lazy\" decoding=\"async\" width=\"348\" height=\"346\" src=\"https:\/\/akafor.com\/wp-content\/uploads\/2021\/06\/xl1000.png\" alt=\"\" data-id=\"1712\" data-full-url=\"https:\/\/akafor.com\/wp-content\/uploads\/2021\/06\/xl1000.png\" data-link=\"https:\/\/akafor.com\/filtrasyon\/urunler\/membran-filtreler\/spiral-membranlar\/xl1000\/\" class=\"wp-image-1712\" srcset=\"https:\/\/akafor.com\/wp-content\/uploads\/2021\/06\/xl1000.png 348w, https:\/\/akafor.com\/wp-content\/uploads\/2021\/06\/xl1000-300x298.png 300w, https:\/\/akafor.com\/wp-content\/uploads\/2021\/06\/xl1000-150x150.png 150w\" sizes=\"auto, (max-width: 348px) 100vw, 348px\" \/><figcaption class=\"blocks-gallery-item__caption\"><a href=\"https:\/\/akafor.com\/filtrasyon\/urunler\/membran-filtreler\/spiral-membranlar\/xl-1000\/\">XL-1000<\/a><br><\/figcaption><\/figure><\/li><\/ul><\/figure>\n","protected":false},"excerpt":{"rendered":"<p>\u00d6zellikler ve Faydalar Kompakt tasar\u0131m ve d\u00fc\u015f\u00fck enerjili \u00e7al\u0131\u015fma S\u0131hhi veya s\u0131hhi olmayan yap\u0131 Y\u00fcksek verimlilik Kullan\u0131ld\u0131\u011f\u0131 Sekt\u00f6rler S\u00fct G\u0131da \u0130\u00e7ecekler Otomotiv Genel end\u00fcstriyel Ya\u015fam Bilimleri Belediye suyu ve at\u0131k su Ka\u011f\u0131t hamuru ve ka\u011f\u0131t Tekstil \u00dcr\u00fcnler<\/p>\n","protected":false},"author":1,"featured_media":0,"parent":571,"menu_order":0,"comment_status":"closed","ping_status":"closed","template":"pages\/page-full.php","meta":{"footnotes":""},"class_list":["post-929","page","type-page","status-publish","hentry"],"_links":{"self":[{"href":"https:\/\/akafor.com\/en\/wp-json\/wp\/v2\/pages\/929","targetHints":{"allow":["GET"]}}],"collection":[{"href":"https:\/\/akafor.com\/en\/wp-json\/wp\/v2\/pages"}],"about":[{"href":"https:\/\/akafor.com\/en\/wp-json\/wp\/v2\/types\/page"}],"author":[{"embeddable":true,"href":"https:\/\/akafor.com\/en\/wp-json\/wp\/v2\/users\/1"}],"replies":[{"embeddable":true,"href":"https:\/\/akafor.com\/en\/wp-json\/wp\/v2\/comments?post=929"}],"version-history":[{"count":11,"href":"https:\/\/akafor.com\/en\/wp-json\/wp\/v2\/pages\/929\/revisions"}],"predecessor-version":[{"id":2217,"href":"https:\/\/akafor.com\/en\/wp-json\/wp\/v2\/pages\/929\/revisions\/2217"}],"up":[{"embeddable":true,"href":"https:\/\/akafor.com\/en\/wp-json\/wp\/v2\/pages\/571"}],"wp:attachment":[{"href":"https:\/\/akafor.com\/en\/wp-json\/wp\/v2\/media?parent=929"}],"curies":[{"name":"wp","href":"https:\/\/api.w.org\/{rel}","templated":true}]}}